{"id":89,"date":"2022-07-13T07:00:29","date_gmt":"2022-07-13T07:00:29","guid":{"rendered":"https:\/\/www.bbaa.uma.es\/master\/?page_id=89"},"modified":"2023-02-10T10:48:07","modified_gmt":"2023-02-10T10:48:07","slug":"docentes-uma","status":"publish","type":"page","link":"https:\/\/www.bbaa.uma.es\/master\/docentes-uma\/","title":{"rendered":"Docentes UMA"},"content":{"rendered":"\n<style type=\"text\/css\" data-created_by=\"avia_inline_auto\" id=\"style-css-av-11izt-5352a0bd67e7204f1b0321e5c464a6e7\">\n.avia-section.av-11izt-5352a0bd67e7204f1b0321e5c464a6e7 .av-parallax .av-parallax-inner{\nbackground-repeat:no-repeat;\nbackground-image:url(https:\/\/www.bbaa.uma.es\/master\/wp-content\/uploads\/2022\/08\/cabecera-full-1600x350-1.jpg);\nbackground-position:50% 0%;\nbackground-attachment:scroll;\n}\n.avia-section.av-11izt-5352a0bd67e7204f1b0321e5c464a6e7 .av-section-color-overlay{\nopacity:0.4;\nbackground-color:#eaeaea;\n}\n<\/style>\n<div id='av_section_1'  class='avia-section av-11izt-5352a0bd67e7204f1b0321e5c464a6e7 main_color avia-section-no-padding avia-no-border-styling  avia-builder-el-0  el_before_av_section  avia-builder-el-first  avia-full-contain av-parallax-section avia-bg-style-parallax av-section-color-overlay-active av-minimum-height av-minimum-height-custom av-height-custom  container_wrap sidebar_right'  data-section-bg-repeat='contain' data-av_minimum_height_px='220'><div class='av-parallax' data-avia-parallax-ratio='0.3' ><div class='av-parallax-inner main_color avia-full-contain'><\/div><\/div><div class=\"av-section-color-overlay-wrap\"><div class=\"av-section-color-overlay\"><\/div><div class='container av-section-cont-open' style='height:220px'><main  role=\"main\" itemprop=\"mainContentOfPage\"  class='template-page content  av-content-small alpha units'><div class='post-entry post-entry-type-page post-entry-89'><div class='entry-content-wrapper clearfix'>\n\n<style type=\"text\/css\" data-created_by=\"avia_inline_auto\" id=\"style-css-av-l78oav75-d79d52e05e9049238fd0be3f2431d239\">\n#top .av-special-heading.av-l78oav75-d79d52e05e9049238fd0be3f2431d239{\npadding-bottom:10px;\n}\nbody .av-special-heading.av-l78oav75-d79d52e05e9049238fd0be3f2431d239 .av-special-heading-tag .heading-char{\nfont-size:25px;\n}\n.av-special-heading.av-l78oav75-d79d52e05e9049238fd0be3f2431d239 .av-subheading{\nfont-size:15px;\n}\n<\/style>\n<div  class='av-special-heading av-l78oav75-d79d52e05e9049238fd0be3f2431d239 av-special-heading-h2  avia-builder-el-1  avia-builder-el-no-sibling '><h2 class='av-special-heading-tag '  itemprop=\"headline\"  >Docentes UMA<\/h2><div class=\"special-heading-border\"><div class=\"special-heading-inner-border\"><\/div><\/div><\/div>\n\n<\/div><\/div><\/main><!-- close content main element --><\/div><\/div><\/div><div id='av_section_2'  class='avia-section av-79url-8601c5bfea829c4e050246ef41189575 main_color avia-section-large avia-no-border-styling  avia-builder-el-2  el_after_av_section  el_before_av_section  avia-bg-style-scroll container_wrap sidebar_right'  ><div class='container av-section-cont-open' ><div class='template-page content  av-content-small alpha units'><div class='post-entry post-entry-type-page post-entry-89'><div class='entry-content-wrapper clearfix'>\n\n<style type=\"text\/css\" data-created_by=\"avia_inline_auto\" id=\"style-css-av-6sc4t-373ccb5e5bfcfd4cb97feaed27545447\">\n#top .hr.hr-invisible.av-6sc4t-373ccb5e5bfcfd4cb97feaed27545447{\nheight:50px;\n}\n<\/style>\n<div  class='hr av-6sc4t-373ccb5e5bfcfd4cb97feaed27545447 hr-invisible  avia-builder-el-3  el_before_av_one_third  avia-builder-el-first '><span class='hr-inner '><span class=\"hr-inner-style\"><\/span><\/span><\/div>\n<div  class='flex_column av-6aztt-3780431f6b3cb6d16ef4c9ca5cf1c9bf av_one_third  avia-builder-el-4  el_after_av_hr  el_before_av_two_third  first flex_column_div  '     ><style type=\"text\/css\" data-created_by=\"avia_inline_auto\" id=\"style-css-av-jzqt-6583d7d98c863c27b2f56ca12798b962\">\n#top .av-special-heading.av-jzqt-6583d7d98c863c27b2f56ca12798b962{\npadding-bottom:10px;\n}\nbody .av-special-heading.av-jzqt-6583d7d98c863c27b2f56ca12798b962 .av-special-heading-tag .heading-char{\nfont-size:25px;\n}\n.av-special-heading.av-jzqt-6583d7d98c863c27b2f56ca12798b962 .av-subheading{\nfont-size:15px;\n}\n<\/style>\n<div  class='av-special-heading av-jzqt-6583d7d98c863c27b2f56ca12798b962 av-special-heading-h3  avia-builder-el-5  avia-builder-el-no-sibling '><h3 class='av-special-heading-tag '  itemprop=\"headline\"  >Coordinaci\u00f3n del M\u00e1ster<\/h3><div class=\"special-heading-border\"><div class=\"special-heading-inner-border\"><\/div><\/div><\/div><\/div><div  class='flex_column av-4x7gt-6731e81592a9a24ceeb1e94f423b5179 av_two_third  avia-builder-el-6  el_after_av_one_third  el_before_av_one_third  flex_column_div  '     ><section  class='av_textblock_section av-l97a5c72-f1b7652725f329df4a25db01d45915f5 '   itemscope=\"itemscope\" itemtype=\"https:\/\/schema.org\/CreativeWork\" ><div class='avia_textblock'  itemprop=\"text\" ><h2 style=\"background-color: transparent !important; color: black !important; font-weight: 200 !important; letter-spacing: 1px; font-size: 1.3em;\">Profesorado doctor de la Universidad de M\u00e1laga con docencia o tutorizaci\u00f3n en el M\u00e1ster<\/h2>\n<\/div><\/section><\/div>\n<style type=\"text\/css\" data-created_by=\"avia_inline_auto\" id=\"style-css-av-3u6ol-4a7dda1cd8291dd3c0e84d02894d5fa1\">\n.flex_column.av-3u6ol-4a7dda1cd8291dd3c0e84d02894d5fa1{\npadding:10px 5px 10px 30px;\nbackground-color:#000000;\n}\n<\/style>\n<div  class='flex_column av-3u6ol-4a7dda1cd8291dd3c0e84d02894d5fa1 av_one_third  avia-builder-el-8  el_after_av_two_third  el_before_av_one_third  first flex_column_div  column-top-margin'     ><style type=\"text\/css\" data-created_by=\"avia_inline_auto\" id=\"style-css-av-3dcid-ea5e5a7106aa5597b62cf28b3c418387\">\n#top .av_textblock_section.av-3dcid-ea5e5a7106aa5597b62cf28b3c418387 .avia_textblock{\ncolor:#ffffff;\n}\n<\/style>\n<section  class='av_textblock_section av-3dcid-ea5e5a7106aa5597b62cf28b3c418387 '   itemscope=\"itemscope\" itemtype=\"https:\/\/schema.org\/CreativeWork\" ><div class='avia_textblock av_inherit_color'  itemprop=\"text\" ><p><strong> Jes\u00fas Mar\u00edn<\/strong>\u00a0 | \u00a0jmarin@uma.es<\/p>\n<p><strong>Carlos Miranda<\/strong>\u00a0 | \u00a0cmiranda@uma.es<\/p>\n<p><strong>Mar Cabezas<\/strong>\u00a0 | \u00a0marcabezas@uma.es<\/p>\n<\/div><\/section><\/div>\n<style type=\"text\/css\" data-created_by=\"avia_inline_auto\" id=\"style-css-av-2odqt-05ec78d696829fab6b3120e0a29ba0b8\">\n.flex_column.av-2odqt-05ec78d696829fab6b3120e0a29ba0b8{\nborder-width:1px;\nborder-style:solid;\npadding:20px 5px 20px 20px;\n}\n<\/style>\n<div  class='flex_column av-2odqt-05ec78d696829fab6b3120e0a29ba0b8 av_one_third  avia-builder-el-10  el_after_av_one_third  el_before_av_one_third  flex_column_div  column-top-margin'     ><section  class='av_textblock_section av-av_textblock-7a1af7d8f9790576b1769c0a9f0449ed '   itemscope=\"itemscope\" itemtype=\"https:\/\/schema.org\/CreativeWork\" ><div class='avia_textblock'  itemprop=\"text\" ><div style=\"line-height: 2.3em;\">Dr. Juan Aguilar Jim\u00e9nez<\/div>\n<div style=\"line-height: 2.3em;\">Dra. Mar\u00eda Del Mar Cabezas Jim\u00e9nez<\/div>\n<div style=\"line-height: 2.3em;\">Dra. Pepa Cano Garc\u00eda<\/div>\n<div style=\"line-height: 2.3em;\">Dra. Vanesa Cintas Mu\u00f1oz<\/div>\n<div style=\"line-height: 2.3em;\">Dr. Juan Del Junco Gonz\u00e1lez<\/div>\n<div style=\"line-height: 2.3em;\">Dr. Lu\u00eds De Puelles Romero<\/div>\n<div style=\"line-height: 2.3em;\">Dra. Mar\u00eda \u00c1ngeles D\u00edaz Barbado<\/div>\n<div style=\"line-height: 2.3em;\">Dra. Cintia Guti\u00e9rrez Reyes<\/div>\n<div style=\"line-height: 2.3em;\">Dr. Salvador Haro Gonz\u00e1lez<\/div>\n<div style=\"line-height: 2.3em;\">Dr. Jos\u00e9 Vicente Iranzo Benito<\/div>\n<div style=\"line-height: 2.3em;\">Dra. Silvia L\u00f3pez Rodr\u00edguez<\/div>\n<div style=\"line-height: 2.3em;\">Dra. Blanca Machuca Casares<\/div>\n<div style=\"line-height: 2.3em;\">Dr. Jes\u00fas Mar\u00edn Clavijo<\/div>\n<div style=\"line-height: 2.3em;\">Dr. Miguel \u00c1ngel Mar\u00edn Gallardo<\/div>\n<div style=\"line-height: 2.3em;\">Dr. Carlos Miranda Mas<\/div>\n<\/div><\/section><\/div>\n<style type=\"text\/css\" data-created_by=\"avia_inline_auto\" id=\"style-css-av-1rn9t-e377466dc980db3c5f1cec31d7ab61f5\">\n.flex_column.av-1rn9t-e377466dc980db3c5f1cec31d7ab61f5{\nborder-width:1px;\nborder-color:#000000;\nborder-style:solid;\npadding:20px 5px 20px 20px;\n}\n<\/style>\n<div  class='flex_column av-1rn9t-e377466dc980db3c5f1cec31d7ab61f5 av_one_third  avia-builder-el-12  el_after_av_one_third  avia-builder-el-last  flex_column_div  column-top-margin'     ><section  class='av_textblock_section av-2btcp-cb73c15b4c02c4b90601cbdbee6f9b84 '   itemscope=\"itemscope\" itemtype=\"https:\/\/schema.org\/CreativeWork\" ><div class='avia_textblock'  itemprop=\"text\" ><div style=\"line-height: 2.3em;\">Dra. Blanca Montalvo Gallego<br \/>\nDra. Carmen Osuna Luque<br \/>\nDr. Jes\u00fas Palomino Obrero<br \/>\nDra. Cristina Pel\u00e1ez Navarrete<br \/>\nDr. Juan Carlos P\u00e9rez Garc\u00eda<br \/>\nDr. Arcadio Reyes Lecuona<br \/>\nDr. Eugenio Rivas Herencia<br \/>\nDra. Rosa Mar\u00eda Rodr\u00edguez M\u00e9rida<br \/>\nDr. Manuel P. Rosado Garc\u00e9s<br \/>\nDr. Francisco Javier Ruiz Del Olmo<br \/>\nDra. Roc\u00edo Sacrist\u00e1n Cuadr\u00f3n<br \/>\nDra. Lola S\u00e1nchez P\u00e9rez<br \/>\nDr. Francisco Javier Velasco \u00c1lvarez<br \/>\nDra. Inmaculada Villagr\u00e1n Arroyal<\/div>\n<\/div><\/section><\/div><\/div><\/div><\/div><!-- close content main div --><\/div><\/div><div id='av_section_3'  class='avia-section av-l78mzlaa-1d96e2ed146c2cfe352eaced647dcc61 main_color avia-section-large avia-no-border-styling  avia-builder-el-14  el_after_av_section  avia-builder-el-last  avia-bg-style-scroll container_wrap sidebar_right'  ><div class='container av-section-cont-open' ><div class='template-page content  av-content-small alpha units'><div class='post-entry post-entry-type-page post-entry-89'><div class='entry-content-wrapper clearfix'><\/div><\/div><\/div><!-- close content main div --><\/div><\/div><div id='after_section_3'  class='main_color av_default_container_wrap container_wrap sidebar_right'  ><div class='container av-section-cont-open' ><div class='template-page content  av-content-small alpha units'><div class='post-entry post-entry-type-page post-entry-89'><div class='entry-content-wrapper clearfix'><\/p>\n","protected":false},"excerpt":{"rendered":"","protected":false},"author":3,"featured_media":0,"parent":0,"menu_order":4,"comment_status":"closed","ping_status":"closed","template":"","meta":{"footnotes":""},"class_list":["post-89","page","type-page","status-publish","hentry"],"_links":{"self":[{"href":"https:\/\/www.bbaa.uma.es\/master\/wp-json\/wp\/v2\/pages\/89","targetHints":{"allow":["GET"]}}],"collection":[{"href":"https:\/\/www.bbaa.uma.es\/master\/wp-json\/wp\/v2\/pages"}],"about":[{"href":"https:\/\/www.bbaa.uma.es\/master\/wp-json\/wp\/v2\/types\/page"}],"author":[{"embeddable":true,"href":"https:\/\/www.bbaa.uma.es\/master\/wp-json\/wp\/v2\/users\/3"}],"replies":[{"embeddable":true,"href":"https:\/\/www.bbaa.uma.es\/master\/wp-json\/wp\/v2\/comments?post=89"}],"version-history":[{"count":2,"href":"https:\/\/www.bbaa.uma.es\/master\/wp-json\/wp\/v2\/pages\/89\/revisions"}],"predecessor-version":[{"id":1005,"href":"https:\/\/www.bbaa.uma.es\/master\/wp-json\/wp\/v2\/pages\/89\/revisions\/1005"}],"wp:attachment":[{"href":"https:\/\/www.bbaa.uma.es\/master\/wp-json\/wp\/v2\/media?parent=89"}],"curies":[{"name":"wp","href":"https:\/\/api.w.org\/{rel}","templated":true}]}}