{"id":750,"date":"2022-08-26T10:22:24","date_gmt":"2022-08-26T10:22:24","guid":{"rendered":"http:\/\/web.testzone.ovh\/?page_id=750"},"modified":"2023-03-02T18:34:44","modified_gmt":"2023-03-02T18:34:44","slug":"consejo-de-estudiantes","status":"publish","type":"page","link":"https:\/\/www.bbaa.uma.es\/master\/consejo-de-estudiantes\/","title":{"rendered":"Consejo de estudiantes"},"content":{"rendered":"\n<style type=\"text\/css\" data-created_by=\"avia_inline_auto\" id=\"style-css-av-1l12au-be22e0e32ba4ca0282367c450ba87466\">\n.avia-section.av-1l12au-be22e0e32ba4ca0282367c450ba87466 .av-parallax .av-parallax-inner{\nbackground-repeat:no-repeat;\nbackground-image:url(https:\/\/www.bbaa.uma.es\/master\/wp-content\/uploads\/2022\/08\/cabecera-full-1600x350-1.jpg);\nbackground-position:50% 0%;\nbackground-attachment:scroll;\n}\n.avia-section.av-1l12au-be22e0e32ba4ca0282367c450ba87466 .av-section-color-overlay{\nopacity:0.4;\nbackground-color:#eaeaea;\n}\n<\/style>\n<div id='av_section_1'  class='avia-section av-1l12au-be22e0e32ba4ca0282367c450ba87466 main_color avia-section-no-padding avia-no-border-styling  avia-builder-el-0  el_before_av_section  avia-builder-el-first  avia-full-contain av-parallax-section avia-bg-style-parallax av-section-color-overlay-active av-minimum-height av-minimum-height-custom av-height-custom  container_wrap sidebar_right'  data-section-bg-repeat='contain' data-av_minimum_height_px='220'><div class='av-parallax' data-avia-parallax-ratio='0.3' ><div class='av-parallax-inner main_color avia-full-contain'><\/div><\/div><div class=\"av-section-color-overlay-wrap\"><div class=\"av-section-color-overlay\"><\/div><div class='container av-section-cont-open' style='height:220px'><main  role=\"main\" itemprop=\"mainContentOfPage\"  class='template-page content  av-content-small alpha units'><div class='post-entry post-entry-type-page post-entry-750'><div class='entry-content-wrapper clearfix'>\n\n<style type=\"text\/css\" data-created_by=\"avia_inline_auto\" id=\"style-css-av-l7abm56c-6b96573d29676aeaa7d061e2aaa48e40\">\n#top .av-special-heading.av-l7abm56c-6b96573d29676aeaa7d061e2aaa48e40{\npadding-bottom:10px;\n}\nbody .av-special-heading.av-l7abm56c-6b96573d29676aeaa7d061e2aaa48e40 .av-special-heading-tag .heading-char{\nfont-size:25px;\n}\n.av-special-heading.av-l7abm56c-6b96573d29676aeaa7d061e2aaa48e40 .av-subheading{\nfont-size:15px;\n}\n<\/style>\n<div  class='av-special-heading av-l7abm56c-6b96573d29676aeaa7d061e2aaa48e40 av-special-heading-h2  avia-builder-el-1  avia-builder-el-no-sibling '><h2 class='av-special-heading-tag '  itemprop=\"headline\"  >Consejo de estudiantes<\/h2><div class=\"special-heading-border\"><div class=\"special-heading-inner-border\"><\/div><\/div><\/div>\n\n<\/div><\/div><\/main><!-- close content main element --><\/div><\/div><\/div><div id='av_section_2'  class='avia-section av-1ewrqu-a4416b8cca6a50a40b9c994eb6de4341 main_color avia-section-large avia-no-border-styling  avia-builder-el-2  el_after_av_section  el_before_av_section  avia-bg-style-scroll container_wrap sidebar_right'  ><div class='container av-section-cont-open' ><div class='template-page content  av-content-small alpha units'><div class='post-entry post-entry-type-page post-entry-750'><div class='entry-content-wrapper clearfix'>\n\n<style type=\"text\/css\" data-created_by=\"avia_inline_auto\" id=\"style-css-av-1arumu-8fedf85d15d931beb6a0d4f02f96d5e3\">\n#top .hr.hr-invisible.av-1arumu-8fedf85d15d931beb6a0d4f02f96d5e3{\nheight:50px;\n}\n<\/style>\n<div  class='hr av-1arumu-8fedf85d15d931beb6a0d4f02f96d5e3 hr-invisible  avia-builder-el-3  el_before_av_two_fifth  avia-builder-el-first '><span class='hr-inner '><span class=\"hr-inner-style\"><\/span><\/span><\/div>\n<div  class='flex_column av-448zy-1cbb28bd3a476da4bdba79322b6f1716 av_two_fifth  avia-builder-el-4  el_after_av_hr  el_before_av_three_fifth  first flex_column_div av-animated-generic right-to-left  '     ><style type=\"text\/css\" data-created_by=\"avia_inline_auto\" id=\"style-css-av-zcbti-db19d2e2b69db15233d2864273325517\">\n.avia-image-container.av-zcbti-db19d2e2b69db15233d2864273325517 img.avia_image{\nbox-shadow:none;\n}\n.avia-image-container.av-zcbti-db19d2e2b69db15233d2864273325517 .av-image-caption-overlay-center{\ncolor:#ffffff;\n}\n<\/style>\n<div  class='avia-image-container av-zcbti-db19d2e2b69db15233d2864273325517 av-styling- avia-align-center  avia-builder-el-5  avia-builder-el-no-sibling '   itemprop=\"image\" itemscope=\"itemscope\" itemtype=\"https:\/\/schema.org\/ImageObject\" ><div class=\"avia-image-container-inner\"><div class=\"avia-image-overlay-wrap\"><img decoding=\"async\" fetchpriority=\"high\" class='wp-image-752 avia-img-lazy-loading-not-752 avia_image ' src=\"https:\/\/www.bbaa.uma.es\/master\/wp-content\/uploads\/2022\/08\/Consejo-de-estudiantes.jpg\" alt='' title='Consejo-de-estudiantes'  height=\"600\" width=\"900\"  itemprop=\"thumbnailUrl\" srcset=\"https:\/\/www.bbaa.uma.es\/master\/wp-content\/uploads\/2022\/08\/Consejo-de-estudiantes.jpg 900w, https:\/\/www.bbaa.uma.es\/master\/wp-content\/uploads\/2022\/08\/Consejo-de-estudiantes-300x200.jpg 300w, https:\/\/www.bbaa.uma.es\/master\/wp-content\/uploads\/2022\/08\/Consejo-de-estudiantes-768x512.jpg 768w, https:\/\/www.bbaa.uma.es\/master\/wp-content\/uploads\/2022\/08\/Consejo-de-estudiantes-705x470.jpg 705w\" sizes=\"(max-width: 900px) 100vw, 900px\" \/><\/div><\/div><\/div><\/div>\n<style type=\"text\/css\" data-created_by=\"avia_inline_auto\" id=\"style-css-av-qyjme-502574b46aa367d8c15c6f6f342c4287\">\n.flex_column.av-qyjme-502574b46aa367d8c15c6f6f342c4287{\nborder-width:1px;\nborder-style:solid;\nborder-radius:3px 3px 3px 3px;\npadding:15px 15px 10px 25px;\n}\n<\/style>\n<div  class='flex_column av-qyjme-502574b46aa367d8c15c6f6f342c4287 av_three_fifth  avia-builder-el-6  el_after_av_two_fifth  avia-builder-el-last  flex_column_div av-animated-generic bottom-to-top  '     ><p><section  class='av_textblock_section av-h0iqe-580f6556404e12f372237d402001a699 '   itemscope=\"itemscope\" itemtype=\"https:\/\/schema.org\/CreativeWork\" ><div class='avia_textblock'  itemprop=\"text\" ><p>El Consejo de Estudiantes de la Facultad de Bellas Artes es el m\u00e1ximo \u00f3rgano de representaci\u00f3n de estudiantes de la facultad y est\u00e1 formado \u00fanicamente por estudiantes que han sido elegidos delegados de asignaturas durante el curso vigente.<\/p>\n<p>Nuestra responsabilidad es velar por los derechos e intereses de los estudiantes. En la universidad p\u00fablica las decisiones se deben tomar democr\u00e1ticamente a trav\u00e9s de \u00f3rganos donde, de principio a fin, los estudiantes tambi\u00e9n tenemos participaci\u00f3n y capacidad de decisi\u00f3n. Es muy importante que haya estudiantes en estos \u00f3rganos, no solo porque tenemos derecho a decidir, sino porque debemos defender una educaci\u00f3n que proteja a los estudiantes y que sea de calidad, adem\u00e1s de promover una universidad llena de actividades interesantes.<\/p>\n<p>Nosotros estamos aqu\u00ed para representarte, por lo que si tienes cualquier duda, problema o sugerencia relacionada con la universidad, puedes ponerte en contacto con el consejo que te informar\u00e1, guiar\u00e1 y ayudar\u00e1 elevando tu queja, para que sea o\u00edda.<\/p>\n<\/div><\/section><br \/>\n\n<style type=\"text\/css\" data-created_by=\"avia_inline_auto\" id=\"style-css-av-l7abrh7g-8b3adc7638fa364cec99499f19710acb\">\n#top .hr.hr-invisible.av-l7abrh7g-8b3adc7638fa364cec99499f19710acb{\nheight:20px;\n}\n<\/style>\n<div  class='hr av-l7abrh7g-8b3adc7638fa364cec99499f19710acb hr-invisible  avia-builder-el-8  el_after_av_textblock  el_before_av_button '><span class='hr-inner '><span class=\"hr-inner-style\"><\/span><\/span><\/div><br \/>\n<div  class='avia-button-wrap av-l7abqc3f-4ecf1498febcc1ee7b8e0b71d9cbe4a0-wrap avia-button-left  avia-builder-el-9  el_after_av_hr  avia-builder-el-last '>\n<style type=\"text\/css\" data-created_by=\"avia_inline_auto\" id=\"style-css-av-l7abqc3f-4ecf1498febcc1ee7b8e0b71d9cbe4a0\">\n#top #wrap_all .avia-button.av-l7abqc3f-4ecf1498febcc1ee7b8e0b71d9cbe4a0{\nfont-size:16px;\ntransition:all 0.4s ease-in-out;\n}\n<\/style>\n<a href='https:\/\/www.uma.es\/consejo-de-estudiantes'  class='avia-button av-l7abqc3f-4ecf1498febcc1ee7b8e0b71d9cbe4a0 av-link-btn avia-icon_select-yes-left-icon avia-size-medium avia-position-left av-icon-on-hover avia-color-theme-color'  target=\"_blank\"  rel=\"noopener noreferrer\"  aria-label=\"Visita la web\"><span class='avia_button_icon avia_button_icon_left avia-iconfont avia-font-entypo-fontello' data-av_icon='\ue879' data-av_iconfont='entypo-fontello' ><\/span><span class='avia_iconbox_title' >Visita la web<\/span><\/a><\/div><\/p><\/div><\/div><\/div><\/div><!-- close content main div --><\/div><\/div><div id='av_section_3'  class='avia-section av-tib2-5ab188896d887531e4309d6c7399374f main_color avia-section-default avia-no-border-styling  avia-builder-el-10  el_after_av_section  avia-builder-el-last  avia-bg-style-scroll container_wrap sidebar_right'  ><div class='container av-section-cont-open' ><div class='template-page content  av-content-small alpha units'><div class='post-entry post-entry-type-page post-entry-750'><div class='entry-content-wrapper clearfix'><\/div><\/div><\/div><!-- close content main div --><\/div><\/div><div id='after_section_3'  class='main_color av_default_container_wrap container_wrap sidebar_right'  ><div class='container av-section-cont-open' ><div class='template-page content  av-content-small alpha units'><div class='post-entry post-entry-type-page post-entry-750'><div class='entry-content-wrapper clearfix'><\/p>\n","protected":false},"excerpt":{"rendered":"","protected":false},"author":3,"featured_media":0,"parent":0,"menu_order":10,"comment_status":"closed","ping_status":"closed","template":"","meta":{"footnotes":""},"class_list":["post-750","page","type-page","status-publish","hentry"],"_links":{"self":[{"href":"https:\/\/www.bbaa.uma.es\/master\/wp-json\/wp\/v2\/pages\/750","targetHints":{"allow":["GET"]}}],"collection":[{"href":"https:\/\/www.bbaa.uma.es\/master\/wp-json\/wp\/v2\/pages"}],"about":[{"href":"https:\/\/www.bbaa.uma.es\/master\/wp-json\/wp\/v2\/types\/page"}],"author":[{"embeddable":true,"href":"https:\/\/www.bbaa.uma.es\/master\/wp-json\/wp\/v2\/users\/3"}],"replies":[{"embeddable":true,"href":"https:\/\/www.bbaa.uma.es\/master\/wp-json\/wp\/v2\/comments?post=750"}],"version-history":[{"count":1,"href":"https:\/\/www.bbaa.uma.es\/master\/wp-json\/wp\/v2\/pages\/750\/revisions"}],"predecessor-version":[{"id":1011,"href":"https:\/\/www.bbaa.uma.es\/master\/wp-json\/wp\/v2\/pages\/750\/revisions\/1011"}],"wp:attachment":[{"href":"https:\/\/www.bbaa.uma.es\/master\/wp-json\/wp\/v2\/media?parent=750"}],"curies":[{"name":"wp","href":"https:\/\/api.w.org\/{rel}","templated":true}]}}