{"id":725,"date":"2022-08-25T08:45:38","date_gmt":"2022-08-25T08:45:38","guid":{"rendered":"http:\/\/web.testzone.ovh\/?page_id=725"},"modified":"2023-10-26T03:52:29","modified_gmt":"2023-10-26T03:52:29","slug":"jornadas-de-acogida","status":"publish","type":"page","link":"https:\/\/www.bbaa.uma.es\/master\/jornadas-de-acogida\/","title":{"rendered":"Jornadas de acogida"},"content":{"rendered":"\n<style type=\"text\/css\" data-created_by=\"avia_inline_auto\" id=\"style-css-av-2lhsrp-8bc5b0ab17f1c93c72bc6687fd7e79ca\">\n.avia-section.av-2lhsrp-8bc5b0ab17f1c93c72bc6687fd7e79ca .av-parallax .av-parallax-inner{\nbackground-repeat:no-repeat;\nbackground-image:url(https:\/\/www.bbaa.uma.es\/master\/wp-content\/uploads\/2022\/08\/cabecera-full-1600x350-1.jpg);\nbackground-position:50% 0%;\nbackground-attachment:scroll;\n}\n.avia-section.av-2lhsrp-8bc5b0ab17f1c93c72bc6687fd7e79ca .av-section-color-overlay{\nopacity:0.4;\nbackground-color:#eaeaea;\n}\n<\/style>\n<div id='av_section_1'  class='avia-section av-2lhsrp-8bc5b0ab17f1c93c72bc6687fd7e79ca main_color avia-section-no-padding avia-no-border-styling  avia-builder-el-0  el_before_av_section  avia-builder-el-first  avia-full-contain av-parallax-section avia-bg-style-parallax av-section-color-overlay-active av-minimum-height av-minimum-height-custom av-height-custom  container_wrap sidebar_right'  data-section-bg-repeat='contain' data-av_minimum_height_px='220'><div class='av-parallax' data-avia-parallax-ratio='0.3' ><div class='av-parallax-inner main_color avia-full-contain'><\/div><\/div><div class=\"av-section-color-overlay-wrap\"><div class=\"av-section-color-overlay\"><\/div><div class='container av-section-cont-open' style='height:220px'><main  role=\"main\" itemprop=\"mainContentOfPage\"  class='template-page content  av-content-small alpha units'><div class='post-entry post-entry-type-page post-entry-725'><div class='entry-content-wrapper clearfix'>\n\n<style type=\"text\/css\" data-created_by=\"avia_inline_auto\" id=\"style-css-av-l78suefa-7fbf877b781da21e3041822027f477e2\">\n#top .av-special-heading.av-l78suefa-7fbf877b781da21e3041822027f477e2{\npadding-bottom:10px;\n}\nbody .av-special-heading.av-l78suefa-7fbf877b781da21e3041822027f477e2 .av-special-heading-tag .heading-char{\nfont-size:25px;\n}\n.av-special-heading.av-l78suefa-7fbf877b781da21e3041822027f477e2 .av-subheading{\nfont-size:15px;\n}\n<\/style>\n<div  class='av-special-heading av-l78suefa-7fbf877b781da21e3041822027f477e2 av-special-heading-h2  avia-builder-el-1  avia-builder-el-no-sibling '><h2 class='av-special-heading-tag '  itemprop=\"headline\"  >Jornadas de acogida<\/h2><div class=\"special-heading-border\"><div class=\"special-heading-inner-border\"><\/div><\/div><\/div>\n\n<\/div><\/div><\/main><!-- close content main element --><\/div><\/div><\/div>\n<style type=\"text\/css\" data-created_by=\"avia_inline_auto\" id=\"style-css-av-2f7uid-547acbc03c349bebd849da08e398ed70\">\n.avia-section.av-2f7uid-547acbc03c349bebd849da08e398ed70 .av-parallax .av-parallax-inner{\nbackground-repeat:no-repeat;\nbackground-image:url(https:\/\/www.bbaa.uma.es\/master\/wp-content\/uploads\/2022\/08\/bienvenida-BG.jpg);\nbackground-position:50% 0%;\nbackground-attachment:scroll;\n}\n.avia-section.av-2f7uid-547acbc03c349bebd849da08e398ed70 .av-section-color-overlay{\nopacity:0.8;\nbackground-color:#ffffff;\n}\n<\/style>\n<div id='av_section_2'  class='avia-section av-2f7uid-547acbc03c349bebd849da08e398ed70 main_color avia-section-large avia-no-border-styling  avia-builder-el-2  el_after_av_section  avia-builder-el-last  av-parallax-section avia-bg-style-parallax av-section-color-overlay-active container_wrap sidebar_right'  data-section-bg-repeat='no-repeat'><div class='av-parallax' data-avia-parallax-ratio='0.3' ><div class='av-parallax-inner main_color avia-full-stretch'><\/div><\/div><div class=\"av-section-color-overlay-wrap\"><div class=\"av-section-color-overlay\"><\/div><div class='container av-section-cont-open' ><div class='template-page content  av-content-small alpha units'><div class='post-entry post-entry-type-page post-entry-725'><div class='entry-content-wrapper clearfix'>\n\n<style type=\"text\/css\" data-created_by=\"avia_inline_auto\" id=\"style-css-av-2akil9-e62820f0e5a817ec8f34b55e319fe2ad\">\n#top .hr.hr-invisible.av-2akil9-e62820f0e5a817ec8f34b55e319fe2ad{\nheight:50px;\n}\n<\/style>\n<div  class='hr av-2akil9-e62820f0e5a817ec8f34b55e319fe2ad hr-invisible  avia-builder-el-3  el_before_av_one_full  avia-builder-el-first '><span class='hr-inner '><span class=\"hr-inner-style\"><\/span><\/span><\/div>\n<div  class='flex_column av-23xma5-3a4922fee57d323f74a42da4f6390580 av_one_full  avia-builder-el-4  el_after_av_hr  el_before_av_hr  first flex_column_div av-animated-generic bottom-to-top  '     ><section  class='av_textblock_section av-l78tt9bm-c9935913f04f1852fdc743e2d98c4295 '   itemscope=\"itemscope\" itemtype=\"https:\/\/schema.org\/CreativeWork\" ><div class='avia_textblock'  itemprop=\"text\" ><p style=\"text-align: center; font-size: 2em; color: orange; font-weight: 600!important;\">M\u00e1ster en Producci\u00f3n Art\u00edstica Interdisciplinar<\/p>\n<\/div><\/section><br \/>\n<section  class='av_textblock_section av-uh0d-6e332ca716db8f1415cedd82854a824d '   itemscope=\"itemscope\" itemtype=\"https:\/\/schema.org\/CreativeWork\" ><div class='avia_textblock'  itemprop=\"text\" ><p style=\"text-align: center; font-size: 1.6em; color: gray; font-weight: 200!important;\">Curso <strong>2023\/24<\/strong><\/p>\n<p style=\"text-align: center; font-size: 1.2em; color: orange; font-weight: 400!important;\">Jueves 2 de noviembre, Sal\u00f3n de Actos<\/p>\n<\/div><\/section><\/p><\/div>\n<style type=\"text\/css\" data-created_by=\"avia_inline_auto\" id=\"style-css-av-l78tonl3-a66f376ee01cea03445f32ef9b0dc7d4\">\n#top .hr.hr-invisible.av-l78tonl3-a66f376ee01cea03445f32ef9b0dc7d4{\nheight:60px;\n}\n<\/style>\n<div  class='hr av-l78tonl3-a66f376ee01cea03445f32ef9b0dc7d4 hr-invisible  avia-builder-el-7  el_after_av_one_full  el_before_av_one_fifth '><span class='hr-inner '><span class=\"hr-inner-style\"><\/span><\/span><\/div>\n<div  class='flex_column av-p6b3p-402b12870e33e9229dbebf071214fbff av_one_fifth  avia-builder-el-8  el_after_av_hr  el_before_av_three_fifth  first flex_column_div av-animated-generic left-to-right  '     ><\/div>\n<style type=\"text\/css\" data-created_by=\"avia_inline_auto\" id=\"style-css-av-j6rud-d6e633ff675590ea0bb65a7a53e51758\">\n.flex_column.av-j6rud-d6e633ff675590ea0bb65a7a53e51758{\nborder-radius:3px 3px 3px 3px;\npadding:15px 15px 15px 15px;\nbackground-color:rgba(255,255,255,0.6);\n}\n<\/style>\n<div  class='flex_column av-j6rud-d6e633ff675590ea0bb65a7a53e51758 av_three_fifth  avia-builder-el-9  el_after_av_one_fifth  el_before_av_one_fifth  box-shadow flex_column_div av-animated-generic bottom-to-top  '     ><p>\n<style type=\"text\/css\" data-created_by=\"avia_inline_auto\" id=\"style-css-av-d61dh-72ffd1ff6069bad9a74b2df404237e09\">\n.avia-image-container.av-d61dh-72ffd1ff6069bad9a74b2df404237e09 img.avia_image{\nbox-shadow:none;\n}\n.avia-image-container.av-d61dh-72ffd1ff6069bad9a74b2df404237e09 .av-image-caption-overlay-center{\ncolor:#ffffff;\n}\n<\/style>\n<div  class='avia-image-container av-d61dh-72ffd1ff6069bad9a74b2df404237e09 av-styling- avia-align-center  avia-builder-el-10  el_before_av_hr  avia-builder-el-first '   itemprop=\"image\" itemscope=\"itemscope\" itemtype=\"https:\/\/schema.org\/ImageObject\" ><div class=\"avia-image-container-inner\"><div class=\"avia-image-overlay-wrap\"><img decoding=\"async\" fetchpriority=\"high\" class='wp-image-1108 avia-img-lazy-loading-not-1108 avia_image ' src=\"https:\/\/www.bbaa.uma.es\/master\/wp-content\/uploads\/2023\/10\/JORNADA-de-BiENVENIDA-23-24.jpg\" alt='' title='JORNADA de BiENVENIDA 23-24'  height=\"380\" width=\"720\"  itemprop=\"thumbnailUrl\" srcset=\"https:\/\/www.bbaa.uma.es\/master\/wp-content\/uploads\/2023\/10\/JORNADA-de-BiENVENIDA-23-24.jpg 720w, https:\/\/www.bbaa.uma.es\/master\/wp-content\/uploads\/2023\/10\/JORNADA-de-BiENVENIDA-23-24-300x158.jpg 300w, https:\/\/www.bbaa.uma.es\/master\/wp-content\/uploads\/2023\/10\/JORNADA-de-BiENVENIDA-23-24-710x375.jpg 710w, https:\/\/www.bbaa.uma.es\/master\/wp-content\/uploads\/2023\/10\/JORNADA-de-BiENVENIDA-23-24-705x372.jpg 705w\" sizes=\"(max-width: 720px) 100vw, 720px\" \/><\/div><\/div><\/div><br \/>\n\n<style type=\"text\/css\" data-created_by=\"avia_inline_auto\" id=\"style-css-av-blmid-cecc24e96413e9422f10f229dae8ecfb\">\n#top .hr.hr-invisible.av-blmid-cecc24e96413e9422f10f229dae8ecfb{\nheight:30px;\n}\n<\/style>\n<div  class='hr av-blmid-cecc24e96413e9422f10f229dae8ecfb hr-invisible  avia-builder-el-11  el_after_av_image  el_before_av_textblock '><span class='hr-inner '><span class=\"hr-inner-style\"><\/span><\/span><\/div><br \/>\n<section  class='av_textblock_section av-l78tgq6k-7b55524d1e4375746fb3153affb36bf3 '   itemscope=\"itemscope\" itemtype=\"https:\/\/schema.org\/CreativeWork\" ><div class='avia_textblock'  itemprop=\"text\" ><p><strong>16:00 &#8211; 16:30<\/strong> <strong>h<\/strong>. Presentaci\u00f3n e inauguraci\u00f3n\u00a0de las Jornadas:<\/p>\n<p><span style=\"font-weight: 400;\"> Jes\u00fas Mar\u00edn Clavijo, Mar\u00eda del Mar Cabezas y Carlos Miranda.<\/span><\/p>\n<p><span style=\"font-weight: 400;\">COORDINADORES DEL M\u00c1STER<\/span><\/p>\n<p><span style=\"font-weight: 400;\"><strong>16:30 &#8211; 16:45<\/strong> <strong>h<\/strong>. Adjudicaci\u00f3n de estudios de trabajo.\u00a0<\/span><\/p>\n<p><span style=\"font-weight: 400;\"><strong>16:50 &#8211; 17:15<\/strong> <strong>h<\/strong>. Visita por las instalaciones de la Facultad y sus alrededores.<\/span><\/p>\n<p><span style=\"font-weight: 400;\"><strong>18:00<\/strong> <strong>h<\/strong>. Clausura.<\/span><\/p>\n<\/div><\/section><br \/>\n\n<style type=\"text\/css\" data-created_by=\"avia_inline_auto\" id=\"style-css-av-apjf1-3f4abcd620cf25608131f9864037948e\">\n#top .hr.hr-invisible.av-apjf1-3f4abcd620cf25608131f9864037948e{\nheight:30px;\n}\n<\/style>\n<div  class='hr av-apjf1-3f4abcd620cf25608131f9864037948e hr-invisible  avia-builder-el-13  el_after_av_textblock  avia-builder-el-last '><span class='hr-inner '><span class=\"hr-inner-style\"><\/span><\/span><\/div><\/p><\/div><div  class='flex_column av-6y4f1-9389a145b00b2acd1a4ba7dd46f0bf2e av_one_fifth  avia-builder-el-14  el_after_av_three_fifth  el_before_av_hr  flex_column_div av-animated-generic left-to-right  '     ><\/div>\n<style type=\"text\/css\" data-created_by=\"avia_inline_auto\" id=\"style-css-av-vnf2t-b40f24b10bcc766100aa7d30d6541280\">\n#top .hr.hr-invisible.av-vnf2t-b40f24b10bcc766100aa7d30d6541280{\nheight:100px;\n}\n<\/style>\n<div  class='hr av-vnf2t-b40f24b10bcc766100aa7d30d6541280 hr-invisible  avia-builder-el-15  el_after_av_one_fifth  avia-builder-el-last '><span class='hr-inner '><span class=\"hr-inner-style\"><\/span><\/span><\/div>\n<\/div><\/div><\/div><!-- close content main div --><\/div><\/div><\/div><div id='after_section_2'  class='main_color av_default_container_wrap container_wrap sidebar_right'  ><div class='container av-section-cont-open' ><div class='template-page content  av-content-small alpha units'><div class='post-entry post-entry-type-page post-entry-725'><div class='entry-content-wrapper clearfix'>\n","protected":false},"excerpt":{"rendered":"","protected":false},"author":3,"featured_media":0,"parent":0,"menu_order":1,"comment_status":"closed","ping_status":"closed","template":"","meta":{"footnotes":""},"class_list":["post-725","page","type-page","status-publish","hentry"],"_links":{"self":[{"href":"https:\/\/www.bbaa.uma.es\/master\/wp-json\/wp\/v2\/pages\/725","targetHints":{"allow":["GET"]}}],"collection":[{"href":"https:\/\/www.bbaa.uma.es\/master\/wp-json\/wp\/v2\/pages"}],"about":[{"href":"https:\/\/www.bbaa.uma.es\/master\/wp-json\/wp\/v2\/types\/page"}],"author":[{"embeddable":true,"href":"https:\/\/www.bbaa.uma.es\/master\/wp-json\/wp\/v2\/users\/3"}],"replies":[{"embeddable":true,"href":"https:\/\/www.bbaa.uma.es\/master\/wp-json\/wp\/v2\/comments?post=725"}],"version-history":[{"count":5,"href":"https:\/\/www.bbaa.uma.es\/master\/wp-json\/wp\/v2\/pages\/725\/revisions"}],"predecessor-version":[{"id":1105,"href":"https:\/\/www.bbaa.uma.es\/master\/wp-json\/wp\/v2\/pages\/725\/revisions\/1105"}],"wp:attachment":[{"href":"https:\/\/www.bbaa.uma.es\/master\/wp-json\/wp\/v2\/media?parent=725"}],"curies":[{"name":"wp","href":"https:\/\/api.w.org\/{rel}","templated":true}]}}