{"id":568,"date":"2022-08-16T10:42:28","date_gmt":"2022-08-16T10:42:28","guid":{"rendered":"http:\/\/web.testzone.ovh\/?page_id=568"},"modified":"2023-04-17T23:04:08","modified_gmt":"2023-04-17T23:04:08","slug":"profesionales-invitados-2020-21","status":"publish","type":"page","link":"https:\/\/www.bbaa.uma.es\/master\/profesionales-invitados-2020-21\/","title":{"rendered":"Profesionales Invitados 2020\/21"},"content":{"rendered":"\n<style type=\"text\/css\" data-created_by=\"avia_inline_auto\" id=\"style-css-av-24z4gw-d7066c2e54771656321ff800b1979c05\">\n.avia-section.av-24z4gw-d7066c2e54771656321ff800b1979c05 .av-parallax .av-parallax-inner{\nbackground-repeat:no-repeat;\nbackground-image:url(https:\/\/www.bbaa.uma.es\/master\/wp-content\/uploads\/2022\/08\/cabecera-full-1600x350-1.jpg);\nbackground-position:50% 0%;\nbackground-attachment:scroll;\n}\n.avia-section.av-24z4gw-d7066c2e54771656321ff800b1979c05 .av-section-color-overlay{\nopacity:0.4;\nbackground-color:#eaeaea;\n}\n<\/style>\n<div id='av_section_1'  class='avia-section av-24z4gw-d7066c2e54771656321ff800b1979c05 main_color avia-section-no-padding avia-no-border-styling  avia-builder-el-0  el_before_av_section  avia-builder-el-first  avia-full-contain av-parallax-section avia-bg-style-parallax av-section-color-overlay-active av-minimum-height av-minimum-height-custom av-height-custom  container_wrap sidebar_right'  data-section-bg-repeat='contain' data-av_minimum_height_px='220'><div class='av-parallax' data-avia-parallax-ratio='0.3' ><div class='av-parallax-inner main_color avia-full-contain'><\/div><\/div><div class=\"av-section-color-overlay-wrap\"><div class=\"av-section-color-overlay\"><\/div><div class='container av-section-cont-open' style='height:220px'><main  role=\"main\" itemprop=\"mainContentOfPage\"  class='template-page content  av-content-small alpha units'><div class='post-entry post-entry-type-page post-entry-568'><div class='entry-content-wrapper clearfix'>\n\n<style type=\"text\/css\" data-created_by=\"avia_inline_auto\" id=\"style-css-av-l6w1stg3-84cb3ddfa504abba500d04cda524a408\">\n#top .av-special-heading.av-l6w1stg3-84cb3ddfa504abba500d04cda524a408{\npadding-bottom:10px;\n}\nbody .av-special-heading.av-l6w1stg3-84cb3ddfa504abba500d04cda524a408 .av-special-heading-tag .heading-char{\nfont-size:25px;\n}\n.av-special-heading.av-l6w1stg3-84cb3ddfa504abba500d04cda524a408 .av-subheading{\nfont-size:15px;\n}\n<\/style>\n<div  class='av-special-heading av-l6w1stg3-84cb3ddfa504abba500d04cda524a408 av-special-heading-h2  avia-builder-el-1  el_before_av_textblock  avia-builder-el-first '><h2 class='av-special-heading-tag '  itemprop=\"headline\"  >Profesionales Invitados 2020\/21<\/h2><div class=\"special-heading-border\"><div class=\"special-heading-inner-border\"><\/div><\/div><\/div>\n<section  class='av_textblock_section av-l6w2zqgb-796216b19efce099668eb25adc3084e3 '   itemscope=\"itemscope\" itemtype=\"https:\/\/schema.org\/CreativeWork\" ><div class='avia_textblock'  itemprop=\"text\" ><p><span style=\"background-color: white !important; color: black; font-weight: 200; padding: 4px 6px;\">Profesionalizaci\u00f3n del Arte<\/span><\/p>\n<\/div><\/section>\n\n<\/div><\/div><\/main><!-- close content main element --><\/div><\/div><\/div><div id='av_section_2'  class='avia-section av-1xqat4-7a8d8f9b9d09a5ac275c973368ab294a main_color avia-section-large avia-no-border-styling  avia-builder-el-3  el_after_av_section  el_before_av_section  avia-bg-style-scroll container_wrap sidebar_right'  ><div class='container av-section-cont-open' ><div class='template-page content  av-content-small alpha units'><div class='post-entry post-entry-type-page post-entry-568'><div class='entry-content-wrapper clearfix'>\n\n<style type=\"text\/css\" data-created_by=\"avia_inline_auto\" id=\"style-css-av-1pxis8-f48912e17300452eb35d1fa023d6756f\">\n#top .hr.hr-invisible.av-1pxis8-f48912e17300452eb35d1fa023d6756f{\nheight:50px;\n}\n<\/style>\n<div  class='hr av-1pxis8-f48912e17300452eb35d1fa023d6756f hr-invisible  avia-builder-el-4  el_before_av_one_third  avia-builder-el-first '><span class='hr-inner '><span class=\"hr-inner-style\"><\/span><\/span><\/div>\n<div  class='flex_column av-1ib8k0-732cedd3bb1756c95b5322ff3de14994 av_one_third  avia-builder-el-5  el_after_av_hr  el_before_av_two_third  first flex_column_div av-animated-generic left-to-right  '     ><style type=\"text\/css\" data-created_by=\"avia_inline_auto\" id=\"style-css-av-l6w1xgj9-2b4959ad82caff8c811aa7674fce29be\">\n.avia-image-container.av-l6w1xgj9-2b4959ad82caff8c811aa7674fce29be img.avia_image{\nbox-shadow:none;\n}\n.avia-image-container.av-l6w1xgj9-2b4959ad82caff8c811aa7674fce29be .av-image-caption-overlay-center{\ncolor:#ffffff;\n}\n<\/style>\n<div  class='avia-image-container av-l6w1xgj9-2b4959ad82caff8c811aa7674fce29be av-styling- avia-align-center  avia-builder-el-6  avia-builder-el-no-sibling '   itemprop=\"image\" itemscope=\"itemscope\" itemtype=\"https:\/\/schema.org\/ImageObject\" ><div class=\"avia-image-container-inner\"><div class=\"avia-image-overlay-wrap\"><img decoding=\"async\" fetchpriority=\"high\" class='wp-image-569 avia-img-lazy-loading-not-569 avia_image ' src=\"https:\/\/www.bbaa.uma.es\/master\/wp-content\/uploads\/2022\/08\/Javier-Marin-495x400.jpg\" alt='' title='Javier Marin'  height=\"400\" width=\"495\"  itemprop=\"thumbnailUrl\"  \/><\/div><\/div><\/div><\/div>\n<style type=\"text\/css\" data-created_by=\"avia_inline_auto\" id=\"style-css-av-1f7yds-1fe4bd0822b03f4febdf8f081ff2ccfe\">\n.flex_column.av-1f7yds-1fe4bd0822b03f4febdf8f081ff2ccfe{\nborder-width:1px;\nborder-style:solid;\nborder-radius:3px 3px 3px 3px;\npadding:15px 15px 10px 25px;\n}\n<\/style>\n<div  class='flex_column av-1f7yds-1fe4bd0822b03f4febdf8f081ff2ccfe av_two_third  avia-builder-el-7  el_after_av_one_third  avia-builder-el-last  flex_column_div av-animated-generic bottom-to-top  '     ><section  class='av_textblock_section av-l6w1u3o4-21d951b5d0551646770344ca2d02eb32 '   itemscope=\"itemscope\" itemtype=\"https:\/\/schema.org\/CreativeWork\" ><div class='avia_textblock'  itemprop=\"text\" ><p class=\"nombre-docentes-invitados\">Javier Mar\u00edn<\/p>\n<\/div><\/section><br \/>\n<section  class='av_textblock_section av-l6w1urmb-e697c0b686842fc76e0fe44388e12378 '   itemscope=\"itemscope\" itemtype=\"https:\/\/schema.org\/CreativeWork\" ><div class='avia_textblock'  itemprop=\"text\" ><p><strong>Javier Mar\u00edn<\/strong>, profesional galerista, dirige la galer\u00eda malague\u00f1a JM Galer\u00eda y Columna JM.<\/p>\n<p>Galer\u00eda JM inicia su actividad en M\u00e1laga en el a\u00f1o 2001 bajo la direcci\u00f3n de Javier Mar\u00edn, centr\u00e1ndose desde este momento en la promoci\u00f3n de creadores pl\u00e1sticos y visuales mediante propuestas expositivas en sus salas y la participaci\u00f3n en diferentes ferias nacionales e internacionales como Art\/Salamanca, ArteSantander, ARCOmadrid, Hot Art Fair, Basel y Art DUBAI.<\/p>\n<\/div><\/section><\/p><\/div>\n\n<\/div><\/div><\/div><!-- close content main div --><\/div><\/div><div id='av_section_3'  class='avia-section av-18mrsw-9b0d10aa947787b85ab791392223b5f0 main_color avia-section-large avia-no-border-styling  avia-builder-el-10  el_after_av_section  el_before_av_section  avia-bg-style-scroll container_wrap sidebar_right'  ><div class='container av-section-cont-open' ><div class='template-page content  av-content-small alpha units'><div class='post-entry post-entry-type-page post-entry-568'><div class='entry-content-wrapper clearfix'>\n<div  class='flex_column av-12usx4-b8efdf5fbee26b60d79bf3d55577e429 av_one_third  avia-builder-el-11  el_before_av_two_third  avia-builder-el-first  first flex_column_div av-animated-generic left-to-right  '     ><style type=\"text\/css\" data-created_by=\"avia_inline_auto\" id=\"style-css-av-vaomg-45b037581521adbf79398e2ec495285f\">\n.avia-image-container.av-vaomg-45b037581521adbf79398e2ec495285f img.avia_image{\nbox-shadow:none;\n}\n.avia-image-container.av-vaomg-45b037581521adbf79398e2ec495285f .av-image-caption-overlay-center{\ncolor:#ffffff;\n}\n<\/style>\n<div  class='avia-image-container av-vaomg-45b037581521adbf79398e2ec495285f av-styling- avia_animated_image av-animated-when-visible-95 left-to-right avia-align-center  avia-builder-el-12  avia-builder-el-no-sibling '   itemprop=\"image\" itemscope=\"itemscope\" itemtype=\"https:\/\/schema.org\/ImageObject\" ><div class=\"avia-image-container-inner\"><div class=\"avia-image-overlay-wrap\"><img decoding=\"async\" fetchpriority=\"high\" class='wp-image-571 avia-img-lazy-loading-not-571 avia_image ' src=\"https:\/\/www.bbaa.uma.es\/master\/wp-content\/uploads\/2022\/08\/Leonor-Serrano-Rivas-495x400.jpg\" alt='' title='Leonor Serrano Rivas'  height=\"400\" width=\"495\"  itemprop=\"thumbnailUrl\"  \/><\/div><\/div><\/div><\/div>\n<style type=\"text\/css\" data-created_by=\"avia_inline_auto\" id=\"style-css-av-2q7xk-a8338f0fd350389d64e27cfc67c31ddc\">\n.flex_column.av-2q7xk-a8338f0fd350389d64e27cfc67c31ddc{\nborder-width:1px;\nborder-style:solid;\nborder-radius:3px 3px 3px 3px;\npadding:15px 15px 10px 25px;\n}\n<\/style>\n<div  class='flex_column av-2q7xk-a8338f0fd350389d64e27cfc67c31ddc av_two_third  avia-builder-el-13  el_after_av_one_third  avia-builder-el-last  flex_column_div av-animated-generic bottom-to-top  '     ><section  class='av_textblock_section av-2dn00-a8f01792d2fd4699a0f240d202f0eab6 '   itemscope=\"itemscope\" itemtype=\"https:\/\/schema.org\/CreativeWork\" ><div class='avia_textblock'  itemprop=\"text\" ><p class=\"nombre-docentes-invitados\">Leonor Serrano Rivas<\/p>\n<\/div><\/section><br \/>\n<section  class='av_textblock_section av-gtyhc-afd10614dd8b6db6d330d6a169227158 '   itemscope=\"itemscope\" itemtype=\"https:\/\/schema.org\/CreativeWork\" ><div class='avia_textblock'  itemprop=\"text\" ><p>La l\u00f3gica del sue\u00f1o es crucial en el trabajo de <strong>Leonor Serrano Rivas<\/strong> (M\u00e1laga, 1986).<\/p>\n<p>Sus esculturas, v\u00eddeos o instalaciones se presentan a menudo como un umbral mediante el cual acceder a experiencias sensoriales donde el espectador debe olvidar el impulso narrativo. Serrano Rivas ha recibido la Beca Internacional de Artes Visuales de la Fundaci\u00f3n Botin en 2016; Premio ARCO 2016 Joven Artista de Sol\u00e1n de Cabras; New Contemporaries ICA Londres; Tokyo Arts and Space Residency; Arts Council of England Grants for the Arts o, m\u00e1s recientemente, Beca BBVA Multiverso para producci\u00f3n de videoarte (2020). Estren\u00f3 su primera performance en Serpentine Galleries Summer Pavilion, Londres, un a\u00f1o antes de obtener un MFA de la Goldsmith\u2019s University en 2015. Desde entonces, ha expuesto internacionalmente en la Bienal de Liverpool; E-Werk, Friburgo; Fundaci\u00f3n Freelands, Londres; Matadero, Madrid; C3A, C\u00f3rdoba; Museo Ruso San Petersburgo, M\u00e1laga; ICA London; Galer\u00eda Arcade, Londres; CAAC, Sevilla; Chisenhale Studios; Tiro al Blanco, Guadalajara, M\u00e9xico; o la XI Bienal de Arquitectura de Venecia, entre otros.<\/p>\n<p>Museos y colecciones que han adquirido su obra son Museo Nacional Centro de Arte Reina Sof\u00eda (MNCARS), CA2M, Fundaci\u00f3n Bot\u00edn, Fundaci\u00f3n Monte Madrid, DKV, Centro Andaluz de Arte Contempor\u00e1neo, Colecci\u00f3n Sol\u00e1n de Cabras, Masaveu Foundation o Estrellita &amp; Daniel Brodsky Collection.<\/p>\n<p><a href=\"http:\/\/www.leonorserranorivas.com\/index-home.html\" target=\"_blank\" rel=\"noopener\">http:\/\/www.leonorserranorivas.com\/index-home.html<\/a><\/p>\n<\/div><\/section><\/p><\/div>\n\n<\/div><\/div><\/div><!-- close content main div --><\/div><\/div><div id='av_section_4'  class='avia-section av-10qlv4-0f5f7d77e80e31bf6c3e3f2e1cbb90f2 main_color avia-section-large avia-no-border-styling  avia-builder-el-16  el_after_av_section  el_before_av_section  avia-bg-style-scroll container_wrap sidebar_right'  ><div class='container av-section-cont-open' ><div class='template-page content  av-content-small alpha units'><div class='post-entry post-entry-type-page post-entry-568'><div class='entry-content-wrapper clearfix'>\n<div  class='flex_column av-3jqfk-dd80092650bddcb3c4aa99bf83e47dcc av_one_third  avia-builder-el-17  el_before_av_two_third  avia-builder-el-first  first flex_column_div av-animated-generic left-to-right  '     ><style type=\"text\/css\" data-created_by=\"avia_inline_auto\" id=\"style-css-av-l6w2rubk-8028b90e428e828506c5aadf34210633\">\n.avia-image-container.av-l6w2rubk-8028b90e428e828506c5aadf34210633 img.avia_image{\nbox-shadow:none;\n}\n.avia-image-container.av-l6w2rubk-8028b90e428e828506c5aadf34210633 .av-image-caption-overlay-center{\ncolor:#ffffff;\n}\n<\/style>\n<div  class='avia-image-container av-l6w2rubk-8028b90e428e828506c5aadf34210633 av-styling- avia_animated_image av-animated-when-visible-95 left-to-right avia-align-center  avia-builder-el-18  avia-builder-el-no-sibling '   itemprop=\"image\" itemscope=\"itemscope\" itemtype=\"https:\/\/schema.org\/ImageObject\" ><div class=\"avia-image-container-inner\"><div class=\"avia-image-overlay-wrap\"><img decoding=\"async\" fetchpriority=\"high\" class='wp-image-574 avia-img-lazy-loading-not-574 avia_image ' src=\"https:\/\/www.bbaa.uma.es\/master\/wp-content\/uploads\/2022\/08\/Jose\u0301-Maldonado-495x400.jpg\" alt='' title='Jose\u0301 Maldonado'  height=\"400\" width=\"495\"  itemprop=\"thumbnailUrl\"  \/><\/div><\/div><\/div><\/div>\n<style type=\"text\/css\" data-created_by=\"avia_inline_auto\" id=\"style-css-av-qpvr4-a15c4c24e0dff21444131edd99b5122f\">\n.flex_column.av-qpvr4-a15c4c24e0dff21444131edd99b5122f{\nborder-width:1px;\nborder-style:solid;\nborder-radius:3px 3px 3px 3px;\npadding:15px 15px 10px 25px;\n}\n<\/style>\n<div  class='flex_column av-qpvr4-a15c4c24e0dff21444131edd99b5122f av_two_third  avia-builder-el-19  el_after_av_one_third  avia-builder-el-last  flex_column_div av-animated-generic bottom-to-top  '     ><section  class='av_textblock_section av-l6w2qgnr-b8cb5102478d7c4899f375c8c2479520 '   itemscope=\"itemscope\" itemtype=\"https:\/\/schema.org\/CreativeWork\" ><div class='avia_textblock'  itemprop=\"text\" ><p class=\"nombre-docentes-invitados\">Jos\u00e9 Maldonado<\/p>\n<\/div><\/section><br \/>\n<section  class='av_textblock_section av-l6w2rgjh-0ce5780de6e7626db1ee14aaf071191c '   itemscope=\"itemscope\" itemtype=\"https:\/\/schema.org\/CreativeWork\" ><div class='avia_textblock'  itemprop=\"text\" ><p><strong>Jos\u00e9 Maldonado<\/strong> (Madrid, 1962) es artista y profesor de Bellas Artes en la Universidad Miguel Hern\u00e1ndez.<\/p>\n<p>Licenciado por la Universidad de Salamanca y Doctor por la Universidad Polit\u00e9cnica de Valencia, ha desarrollado una intensa actividad docente e investigadora en la universidad espa\u00f1ola, primero en la Facultad de Bellas Artes de Cuenca, y en la actualidad en el Campus de las Artes de Altea (UMH) donde es profesor de asignaturas de Grado como Intermedia o Transmedia.<\/p>\n<p>Forma parte del grupo de investigaci\u00f3n Laboratorio de Interferencias Art\u00edsticas y Mediales del Departamento de Arte de la UMH. Sus \u00faltimos trabajos son cada vez m\u00e1s multidisciplinares: m\u00fasica, sonido, v\u00eddeo, fotograf\u00eda, imagen digital, instalaciones, y es durante el a\u00f1o 2009 cuando un nuevo y creciente inter\u00e9s por la pintura vuelve a \u00e9l\u2026 a\u00fan otra vez. El proyecto art\u00edstico que viene desarrollando durante los \u00faltimos 15 a\u00f1os est\u00e1 centrado en la imposibilidad de constituir una imagen y representaci\u00f3n de la realidad que sea plena e \u00edntima y a su vez capaz de establecer un v\u00ednculo comunicativo profundo y honesto. Su trabajo parte de la sospecha, y tambi\u00e9n de la convicci\u00f3n de una dificultad extrema de lectura y de una incomprensi\u00f3n, tambi\u00e9n extrema, que la obra y el trabajo del artista tratan de salvar a trav\u00e9s de la asunci\u00f3n de un vac\u00edo o hiancia, un espacio en blanco, pleno de sentido, desconocido e inquietante, en el cual la comunicaci\u00f3n se produce de manera no regulada (incertidumbre y refracci\u00f3n).<\/p>\n<p>El proyecto es en esencia una alegor\u00eda de la comunicaci\u00f3n y del ansia por interpretar el mundo y darnos a \u00e9l como si este fuera el pr\u00f3jimo\u2026 o uno mismo. En la actualidad trabajo con la Galer\u00eda Aural (Alicante) y desarrollo los siguientes proyectos: <a href=\"https:\/\/www.limboboy.com\/genesis\" target=\"_blank\" rel=\"noopener\">https:\/\/www.limboboy.com\/genesis<\/a><\/p>\n<\/div><\/section><\/p><\/div>\n\n<\/div><\/div><\/div><!-- close content main div --><\/div><\/div><div id='av_section_5'  class='avia-section av-lijxc-b9ec84ab7e2bebab938d7b9064639b1a main_color avia-section-large avia-no-border-styling  avia-builder-el-22  el_after_av_section  el_before_av_section  avia-bg-style-scroll container_wrap sidebar_right'  ><div class='container av-section-cont-open' ><div class='template-page content  av-content-small alpha units'><div class='post-entry post-entry-type-page post-entry-568'><div class='entry-content-wrapper clearfix'>\n<div  class='flex_column av-g0un4-bd3eefafb5f337e361c47f7d8a5a126f av_one_third  avia-builder-el-23  el_before_av_two_third  avia-builder-el-first  first flex_column_div av-animated-generic left-to-right  '     ><style type=\"text\/css\" data-created_by=\"avia_inline_auto\" id=\"style-css-av-l6w2uylt-cd9e6f75eafe2f39d21833e21ee58a44\">\n.avia-image-container.av-l6w2uylt-cd9e6f75eafe2f39d21833e21ee58a44 img.avia_image{\nbox-shadow:none;\n}\n.avia-image-container.av-l6w2uylt-cd9e6f75eafe2f39d21833e21ee58a44 .av-image-caption-overlay-center{\ncolor:#ffffff;\n}\n<\/style>\n<div  class='avia-image-container av-l6w2uylt-cd9e6f75eafe2f39d21833e21ee58a44 av-styling- avia_animated_image av-animated-when-visible-95 left-to-right avia-align-center  avia-builder-el-24  avia-builder-el-no-sibling '   itemprop=\"image\" itemscope=\"itemscope\" itemtype=\"https:\/\/schema.org\/ImageObject\" ><div class=\"avia-image-container-inner\"><div class=\"avia-image-overlay-wrap\"><img decoding=\"async\" fetchpriority=\"high\" class='wp-image-575 avia-img-lazy-loading-not-575 avia_image ' src=\"https:\/\/www.bbaa.uma.es\/master\/wp-content\/uploads\/2022\/08\/David-Barro-495x400.jpg\" alt='' title='David Barro'  height=\"400\" width=\"495\"  itemprop=\"thumbnailUrl\"  \/><\/div><\/div><\/div><\/div>\n<style type=\"text\/css\" data-created_by=\"avia_inline_auto\" id=\"style-css-av-ag5c0-5b43d57b625cf52213220f4e66811072\">\n.flex_column.av-ag5c0-5b43d57b625cf52213220f4e66811072{\nborder-width:1px;\nborder-style:solid;\nborder-radius:3px 3px 3px 3px;\npadding:15px 15px 10px 25px;\n}\n<\/style>\n<div  class='flex_column av-ag5c0-5b43d57b625cf52213220f4e66811072 av_two_third  avia-builder-el-25  el_after_av_one_third  avia-builder-el-last  flex_column_div av-animated-generic bottom-to-top  '     ><section  class='av_textblock_section av-l6w2sann-de4053e27aece3ddfdd5760cfee697db '   itemscope=\"itemscope\" itemtype=\"https:\/\/schema.org\/CreativeWork\" ><div class='avia_textblock'  itemprop=\"text\" ><p class=\"nombre-docentes-invitados\">David Barro<\/p>\n<\/div><\/section><br \/>\n<section  class='av_textblock_section av-l6w2sxz1-d5393d37384fd83a233cc9e9bf1055ea '   itemscope=\"itemscope\" itemtype=\"https:\/\/schema.org\/CreativeWork\" ><div class='avia_textblock'  itemprop=\"text\" ><p><strong>David Barro<\/strong> (Ferrol, 1974) es comisario de exposiciones y editor de DARDO.<\/p>\n<p>Desde 2017 es director gerente de la Fundaci\u00f3n DIDAC. Ha sido director de la revista de arquitectura, dise\u00f1o y arte contempor\u00e1neo DARDOmagazine (2006-2014) y director gerente de la Fundaci\u00f3n Luis Seoane (2014-2016). Asesor de la Fundaci\u00f3n Barri\u00e9 y responsable de su colecci\u00f3n (2008-2013), tambi\u00e9n ha ejercido como cr\u00edtico de arte de El Cultural (1998-2014) y de la revista L\u00e1piz (2000-2004). Ha sido director de la revista portuguesa [W]art (2003-2005) y de la revista Arte y parte (1998-1999), as\u00ed como director art\u00edstico del espacio expositivo A Chocolatar\u00eda en Santiago de Compostela (2005) y de la feria de arte de Vigo Espacio Atl\u00e1ntico (2010).<\/p>\n<p>En 2015 fue director y presentador del programa de televisi\u00f3n Botella al Mar (V Televisi\u00f3n). Como docente ha sido profesor de la UCP de Oporto (2001-2006) y actualmente es profesor del M\u00e1ster en Estudios Avanzados de la Universidad de Salamanca y del M\u00e1ster en Gesti\u00f3n Cultural de la Universidad Carlos III de Madrid. Como comisario de exposiciones ha realizado m\u00e1s de 50 muestras individuales (Jessica Stockholder, Axel H\u00fctte, Alex Katz, G\u00fcnther F\u00f6rg, Juli\u00e3o Sarmento, Julian Opie, Sandra Cinto, Caio Reisewitz, Jos\u00e9 Pedro Croft, Luis Seoane, Berta C\u00e1ccamo\u2026) y m\u00e1s de 50 colectivas vinculadas al arte contempor\u00e1neo, la arquitectura y el dise\u00f1o. En 2010 ejerci\u00f3 de director art\u00edstico del proyecto de arte, arquitectura y dise\u00f1o Look Up! Natural Porto Art Show que ocup\u00f3 9 edificios emblem\u00e1ticos de la ciudad de Oporto, y en 2011 del Festival Internacional SOS 4.8 de Murcia.<\/p>\n<p>Entre sus numerosos libros publicados destacan ensayos relacionados con la pintura, as\u00ed como monograf\u00edas sobre artistas como Richard Long, Jannis Kounellis o Gary Hill.<\/p>\n<\/div><\/section><\/p><\/div>\n\n<\/div><\/div><\/div><!-- close content main div --><\/div><\/div><div id='av_section_6'  class='avia-section av-8ous8-e7acd25ef33fdbb03c1d3e5ababa6c98 main_color avia-section-default avia-no-border-styling  avia-builder-el-28  el_after_av_section  avia-builder-el-last  avia-bg-style-scroll container_wrap sidebar_right'  ><div class='container av-section-cont-open' ><div class='template-page content  av-content-small alpha units'><div class='post-entry post-entry-type-page post-entry-568'><div class='entry-content-wrapper clearfix'><\/div><\/div><\/div><!-- close content main div --><\/div><\/div><div id='after_section_6'  class='main_color av_default_container_wrap container_wrap sidebar_right'  ><div class='container av-section-cont-open' ><div class='template-page content  av-content-small alpha units'><div class='post-entry post-entry-type-page post-entry-568'><div class='entry-content-wrapper clearfix'>\n","protected":false},"excerpt":{"rendered":"","protected":false},"author":3,"featured_media":0,"parent":0,"menu_order":0,"comment_status":"closed","ping_status":"closed","template":"","meta":{"footnotes":""},"class_list":["post-568","page","type-page","status-publish","hentry"],"_links":{"self":[{"href":"https:\/\/www.bbaa.uma.es\/master\/wp-json\/wp\/v2\/pages\/568","targetHints":{"allow":["GET"]}}],"collection":[{"href":"https:\/\/www.bbaa.uma.es\/master\/wp-json\/wp\/v2\/pages"}],"about":[{"href":"https:\/\/www.bbaa.uma.es\/master\/wp-json\/wp\/v2\/types\/page"}],"author":[{"embeddable":true,"href":"https:\/\/www.bbaa.uma.es\/master\/wp-json\/wp\/v2\/users\/3"}],"replies":[{"embeddable":true,"href":"https:\/\/www.bbaa.uma.es\/master\/wp-json\/wp\/v2\/comments?post=568"}],"version-history":[{"count":2,"href":"https:\/\/www.bbaa.uma.es\/master\/wp-json\/wp\/v2\/pages\/568\/revisions"}],"predecessor-version":[{"id":1057,"href":"https:\/\/www.bbaa.uma.es\/master\/wp-json\/wp\/v2\/pages\/568\/revisions\/1057"}],"wp:attachment":[{"href":"https:\/\/www.bbaa.uma.es\/master\/wp-json\/wp\/v2\/media?parent=568"}],"curies":[{"name":"wp","href":"https:\/\/api.w.org\/{rel}","templated":true}]}}