{"id":560,"date":"2022-08-16T10:30:38","date_gmt":"2022-08-16T10:30:38","guid":{"rendered":"http:\/\/web.testzone.ovh\/?page_id=560"},"modified":"2022-08-16T10:30:38","modified_gmt":"2022-08-16T10:30:38","slug":"docentes-invitados-2014-15","status":"publish","type":"page","link":"https:\/\/www.bbaa.uma.es\/master\/docentes-invitados\/docentes-invitados-2014-15\/","title":{"rendered":"Docentes Invitados 2014\/15"},"content":{"rendered":"\n<style type=\"text\/css\" data-created_by=\"avia_inline_auto\" id=\"style-css-av-av_section-90bc86eeb523586225b61fe5df0a6122\">\n.avia-section.av-av_section-90bc86eeb523586225b61fe5df0a6122 .av-parallax .av-parallax-inner{\nbackground-repeat:no-repeat;\nbackground-image:url(https:\/\/www.bbaa.uma.es\/master\/wp-content\/uploads\/2022\/08\/cabecera-full-1600x350-1.jpg);\nbackground-position:50% 0%;\nbackground-attachment:scroll;\n}\n.avia-section.av-av_section-90bc86eeb523586225b61fe5df0a6122 .av-section-color-overlay{\nopacity:0.4;\nbackground-color:#eaeaea;\n}\n<\/style>\n<div id='av_section_1'  class='avia-section av-av_section-90bc86eeb523586225b61fe5df0a6122 main_color avia-section-no-padding avia-no-border-styling  avia-builder-el-0  el_before_av_section  avia-builder-el-first  avia-full-contain av-parallax-section avia-bg-style-parallax av-section-color-overlay-active av-minimum-height av-minimum-height-custom av-height-custom  container_wrap sidebar_right'  data-section-bg-repeat='contain' data-av_minimum_height_px='220'><div class='av-parallax' data-avia-parallax-ratio='0.3' ><div class='av-parallax-inner main_color avia-full-contain'><\/div><\/div><div class=\"av-section-color-overlay-wrap\"><div class=\"av-section-color-overlay\"><\/div><div class='container av-section-cont-open' style='height:220px'><main  role=\"main\" itemprop=\"mainContentOfPage\"  class='template-page content  av-content-small alpha units'><div class='post-entry post-entry-type-page post-entry-560'><div class='entry-content-wrapper clearfix'>\n\n<style type=\"text\/css\" data-created_by=\"avia_inline_auto\" id=\"style-css-av-l6w1iqjt-5b24defb79cb9e996034924c5f83cfc8\">\n#top .av-special-heading.av-l6w1iqjt-5b24defb79cb9e996034924c5f83cfc8{\npadding-bottom:10px;\n}\nbody .av-special-heading.av-l6w1iqjt-5b24defb79cb9e996034924c5f83cfc8 .av-special-heading-tag .heading-char{\nfont-size:25px;\n}\n.av-special-heading.av-l6w1iqjt-5b24defb79cb9e996034924c5f83cfc8 .av-subheading{\nfont-size:15px;\n}\n<\/style>\n<div  class='av-special-heading av-l6w1iqjt-5b24defb79cb9e996034924c5f83cfc8 av-special-heading-h2  avia-builder-el-1  avia-builder-el-no-sibling '><h2 class='av-special-heading-tag '  itemprop=\"headline\"  >Docentes Invitados 2014\/15<\/h2><div class=\"special-heading-border\"><div class=\"special-heading-inner-border\"><\/div><\/div><\/div>\n<\/div><\/div><\/main><!-- close content main element --><\/div><\/div><\/div><div id='av_section_2'  class='avia-section av-av_section-05206848b078a6f0d4e991b4f556c241 main_color avia-section-large avia-no-border-styling  avia-builder-el-2  el_after_av_section  el_before_av_section  avia-bg-style-scroll container_wrap sidebar_right'  ><div class='container av-section-cont-open' ><div class='template-page content  av-content-small alpha units'><div class='post-entry post-entry-type-page post-entry-560'><div class='entry-content-wrapper clearfix'>\n\n<style type=\"text\/css\" data-created_by=\"avia_inline_auto\" id=\"style-css-av-av_hr-3a876428eececa9d35452247ddb053af\">\n#top .hr.hr-invisible.av-av_hr-3a876428eececa9d35452247ddb053af{\nheight:50px;\n}\n<\/style>\n<div  class='hr av-av_hr-3a876428eececa9d35452247ddb053af hr-invisible  avia-builder-el-3  el_before_av_one_fifth  avia-builder-el-first '><span class='hr-inner '><span class=\"hr-inner-style\"><\/span><\/span><\/div>\n<div  class='flex_column av-av_one_fifth-ae633bc535ed9efd65de27bb635d8e85 av_one_fifth  avia-builder-el-4  el_after_av_hr  el_before_av_three_fifth  first flex_column_div av-animated-generic left-to-right  '     ><\/div><div  class='flex_column av-av_three_fifth-5259f48ee17e75b33032fb115e9fb2d3 av_three_fifth  avia-builder-el-5  el_after_av_one_fifth  el_before_av_one_fifth  flex_column_div av-animated-generic left-to-right  '     ><style type=\"text\/css\" data-created_by=\"avia_inline_auto\" id=\"style-css-av-l6w1mvl8-41e902fef31894bba76d8a47998c54f2\">\n.avia-image-container.av-l6w1mvl8-41e902fef31894bba76d8a47998c54f2 img.avia_image{\nbox-shadow:none;\n}\n.avia-image-container.av-l6w1mvl8-41e902fef31894bba76d8a47998c54f2 .av-image-caption-overlay-center{\ncolor:#ffffff;\n}\n<\/style>\n<div  class='avia-image-container av-l6w1mvl8-41e902fef31894bba76d8a47998c54f2 av-styling- avia-align-center  avia-builder-el-6  avia-builder-el-no-sibling '   itemprop=\"image\" itemscope=\"itemscope\" itemtype=\"https:\/\/schema.org\/ImageObject\" ><div class=\"avia-image-container-inner\"><div class=\"avia-image-overlay-wrap\"><img decoding=\"async\" fetchpriority=\"high\" class='wp-image-561 avia-img-lazy-loading-not-561 avia_image ' src=\"https:\/\/www.bbaa.uma.es\/master\/wp-content\/uploads\/2022\/08\/docentes-invitados-2014-15.jpg\" alt='' title='docentes invitados 2014-15'  height=\"802\" width=\"800\"  itemprop=\"thumbnailUrl\" srcset=\"https:\/\/www.bbaa.uma.es\/master\/wp-content\/uploads\/2022\/08\/docentes-invitados-2014-15.jpg 800w, https:\/\/www.bbaa.uma.es\/master\/wp-content\/uploads\/2022\/08\/docentes-invitados-2014-15-300x300.jpg 300w, https:\/\/www.bbaa.uma.es\/master\/wp-content\/uploads\/2022\/08\/docentes-invitados-2014-15-150x150.jpg 150w, https:\/\/www.bbaa.uma.es\/master\/wp-content\/uploads\/2022\/08\/docentes-invitados-2014-15-768x770.jpg 768w, https:\/\/www.bbaa.uma.es\/master\/wp-content\/uploads\/2022\/08\/docentes-invitados-2014-15-36x36.jpg 36w, https:\/\/www.bbaa.uma.es\/master\/wp-content\/uploads\/2022\/08\/docentes-invitados-2014-15-180x180.jpg 180w, https:\/\/www.bbaa.uma.es\/master\/wp-content\/uploads\/2022\/08\/docentes-invitados-2014-15-703x705.jpg 703w\" sizes=\"(max-width: 800px) 100vw, 800px\" \/><\/div><\/div><\/div><\/div><div  class='flex_column av-av_one_fifth-5259f48ee17e75b33032fb115e9fb2d3 av_one_fifth  avia-builder-el-7  el_after_av_three_fifth  avia-builder-el-last  flex_column_div av-animated-generic left-to-right  '     ><\/div><\/div><\/div><\/div><!-- close content main div --><\/div><\/div><div id='av_section_3'  class='avia-section av-av_section-05206848b078a6f0d4e991b4f556c241 main_color avia-section-large avia-no-border-styling  avia-builder-el-8  el_after_av_section  el_before_av_section  avia-bg-style-scroll container_wrap sidebar_right'  ><div class='container av-section-cont-open' ><div class='template-page content  av-content-small alpha units'><div class='post-entry post-entry-type-page post-entry-560'><div class='entry-content-wrapper clearfix'>\n\n<style type=\"text\/css\" data-created_by=\"avia_inline_auto\" id=\"style-css-av-av_one_fifth-09e5c788032027f63669779332dff49f\">\n.flex_column.av-av_one_fifth-09e5c788032027f63669779332dff49f{\nborder-width:1px;\nborder-style:solid;\nborder-radius:3px 3px 3px 3px;\npadding:15px 15px 10px 25px;\n}\n<\/style>\n<div  class='flex_column av-av_one_fifth-09e5c788032027f63669779332dff49f av_one_fifth  avia-builder-el-9  el_before_av_three_fifth  avia-builder-el-first  first flex_column_div av-animated-generic bottom-to-top  '     ><\/div>\n<style type=\"text\/css\" data-created_by=\"avia_inline_auto\" id=\"style-css-av-av_three_fifth-cd695ba0a85d702005f172ad79b08d28\">\n.flex_column.av-av_three_fifth-cd695ba0a85d702005f172ad79b08d28{\nborder-width:1px;\nborder-style:solid;\nborder-radius:3px 3px 3px 3px;\npadding:15px 15px 10px 25px;\n}\n<\/style>\n<div  class='flex_column av-av_three_fifth-cd695ba0a85d702005f172ad79b08d28 av_three_fifth  avia-builder-el-10  el_after_av_one_fifth  el_before_av_one_fifth  flex_column_div av-animated-generic bottom-to-top  '     ><section  class='av_textblock_section av-l6w1nf4c-07d9dace723af9316dabae7ab2cbf393 '   itemscope=\"itemscope\" itemtype=\"https:\/\/schema.org\/CreativeWork\" ><div class='avia_textblock'  itemprop=\"text\" ><p><strong>FERNANDO CASTRO FLOREZ<\/strong>\u00a0Fil\u00f3sofo especialista en est\u00e9tica, es profesor de la Universidad Aut\u00f3noma de Madrid, es autor de numerosos libros (por ejemplo,\u00a0<em>Contra el bienalismo. Cr\u00f3nicas fragmentarias del extra\u00f1o mapa actual<\/em>, Madrid, Akal, 2012)<em>Mierda y cat\u00e1strofe. S\u00edndromes culturales sobre el arte contempor\u00e1neo<\/em>, Madrid, F\u00f3rcola, pr\u00f3xima publicaci\u00f3n en 2014), y desarrolla una ingente labor como cr\u00edtico ABC Cultural y como comisario de exposiciones nacionales e internacionales. Es miembro del patronato del CNMARS.<\/p>\n<p><strong>MARIBEL DOMENECH<\/strong>\u00a0Catedr\u00e1tica de Escultura en la Facultad de BBAA de la Universidad Polit\u00e9cnica en Valencia. Es miembro del grupo de investigaci\u00f3n Laboratorio de Luz desde 1990. Sus trabajos han sido mostrados en numerosos contextos nacionales e internacionales y cuenta con numerosas publicaciones.<\/p>\n<p><strong>ROGELIO L\u00d3PEZ CUENCA<\/strong>\u00a0Autor de proyectos nacionales e internacionales, su obra ha sido reconocida en numerosos contextos. Sus intervenciones p\u00fablicas, con un marcado compromiso social, los talleres que ha dirigido y sus publicaciones suponen un referente del arte actual.\u00a0<a href=\"http:\/\/www.lopezcuenca.com\/\">http:\/\/www.lopezcuenca.com\/<\/a><\/p>\n<p><strong>JUAN MART\u00cdN PRADA<\/strong>\u00a0Autor entre otros libros de\u00a0<em>Pr\u00e1cticas art\u00edsticas e Internet en la \u00e9poca de las redes sociales<\/em>\u00a0(AKAL, Colecci\u00f3n de Arte contempor\u00e1neo, 2012) y\u00a0<em>Otro tiempo para el arte. Cuestiones y comentarios sobre el arte actual<\/em>\u00a0(Sendem\u00e0 2012). Colaborador habitual en numerosas publicaciones nacionales e internacionales y profesor titular de la Universidad de C\u00e1diz.\u00a0<a href=\"http:\/\/www.juanmartinprada.net\/\">http:\/\/www.juanmartinprada.net\/<\/a><\/p>\n<p><strong>GONZALO PUCH<\/strong>\u00a0Desde un enfoque interdisciplinar mediante la fotograf\u00eda, la instalaci\u00f3n, las creaciones audiovisuales, etc. su trabajo goza de reconocido prestigio nacional e internacional. Es profesor titular de la Facultad de Bellas Artes de Cuenca y tiene en su haber numerosas exposiciones en diversas galer\u00edas, centros de arte, museos, ferias de arte y bienales.\u00a0\u00a0<a href=\"http:\/\/www.gonzalopuch.com\/\">http:\/\/www.gonzalopuch.com\/<\/a><\/p>\n<\/div><\/section><\/div>\n<style type=\"text\/css\" data-created_by=\"avia_inline_auto\" id=\"style-css-av-av_one_fifth-cd695ba0a85d702005f172ad79b08d28\">\n.flex_column.av-av_one_fifth-cd695ba0a85d702005f172ad79b08d28{\nborder-width:1px;\nborder-style:solid;\nborder-radius:3px 3px 3px 3px;\npadding:15px 15px 10px 25px;\n}\n<\/style>\n<div  class='flex_column av-av_one_fifth-cd695ba0a85d702005f172ad79b08d28 av_one_fifth  avia-builder-el-12  el_after_av_three_fifth  avia-builder-el-last  flex_column_div av-animated-generic bottom-to-top  '     ><\/div><\/div><\/div><\/div><!-- close content main div --><\/div><\/div><div id='av_section_4'  class='avia-section av-av_section-f5cdf9945c56929d6d3b87b9f1521b8a main_color avia-section-default avia-no-border-styling  avia-builder-el-13  el_after_av_section  avia-builder-el-last  avia-bg-style-scroll container_wrap sidebar_right'  ><div class='container av-section-cont-open' ><div class='template-page content  av-content-small alpha units'><div class='post-entry post-entry-type-page post-entry-560'><div class='entry-content-wrapper clearfix'><\/div><\/div><\/div><!-- close content main div --><\/div><\/div><div id='after_section_4'  class='main_color av_default_container_wrap container_wrap sidebar_right'  ><div class='container av-section-cont-open' ><div class='template-page content  av-content-small alpha units'><div class='post-entry post-entry-type-page post-entry-560'><div class='entry-content-wrapper clearfix'><\/p>\n","protected":false},"excerpt":{"rendered":"","protected":false},"author":3,"featured_media":0,"parent":96,"menu_order":0,"comment_status":"closed","ping_status":"closed","template":"","meta":{"footnotes":""},"class_list":["post-560","page","type-page","status-publish","hentry"],"_links":{"self":[{"href":"https:\/\/www.bbaa.uma.es\/master\/wp-json\/wp\/v2\/pages\/560","targetHints":{"allow":["GET"]}}],"collection":[{"href":"https:\/\/www.bbaa.uma.es\/master\/wp-json\/wp\/v2\/pages"}],"about":[{"href":"https:\/\/www.bbaa.uma.es\/master\/wp-json\/wp\/v2\/types\/page"}],"author":[{"embeddable":true,"href":"https:\/\/www.bbaa.uma.es\/master\/wp-json\/wp\/v2\/users\/3"}],"replies":[{"embeddable":true,"href":"https:\/\/www.bbaa.uma.es\/master\/wp-json\/wp\/v2\/comments?post=560"}],"version-history":[{"count":0,"href":"https:\/\/www.bbaa.uma.es\/master\/wp-json\/wp\/v2\/pages\/560\/revisions"}],"up":[{"embeddable":true,"href":"https:\/\/www.bbaa.uma.es\/master\/wp-json\/wp\/v2\/pages\/96"}],"wp:attachment":[{"href":"https:\/\/www.bbaa.uma.es\/master\/wp-json\/wp\/v2\/media?parent=560"}],"curies":[{"name":"wp","href":"https:\/\/api.w.org\/{rel}","templated":true}]}}