{"id":540,"date":"2022-08-16T10:12:01","date_gmt":"2022-08-16T10:12:01","guid":{"rendered":"http:\/\/web.testzone.ovh\/?page_id=540"},"modified":"2022-08-16T10:12:01","modified_gmt":"2022-08-16T10:12:01","slug":"docentes-invitados-2016-17","status":"publish","type":"page","link":"https:\/\/www.bbaa.uma.es\/master\/docentes-invitados\/docentes-invitados-2016-17\/","title":{"rendered":"Docentes Invitados 2016\/17"},"content":{"rendered":"\n<style type=\"text\/css\" data-created_by=\"avia_inline_auto\" id=\"style-css-av-2gogno-20f8b1ce4eb2360dc14cca4d3d549a49\">\n.avia-section.av-2gogno-20f8b1ce4eb2360dc14cca4d3d549a49 .av-parallax .av-parallax-inner{\nbackground-repeat:no-repeat;\nbackground-image:url(https:\/\/www.bbaa.uma.es\/master\/wp-content\/uploads\/2022\/08\/cabecera-full-1600x350-1.jpg);\nbackground-position:50% 0%;\nbackground-attachment:scroll;\n}\n.avia-section.av-2gogno-20f8b1ce4eb2360dc14cca4d3d549a49 .av-section-color-overlay{\nopacity:0.4;\nbackground-color:#eaeaea;\n}\n<\/style>\n<div id='av_section_1'  class='avia-section av-2gogno-20f8b1ce4eb2360dc14cca4d3d549a49 main_color avia-section-no-padding avia-no-border-styling  avia-builder-el-0  el_before_av_section  avia-builder-el-first  avia-full-contain av-parallax-section avia-bg-style-parallax av-section-color-overlay-active av-minimum-height av-minimum-height-custom av-height-custom  container_wrap sidebar_right'  data-section-bg-repeat='contain' data-av_minimum_height_px='220'><div class='av-parallax' data-avia-parallax-ratio='0.3' ><div class='av-parallax-inner main_color avia-full-contain'><\/div><\/div><div class=\"av-section-color-overlay-wrap\"><div class=\"av-section-color-overlay\"><\/div><div class='container av-section-cont-open' style='height:220px'><main  role=\"main\" itemprop=\"mainContentOfPage\"  class='template-page content  av-content-small alpha units'><div class='post-entry post-entry-type-page post-entry-540'><div class='entry-content-wrapper clearfix'>\n\n<style type=\"text\/css\" data-created_by=\"avia_inline_auto\" id=\"style-css-av-l6w0f4b5-33d8d5981973d055106bb2af8cc2cbce\">\n#top .av-special-heading.av-l6w0f4b5-33d8d5981973d055106bb2af8cc2cbce{\npadding-bottom:10px;\n}\nbody .av-special-heading.av-l6w0f4b5-33d8d5981973d055106bb2af8cc2cbce .av-special-heading-tag .heading-char{\nfont-size:25px;\n}\n.av-special-heading.av-l6w0f4b5-33d8d5981973d055106bb2af8cc2cbce .av-subheading{\nfont-size:15px;\n}\n<\/style>\n<div  class='av-special-heading av-l6w0f4b5-33d8d5981973d055106bb2af8cc2cbce av-special-heading-h2  avia-builder-el-1  avia-builder-el-no-sibling '><h2 class='av-special-heading-tag '  itemprop=\"headline\"  >Docentes Invitados 2016\/17<\/h2><div class=\"special-heading-border\"><div class=\"special-heading-inner-border\"><\/div><\/div><\/div>\n\n<\/div><\/div><\/main><!-- close content main element --><\/div><\/div><\/div><div id='av_section_2'  class='avia-section av-l6w0f023-25f6be72d8b8ce1fef7e31c3fccc3e35 main_color avia-section-large avia-no-border-styling  avia-builder-el-2  el_after_av_section  el_before_av_section  avia-bg-style-scroll container_wrap sidebar_right'  ><div class='container av-section-cont-open' ><div class='template-page content  av-content-small alpha units'><div class='post-entry post-entry-type-page post-entry-540'><div class='entry-content-wrapper clearfix'>\n\n<style type=\"text\/css\" data-created_by=\"avia_inline_auto\" id=\"style-css-av-29sbsc-dcde39d03e4ca2b69c5bf51bc7a805d5\">\n#top .hr.hr-invisible.av-29sbsc-dcde39d03e4ca2b69c5bf51bc7a805d5{\nheight:50px;\n}\n<\/style>\n<div  class='hr av-29sbsc-dcde39d03e4ca2b69c5bf51bc7a805d5 hr-invisible  avia-builder-el-3  el_before_av_one_third  avia-builder-el-first '><span class='hr-inner '><span class=\"hr-inner-style\"><\/span><\/span><\/div>\n<div  class='flex_column av-201msc-52a1613141577bf8cba3e5cdec7ee22c av_one_third  avia-builder-el-4  el_after_av_hr  el_before_av_two_third  first flex_column_div av-animated-generic left-to-right  '     ><style type=\"text\/css\" data-created_by=\"avia_inline_auto\" id=\"style-css-av-1wmu9g-3f07ffcb4904d894c2b8476c05762c61\">\n.avia-image-container.av-1wmu9g-3f07ffcb4904d894c2b8476c05762c61 img.avia_image{\nbox-shadow:none;\n}\n.avia-image-container.av-1wmu9g-3f07ffcb4904d894c2b8476c05762c61 .av-image-caption-overlay-center{\ncolor:#ffffff;\n}\n<\/style>\n<div  class='avia-image-container av-1wmu9g-3f07ffcb4904d894c2b8476c05762c61 av-styling- avia-align-center  avia-builder-el-5  avia-builder-el-no-sibling '   itemprop=\"image\" itemscope=\"itemscope\" itemtype=\"https:\/\/schema.org\/ImageObject\" ><div class=\"avia-image-container-inner\"><div class=\"avia-image-overlay-wrap\"><img decoding=\"async\" fetchpriority=\"high\" class='wp-image-543 avia-img-lazy-loading-not-543 avia_image ' src=\"https:\/\/www.bbaa.uma.es\/master\/wp-content\/uploads\/2022\/08\/REMEDIOS-ZAFRA.jpg\" alt='' title='REMEDIOS ZAFRA'  height=\"335\" width=\"416\"  itemprop=\"thumbnailUrl\" srcset=\"https:\/\/www.bbaa.uma.es\/master\/wp-content\/uploads\/2022\/08\/REMEDIOS-ZAFRA.jpg 416w, https:\/\/www.bbaa.uma.es\/master\/wp-content\/uploads\/2022\/08\/REMEDIOS-ZAFRA-300x242.jpg 300w\" sizes=\"(max-width: 416px) 100vw, 416px\" \/><\/div><\/div><\/div><\/div>\n<style type=\"text\/css\" data-created_by=\"avia_inline_auto\" id=\"style-css-av-1sh0qs-e924b786f8287bac7917c4fd08f985c1\">\n.flex_column.av-1sh0qs-e924b786f8287bac7917c4fd08f985c1{\nborder-width:1px;\nborder-style:solid;\nborder-radius:3px 3px 3px 3px;\npadding:15px 15px 10px 25px;\n}\n<\/style>\n<div  class='flex_column av-1sh0qs-e924b786f8287bac7917c4fd08f985c1 av_two_third  avia-builder-el-6  el_after_av_one_third  avia-builder-el-last  flex_column_div av-animated-generic bottom-to-top  '     ><section  class='av_textblock_section av-1nf3d0-8c92e03f8b255eb29376ead496b6a0be '   itemscope=\"itemscope\" itemtype=\"https:\/\/schema.org\/CreativeWork\" ><div class='avia_textblock'  itemprop=\"text\" ><p class=\"nombre-docentes-invitados\">REMEDIOS ZAFRA<\/p>\n<\/div><\/section><br \/>\n<section  class='av_textblock_section av-1cw3uc-ab84971209ce598739665aca8976dc58 '   itemscope=\"itemscope\" itemtype=\"https:\/\/schema.org\/CreativeWork\" ><div class='avia_textblock'  itemprop=\"text\" ><p>Escritora y profesora de Arte, Estudios Visuales, Estudios de G\u00e9nero y Cultura Digital en la Universidad de Sevilla y profesora invitada en diversas universidades nacionales y extranjeras. Investigadora, profesora, comisaria, asesora cient\u00edfica.<\/p>\n<p>Orienta su trabajo ensay\u00edstico y de investigaci\u00f3n al estudio cr\u00edtico de la cultura contempor\u00e1nea, la creaci\u00f3n y las pol\u00edticas de la identidad en las redes. En esta l\u00ednea, su trayectoria ha sido ampliamente reconocida por LIBROS como: *Los que miran (F\u00f3rcola, 2016);*Ojos y Capital (Consonni, 2015);*(h)adas. Mujeres que crean, programan, prosumen, teclean (P\u00e1ginas de Espuma, 2013);*#Despacio (Caballo de Troya, 2012);*Un cuarto propio conectado. (Ciber)espacio y (auto)gesti\u00f3n del yo (F\u00f3rcola, 2010), traducido al italiano (*Sempre connessi. Spazi virtuali e costruzione dell\u2019io, Giunti, 2012), y al ingl\u00e9s (*A connected room of one\u2019s own. (Cyber)space and (self)management of the self, F\u00f3rcola, 2012).<\/p>\n<p>La obra de Remedios Zafra ha obtenido numrosos premios y reconocimientos.<\/p>\n<p>http:\/\/www.remedioszafra.net\/<\/p>\n<\/div><\/section><\/p><\/div>\n\n<\/div><\/div><\/div><!-- close content main div --><\/div><\/div><div id='av_section_3'  class='avia-section av-194bq4-ed8af0b3e54080610d23f1b63466f383 main_color avia-section-large avia-no-border-styling  avia-builder-el-9  el_after_av_section  el_before_av_section  avia-bg-style-scroll container_wrap sidebar_right'  ><div class='container av-section-cont-open' ><div class='template-page content  av-content-small alpha units'><div class='post-entry post-entry-type-page post-entry-540'><div class='entry-content-wrapper clearfix'>\n<div  class='flex_column av-155r0c-6e9374a6e18d71428e3c81f7156064cd av_one_third  avia-builder-el-10  el_before_av_two_third  avia-builder-el-first  first flex_column_div av-animated-generic left-to-right  '     ><style type=\"text\/css\" data-created_by=\"avia_inline_auto\" id=\"style-css-av-usdng-47a956e8a908a7ab4cdd6c28b1d1f346\">\n.avia-image-container.av-usdng-47a956e8a908a7ab4cdd6c28b1d1f346 img.avia_image{\nbox-shadow:none;\n}\n.avia-image-container.av-usdng-47a956e8a908a7ab4cdd6c28b1d1f346 .av-image-caption-overlay-center{\ncolor:#ffffff;\n}\n<\/style>\n<div  class='avia-image-container av-usdng-47a956e8a908a7ab4cdd6c28b1d1f346 av-styling- avia_animated_image av-animated-when-visible-95 left-to-right avia-align-center  avia-builder-el-11  avia-builder-el-no-sibling '   itemprop=\"image\" itemscope=\"itemscope\" itemtype=\"https:\/\/schema.org\/ImageObject\" ><div class=\"avia-image-container-inner\"><div class=\"avia-image-overlay-wrap\"><img decoding=\"async\" fetchpriority=\"high\" class='wp-image-545 avia-img-lazy-loading-not-545 avia_image ' src=\"https:\/\/www.bbaa.uma.es\/master\/wp-content\/uploads\/2022\/08\/JUAN-MARTI\u0301N-PRADA-495x400.jpg\" alt='' title='JUAN MARTI\u0301N PRADA'  height=\"400\" width=\"495\"  itemprop=\"thumbnailUrl\"  \/><\/div><\/div><\/div><\/div>\n<style type=\"text\/css\" data-created_by=\"avia_inline_auto\" id=\"style-css-av-2pyng-bee5aa37e71aee1a801a29bbabbb6b4e\">\n.flex_column.av-2pyng-bee5aa37e71aee1a801a29bbabbb6b4e{\nborder-width:1px;\nborder-style:solid;\nborder-radius:3px 3px 3px 3px;\npadding:15px 15px 10px 25px;\n}\n<\/style>\n<div  class='flex_column av-2pyng-bee5aa37e71aee1a801a29bbabbb6b4e av_two_third  avia-builder-el-12  el_after_av_one_third  avia-builder-el-last  flex_column_div av-animated-generic bottom-to-top  '     ><section  class='av_textblock_section av-mz00s-7f5eec790a1798062436ea496eade50a '   itemscope=\"itemscope\" itemtype=\"https:\/\/schema.org\/CreativeWork\" ><div class='avia_textblock'  itemprop=\"text\" ><p class=\"nombre-docentes-invitados\">JUAN MART\u00cdN PRADA<\/p>\n<\/div><\/section><br \/>\n<section  class='av_textblock_section av-1reto-0a48694f5e37bd3a3998a32275c34a18 '   itemscope=\"itemscope\" itemtype=\"https:\/\/schema.org\/CreativeWork\" ><div class='avia_textblock'  itemprop=\"text\" ><p>Es autor de numerosos art\u00edculos y ensayos sobre Est\u00e9tica y Teor\u00eda del arte contempor\u00e1neo y de los libros La apropiaci\u00f3n posmoderna. Arte, pr\u00e1ctica apropiacionista y Teor\u00eda de la posmodernidad (ed. Fundamentos, 2001), Las nuevas condiciones del arte contempor\u00e1neo (Brise\u00f1o editores, 2003), Pr\u00e1cticas art\u00edsticas e Internet en la \u00e9poca de las redes sociales (AKAL, Colecci\u00f3n de Arte contempor\u00e1neo, 1\u00aa edici\u00f3n 2012 \u2013 2\u00aa edici\u00f3n actualizada y ampliada, 2015) y Otro tiempo para el arte. Cuestiones y comentarios sobre el arte actual (Sendem\u00e0 2012).<\/p>\n<p>Ha colaborado en revistas como EXIT Book, Estudios visuales, Fibreculture-The Journal, REIS, Red Digital, FLUOR, Papers d\u2019art (Fundaci\u00f3 Espais d\u2019Art Contemporani), A minima, Temps d\u2019art, Transversal, DeForma (ed. Sendem\u00e0) o en el suplemento \u201cCultura\/s\u201d de La Vanguardia de Barcelona, entre otras muchas publicaciones impresas y digitales. Es autor de textos para cat\u00e1logos de exposiciones y libros colectivos editados por AKAL, C\u00e1tedra, Narcea, Seacex-Turner, etc.<\/p>\n<p>Sus textos y trabajos han sido rese\u00f1ados en revistas y publicaciones como \u201cBabelia\u201d (El Pa\u00eds), Arte y Parte, Revista Turia, ABC Cultural, ARCO Noticias, suplemento \u201cCultura\/s\u201d de La Vanguardia, CiberPa\u00eds, Revista L\u00e1piz, etc.<\/p>\n<p>https:\/\/www.facebook.com\/juan.martinprada<\/p>\n<\/div><\/section><\/p><\/div>\n\n<\/div><\/div><\/div><!-- close content main div --><\/div><\/div><div id='av_section_4'  class='avia-section av-av_section-05206848b078a6f0d4e991b4f556c241 main_color avia-section-large avia-no-border-styling  avia-builder-el-15  el_after_av_section  el_before_av_section  avia-bg-style-scroll container_wrap sidebar_right'  ><div class='container av-section-cont-open' ><div class='template-page content  av-content-small alpha units'><div class='post-entry post-entry-type-page post-entry-540'><div class='entry-content-wrapper clearfix'>\n<div  class='flex_column av-av_one_third-ae633bc535ed9efd65de27bb635d8e85 av_one_third  avia-builder-el-16  el_before_av_two_third  avia-builder-el-first  first flex_column_div av-animated-generic left-to-right  '     ><style type=\"text\/css\" data-created_by=\"avia_inline_auto\" id=\"style-css-av-l6w0qlbk-f8c15cc9cd984d4220795e6d7e333deb\">\n.avia-image-container.av-l6w0qlbk-f8c15cc9cd984d4220795e6d7e333deb img.avia_image{\nbox-shadow:none;\n}\n.avia-image-container.av-l6w0qlbk-f8c15cc9cd984d4220795e6d7e333deb .av-image-caption-overlay-center{\ncolor:#ffffff;\n}\n<\/style>\n<div  class='avia-image-container av-l6w0qlbk-f8c15cc9cd984d4220795e6d7e333deb av-styling- avia_animated_image av-animated-when-visible-95 left-to-right avia-align-center  avia-builder-el-17  avia-builder-el-no-sibling '   itemprop=\"image\" itemscope=\"itemscope\" itemtype=\"https:\/\/schema.org\/ImageObject\" ><div class=\"avia-image-container-inner\"><div class=\"avia-image-overlay-wrap\"><img decoding=\"async\" fetchpriority=\"high\" class='wp-image-547 avia-img-lazy-loading-not-547 avia_image ' src=\"https:\/\/www.bbaa.uma.es\/master\/wp-content\/uploads\/2022\/08\/Miguel-Copon-495x400.jpg\" alt='' title='Miguel Copon'  height=\"400\" width=\"495\"  itemprop=\"thumbnailUrl\"  \/><\/div><\/div><\/div><\/div>\n<style type=\"text\/css\" data-created_by=\"avia_inline_auto\" id=\"style-css-av-av_two_third-cd695ba0a85d702005f172ad79b08d28\">\n.flex_column.av-av_two_third-cd695ba0a85d702005f172ad79b08d28{\nborder-width:1px;\nborder-style:solid;\nborder-radius:3px 3px 3px 3px;\npadding:15px 15px 10px 25px;\n}\n<\/style>\n<div  class='flex_column av-av_two_third-cd695ba0a85d702005f172ad79b08d28 av_two_third  avia-builder-el-18  el_after_av_one_third  avia-builder-el-last  flex_column_div av-animated-generic bottom-to-top  '     ><section  class='av_textblock_section av-l6w0noxn-3c4a9d9076924cc93f1b91d26dc22837 '   itemscope=\"itemscope\" itemtype=\"https:\/\/schema.org\/CreativeWork\" ><div class='avia_textblock'  itemprop=\"text\" ><p class=\"nombre-docentes-invitados\">MIGUEL COP\u00d3N<\/p>\n<\/div><\/section><br \/>\n<section  class='av_textblock_section av-l6w0nl2l-f0d22d1464dd329d5a06e199cdd15bfe '   itemscope=\"itemscope\" itemtype=\"https:\/\/schema.org\/CreativeWork\" ><div class='avia_textblock'  itemprop=\"text\" ><p>Artista, escritor y profesor.<em>\u00a0<\/em><\/p>\n<p><em>Master en Est\u00e9tica y Teor\u00eda de las Artes<\/em>\u00a0por la Univ. Aut\u00f3noma de Madrid y Doctor en Filosof\u00eda en la misma, en donde ha sido profesor de\u00a0<em>Est\u00e9tica y Teor\u00eda de las Artes,<\/em>\u00a0as\u00ed como en la Universidad Complutense, dentro del\u00a0<em>Master en Est\u00e9tica y Pr\u00e1ctica de las Artes<\/em>\u00a0y Director de la Radio de la Universidad, con el nombre de\u00a0<em>Radio Aut\u00f3noma.<\/em>\u00a0Su trabajo versa sobre est\u00e9tica general y est\u00e9tica de la m\u00fasica. Ha colaborado como escritor en publicaciones peri\u00f3dicas como\u00a0<em>Diario 16 Culturas, Revista de Occidente, El Mundo<\/em>,\u00a0<em>Abc<\/em>,\u00a0<em>El Urogallo<\/em>,\u00a0<em>Arte Omega, Cimal.<\/em><\/p>\n<p>Ha recibido el premio<em>\u00a0Espais a la Cr\u00edtica de Arte<\/em>.\u00a0 Autor de ensayos sobre artistas amigos como Antonio Murado, Nacho Criado, Tony Crag, Ignacio Caballo, Carlos Capelan, Marisa Casado, Severo Sarduy. Ha realizado numerosas exposiciones y es autor de numerosos libros y cap\u00edtulos de libros como: El arte es helarte\u201d. \u201cConocimiento como naturaleza muerta\u201d. \u201cJusto antes del olvido\u201d, \u201cCreaci\u00f3n de la nada\u201d. En: La est\u00e9tica del nihilismo. coord. Fernando Castro. Centro Gallego de Arte Contempor\u00e1neo, \u201cPaul Klee, la monta\u00f1a de los dioses\u201d. \u201cQuiz\u00e1 la distancia sea duda\u201d, \u201cSobre la posici\u00f3n de los signos\u201d.<\/p>\n<p>http:\/\/www.miguelcopon.es\/<\/p>\n<\/div><\/section><\/p><\/div><\/div><\/div><\/div><!-- close content main div --><\/div><\/div><div id='av_section_5'  class='avia-section av-av_section-05206848b078a6f0d4e991b4f556c241 main_color avia-section-large avia-no-border-styling  avia-builder-el-21  el_after_av_section  el_before_av_section  avia-bg-style-scroll container_wrap sidebar_right'  ><div class='container av-section-cont-open' ><div class='template-page content  av-content-small alpha units'><div class='post-entry post-entry-type-page post-entry-540'><div class='entry-content-wrapper clearfix'>\n<div  class='flex_column av-av_one_third-ae633bc535ed9efd65de27bb635d8e85 av_one_third  avia-builder-el-22  el_before_av_two_third  avia-builder-el-first  first flex_column_div av-animated-generic left-to-right  '     ><style type=\"text\/css\" data-created_by=\"avia_inline_auto\" id=\"style-css-av-l6w0sehj-c1135a305c610f330d2d368b78c9052a\">\n.avia-image-container.av-l6w0sehj-c1135a305c610f330d2d368b78c9052a img.avia_image{\nbox-shadow:none;\n}\n.avia-image-container.av-l6w0sehj-c1135a305c610f330d2d368b78c9052a .av-image-caption-overlay-center{\ncolor:#ffffff;\n}\n<\/style>\n<div  class='avia-image-container av-l6w0sehj-c1135a305c610f330d2d368b78c9052a av-styling- avia_animated_image av-animated-when-visible-95 left-to-right avia-align-center  avia-builder-el-23  avia-builder-el-no-sibling '   itemprop=\"image\" itemscope=\"itemscope\" itemtype=\"https:\/\/schema.org\/ImageObject\" ><div class=\"avia-image-container-inner\"><div class=\"avia-image-overlay-wrap\"><img decoding=\"async\" fetchpriority=\"high\" class='wp-image-529 avia-img-lazy-loading-not-529 avia_image ' src=\"https:\/\/www.bbaa.uma.es\/master\/wp-content\/uploads\/2022\/08\/ROGERIO-PAULO-RAPOSO-2-495x400.jpeg\" alt='' title='ROGERIO PAULO RAPOSO'  height=\"400\" width=\"495\"  itemprop=\"thumbnailUrl\"  \/><\/div><\/div><\/div><\/div>\n<style type=\"text\/css\" data-created_by=\"avia_inline_auto\" id=\"style-css-av-av_two_third-cd695ba0a85d702005f172ad79b08d28\">\n.flex_column.av-av_two_third-cd695ba0a85d702005f172ad79b08d28{\nborder-width:1px;\nborder-style:solid;\nborder-radius:3px 3px 3px 3px;\npadding:15px 15px 10px 25px;\n}\n<\/style>\n<div  class='flex_column av-av_two_third-cd695ba0a85d702005f172ad79b08d28 av_two_third  avia-builder-el-24  el_after_av_one_third  avia-builder-el-last  flex_column_div av-animated-generic bottom-to-top  '     ><section  class='av_textblock_section av-l6w0rhjf-b122bb4c238f74a991d0d0fe4dd3cbbd '   itemscope=\"itemscope\" itemtype=\"https:\/\/schema.org\/CreativeWork\" ><div class='avia_textblock'  itemprop=\"text\" ><p class=\"nombre-docentes-invitados\">ROG\u00c9RIO PAULO RAPOSO ALVES TAVEIRA<\/p>\n<\/div><\/section><br \/>\n<section  class='av_textblock_section av-l6w0rac7-dd9ae48cb4d16601fce753946230a101 '   itemscope=\"itemscope\" itemtype=\"https:\/\/schema.org\/CreativeWork\" ><div class='avia_textblock'  itemprop=\"text\" ><p>Faculdade de Belas-Artes da Universidade de Lisboa.<\/p>\n<p>Arquitecto, profesor, investigador, especialista en fotograf\u00eda, imagen en movimiento y medios digitales. Ha participado en numerosos proyectos de investigaci\u00f3n como: Multidimensional Interactivity (Departamento de Arte Multim\u00e9dia do Centro de Investiga\u00e7\u00e3o e Estudos em Belas-Artes \u2013 CIEBA\/FBAUL) o Monumento \u00e0 Multiculturalidade do Departamento de Escultura da FBAUL, C\u00e2mara Municipal de Almada (Casa da Cerca).<\/p>\n<p>Es autor de numerosos art\u00edculos, performances y trabajos fotogr\u00e1ficos y videogr\u00e1ficos. Investigador en Investigation Project Multidimensional Interactivity. Supported by FCT \u2013 Funda\u00e7\u00e3o para a Ci\u00eancia e Tecnologia e CIEBA \u2013 Centro de Investiga\u00e7\u00e3o e Estudos em Belas-Artes, Multimedia Art Department.<\/p>\n<\/div><\/section><\/p><\/div><\/div><\/div><\/div><!-- close content main div --><\/div><\/div><div id='av_section_6'  class='avia-section av-av_section-05206848b078a6f0d4e991b4f556c241 main_color avia-section-large avia-no-border-styling  avia-builder-el-27  el_after_av_section  el_before_av_section  avia-bg-style-scroll container_wrap sidebar_right'  ><div class='container av-section-cont-open' ><div class='template-page content  av-content-small alpha units'><div class='post-entry post-entry-type-page post-entry-540'><div class='entry-content-wrapper clearfix'>\n<div  class='flex_column av-av_one_third-ae633bc535ed9efd65de27bb635d8e85 av_one_third  avia-builder-el-28  el_before_av_two_third  avia-builder-el-first  first flex_column_div av-animated-generic left-to-right  '     ><style type=\"text\/css\" data-created_by=\"avia_inline_auto\" id=\"style-css-av-l6w0z757-ead14f2de3a2953c7d8d85f4371bc3b2\">\n.avia-image-container.av-l6w0z757-ead14f2de3a2953c7d8d85f4371bc3b2 img.avia_image{\nbox-shadow:none;\n}\n.avia-image-container.av-l6w0z757-ead14f2de3a2953c7d8d85f4371bc3b2 .av-image-caption-overlay-center{\ncolor:#ffffff;\n}\n<\/style>\n<div  class='avia-image-container av-l6w0z757-ead14f2de3a2953c7d8d85f4371bc3b2 av-styling- avia_animated_image av-animated-when-visible-95 left-to-right avia-align-center  avia-builder-el-29  avia-builder-el-no-sibling '   itemprop=\"image\" itemscope=\"itemscope\" itemtype=\"https:\/\/schema.org\/ImageObject\" ><div class=\"avia-image-container-inner\"><div class=\"avia-image-overlay-wrap\"><img decoding=\"async\" fetchpriority=\"high\" class='wp-image-548 avia-img-lazy-loading-not-548 avia_image ' src=\"https:\/\/www.bbaa.uma.es\/master\/wp-content\/uploads\/2022\/08\/PAZ-TORNERO-495x400.jpg\" alt='' title='PAZ TORNERO'  height=\"400\" width=\"495\"  itemprop=\"thumbnailUrl\"  \/><\/div><\/div><\/div><\/div>\n<style type=\"text\/css\" data-created_by=\"avia_inline_auto\" id=\"style-css-av-av_two_third-cd695ba0a85d702005f172ad79b08d28\">\n.flex_column.av-av_two_third-cd695ba0a85d702005f172ad79b08d28{\nborder-width:1px;\nborder-style:solid;\nborder-radius:3px 3px 3px 3px;\npadding:15px 15px 10px 25px;\n}\n<\/style>\n<div  class='flex_column av-av_two_third-cd695ba0a85d702005f172ad79b08d28 av_two_third  avia-builder-el-30  el_after_av_one_third  avia-builder-el-last  flex_column_div av-animated-generic bottom-to-top  '     ><section  class='av_textblock_section av-l6w0tnwt-b0dd97ab0c78a30fefcc767c0372427d '   itemscope=\"itemscope\" itemtype=\"https:\/\/schema.org\/CreativeWork\" ><div class='avia_textblock'  itemprop=\"text\" ><p class=\"nombre-docentes-invitados\">PAZ TORNERO<\/p>\n<\/div><\/section><br \/>\n<section  class='av_textblock_section av-l6w0tjjk-c32a95d9ce3d33ed2c8a485b0a6766e8 '   itemscope=\"itemscope\" itemtype=\"https:\/\/schema.org\/CreativeWork\" ><div class='avia_textblock'  itemprop=\"text\" ><p>Actualmente Docente e investigadora en el Colegio de Comunicaci\u00f3n y Artes Contempor\u00e1neas, Universidad San Francisco de Quito (USFQ), ECUADOR.<\/p>\n<p>Investigadora visitante de Arte, Ciencia y Tecnolog\u00eda en la Universidad de Harvard (GSAS), Real Colegio Complutense en Harvard y Massachusetts Institute of Technology (MIT)-Media Lab. CAMBRIDGE, MA, USA. Alumna de David Edwards, Antoni Muntadas y Krzysztof Wodiczko.<\/p>\n<p>Ha realizado diversos proyectos art\u00edsticos en el \u00e1mbito de la videocreaci\u00f3n y el arte digital y su trabajo de investigaci\u00f3n se desarrolla a partir de su tesis doctoral Tecnolog\u00edas de la Creatividad: Conexiones entre Arte y Ciencia en la Contemporaneidad.<\/p>\n<\/div><\/section><\/p><\/div><\/div><\/div><\/div><!-- close content main div --><\/div><\/div><div id='av_section_7'  class='avia-section av-af9oc-1fa5a9cd71764a88b4303864b76e2d76 main_color avia-section-default avia-no-border-styling  avia-builder-el-33  el_after_av_section  avia-builder-el-last  avia-bg-style-scroll container_wrap sidebar_right'  ><div class='container av-section-cont-open' ><div class='template-page content  av-content-small alpha units'><div class='post-entry post-entry-type-page post-entry-540'><div class='entry-content-wrapper clearfix'><\/div><\/div><\/div><!-- close content main div --><\/div><\/div><div id='after_section_7'  class='main_color av_default_container_wrap container_wrap sidebar_right'  ><div class='container av-section-cont-open' ><div class='template-page content  av-content-small alpha units'><div class='post-entry post-entry-type-page post-entry-540'><div class='entry-content-wrapper clearfix'><\/p>\n","protected":false},"excerpt":{"rendered":"","protected":false},"author":3,"featured_media":0,"parent":96,"menu_order":0,"comment_status":"closed","ping_status":"closed","template":"","meta":{"footnotes":""},"class_list":["post-540","page","type-page","status-publish","hentry"],"_links":{"self":[{"href":"https:\/\/www.bbaa.uma.es\/master\/wp-json\/wp\/v2\/pages\/540","targetHints":{"allow":["GET"]}}],"collection":[{"href":"https:\/\/www.bbaa.uma.es\/master\/wp-json\/wp\/v2\/pages"}],"about":[{"href":"https:\/\/www.bbaa.uma.es\/master\/wp-json\/wp\/v2\/types\/page"}],"author":[{"embeddable":true,"href":"https:\/\/www.bbaa.uma.es\/master\/wp-json\/wp\/v2\/users\/3"}],"replies":[{"embeddable":true,"href":"https:\/\/www.bbaa.uma.es\/master\/wp-json\/wp\/v2\/comments?post=540"}],"version-history":[{"count":0,"href":"https:\/\/www.bbaa.uma.es\/master\/wp-json\/wp\/v2\/pages\/540\/revisions"}],"up":[{"embeddable":true,"href":"https:\/\/www.bbaa.uma.es\/master\/wp-json\/wp\/v2\/pages\/96"}],"wp:attachment":[{"href":"https:\/\/www.bbaa.uma.es\/master\/wp-json\/wp\/v2\/media?parent=540"}],"curies":[{"name":"wp","href":"https:\/\/api.w.org\/{rel}","templated":true}]}}