{"id":526,"date":"2022-08-16T09:32:00","date_gmt":"2022-08-16T09:32:00","guid":{"rendered":"http:\/\/web.testzone.ovh\/?page_id=526"},"modified":"2022-08-16T09:55:23","modified_gmt":"2022-08-16T09:55:23","slug":"docentes-invitados-2017-18","status":"publish","type":"page","link":"https:\/\/www.bbaa.uma.es\/master\/docentes-invitados\/docentes-invitados-2017-18\/","title":{"rendered":"Docentes Invitados 2017\/18"},"content":{"rendered":"\n<style type=\"text\/css\" data-created_by=\"avia_inline_auto\" id=\"style-css-av-2fh8bi-2d1e48ee83b76075f7d35c273a826769\">\n.avia-section.av-2fh8bi-2d1e48ee83b76075f7d35c273a826769 .av-parallax .av-parallax-inner{\nbackground-repeat:no-repeat;\nbackground-image:url(https:\/\/www.bbaa.uma.es\/master\/wp-content\/uploads\/2022\/08\/cabecera-full-1600x350-1.jpg);\nbackground-position:50% 0%;\nbackground-attachment:scroll;\n}\n.avia-section.av-2fh8bi-2d1e48ee83b76075f7d35c273a826769 .av-section-color-overlay{\nopacity:0.4;\nbackground-color:#eaeaea;\n}\n<\/style>\n<div id='av_section_1'  class='avia-section av-2fh8bi-2d1e48ee83b76075f7d35c273a826769 main_color avia-section-no-padding avia-no-border-styling  avia-builder-el-0  el_before_av_section  avia-builder-el-first  avia-full-contain av-parallax-section avia-bg-style-parallax av-section-color-overlay-active av-minimum-height av-minimum-height-custom av-height-custom  container_wrap sidebar_right'  data-section-bg-repeat='contain' data-av_minimum_height_px='220'><div class='av-parallax' data-avia-parallax-ratio='0.3' ><div class='av-parallax-inner main_color avia-full-contain'><\/div><\/div><div class=\"av-section-color-overlay-wrap\"><div class=\"av-section-color-overlay\"><\/div><div class='container av-section-cont-open' style='height:220px'><main  role=\"main\" itemprop=\"mainContentOfPage\"  class='template-page content  av-content-small alpha units'><div class='post-entry post-entry-type-page post-entry-526'><div class='entry-content-wrapper clearfix'>\n\n<style type=\"text\/css\" data-created_by=\"avia_inline_auto\" id=\"style-css-av-l6vyvk8i-53fd1273b4f684ec94d52be01e40fecf\">\n#top .av-special-heading.av-l6vyvk8i-53fd1273b4f684ec94d52be01e40fecf{\npadding-bottom:10px;\n}\nbody .av-special-heading.av-l6vyvk8i-53fd1273b4f684ec94d52be01e40fecf .av-special-heading-tag .heading-char{\nfont-size:25px;\n}\n.av-special-heading.av-l6vyvk8i-53fd1273b4f684ec94d52be01e40fecf .av-subheading{\nfont-size:15px;\n}\n<\/style>\n<div  class='av-special-heading av-l6vyvk8i-53fd1273b4f684ec94d52be01e40fecf av-special-heading-h2  avia-builder-el-1  avia-builder-el-no-sibling '><h2 class='av-special-heading-tag '  itemprop=\"headline\"  >Docentes Invitados 2017\/18<\/h2><div class=\"special-heading-border\"><div class=\"special-heading-inner-border\"><\/div><\/div><\/div>\n\n<\/div><\/div><\/main><!-- close content main element --><\/div><\/div><\/div><div id='av_section_2'  class='avia-section av-l6vyvoah-27b29b222e187aa6838451d301d3509d main_color avia-section-large avia-no-border-styling  avia-builder-el-2  el_after_av_section  el_before_av_section  avia-bg-style-scroll container_wrap sidebar_right'  ><div class='container av-section-cont-open' ><div class='template-page content  av-content-small alpha units'><div class='post-entry post-entry-type-page post-entry-526'><div class='entry-content-wrapper clearfix'>\n\n<style type=\"text\/css\" data-created_by=\"avia_inline_auto\" id=\"style-css-av-279cba-6da20c4c3bb15dcf7f0c7cd0bc6b67d9\">\n#top .hr.hr-invisible.av-279cba-6da20c4c3bb15dcf7f0c7cd0bc6b67d9{\nheight:50px;\n}\n<\/style>\n<div  class='hr av-279cba-6da20c4c3bb15dcf7f0c7cd0bc6b67d9 hr-invisible  avia-builder-el-3  el_before_av_one_third  avia-builder-el-first '><span class='hr-inner '><span class=\"hr-inner-style\"><\/span><\/span><\/div>\n<div  class='flex_column av-23s8ge-4f56f92a28ccb2077300478dbec349f7 av_one_third  avia-builder-el-4  el_after_av_hr  el_before_av_two_third  first flex_column_div av-animated-generic left-to-right  '     ><style type=\"text\/css\" data-created_by=\"avia_inline_auto\" id=\"style-css-av-1ytrau-f58543d38f846118b04882697b1442df\">\n.avia-image-container.av-1ytrau-f58543d38f846118b04882697b1442df img.avia_image{\nbox-shadow:none;\n}\n.avia-image-container.av-1ytrau-f58543d38f846118b04882697b1442df .av-image-caption-overlay-center{\ncolor:#ffffff;\n}\n<\/style>\n<div  class='avia-image-container av-1ytrau-f58543d38f846118b04882697b1442df av-styling- avia-align-center  avia-builder-el-5  avia-builder-el-no-sibling '   itemprop=\"image\" itemscope=\"itemscope\" itemtype=\"https:\/\/schema.org\/ImageObject\" ><div class=\"avia-image-container-inner\"><div class=\"avia-image-overlay-wrap\"><img decoding=\"async\" fetchpriority=\"high\" class='wp-image-529 avia-img-lazy-loading-not-529 avia_image ' src=\"https:\/\/www.bbaa.uma.es\/master\/wp-content\/uploads\/2022\/08\/ROGERIO-PAULO-RAPOSO-2-495x400.jpeg\" alt='' title='ROGERIO PAULO RAPOSO'  height=\"400\" width=\"495\"  itemprop=\"thumbnailUrl\"  \/><\/div><\/div><\/div><\/div>\n<style type=\"text\/css\" data-created_by=\"avia_inline_auto\" id=\"style-css-av-1op5j2-f5bb3a8221346988fe35ab23f89e6133\">\n.flex_column.av-1op5j2-f5bb3a8221346988fe35ab23f89e6133{\nborder-width:1px;\nborder-style:solid;\nborder-radius:3px 3px 3px 3px;\npadding:15px 15px 10px 25px;\n}\n<\/style>\n<div  class='flex_column av-1op5j2-f5bb3a8221346988fe35ab23f89e6133 av_two_third  avia-builder-el-6  el_after_av_one_third  avia-builder-el-last  flex_column_div av-animated-generic bottom-to-top  '     ><section  class='av_textblock_section av-1n5dta-e5edebe29d3975572b4d524c0d6621e9 '   itemscope=\"itemscope\" itemtype=\"https:\/\/schema.org\/CreativeWork\" ><div class='avia_textblock'  itemprop=\"text\" ><p class=\"nombre-docentes-invitados\">ROG\u00c9RIO PAULO RAPOSO ALVES TAVEIRA<\/p>\n<\/div><\/section><br \/>\n<section  class='av_textblock_section av-1d1ume-2e51fca40160078b311146d928b690c6 '   itemscope=\"itemscope\" itemtype=\"https:\/\/schema.org\/CreativeWork\" ><div class='avia_textblock'  itemprop=\"text\" ><p>Faculdade de Belas-Artes da Universidade de Lisboa. Arquitecto, profesor, investigador, especialista en fotograf\u00eda, imagen en movimiento y medios digitales.<\/p>\n<p>Ha participado en numerosos proyectos de investigaci\u00f3n como: Multidimensional Interactivity (Departamento de Arte Multim\u00e9dia do Centro de Investiga\u00e7\u00e3o e Estudos em Belas-Artes \u2013 CIEBA\/FBAUL) o Monumento \u00e0 Multiculturalidade do Departamento de Escultura da FBAUL, C\u00e2mara Municipal de Almada (Casa da Cerca). Es autor de numerosos art\u00edculos, performances y trabajos fotogr\u00e1ficos y videogr\u00e1ficos. Investigador en Investigation Project Multidimensional Interactivity. Supported by FCT \u2013 Funda\u00e7\u00e3o para a Ci\u00eancia e Tecnologia e CIEBA \u2013 Centro de Investiga\u00e7\u00e3o e Estudos em Belas-Artes, Multimedia Art Department.<\/p>\n<\/div><\/section><\/p><\/div>\n\n<\/div><\/div><\/div><!-- close content main div --><\/div><\/div><div id='av_section_3'  class='avia-section av-1afyzq-408519424a6d72505fd40aa7cae70282 main_color avia-section-large avia-no-border-styling  avia-builder-el-9  el_after_av_section  el_before_av_section  avia-bg-style-scroll container_wrap sidebar_right'  ><div class='container av-section-cont-open' ><div class='template-page content  av-content-small alpha units'><div class='post-entry post-entry-type-page post-entry-526'><div class='entry-content-wrapper clearfix'>\n<div  class='flex_column av-1479hi-471ea0a53b47c0676152e4dd45198f0d av_one_third  avia-builder-el-10  el_before_av_two_third  avia-builder-el-first  first flex_column_div av-animated-generic left-to-right  '     ><style type=\"text\/css\" data-created_by=\"avia_inline_auto\" id=\"style-css-av-x7yf2-620f48ae1b03929b7d6021a604296945\">\n.avia-image-container.av-x7yf2-620f48ae1b03929b7d6021a604296945 img.avia_image{\nbox-shadow:none;\n}\n.avia-image-container.av-x7yf2-620f48ae1b03929b7d6021a604296945 .av-image-caption-overlay-center{\ncolor:#ffffff;\n}\n<\/style>\n<div  class='avia-image-container av-x7yf2-620f48ae1b03929b7d6021a604296945 av-styling- avia_animated_image av-animated-when-visible-95 left-to-right avia-align-center  avia-builder-el-11  avia-builder-el-no-sibling '   itemprop=\"image\" itemscope=\"itemscope\" itemtype=\"https:\/\/schema.org\/ImageObject\" ><div class=\"avia-image-container-inner\"><div class=\"avia-image-overlay-wrap\"><img decoding=\"async\" fetchpriority=\"high\" class='wp-image-531 avia-img-lazy-loading-not-531 avia_image ' src=\"https:\/\/www.bbaa.uma.es\/master\/wp-content\/uploads\/2022\/08\/Mathias-Fuch-495x400.jpg\" alt='' title='Mathias Fuch'  height=\"400\" width=\"495\"  itemprop=\"thumbnailUrl\"  \/><\/div><\/div><\/div><\/div>\n<style type=\"text\/css\" data-created_by=\"avia_inline_auto\" id=\"style-css-av-q4286-f8521399999e21ef7753f3e4e4a31626\">\n.flex_column.av-q4286-f8521399999e21ef7753f3e4e4a31626{\nborder-width:1px;\nborder-style:solid;\nborder-radius:3px 3px 3px 3px;\npadding:15px 15px 10px 25px;\n}\n<\/style>\n<div  class='flex_column av-q4286-f8521399999e21ef7753f3e4e4a31626 av_two_third  avia-builder-el-12  el_after_av_one_third  avia-builder-el-last  flex_column_div av-animated-generic bottom-to-top  '     ><section  class='av_textblock_section av-29y92-0f2f41db479a8b7cfec337e1c4d8596e '   itemscope=\"itemscope\" itemtype=\"https:\/\/schema.org\/CreativeWork\" ><div class='avia_textblock'  itemprop=\"text\" ><p class=\"nombre-docentes-invitados\">Mathias Fuch<\/p>\n<\/div><\/section><br \/>\n<section  class='av_textblock_section av-g4x7q-eccbf22f99e47bab95af7695cacf7f8d '   itemscope=\"itemscope\" itemtype=\"https:\/\/schema.org\/CreativeWork\" ><div class='avia_textblock'  itemprop=\"text\" ><p><strong>Mathias Fuch<\/strong> es un artista, m\u00fasico y cr\u00edtico.<\/p>\n<p>Trabaja como profesor en el Instituto de Cultura y Est\u00e9tica de los Media en la universidad Leuphana en L\u00fcneburg (Alemania). Ha sido pionero en el campo del uso art\u00edstico de los juegos y es un desatacado te\u00f3rico en Game-Art y Game-studies.<\/p>\n<p>Es profesor en el Centro de Cultura Digital y dirige \u201cArt &amp; Civic Media\u201d con una investigaci\u00f3n centrada en las interfaces l\u00fadicas y la Gamificaci\u00f3n. Ha sido profesor invitado en la Universidad de Potsdam (Alemania), en la de Saldford (Reino Unido), en la Sibelius Academy de Helsinki (Finlandia), y las Universidades de Arte y Dise\u00f1o de Linz y en la de Artes aplicadas de Viena (Austria).<\/p>\n<\/div><\/section><\/p><\/div>\n\n<\/div><\/div><\/div><!-- close content main div --><\/div><\/div><div id='av_section_4'  class='avia-section av-11jxdy-f03d716402b0c5db3a2b7b70d8fad1db main_color avia-section-large avia-no-border-styling  avia-builder-el-15  el_after_av_section  el_before_av_section  avia-bg-style-scroll container_wrap sidebar_right'  ><div class='container av-section-cont-open' ><div class='template-page content  av-content-small alpha units'><div class='post-entry post-entry-type-page post-entry-526'><div class='entry-content-wrapper clearfix'>\n<div  class='flex_column av-uldbq-e7fa50ff7687ca5ce15261069c951ffe av_one_third  avia-builder-el-16  el_before_av_two_third  avia-builder-el-first  first flex_column_div av-animated-generic left-to-right  '     ><style type=\"text\/css\" data-created_by=\"avia_inline_auto\" id=\"style-css-av-l6w01pi8-84d884d66e92a72c54767e6ef558feef\">\n.avia-image-container.av-l6w01pi8-84d884d66e92a72c54767e6ef558feef img.avia_image{\nbox-shadow:none;\n}\n.avia-image-container.av-l6w01pi8-84d884d66e92a72c54767e6ef558feef .av-image-caption-overlay-center{\ncolor:#ffffff;\n}\n<\/style>\n<div  class='avia-image-container av-l6w01pi8-84d884d66e92a72c54767e6ef558feef av-styling- avia_animated_image av-animated-when-visible-95 left-to-right avia-align-center  avia-builder-el-17  avia-builder-el-no-sibling '   itemprop=\"image\" itemscope=\"itemscope\" itemtype=\"https:\/\/schema.org\/ImageObject\" ><div class=\"avia-image-container-inner\"><div class=\"avia-image-overlay-wrap\"><img decoding=\"async\" fetchpriority=\"high\" class='wp-image-534 avia-img-lazy-loading-not-534 avia_image ' src=\"https:\/\/www.bbaa.uma.es\/master\/wp-content\/uploads\/2022\/08\/Jordi-Claramonte-Arrufat-495x400.jpg\" alt='' title='Jordi Claramonte Arrufat'  height=\"400\" width=\"495\"  itemprop=\"thumbnailUrl\"  \/><\/div><\/div><\/div><\/div>\n<style type=\"text\/css\" data-created_by=\"avia_inline_auto\" id=\"style-css-av-tc3p2-fde60c63aec46f9aa6d00c1d68049213\">\n.flex_column.av-tc3p2-fde60c63aec46f9aa6d00c1d68049213{\nborder-width:1px;\nborder-style:solid;\nborder-radius:3px 3px 3px 3px;\npadding:15px 15px 10px 25px;\n}\n<\/style>\n<div  class='flex_column av-tc3p2-fde60c63aec46f9aa6d00c1d68049213 av_two_third  avia-builder-el-18  el_after_av_one_third  avia-builder-el-last  flex_column_div av-animated-generic bottom-to-top  '     ><section  class='av_textblock_section av-l6vzzxkv-524879edf331e7097985d2f424125bdb '   itemscope=\"itemscope\" itemtype=\"https:\/\/schema.org\/CreativeWork\" ><div class='avia_textblock'  itemprop=\"text\" ><p class=\"nombre-docentes-invitados\">Jordi Claramonte Arrufat<\/p>\n<\/div><\/section><br \/>\n<section  class='av_textblock_section av-l6vzzsvu-f67dc3ed75e48e044e9f29be8593def6 '   itemscope=\"itemscope\" itemtype=\"https:\/\/schema.org\/CreativeWork\" ><div class='avia_textblock'  itemprop=\"text\" ><p><strong>Jordi Claramonte Arrufat<\/strong> es doctor en Filosof\u00eda por la UNED, donde imparte Teor\u00edas Est\u00e9ticas Contempor\u00e1neas.<\/p>\n<p>Ha sido profesor invitado en el Massachusetts Institute of Technology (MIT), la Universidad de Yale y el Arts Institute de Chicago.<\/p>\n<p>Ha traducido textos de John Dewey, Luigi Pareyson, Michel de Certeau o Stewart Home, entre otros, y escrito art\u00edculos y libros que, como La Rep\u00fablica de los fines (2010), tratan de construir una noci\u00f3n de autonom\u00eda relevante tanto para las pr\u00e1cticas art\u00edsticas como para las pol\u00edticas m\u00e1s comprometidas.<\/p>\n<p><a href=\"http:\/\/jordiclaramonte.blogspot.com.es\/\" target=\"_blank\" rel=\"noopener\">http:\/\/jordiclaramonte.blogspot.com.es\/<\/a><\/p>\n<\/div><\/section><\/p><\/div>\n\n<\/div><\/div><\/div><!-- close content main div --><\/div><\/div><div id='av_section_5'  class='avia-section av-mjs66-b664d44ffe6918eb9bafcab133e66bec main_color avia-section-large avia-no-border-styling  avia-builder-el-21  el_after_av_section  el_before_av_section  avia-bg-style-scroll container_wrap sidebar_right'  ><div class='container av-section-cont-open' ><div class='template-page content  av-content-small alpha units'><div class='post-entry post-entry-type-page post-entry-526'><div class='entry-content-wrapper clearfix'>\n<div  class='flex_column av-hdafq-6386743a7fe084b0bd1d1f31291e8925 av_one_third  avia-builder-el-22  el_before_av_two_third  avia-builder-el-first  first flex_column_div av-animated-generic left-to-right  '     ><style type=\"text\/css\" data-created_by=\"avia_inline_auto\" id=\"style-css-av-l6w06g3n-eb2e9db077f715b8d0884efbb2a30130\">\n.avia-image-container.av-l6w06g3n-eb2e9db077f715b8d0884efbb2a30130 img.avia_image{\nbox-shadow:none;\n}\n.avia-image-container.av-l6w06g3n-eb2e9db077f715b8d0884efbb2a30130 .av-image-caption-overlay-center{\ncolor:#ffffff;\n}\n<\/style>\n<div  class='avia-image-container av-l6w06g3n-eb2e9db077f715b8d0884efbb2a30130 av-styling- avia_animated_image av-animated-when-visible-95 left-to-right avia-align-center  avia-builder-el-23  avia-builder-el-no-sibling '   itemprop=\"image\" itemscope=\"itemscope\" itemtype=\"https:\/\/schema.org\/ImageObject\" ><div class=\"avia-image-container-inner\"><div class=\"avia-image-overlay-wrap\"><img decoding=\"async\" fetchpriority=\"high\" class='wp-image-535 avia-img-lazy-loading-not-535 avia_image ' src=\"https:\/\/www.bbaa.uma.es\/master\/wp-content\/uploads\/2022\/08\/AIXA-PORTERO-495x400.jpg\" alt='' title='AIXA PORTERO'  height=\"400\" width=\"495\"  itemprop=\"thumbnailUrl\"  \/><\/div><\/div><\/div><\/div>\n<style type=\"text\/css\" data-created_by=\"avia_inline_auto\" id=\"style-css-av-bmiri-e101d4f89bd26fad474048b97c003133\">\n.flex_column.av-bmiri-e101d4f89bd26fad474048b97c003133{\nborder-width:1px;\nborder-style:solid;\nborder-radius:3px 3px 3px 3px;\npadding:15px 15px 10px 25px;\n}\n<\/style>\n<div  class='flex_column av-bmiri-e101d4f89bd26fad474048b97c003133 av_two_third  avia-builder-el-24  el_after_av_one_third  avia-builder-el-last  flex_column_div av-animated-generic bottom-to-top  '     ><section  class='av_textblock_section av-l6w05vwn-cc8a1c5da30075bee6a56a154c9068c1 '   itemscope=\"itemscope\" itemtype=\"https:\/\/schema.org\/CreativeWork\" ><div class='avia_textblock'  itemprop=\"text\" ><p class=\"nombre-docentes-invitados\">AIXA PORTERO<\/p>\n<\/div><\/section><br \/>\n<section  class='av_textblock_section av-l6w04obw-1631642a96d9dd38869101f1e82b0b24 '   itemscope=\"itemscope\" itemtype=\"https:\/\/schema.org\/CreativeWork\" ><div class='avia_textblock'  itemprop=\"text\" ><p>Profesora del \u00e1rea de escultura en la Facultad de Bellas Artes de Granada, facultad en la que comenz\u00f3 su formaci\u00f3n.<\/p>\n<p>Termin\u00f3 sus estudios de licenciatura en el Sint Lukas Hoger Instituut de Bruselas (B\u00e9lgica) y desarroll\u00f3 un inter\u00e9s por las nuevas tendencias en el arte y los nuevos medios. Realiz\u00f3 un Tercer Ciclo de Perfeccionamiento en Investigaci\u00f3n Pl\u00e1stica en L\u2019Ecole Sup\u00e9rieure d\u2019Art Visuel de Ginebra (Suiza), Programa de Postgrado de Piet Zwart Institute, Fine Art Programme de la Willem de Kooning Academy, Rotterdam (Holanda) y artista investigadora en New Media Art en la University of California de San Diego, en el Departamento de Visual Arts, (EEUU), en los que desarroll\u00f3 una buena parte de su investigaci\u00f3n doctoral. Ha expuesto en lugares como Bruselas, Ginebra, Rotterdam, San Diego, Los \u00c1ngeles, Par\u00eds o La Habana.<\/p>\n<p><a href=\"http:\/\/www.aixaportero.com\" target=\"_blank\" rel=\"noopener\">www.aixaportero.com<\/a><\/p>\n<\/div><\/section><\/p><\/div><\/div><\/div><\/div><!-- close content main div --><\/div><\/div><div id='av_section_6'  class='avia-section av-av_section-05206848b078a6f0d4e991b4f556c241 main_color avia-section-large avia-no-border-styling  avia-builder-el-27  el_after_av_section  el_before_av_section  avia-bg-style-scroll container_wrap sidebar_right'  ><div class='container av-section-cont-open' ><div class='template-page content  av-content-small alpha units'><div class='post-entry post-entry-type-page post-entry-526'><div class='entry-content-wrapper clearfix'>\n<div  class='flex_column av-av_one_third-ae633bc535ed9efd65de27bb635d8e85 av_one_third  avia-builder-el-28  el_before_av_two_third  avia-builder-el-first  first flex_column_div av-animated-generic left-to-right  '     ><style type=\"text\/css\" data-created_by=\"avia_inline_auto\" id=\"style-css-av-l6w0cqdd-ccdf23224345396106ea4ad9888b50ae\">\n.avia-image-container.av-l6w0cqdd-ccdf23224345396106ea4ad9888b50ae img.avia_image{\nbox-shadow:none;\n}\n.avia-image-container.av-l6w0cqdd-ccdf23224345396106ea4ad9888b50ae .av-image-caption-overlay-center{\ncolor:#ffffff;\n}\n<\/style>\n<div  class='avia-image-container av-l6w0cqdd-ccdf23224345396106ea4ad9888b50ae av-styling- avia_animated_image av-animated-when-visible-95 left-to-right avia-align-center  avia-builder-el-29  avia-builder-el-no-sibling '   itemprop=\"image\" itemscope=\"itemscope\" itemtype=\"https:\/\/schema.org\/ImageObject\" ><div class=\"avia-image-container-inner\"><div class=\"avia-image-overlay-wrap\"><img decoding=\"async\" fetchpriority=\"high\" class='wp-image-538 avia-img-lazy-loading-not-538 avia_image ' src=\"https:\/\/www.bbaa.uma.es\/master\/wp-content\/uploads\/2022\/08\/Pedro-G-Romero-495x400.jpg\" alt='' title='Pedro G Romero'  height=\"400\" width=\"495\"  itemprop=\"thumbnailUrl\"  \/><\/div><\/div><\/div><\/div>\n<style type=\"text\/css\" data-created_by=\"avia_inline_auto\" id=\"style-css-av-av_two_third-cd695ba0a85d702005f172ad79b08d28\">\n.flex_column.av-av_two_third-cd695ba0a85d702005f172ad79b08d28{\nborder-width:1px;\nborder-style:solid;\nborder-radius:3px 3px 3px 3px;\npadding:15px 15px 10px 25px;\n}\n<\/style>\n<div  class='flex_column av-av_two_third-cd695ba0a85d702005f172ad79b08d28 av_two_third  avia-builder-el-30  el_after_av_one_third  avia-builder-el-last  flex_column_div av-animated-generic bottom-to-top  '     ><section  class='av_textblock_section av-l6w0a3or-263812f8289ad97123c180a7d1d58cdc '   itemscope=\"itemscope\" itemtype=\"https:\/\/schema.org\/CreativeWork\" ><div class='avia_textblock'  itemprop=\"text\" ><p class=\"nombre-docentes-invitados\">Pedro G. Romero<\/p>\n<\/div><\/section><br \/>\n<section  class='av_textblock_section av-l6w09zl8-49dd2d1626cda885078c8a5b5bd3bfc3 '   itemscope=\"itemscope\" itemtype=\"https:\/\/schema.org\/CreativeWork\" ><div class='avia_textblock'  itemprop=\"text\" ><p><strong>Pedro G. Romero<\/strong> opera como artista desde 1985.<\/p>\n<p>Actualmente trabaja en dos grandes aparatos, el Archivo F.X. y la M\u00e1quina P.H. Participa en unia arteypensamiento y en la PRPC (Plataforma de Reflexi\u00f3n de Pol\u00edticas Culturales) en Sevilla. En 1999 public\u00f3 El trabajo dentro del proyecto Almadraba desarrollado en T\u00e1nger, Tarifa y Gibraltar. Curador del proyecto de rasgos \u00e1rabes en M\u00e9xico, Argentina, Chile, Brasil y El Salvador entre 2008 y 2010. Es comisario\/curador del proyecto Tratado de Paz para la Capital Cultural DSS2016. Es artista participante en Documenta14 Atenas\/Kassel.<\/p>\n<\/div><\/section><\/p><\/div><\/div><\/div><\/div><!-- close content main div --><\/div><\/div><div id='av_section_7'  class='avia-section av-aqzqe-9a98acf3d4bb537815851a25c62e0959 main_color avia-section-default avia-no-border-styling  avia-builder-el-33  el_after_av_section  avia-builder-el-last  avia-bg-style-scroll container_wrap sidebar_right'  ><div class='container av-section-cont-open' ><div class='template-page content  av-content-small alpha units'><div class='post-entry post-entry-type-page post-entry-526'><div class='entry-content-wrapper clearfix'><\/div><\/div><\/div><!-- close content main div --><\/div><\/div><div id='after_section_7'  class='main_color av_default_container_wrap container_wrap sidebar_right'  ><div class='container av-section-cont-open' ><div class='template-page content  av-content-small alpha units'><div class='post-entry post-entry-type-page post-entry-526'><div class='entry-content-wrapper clearfix'><\/p>\n","protected":false},"excerpt":{"rendered":"","protected":false},"author":3,"featured_media":0,"parent":96,"menu_order":0,"comment_status":"closed","ping_status":"closed","template":"","meta":{"footnotes":""},"class_list":["post-526","page","type-page","status-publish","hentry"],"_links":{"self":[{"href":"https:\/\/www.bbaa.uma.es\/master\/wp-json\/wp\/v2\/pages\/526","targetHints":{"allow":["GET"]}}],"collection":[{"href":"https:\/\/www.bbaa.uma.es\/master\/wp-json\/wp\/v2\/pages"}],"about":[{"href":"https:\/\/www.bbaa.uma.es\/master\/wp-json\/wp\/v2\/types\/page"}],"author":[{"embeddable":true,"href":"https:\/\/www.bbaa.uma.es\/master\/wp-json\/wp\/v2\/users\/3"}],"replies":[{"embeddable":true,"href":"https:\/\/www.bbaa.uma.es\/master\/wp-json\/wp\/v2\/comments?post=526"}],"version-history":[{"count":0,"href":"https:\/\/www.bbaa.uma.es\/master\/wp-json\/wp\/v2\/pages\/526\/revisions"}],"up":[{"embeddable":true,"href":"https:\/\/www.bbaa.uma.es\/master\/wp-json\/wp\/v2\/pages\/96"}],"wp:attachment":[{"href":"https:\/\/www.bbaa.uma.es\/master\/wp-json\/wp\/v2\/media?parent=526"}],"curies":[{"name":"wp","href":"https:\/\/api.w.org\/{rel}","templated":true}]}}