{"id":493,"date":"2022-08-16T08:33:15","date_gmt":"2022-08-16T08:33:15","guid":{"rendered":"http:\/\/web.testzone.ovh\/?page_id=493"},"modified":"2022-08-16T09:12:02","modified_gmt":"2022-08-16T09:12:02","slug":"docentes-invitados-2018-19","status":"publish","type":"page","link":"https:\/\/www.bbaa.uma.es\/master\/docentes-invitados\/docentes-invitados-2018-19\/","title":{"rendered":"Docentes Invitados 2018\/19"},"content":{"rendered":"\n<style type=\"text\/css\" data-created_by=\"avia_inline_auto\" id=\"style-css-av-73flh-feedbeb425c88e6cd2d124a86be2a2f4\">\n.avia-section.av-73flh-feedbeb425c88e6cd2d124a86be2a2f4 .av-parallax .av-parallax-inner{\nbackground-repeat:no-repeat;\nbackground-image:url(https:\/\/www.bbaa.uma.es\/master\/wp-content\/uploads\/2022\/08\/cabecera-full-1600x350-1.jpg);\nbackground-position:50% 0%;\nbackground-attachment:scroll;\n}\n.avia-section.av-73flh-feedbeb425c88e6cd2d124a86be2a2f4 .av-section-color-overlay{\nopacity:0.4;\nbackground-color:#eaeaea;\n}\n<\/style>\n<div id='av_section_1'  class='avia-section av-73flh-feedbeb425c88e6cd2d124a86be2a2f4 main_color avia-section-no-padding avia-no-border-styling  avia-builder-el-0  el_before_av_section  avia-builder-el-first  avia-full-contain av-parallax-section avia-bg-style-parallax av-section-color-overlay-active av-minimum-height av-minimum-height-custom av-height-custom  container_wrap sidebar_right'  data-section-bg-repeat='contain' data-av_minimum_height_px='220'><div class='av-parallax' data-avia-parallax-ratio='0.3' ><div class='av-parallax-inner main_color avia-full-contain'><\/div><\/div><div class=\"av-section-color-overlay-wrap\"><div class=\"av-section-color-overlay\"><\/div><div class='container av-section-cont-open' style='height:220px'><main  role=\"main\" itemprop=\"mainContentOfPage\"  class='template-page content  av-content-small alpha units'><div class='post-entry post-entry-type-page post-entry-493'><div class='entry-content-wrapper clearfix'>\n\n<style type=\"text\/css\" data-created_by=\"avia_inline_auto\" id=\"style-css-av-l6vy62to-22d57a037555006fa2acc002d7f0a5ee\">\n#top .av-special-heading.av-l6vy62to-22d57a037555006fa2acc002d7f0a5ee{\npadding-bottom:10px;\n}\nbody .av-special-heading.av-l6vy62to-22d57a037555006fa2acc002d7f0a5ee .av-special-heading-tag .heading-char{\nfont-size:25px;\n}\n.av-special-heading.av-l6vy62to-22d57a037555006fa2acc002d7f0a5ee .av-subheading{\nfont-size:15px;\n}\n<\/style>\n<div  class='av-special-heading av-l6vy62to-22d57a037555006fa2acc002d7f0a5ee av-special-heading-h2  avia-builder-el-1  avia-builder-el-no-sibling '><h2 class='av-special-heading-tag '  itemprop=\"headline\"  >Docentes Invitados 2018\/19<\/h2><div class=\"special-heading-border\"><div class=\"special-heading-inner-border\"><\/div><\/div><\/div>\n\n<\/div><\/div><\/main><!-- close content main element --><\/div><\/div><\/div><div id='av_section_2'  class='avia-section av-29dd65-6d236f2095313fb29e337387b6b64af2 main_color avia-section-large avia-no-border-styling  avia-builder-el-2  el_after_av_section  el_before_av_section  avia-bg-style-scroll container_wrap sidebar_right'  ><div class='container av-section-cont-open' ><div class='template-page content  av-content-small alpha units'><div class='post-entry post-entry-type-page post-entry-493'><div class='entry-content-wrapper clearfix'>\n\n<style type=\"text\/css\" data-created_by=\"avia_inline_auto\" id=\"style-css-av-7aqpp-98c8a31409a240eefc9f435053b9337b\">\n#top .hr.hr-invisible.av-7aqpp-98c8a31409a240eefc9f435053b9337b{\nheight:50px;\n}\n<\/style>\n<div  class='hr av-7aqpp-98c8a31409a240eefc9f435053b9337b hr-invisible  avia-builder-el-3  el_before_av_one_third  avia-builder-el-first '><span class='hr-inner '><span class=\"hr-inner-style\"><\/span><\/span><\/div>\n<div  class='flex_column av-1xnmat-90c0c7ffa2629af4f694bff6f32e20b5 av_one_third  avia-builder-el-4  el_after_av_hr  el_before_av_two_third  first flex_column_div av-animated-generic left-to-right  '     ><style type=\"text\/css\" data-created_by=\"avia_inline_auto\" id=\"style-css-av-1qr531-4f0ced85c570755242197a98510bbc46\">\n.avia-image-container.av-1qr531-4f0ced85c570755242197a98510bbc46 img.avia_image{\nbox-shadow:none;\n}\n.avia-image-container.av-1qr531-4f0ced85c570755242197a98510bbc46 .av-image-caption-overlay-center{\ncolor:#ffffff;\n}\n<\/style>\n<div  class='avia-image-container av-1qr531-4f0ced85c570755242197a98510bbc46 av-styling- avia-align-center  avia-builder-el-5  avia-builder-el-no-sibling '   itemprop=\"image\" itemscope=\"itemscope\" itemtype=\"https:\/\/schema.org\/ImageObject\" ><div class=\"avia-image-container-inner\"><div class=\"avia-image-overlay-wrap\"><img decoding=\"async\" fetchpriority=\"high\" class='wp-image-497 avia-img-lazy-loading-not-497 avia_image ' src=\"https:\/\/www.bbaa.uma.es\/master\/wp-content\/uploads\/2022\/08\/Pamen-Pereira.jpg\" alt='' title='Pamen Pereira'  height=\"213\" width=\"425\"  itemprop=\"thumbnailUrl\" srcset=\"https:\/\/www.bbaa.uma.es\/master\/wp-content\/uploads\/2022\/08\/Pamen-Pereira.jpg 425w, https:\/\/www.bbaa.uma.es\/master\/wp-content\/uploads\/2022\/08\/Pamen-Pereira-300x150.jpg 300w\" sizes=\"(max-width: 425px) 100vw, 425px\" \/><\/div><\/div><\/div><\/div>\n<style type=\"text\/css\" data-created_by=\"avia_inline_auto\" id=\"style-css-av-1jppml-159824c71908fb9a1978684c0a808138\">\n.flex_column.av-1jppml-159824c71908fb9a1978684c0a808138{\nborder-width:1px;\nborder-style:solid;\nborder-radius:3px 3px 3px 3px;\npadding:15px 15px 10px 25px;\n}\n<\/style>\n<div  class='flex_column av-1jppml-159824c71908fb9a1978684c0a808138 av_two_third  avia-builder-el-6  el_after_av_one_third  avia-builder-el-last  flex_column_div av-animated-generic bottom-to-top  '     ><section  class='av_textblock_section av-1f8kp9-48be17862b11aac2c70d00d565036b4e '   itemscope=\"itemscope\" itemtype=\"https:\/\/schema.org\/CreativeWork\" ><div class='avia_textblock'  itemprop=\"text\" ><p class=\"nombre-docentes-invitados\">Pamen Pereira<\/p>\n<\/div><\/section><br \/>\n<section  class='av_textblock_section av-16lpcd-f549b633311e9bc3766eeaacff44b8c1 '   itemscope=\"itemscope\" itemtype=\"https:\/\/schema.org\/CreativeWork\" ><div class='avia_textblock'  itemprop=\"text\" ><p><strong>Pamen Pereira<\/strong> (El Ferrol, A Coru\u00f1a, 1963) es una artista contempor\u00e1nea espa\u00f1ola.<\/p>\n<p>Su proceso de creaci\u00f3n, originado generalmente desde su experiencia vital, influida por su estancia en Jap\u00f3n, est\u00e1 vinculado a la naturaleza obteniendo de esta su iconograf\u00eda. Su trabajo se mueve entre las t\u00e9cnicas del dibujo, la pintura, la escultura, la instalaci\u00f3n, la fotograf\u00eda o el video o bien cualquier materia susceptible de transformaci\u00f3n.<\/p>\n<p>Ha expuesto numerosas galer\u00edas de Espa\u00f1a, Jap\u00f3n o Ir\u00e1n.<\/p>\n<p>Ha participado en bienales y ferias nacionales e internacionales como Arco Madrid, Art Chicago, Colonia, Nagoya en Jap\u00f3n o Basel en Suiza entre otras.<\/p>\n<p><a href=\"http:\/\/www.pamenpereira.com\/\">http:\/\/www.pamenpereira.com\/<\/a><\/p>\n<\/div><\/section><\/p><\/div>\n\n<\/div><\/div><\/div><!-- close content main div --><\/div><\/div><div id='av_section_3'  class='avia-section av-l6vvgqhh-b7546b5fe31a8e4eb236d4f09c34f00b main_color avia-section-large avia-no-border-styling  avia-builder-el-9  el_after_av_section  el_before_av_section  avia-bg-style-scroll container_wrap sidebar_right'  ><div class='container av-section-cont-open' ><div class='template-page content  av-content-small alpha units'><div class='post-entry post-entry-type-page post-entry-493'><div class='entry-content-wrapper clearfix'>\n<div  class='flex_column av-12ekr9-bf39b05f9a5d51465414d2a3803c627e av_one_third  avia-builder-el-10  el_before_av_two_third  avia-builder-el-first  first flex_column_div av-animated-generic left-to-right  '     ><style type=\"text\/css\" data-created_by=\"avia_inline_auto\" id=\"style-css-av-x7i6t-cdbe7404b86c622a695f0d059e8046bc\">\n.avia-image-container.av-x7i6t-cdbe7404b86c622a695f0d059e8046bc img.avia_image{\nbox-shadow:none;\n}\n.avia-image-container.av-x7i6t-cdbe7404b86c622a695f0d059e8046bc .av-image-caption-overlay-center{\ncolor:#ffffff;\n}\n<\/style>\n<div  class='avia-image-container av-x7i6t-cdbe7404b86c622a695f0d059e8046bc av-styling- avia_animated_image av-animated-when-visible-95 left-to-right avia-align-center  avia-builder-el-11  avia-builder-el-no-sibling '   itemprop=\"image\" itemscope=\"itemscope\" itemtype=\"https:\/\/schema.org\/ImageObject\" ><div class=\"avia-image-container-inner\"><div class=\"avia-image-overlay-wrap\"><img decoding=\"async\" fetchpriority=\"high\" class='wp-image-499 avia-img-lazy-loading-not-499 avia_image ' src=\"https:\/\/www.bbaa.uma.es\/master\/wp-content\/uploads\/2022\/08\/LIBIA-CASTRO-Y-O\u0301LAFUR-O\u0301LAFSSON.jpg\" alt='' title='LIBIA CASTRO Y O\u0301LAFUR O\u0301LAFSSON'  height=\"313\" width=\"425\"  itemprop=\"thumbnailUrl\" srcset=\"https:\/\/www.bbaa.uma.es\/master\/wp-content\/uploads\/2022\/08\/LIBIA-CASTRO-Y-O\u0301LAFUR-O\u0301LAFSSON.jpg 425w, https:\/\/www.bbaa.uma.es\/master\/wp-content\/uploads\/2022\/08\/LIBIA-CASTRO-Y-O\u0301LAFUR-O\u0301LAFSSON-300x221.jpg 300w\" sizes=\"(max-width: 425px) 100vw, 425px\" \/><\/div><\/div><\/div><\/div>\n<style type=\"text\/css\" data-created_by=\"avia_inline_auto\" id=\"style-css-av-rmad1-d825bbaa192c5174580dc92390532bf6\">\n.flex_column.av-rmad1-d825bbaa192c5174580dc92390532bf6{\nborder-width:1px;\nborder-style:solid;\nborder-radius:3px 3px 3px 3px;\npadding:15px 15px 10px 25px;\n}\n<\/style>\n<div  class='flex_column av-rmad1-d825bbaa192c5174580dc92390532bf6 av_two_third  avia-builder-el-12  el_after_av_one_third  avia-builder-el-last  flex_column_div av-animated-generic bottom-to-top  '     ><section  class='av_textblock_section av-lecmt-d171d13e9a7d905b93316304f18c578f '   itemscope=\"itemscope\" itemtype=\"https:\/\/schema.org\/CreativeWork\" ><div class='avia_textblock'  itemprop=\"text\" ><p class=\"nombre-docentes-invitados\">LIBIA CASTRO Y \u00d3LAFUR \u00d3LAFSSON<\/p>\n<\/div><\/section><br \/>\n<section  class='av_textblock_section av-fv3sl-127caf2a68c89f2b58ad873dab658e4b '   itemscope=\"itemscope\" itemtype=\"https:\/\/schema.org\/CreativeWork\" ><div class='avia_textblock'  itemprop=\"text\" ><p><strong>Libia Castro<\/strong> (Madrid, 1970) y <strong>\u00d3lafur Olafsson<\/strong> (Reykjavik, 1973), son dos artistas que trabajan en colaboraci\u00f3n desde 1997, establecidos entre Rotterdam y Berl\u00edn. Su pr\u00e1ctica art\u00edstica abarca una gran variedad de medios, g\u00e9neros y disciplinas, desde la historia pol\u00edtica hasta estudios de g\u00e9nero y sociolog\u00eda.<\/p>\n<p>Han expuesto en diversos eventos internacionales, entre otros: ENT Rotterdam, Liverpool Biennial, 19\u00aa Sydney Biennale, Centre for Contemporary Arts de Glasgow, o en la 54th Bienal de Venecia.<\/p>\n<p><a href=\"http:\/\/www.libia-olafur.com\/\">http:\/\/www.libia-olafur.com\/<\/a><\/p>\n<\/div><\/section><\/p><\/div>\n\n<\/div><\/div><\/div><!-- close content main div --><\/div><\/div><div id='av_section_4'  class='avia-section av-15l3fx-89f07961b1fadb5ea6d677972913498e main_color avia-section-large avia-no-border-styling  avia-builder-el-15  el_after_av_section  el_before_av_section  avia-bg-style-scroll container_wrap sidebar_right'  ><div class='container av-section-cont-open' ><div class='template-page content  av-content-small alpha units'><div class='post-entry post-entry-type-page post-entry-493'><div class='entry-content-wrapper clearfix'>\n<div  class='flex_column av-vwuel-a918f630295f03dca9e11df7e873231c av_one_third  avia-builder-el-16  el_before_av_two_third  avia-builder-el-first  first flex_column_div av-animated-generic left-to-right  '     ><style type=\"text\/css\" data-created_by=\"avia_inline_auto\" id=\"style-css-av-ruxbh-857756a36843377188f8c88fb7c49b37\">\n.avia-image-container.av-ruxbh-857756a36843377188f8c88fb7c49b37 img.avia_image{\nbox-shadow:none;\n}\n.avia-image-container.av-ruxbh-857756a36843377188f8c88fb7c49b37 .av-image-caption-overlay-center{\ncolor:#ffffff;\n}\n<\/style>\n<div  class='avia-image-container av-ruxbh-857756a36843377188f8c88fb7c49b37 av-styling- avia_animated_image av-animated-when-visible-95 left-to-right avia-align-center  avia-builder-el-17  avia-builder-el-no-sibling '   itemprop=\"image\" itemscope=\"itemscope\" itemtype=\"https:\/\/schema.org\/ImageObject\" ><div class=\"avia-image-container-inner\"><div class=\"avia-image-overlay-wrap\"><img decoding=\"async\" fetchpriority=\"high\" class='wp-image-432 avia-img-lazy-loading-not-432 avia_image ' src=\"https:\/\/www.bbaa.uma.es\/master\/wp-content\/uploads\/2022\/08\/Chema-Cobos.jpg\" alt='' title='Chema Cobo'  height=\"241\" width=\"406\"  itemprop=\"thumbnailUrl\" srcset=\"https:\/\/www.bbaa.uma.es\/master\/wp-content\/uploads\/2022\/08\/Chema-Cobos.jpg 406w, https:\/\/www.bbaa.uma.es\/master\/wp-content\/uploads\/2022\/08\/Chema-Cobos-300x178.jpg 300w\" sizes=\"(max-width: 406px) 100vw, 406px\" \/><\/div><\/div><\/div><\/div>\n<style type=\"text\/css\" data-created_by=\"avia_inline_auto\" id=\"style-css-av-mgjmt-f1cfcbac94d09a2063092c7580ca1c62\">\n.flex_column.av-mgjmt-f1cfcbac94d09a2063092c7580ca1c62{\nborder-width:1px;\nborder-style:solid;\nborder-radius:3px 3px 3px 3px;\npadding:15px 15px 10px 25px;\n}\n<\/style>\n<div  class='flex_column av-mgjmt-f1cfcbac94d09a2063092c7580ca1c62 av_two_third  avia-builder-el-18  el_after_av_one_third  avia-builder-el-last  flex_column_div av-animated-generic bottom-to-top  '     ><section  class='av_textblock_section av-hgp3h-5c6f40f4202d55bfa18cb33690685b0d '   itemscope=\"itemscope\" itemtype=\"https:\/\/schema.org\/CreativeWork\" ><div class='avia_textblock'  itemprop=\"text\" ><p class=\"nombre-docentes-invitados\">CHEMA COBO<\/p>\n<\/div><\/section><br \/>\n<section  class='av_textblock_section av-9pb85-15b3d9e753d493f579e973ca58d4e06b '   itemscope=\"itemscope\" itemtype=\"https:\/\/schema.org\/CreativeWork\" ><div class='avia_textblock'  itemprop=\"text\" ><p>Artista espa\u00f1ol (Tarifa, C\u00e1diz, 1952) fundamental en el arte contempor\u00e1neo espa\u00f1ol e internacional.<\/p>\n<p>Amplia y larga trayectoria con gran impacto en la sociedad pues su obra se encuentra catalogada y presente en numerosas colecciones tanto privadas como institucionales como pueden ser museos y centros de arte como The Metropolitan Museum of Art de New York, el Museum of Modern Art de New York o el Museum of Contemporary Art de Chicago; y en Espa\u00f1a en el Museo nacional de Arte contemporaneo Reina Sofia, la Fundacion Caja Madrid, la Fundaci\u00f3n Caixa de Pensions de Barcelona o la Colecci\u00f3n Fundaci\u00f3n Coca-Cola Juan Manuel S\u00e1inz de Vicu\u00f1a.<\/p>\n<p>Unas de sus \u00faltimas exposiciones han sido:<\/p>\n<p>\u201cJoking Holes: Un pintor en la di\u00e1spora (1975 \u2013 2015)\u201d, amplia retrospectiva de su obra.<\/p>\n<p>Y \u201cUtopian bubble\u201d, individual en la galer\u00eda malague\u00f1a JM en 2016.<\/p>\n<p><a href=\"http:\/\/chemacobo.blogspot.com\/\">http:\/\/chemacobo.blogspot.com<\/a><\/p>\n<\/div><\/section><\/p><\/div>\n\n<\/div><\/div><\/div><!-- close content main div --><\/div><\/div><div id='av_section_5'  class='avia-section av-14vhdh-491459231dd140de7dc0a85fb43e20ae main_color avia-section-large avia-no-border-styling  avia-builder-el-21  el_after_av_section  el_before_av_section  avia-bg-style-scroll container_wrap sidebar_right'  ><div class='container av-section-cont-open' ><div class='template-page content  av-content-small alpha units'><div class='post-entry post-entry-type-page post-entry-493'><div class='entry-content-wrapper clearfix'>\n<div  class='flex_column av-uol1h-5d7c1f4b5b96aa51ed3a000a9527db04 av_one_third  avia-builder-el-22  el_before_av_two_third  avia-builder-el-first  first flex_column_div av-animated-generic left-to-right  '     ><style type=\"text\/css\" data-created_by=\"avia_inline_auto\" id=\"style-css-av-l6vxer0i-4f9598fe26f473f8b2f77249828c31f2\">\n.avia-image-container.av-l6vxer0i-4f9598fe26f473f8b2f77249828c31f2 img.avia_image{\nbox-shadow:none;\n}\n.avia-image-container.av-l6vxer0i-4f9598fe26f473f8b2f77249828c31f2 .av-image-caption-overlay-center{\ncolor:#ffffff;\n}\n<\/style>\n<div  class='avia-image-container av-l6vxer0i-4f9598fe26f473f8b2f77249828c31f2 av-styling- avia_animated_image av-animated-when-visible-95 left-to-right avia-align-center  avia-builder-el-23  avia-builder-el-no-sibling '   itemprop=\"image\" itemscope=\"itemscope\" itemtype=\"https:\/\/schema.org\/ImageObject\" ><div class=\"avia-image-container-inner\"><div class=\"avia-image-overlay-wrap\"><img decoding=\"async\" fetchpriority=\"high\" class='wp-image-501 avia-img-lazy-loading-not-501 avia_image ' src=\"https:\/\/www.bbaa.uma.es\/master\/wp-content\/uploads\/2022\/08\/pilar-albarracin.jpg\" alt='' title='pilar-albarracin'  height=\"319\" width=\"425\"  itemprop=\"thumbnailUrl\" srcset=\"https:\/\/www.bbaa.uma.es\/master\/wp-content\/uploads\/2022\/08\/pilar-albarracin.jpg 425w, https:\/\/www.bbaa.uma.es\/master\/wp-content\/uploads\/2022\/08\/pilar-albarracin-300x225.jpg 300w\" sizes=\"(max-width: 425px) 100vw, 425px\" \/><\/div><\/div><\/div><\/div>\n<style type=\"text\/css\" data-created_by=\"avia_inline_auto\" id=\"style-css-av-p0te5-1fb5c2a66092a5b72e8ad0292c520750\">\n.flex_column.av-p0te5-1fb5c2a66092a5b72e8ad0292c520750{\nborder-width:1px;\nborder-style:solid;\nborder-radius:3px 3px 3px 3px;\npadding:15px 15px 10px 25px;\n}\n<\/style>\n<div  class='flex_column av-p0te5-1fb5c2a66092a5b72e8ad0292c520750 av_two_third  avia-builder-el-24  el_after_av_one_third  avia-builder-el-last  flex_column_div av-animated-generic bottom-to-top  '     ><section  class='av_textblock_section av-l6vxegdb-6a0a8ff2c42f53192e3691d23b26326d '   itemscope=\"itemscope\" itemtype=\"https:\/\/schema.org\/CreativeWork\" ><div class='avia_textblock'  itemprop=\"text\" ><p class=\"nombre-docentes-invitados\">Pilar Albarrac\u00edn<\/p>\n<\/div><\/section><br \/>\n<section  class='av_textblock_section av-l6vxe9f9-9d8a4cb6293a3514efff845dbab5c17d '   itemscope=\"itemscope\" itemtype=\"https:\/\/schema.org\/CreativeWork\" ><div class='avia_textblock'  itemprop=\"text\" ><p><strong>Pilar Albarrac\u00edn<\/strong> (Aracena, 1968), artista especialmente conocida por sus performances sobre el t\u00f3pico de lo andaluz y cuestiones de g\u00e9nero.<\/p>\n<p>Los formatos que esta artista utiliza son muy variados, desde la fotograf\u00eda, a la performance, pasando por las instalaciones, dibujo y hasta bordados.<\/p>\n<p>Ha participado en gran n\u00famero de exposiciones en Espa\u00f1a y el extranjero. su obra se ha exhibido en lugares como el Macedonian Museum of Contemporary Art en Tesal\u00f3nica (Grecia), el Contemporary Arts Center de Nueva York, el Centre National d\u2019Art et du Paysage de Vassivi\u00e8re o el Modern Sanat Muzesi de Estambul, entre muchos otros.<\/p>\n<p><a href=\"http:\/\/www.pilaralbarracin.com\/\">http:\/\/www.pilaralbarracin.com\/<\/a><\/p>\n<\/div><\/section><\/p><\/div>\n\n<\/div><\/div><\/div><!-- close content main div --><\/div><\/div><div id='av_section_6'  class='avia-section av-ijzg5-d4fd37dece4fc71f53c55777ff102f9b main_color avia-section-large avia-no-border-styling  avia-builder-el-27  el_after_av_section  el_before_av_section  avia-bg-style-scroll container_wrap sidebar_right'  ><div class='container av-section-cont-open' ><div class='template-page content  av-content-small alpha units'><div class='post-entry post-entry-type-page post-entry-493'><div class='entry-content-wrapper clearfix'>\n<div  class='flex_column av-1enol-cbd280678bd2354c55a1615d17ef00c4 av_one_third  avia-builder-el-28  el_before_av_two_third  avia-builder-el-first  first flex_column_div av-animated-generic left-to-right  '     ><style type=\"text\/css\" data-created_by=\"avia_inline_auto\" id=\"style-css-av-l6vxggks-76caa400a0c0b06df7a41bd95a97b1f4\">\n.avia-image-container.av-l6vxggks-76caa400a0c0b06df7a41bd95a97b1f4 img.avia_image{\nbox-shadow:none;\n}\n.avia-image-container.av-l6vxggks-76caa400a0c0b06df7a41bd95a97b1f4 .av-image-caption-overlay-center{\ncolor:#ffffff;\n}\n<\/style>\n<div  class='avia-image-container av-l6vxggks-76caa400a0c0b06df7a41bd95a97b1f4 av-styling- avia_animated_image av-animated-when-visible-95 left-to-right avia-align-center  avia-builder-el-29  avia-builder-el-no-sibling '   itemprop=\"image\" itemscope=\"itemscope\" itemtype=\"https:\/\/schema.org\/ImageObject\" ><div class=\"avia-image-container-inner\"><div class=\"avia-image-overlay-wrap\"><img decoding=\"async\" fetchpriority=\"high\" class='wp-image-502 avia-img-lazy-loading-not-502 avia_image ' src=\"https:\/\/www.bbaa.uma.es\/master\/wp-content\/uploads\/2022\/08\/Miguel-Morey.jpg\" alt='' title='Miguel Morey'  height=\"240\" width=\"425\"  itemprop=\"thumbnailUrl\" srcset=\"https:\/\/www.bbaa.uma.es\/master\/wp-content\/uploads\/2022\/08\/Miguel-Morey.jpg 425w, https:\/\/www.bbaa.uma.es\/master\/wp-content\/uploads\/2022\/08\/Miguel-Morey-300x169.jpg 300w\" sizes=\"(max-width: 425px) 100vw, 425px\" \/><\/div><\/div><\/div><\/div>\n<style type=\"text\/css\" data-created_by=\"avia_inline_auto\" id=\"style-css-av-7tmhx-dc9c6abe3a192633389edb2dd19d5932\">\n.flex_column.av-7tmhx-dc9c6abe3a192633389edb2dd19d5932{\nborder-width:1px;\nborder-style:solid;\nborder-radius:3px 3px 3px 3px;\npadding:15px 15px 10px 25px;\n}\n<\/style>\n<div  class='flex_column av-7tmhx-dc9c6abe3a192633389edb2dd19d5932 av_two_third  avia-builder-el-30  el_after_av_one_third  avia-builder-el-last  flex_column_div av-animated-generic bottom-to-top  '     ><section  class='av_textblock_section av-l6vxg6of-835409efbcc4e4154dbe98f028320a8f '   itemscope=\"itemscope\" itemtype=\"https:\/\/schema.org\/CreativeWork\" ><div class='avia_textblock'  itemprop=\"text\" ><p class=\"nombre-docentes-invitados\">Miguel Morey Farr\u00e9<\/p>\n<\/div><\/section><br \/>\n<section  class='av_textblock_section av-l6vxg2k2-6c1453b20ec680fc5660e3029a358a6d '   itemscope=\"itemscope\" itemtype=\"https:\/\/schema.org\/CreativeWork\" ><div class='avia_textblock'  itemprop=\"text\" ><p>Miguel Morey Farr\u00e9 (1950, Barcelona, Espa\u00f1a) es Catedr\u00e1tico Em\u00e9rito de Filosof\u00eda de la Universidad de Barcelona. Especializado en la filosof\u00eda francesa contempor\u00e1nea de corte nietzscheano.<\/p>\n<p>Ha sido profesor invitado en diferentes universidades, como Amherst (Massachusetts), Buenos Aires, Columbus (Ohio), La Habana, Lisboa, Madison (Wisconsin), Managua, M\u00e9xico DF, Mil\u00e1n, M\u00fanich, Neuqu\u00e9n (Patagonia), Northampton (Massachusetts), Oaxaca, Par\u00eds, Parma, Roma, Tampa (Florida), Tegucigalpa, Valpara\u00edso\/Santiago de Chile, Venecia, Viena, Villahermosa (Tabasco) entre otros.<\/p>\n<p>Ha traducido al castellano diferentes obras de los fil\u00f3sofos franceses Michel Foucault y Gilles Deleuze y algunos libros del fil\u00f3sofo Giorgio Colli.<\/p>\n<p>Libros destacados:<\/p>\n<ul>\n<li>Los presocr\u00e1ticos: del mito al logos. Barcelona: Montesinos, 1981.<\/li>\n<li>Lectura de Foucault. Madrid: Taurus, l983.<\/li>\n<li>El hombre como argumento. Barcelona: Anthropos, Barcelona l987.<\/li>\n<li>Camino de Santiago. Madrid: F. C.E., l987. El orden de los acontecimientos.<\/li>\n<li>Sobre el saber narrativo. Barcelona:Pen\u00ednsula, 1988.<\/li>\n<li>PsiqueM\u00e1quinas. Barcelona: Montesinos, 1990.<\/li>\n<li>Nietzsche, una biograf\u00eda. Barcelona: Archipi\u00e9lago, 1993.<\/li>\n<li>Deseo de ser piel roja (Premio Anagrama 1994).<\/li>\n<li>Robert Wilson (en colaboraci\u00f3n con Carmen Pardo Salgado). Barcelona: Pol\u00edgrafa, 2003.<\/li>\n<li>Peque\u00f1as doctrinas de la soledad. M\u00e9xico\/Madrid: Sexto Piso, 2007.<\/li>\n<li>Hotel Finisterre (precedido por Camino de Santiago). Barcelona: Galaxia Gutenberg, 2011.<\/li>\n<\/ul>\n<\/div><\/section><\/p><\/div>\n\n<\/div><\/div><\/div><!-- close content main div --><\/div><\/div><div id='av_section_7'  class='avia-section av-alwu5-0db725b43e1943b60350bc4bfdff4af9 main_color avia-section-default avia-no-border-styling  avia-builder-el-33  el_after_av_section  avia-builder-el-last  avia-bg-style-scroll container_wrap sidebar_right'  ><div class='container av-section-cont-open' ><div class='template-page content  av-content-small alpha units'><div class='post-entry post-entry-type-page post-entry-493'><div class='entry-content-wrapper clearfix'><\/div><\/div><\/div><!-- close content main div --><\/div><\/div><div id='after_section_7'  class='main_color av_default_container_wrap container_wrap sidebar_right'  ><div class='container av-section-cont-open' ><div class='template-page content  av-content-small alpha units'><div class='post-entry post-entry-type-page post-entry-493'><div class='entry-content-wrapper clearfix'>\n","protected":false},"excerpt":{"rendered":"","protected":false},"author":3,"featured_media":0,"parent":96,"menu_order":0,"comment_status":"closed","ping_status":"closed","template":"","meta":{"footnotes":""},"class_list":["post-493","page","type-page","status-publish","hentry"],"_links":{"self":[{"href":"https:\/\/www.bbaa.uma.es\/master\/wp-json\/wp\/v2\/pages\/493","targetHints":{"allow":["GET"]}}],"collection":[{"href":"https:\/\/www.bbaa.uma.es\/master\/wp-json\/wp\/v2\/pages"}],"about":[{"href":"https:\/\/www.bbaa.uma.es\/master\/wp-json\/wp\/v2\/types\/page"}],"author":[{"embeddable":true,"href":"https:\/\/www.bbaa.uma.es\/master\/wp-json\/wp\/v2\/users\/3"}],"replies":[{"embeddable":true,"href":"https:\/\/www.bbaa.uma.es\/master\/wp-json\/wp\/v2\/comments?post=493"}],"version-history":[{"count":0,"href":"https:\/\/www.bbaa.uma.es\/master\/wp-json\/wp\/v2\/pages\/493\/revisions"}],"up":[{"embeddable":true,"href":"https:\/\/www.bbaa.uma.es\/master\/wp-json\/wp\/v2\/pages\/96"}],"wp:attachment":[{"href":"https:\/\/www.bbaa.uma.es\/master\/wp-json\/wp\/v2\/media?parent=493"}],"curies":[{"name":"wp","href":"https:\/\/api.w.org\/{rel}","templated":true}]}}