{"id":30,"date":"2022-07-07T10:34:56","date_gmt":"2022-07-07T10:34:56","guid":{"rendered":"https:\/\/www.bbaa.uma.es\/master\/?page_id=30"},"modified":"2023-10-24T10:15:10","modified_gmt":"2023-10-24T10:15:10","slug":"ayuda-arp","status":"publish","type":"page","link":"https:\/\/www.bbaa.uma.es\/master\/ayuda-arp\/","title":{"rendered":"Ayuda ARP"},"content":{"rendered":"\n<style type=\"text\/css\" data-created_by=\"avia_inline_auto\" id=\"style-css-av-40uq-de3a863816cd850099107719ce896380\">\n.avia-section.av-40uq-de3a863816cd850099107719ce896380 .av-parallax .av-parallax-inner{\nbackground-repeat:no-repeat;\nbackground-image:url(https:\/\/www.bbaa.uma.es\/master\/wp-content\/uploads\/2022\/08\/cabecera-full-1600x350-1.jpg);\nbackground-position:50% 0%;\nbackground-attachment:scroll;\n}\n.avia-section.av-40uq-de3a863816cd850099107719ce896380 .av-section-color-overlay{\nopacity:0.4;\nbackground-color:#eaeaea;\n}\n<\/style>\n<div id='av_section_1'  class='avia-section av-40uq-de3a863816cd850099107719ce896380 main_color avia-section-no-padding avia-no-border-styling  avia-builder-el-0  el_before_av_section  avia-builder-el-first  avia-full-contain av-parallax-section avia-bg-style-parallax av-section-color-overlay-active av-minimum-height av-minimum-height-custom av-height-custom  container_wrap sidebar_right'  data-section-bg-repeat='contain' data-av_minimum_height_px='220'><div class='av-parallax' data-avia-parallax-ratio='0.3' ><div class='av-parallax-inner main_color avia-full-contain'><\/div><\/div><div class=\"av-section-color-overlay-wrap\"><div class=\"av-section-color-overlay\"><\/div><div class='container av-section-cont-open' style='height:220px'><main  role=\"main\" itemprop=\"mainContentOfPage\"  class='template-page content  av-content-small alpha units'><div class='post-entry post-entry-type-page post-entry-30'><div class='entry-content-wrapper clearfix'>\n\n<style type=\"text\/css\" data-created_by=\"avia_inline_auto\" id=\"style-css-av-l6wfti91-5c8a508118d640ef78c3bdee9c78a87a\">\n#top .av-special-heading.av-l6wfti91-5c8a508118d640ef78c3bdee9c78a87a{\npadding-bottom:10px;\n}\nbody .av-special-heading.av-l6wfti91-5c8a508118d640ef78c3bdee9c78a87a .av-special-heading-tag .heading-char{\nfont-size:25px;\n}\n.av-special-heading.av-l6wfti91-5c8a508118d640ef78c3bdee9c78a87a .av-subheading{\nfont-size:15px;\n}\n<\/style>\n<div  class='av-special-heading av-l6wfti91-5c8a508118d640ef78c3bdee9c78a87a av-special-heading-h2  avia-builder-el-1  avia-builder-el-no-sibling '><h2 class='av-special-heading-tag '  itemprop=\"headline\"  >Ayuda ARP<\/h2><div class=\"special-heading-border\"><div class=\"special-heading-inner-border\"><\/div><\/div><\/div>\n\n<\/div><\/div><\/main><!-- close content main element --><\/div><\/div><\/div><div id='av_section_2'  class='avia-section av-6wm3m-c26bd3993c493f81ec120d20a57f38f4 main_color avia-section-large avia-no-border-styling  avia-builder-el-2  el_after_av_section  el_before_av_section  avia-bg-style-scroll container_wrap sidebar_right'  ><div class='container av-section-cont-open' ><div class='template-page content  av-content-small alpha units'><div class='post-entry post-entry-type-page post-entry-30'><div class='entry-content-wrapper clearfix'>\n\n<style type=\"text\/css\" data-created_by=\"avia_inline_auto\" id=\"style-css-av-61qoi-a9d3edf6eac35682a0b03463b1fc27fd\">\n#top .hr.hr-invisible.av-61qoi-a9d3edf6eac35682a0b03463b1fc27fd{\nheight:50px;\n}\n<\/style>\n<div  class='hr av-61qoi-a9d3edf6eac35682a0b03463b1fc27fd hr-invisible  avia-builder-el-3  el_before_av_one_full  avia-builder-el-first '><span class='hr-inner '><span class=\"hr-inner-style\"><\/span><\/span><\/div>\n<div  class='flex_column av-kq8q-a2dc4bd10bea8a9aefaa3e98032869bf av_one_full  avia-builder-el-4  el_after_av_hr  el_before_av_one_full  first flex_column_div av-animated-generic bottom-to-top  '     ><style type=\"text\/css\" data-created_by=\"avia_inline_auto\" id=\"style-css-av-53tje-ad00839fbb9e4c5442eecba3f9ddd268\">\n.avia-image-container.av-53tje-ad00839fbb9e4c5442eecba3f9ddd268 img.avia_image{\nbox-shadow:none;\n}\n.avia-image-container.av-53tje-ad00839fbb9e4c5442eecba3f9ddd268 .av-image-caption-overlay-center{\ncolor:#ffffff;\n}\n<\/style>\n<div  class='avia-image-container av-53tje-ad00839fbb9e4c5442eecba3f9ddd268 av-styling- avia-align-center  avia-builder-el-5  avia-builder-el-no-sibling '   itemprop=\"image\" itemscope=\"itemscope\" itemtype=\"https:\/\/schema.org\/ImageObject\" ><div class=\"avia-image-container-inner\"><div class=\"avia-image-overlay-wrap\"><img decoding=\"async\" fetchpriority=\"high\" class='wp-image-1100 avia-img-lazy-loading-not-1100 avia_image ' src=\"https:\/\/www.bbaa.uma.es\/master\/wp-content\/uploads\/2023\/10\/Ayuda-ARP-11-2023-24.jpg\" alt='' title='Ayuda ARP 11 - 2023-24'  height=\"452\" width=\"1600\"  itemprop=\"thumbnailUrl\" srcset=\"https:\/\/www.bbaa.uma.es\/master\/wp-content\/uploads\/2023\/10\/Ayuda-ARP-11-2023-24.jpg 1600w, https:\/\/www.bbaa.uma.es\/master\/wp-content\/uploads\/2023\/10\/Ayuda-ARP-11-2023-24-300x85.jpg 300w, https:\/\/www.bbaa.uma.es\/master\/wp-content\/uploads\/2023\/10\/Ayuda-ARP-11-2023-24-1024x289.jpg 1024w, https:\/\/www.bbaa.uma.es\/master\/wp-content\/uploads\/2023\/10\/Ayuda-ARP-11-2023-24-768x217.jpg 768w, https:\/\/www.bbaa.uma.es\/master\/wp-content\/uploads\/2023\/10\/Ayuda-ARP-11-2023-24-1536x434.jpg 1536w, https:\/\/www.bbaa.uma.es\/master\/wp-content\/uploads\/2023\/10\/Ayuda-ARP-11-2023-24-1500x424.jpg 1500w, https:\/\/www.bbaa.uma.es\/master\/wp-content\/uploads\/2023\/10\/Ayuda-ARP-11-2023-24-705x199.jpg 705w\" sizes=\"(max-width: 1600px) 100vw, 1600px\" \/><\/div><\/div><\/div><\/div><div  class='flex_column av-4eu5m-2e3ccdf6c1b9a53a7ca6f7c021e643c1 av_one_full  avia-builder-el-6  el_after_av_one_full  el_before_av_one_fourth  first flex_column_div av-animated-generic bottom-to-top  column-top-margin'     ><p>\n<style type=\"text\/css\" data-created_by=\"avia_inline_auto\" id=\"style-css-av-41uby-fa08f15fa8019a88b29911f63620bdf0\">\n#top .hr.hr-invisible.av-41uby-fa08f15fa8019a88b29911f63620bdf0{\nheight:50px;\n}\n<\/style>\n<div  class='hr av-41uby-fa08f15fa8019a88b29911f63620bdf0 hr-invisible  avia-builder-el-7  el_before_av_textblock  avia-builder-el-first '><span class='hr-inner '><span class=\"hr-inner-style\"><\/span><\/span><\/div><br \/>\n<section  class='av_textblock_section av-3647a-d504f2f09ef5a02b1ae5dd0ceab6f46b '   itemscope=\"itemscope\" itemtype=\"https:\/\/schema.org\/CreativeWork\" ><div class='avia_textblock'  itemprop=\"text\" ><section class=\"av_textblock_section av-csp18f-2d53ef89c14847111d65ba3496403153\">\n<div class=\"avia_textblock\">\n<h4>Resoluci\u00f3n de 20 de octubre de 2023, del Vicerrectorado de Innovaci\u00f3n Social y Emprendimiento de la Universidad de M\u00e1laga por la que se convocan cuatro Ayudas de Artista Residente para la Facultad de Bellas Artes de la Universidad de M\u00e1laga para el curso acad\u00e9mico 2023-2024.<\/h4>\n<\/div>\n<\/section>\n<section class=\"av_textblock_section av-9b6fhb-b96c8f38a67343fdead176cd5128e087\">\n<div class=\"avia_textblock\">\n<div class=\"page\" title=\"Page 1\">\n<div class=\"layoutArea\">\n<div class=\"column\">\n<p class=\"p1\">El equipo decanal de la Facultad de Bellas Artes y el Vicerrectorado de Innovaci\u00f3n Social y Emprendimiento de la Universidad de M\u00e1laga trabajan con gran inter\u00e9s en la b\u00fasqueda de f\u00f3rmulas que incentiven y den respuesta a la incorporaci\u00f3n de nuestros egresados al sector profesional, y en pos de este esfuerzo se plantea esta acci\u00f3n como una herramienta de car\u00e1cter innovador que gu\u00ede, oriente y asesore al egresado m\u00e1s all\u00e1 de las funciones docentes principales de formaci\u00f3n y tutorizaci\u00f3n, enmarc\u00e1ndose esta acci\u00f3n dentro de una labor de orientaci\u00f3n profesional.<\/p>\n<p class=\"p1\">Con este fin, se publica esta convocatoria de ayudas de acuerdo con las siguientes bases:<\/p>\n<p class=\"p1\"><b>1. OBJETIVO<\/b><\/p>\n<p class=\"p1\">El objetivo principal de esta convocatoria se plantea en el marco de las acciones que realiza la Universidad de M\u00e1laga dirigidas al fomento del emprendimiento, empleabilidad y autoempleo.<\/p>\n<p class=\"p1\">Consiste en formar para la empleabilidad al estudiantado y dar continuidad a la vinculaci\u00f3n del estudiantado egresado con la Facultad de Bellas Artes de la Universidad de M\u00e1laga mediante un seguimiento, asesoramiento y tutorizaci\u00f3n de proyectos art\u00edsticos profesionales, y con el fin \u00faltimo de que los proyectos realizados tengan el apoyo y la difusi\u00f3n necesarios para promocionar a los beneficiarios de las ayudas en los diferentes sectores profesionales del arte.<\/p>\n<p class=\"p1\">El car\u00e1cter de esta convocatoria es anual y es la Facultad de Bellas Artes la que act\u00faa como incubadora para estos futuros profesionales formados en la Universidad de M\u00e1laga y su labor e intenci\u00f3n es claramente de orientaci\u00f3n y asesoramiento profesional.<\/p>\n<p class=\"p1\"><b>2. AYUDAS<\/b><\/p>\n<p class=\"p1\">El Vicerrectorado de Innovaci\u00f3n Social y Emprendimiento ofrece cuatro ayudas con una dotaci\u00f3n en met\u00e1lico de 3.000 \u20ac cada una.<\/p>\n<p class=\"p1\">La Facultad de Bellas Artes de la Universidad de M\u00e1laga asume los compromisos y obligaciones con los beneficiarios recogidas en el Anexo I.<\/p>\n<p class=\"p1\">La duraci\u00f3n del disfrute de estas ayudas ser\u00e1 de 10 meses consecutivos.<\/p>\n<p class=\"p1\">El acceso a la ayuda ser\u00e1 fraccionado en dos mitades, la primera de 1.500 \u20ac se entregar\u00e1 al inicio del per\u00edodo de la ayuda, y la segunda, los 1.500 \u20ac restantes, estar\u00e1 condicionada a una evaluaci\u00f3n favorable del equipo de tutorizaci\u00f3n, transcurridos seis meses desde la adjudicaci\u00f3n de la ayuda.<\/p>\n<p class=\"p1\"><b>3. COMPROMISOS DE LOS BENEFICIARIOS<\/b><\/p>\n<p class=\"p1\">Los beneficiarios de las ayudas se comprometen a:<\/p>\n<p class=\"p1\">&#8211; <b>Realizar su proyecto art\u00edstico<\/b> de acuerdo a la propuesta presentada y buscando la excelencia y calidad en los resultados, incluyendo la optimizaci\u00f3n de su exhibici\u00f3n en los t\u00e9rminos y fechas que determine la Facultad de Bellas Artes.<\/p>\n<p class=\"p1\">&#8211; <b>Ajustarse a las indicaciones de la tutorizaci\u00f3n<\/b> del proyecto y poner a disposici\u00f3n del equipo de tutorizaci\u00f3n toda la informaci\u00f3n necesaria para su valoraci\u00f3n y seguimiento.<\/p>\n<p class=\"p1\">&#8211; <b>Colaborar con el equipo de gesti\u00f3n de la Facultad<\/b> y\/o la organizaci\u00f3n de los talleres especializados del centro cuando as\u00ed fuera requerido, con hasta un m\u00e1ximo de seis horas semanales, sin que esto signifique vinculaci\u00f3n alguna con la Universidad de M\u00e1laga. La regulaci\u00f3n de esta colaboraci\u00f3n se expresa con m\u00e1s detalle en el Anexo II de estas bases.<\/p>\n<p class=\"p1\"><b>4. REQUISITOS ACAD\u00c9MICOS<\/b><\/p>\n<p class=\"p1\">\u00danicamente podr\u00e1n presentarse a esta convocatoria los estudiantes egresados que hayan finalizado sus estudios durante el \u00faltimo curso acad\u00e9mico 2022\/2023, de cualquiera de las titulaciones oficiales impartidas en la Facultad de Bellas Artes de la Universidad de M\u00e1laga.<br \/>\nNo podr\u00e1n presentarse a esta convocatoria los estudiantes con t\u00edtulo de Graduado\/a en Bellas Artes que est\u00e9n matriculados en el M\u00e1ster Universitario en Producci\u00f3n Art\u00edstica Interdisciplinar durante el mismo periodo de disfrute de la ayuda.<br \/>\nPara acreditar estos requisitos se deber\u00e1 enviar la siguiente documentaci\u00f3n a decbba@uma.es (asunto AYUDA ARP):<\/p>\n<p>&#8211; <strong>Matr\u00edcula<\/strong> en alguna de las titulaciones oficiales impartidas en la Facultad de Bellas Artes de la Universidad de M\u00e1laga, o t\u00edtulo, GRADO o M\u00c1STER de la Facultad de Bellas Artes por la Universidad de M\u00e1laga.<\/p>\n<p>&#8211; <strong>CURRICULUM VITAE<\/strong> y Dossier o Portfolio Art\u00edstico.<\/p>\n<p>&#8211; <strong>Proyecto art\u00edstico<\/strong> profesional a realizar.<\/p>\n<p>&#8211; <strong>Justificar<\/strong> la necesidad espec\u00edfica del espacio y los recursos del centro para la \u2028realizaci\u00f3n del proyecto art\u00edstico presentado.<\/p>\n<p>&#8211; <strong>Datos<\/strong> de contacto.<\/p>\n<\/div>\n<\/div>\n<\/div>\n<\/div>\n<\/section>\n<section class=\"av_textblock_section av-9b6fhb-b96c8f38a67343fdead176cd5128e087\">\n<div class=\"avia_textblock\">\n<div class=\"page\" title=\"Page 1\">\n<div class=\"layoutArea\">\n<div class=\"column\">\n<p class=\"p3\"><b>5. PLAZO y FECHAS<\/b><\/p>\n<p class=\"p3\">El plazo para la presentaci\u00f3n de solicitudes ser\u00e1 el comprendido entre el 1 y el 20 de noviembre de 2023, ambos inclusive, y la resoluci\u00f3n se publicar\u00e1 antes del 30 de noviembre de 2023.<br \/>\nEl per\u00edodo para el desarrollo de los proyectos comenzar\u00e1 el 1 de diciembre de 2023 y acabar\u00e1 el 30 de septiembre de 2024.<\/p>\n<p class=\"p3\"><b>6. EVALUACI\u00d3N DE SOLICITUDES Y PROCEDIMIENTO DE SELECCI\u00d3N<\/b><\/p>\n<p class=\"p3\">Las solicitudes se evaluar\u00e1n atendiendo a los siguientes criterios:<\/p>\n<p class=\"p3\">&#8211; <strong>Inter\u00e9s<\/strong> y novedad del proyecto.<\/p>\n<p class=\"p3\">&#8211; <strong>Viabilidad<\/strong> de la propuesta.<\/p>\n<p class=\"p3\">&#8211; <strong>Impacto<\/strong> en la mejora de la empleabilidad o potencialidad para futura spin-off de la Universidad de M\u00e1laga.<\/p>\n<p class=\"p3\">&#8211; <strong>Justificaci\u00f3n<\/strong> del uso del espacio y los recursos del centro.<\/p>\n<p class=\"p3\">El jurado estar\u00e1 compuesto por el Decano de la Facultad de Bellas Artes, el\/la coordinador\/a de la ayuda, un profesor\/a de la Facultad de Bellas Artes, un\/a profesional del \u00e1mbito del arte y un\/a representante del Vicerrectorado de Innovaci\u00f3n Social y Emprendimiento.<\/p>\n<p class=\"p3\">El equipo de tutorizaci\u00f3n enviar\u00e1 un informe argumentado al Vicerrectorado de Innovaci\u00f3n Social y Emprendimiento que se utilizar\u00e1 para la decisi\u00f3n definitiva de la concesi\u00f3n de la ayuda.<\/p>\n<p class=\"p3\"><b>7. RESOLUCI\u00d3N DEL PROCEDIMIENTO<\/b><\/p>\n<p class=\"p3\">La relaci\u00f3n de solicitantes que van a ser propuestos para la concesi\u00f3n o denegaci\u00f3n de la ayuda se publicar\u00e1 una semana despu\u00e9s de terminar el plazo de solicitudes en el tabl\u00f3n de anuncios y en la web de la Facultad de Bellas Artes. Los interesados podr\u00e1n presentar alegaciones o aportar la documentaci\u00f3n que estimen conveniente en el plazo de 10 d\u00edas h\u00e1biles a partir de la fecha de resoluci\u00f3n. Finalizado dicho plazo se proceder\u00e1 a evaluar los proyectos y publicar la resoluci\u00f3n de la convocatoria con los candidatos seleccionados. La convocatoria podr\u00e1 quedar desierta en su totalidad o s\u00f3lo en parte, pudi\u00e9ndose adjudicar menos de cuatro ayudas.<\/p>\n<p class=\"p3\"><b>8. R\u00c9GIMEN DE RECURSOS<\/b><\/p>\n<p class=\"p3\">Contra las resoluciones que se dicten en tramitaci\u00f3n de estas ayudas, que no ponen fin a la v\u00eda administrativa, se podr\u00e1 interponer recurso de alzada ante el Rector de la Universidad de M\u00e1laga, en el plazo de un mes desde el d\u00eda siguiente al de la notificaci\u00f3n. El r\u00e9gimen de recursos se someter\u00e1 a las previsiones de la Ley 39\/2015, de 1 de octubre, del Procedimiento Administrativo Com\u00fan de las Administraciones P\u00fablicas. Los interesados podr\u00e1n interponer igualmente recurso de reposici\u00f3n ante el Rector de la Universidad de M\u00e1laga, en el mismo plazo de un mes desde el d\u00eda siguiente al de la notificaci\u00f3n de la resoluci\u00f3n.<\/p>\n<\/div>\n<\/div>\n<\/div>\n<\/div>\n<\/section>\n<\/div><\/section><br \/>\n\n<style type=\"text\/css\" data-created_by=\"avia_inline_auto\" id=\"style-css-av-2muwy-2d9b8790bcd57b6841b1dcbc194396a6\">\n#top .hr.hr-invisible.av-2muwy-2d9b8790bcd57b6841b1dcbc194396a6{\nheight:30px;\n}\n<\/style>\n<div  class='hr av-2muwy-2d9b8790bcd57b6841b1dcbc194396a6 hr-invisible  avia-builder-el-9  el_after_av_textblock  avia-builder-el-last '><span class='hr-inner '><span class=\"hr-inner-style\"><\/span><\/span><\/div><\/p><\/div><div  class='flex_column av-23fua-657efb5527019cf3b098b8a9869e84b2 av_one_fourth  avia-builder-el-10  el_after_av_one_full  el_before_av_one_fourth  first flex_column_div  column-top-margin'     ><div  class='avia-button-wrap av-1p9yq-39b5176ab8bb46e212abc8fa06a19db3-wrap avia_animated_button av-animated-when-visible-95 left-to-right avia-button-center  avia-builder-el-11  avia-builder-el-no-sibling '>\n<style type=\"text\/css\" data-created_by=\"avia_inline_auto\" id=\"style-css-av-1p9yq-39b5176ab8bb46e212abc8fa06a19db3\">\n#top #wrap_all .avia-button.av-1p9yq-39b5176ab8bb46e212abc8fa06a19db3{\nfont-size:16px;\ntransition:all 0.4s ease-in-out;\n}\n<\/style>\n<a href='https:\/\/www.bbaa.uma.es\/master\/wp-content\/uploads\/2023\/10\/Convocatoria-AYUDA-ARP-23_24.pdf'  class='avia-button av-1p9yq-39b5176ab8bb46e212abc8fa06a19db3 av-link-btn avia-icon_select-yes-left-icon avia-size-large avia-position-center av-icon-on-hover avia-color-theme-color'   aria-label=\"Descarga las Bases con Anexos\"><span class='avia_button_icon avia_button_icon_left avia-iconfont avia-font-entypo-fontello' data-av_icon='\ue883' data-av_iconfont='entypo-fontello' ><\/span><span class='avia_iconbox_title' >Descarga las Bases con Anexos<\/span><\/a><\/div><\/div><div  class='flex_column av-1zsa6-aa5a6439f4ba423c3614c8b8552fce44 av_one_fourth  avia-builder-el-12  el_after_av_one_fourth  el_before_av_one_fourth  flex_column_div  column-top-margin'     ><div  class='avia-button-wrap av-l97bsmhz-6815eecf8f11a2e634f3cb8c0d630d26-wrap avia_animated_button av-animated-when-visible-95 left-to-right avia-button-center  avia-builder-el-13  avia-builder-el-no-sibling '>\n<style type=\"text\/css\" data-created_by=\"avia_inline_auto\" id=\"style-css-av-l97bsmhz-6815eecf8f11a2e634f3cb8c0d630d26\">\n#top #wrap_all .avia-button.av-l97bsmhz-6815eecf8f11a2e634f3cb8c0d630d26{\nfont-size:16px;\ntransition:all 0.4s ease-in-out;\n}\n<\/style>\n<a href='https:\/\/www.bbaa.uma.es\/bellasartes\/exposiciones\/exposiciones-externas\/'  class='avia-button av-l97bsmhz-6815eecf8f11a2e634f3cb8c0d630d26 av-link-btn avia-icon_select-yes-left-icon avia-size-large avia-position-center av-icon-on-hover avia-color-theme-color'   aria-label=\"Exposiciones ARP\"><span class='avia_button_icon avia_button_icon_left avia-iconfont avia-font-entypo-fontello' data-av_icon='\ue885' data-av_iconfont='entypo-fontello' ><\/span><span class='avia_iconbox_title' >Exposiciones ARP<\/span><\/a><\/div><\/div><div  class='flex_column av-1plrq-d98ae0bd730128f5a8d350ca4f25e3da av_one_fourth  avia-builder-el-14  el_after_av_one_fourth  el_before_av_one_fourth  flex_column_div  column-top-margin'     ><\/div><div  class='flex_column av-15nk6-c3f86419ff5aa654a68ac181733e8afa av_one_fourth  avia-builder-el-15  el_after_av_one_fourth  avia-builder-el-last  flex_column_div  column-top-margin'     ><\/div><\/div><\/div><\/div><!-- close content main div --><\/div><\/div><div id='av_section_3'  class='avia-section av-l6wfupu4-8c0bf249c505ba4337a0787db95363a8 main_color avia-section-large avia-no-border-styling  avia-builder-el-16  el_after_av_section  avia-builder-el-last  avia-bg-style-scroll container_wrap sidebar_right'  ><div class='container av-section-cont-open' ><div class='template-page content  av-content-small alpha units'><div class='post-entry post-entry-type-page post-entry-30'><div class='entry-content-wrapper clearfix'><\/div><\/div><\/div><!-- close content main div --><\/div><\/div><div id='after_section_3'  class='main_color av_default_container_wrap container_wrap sidebar_right'  ><div class='container av-section-cont-open' ><div class='template-page content  av-content-small alpha units'><div class='post-entry post-entry-type-page post-entry-30'><div class='entry-content-wrapper clearfix'><\/p>\n","protected":false},"excerpt":{"rendered":"","protected":false},"author":3,"featured_media":0,"parent":0,"menu_order":8,"comment_status":"closed","ping_status":"closed","template":"","meta":{"footnotes":""},"class_list":["post-30","page","type-page","status-publish","hentry"],"_links":{"self":[{"href":"https:\/\/www.bbaa.uma.es\/master\/wp-json\/wp\/v2\/pages\/30","targetHints":{"allow":["GET"]}}],"collection":[{"href":"https:\/\/www.bbaa.uma.es\/master\/wp-json\/wp\/v2\/pages"}],"about":[{"href":"https:\/\/www.bbaa.uma.es\/master\/wp-json\/wp\/v2\/types\/page"}],"author":[{"embeddable":true,"href":"https:\/\/www.bbaa.uma.es\/master\/wp-json\/wp\/v2\/users\/3"}],"replies":[{"embeddable":true,"href":"https:\/\/www.bbaa.uma.es\/master\/wp-json\/wp\/v2\/comments?post=30"}],"version-history":[{"count":5,"href":"https:\/\/www.bbaa.uma.es\/master\/wp-json\/wp\/v2\/pages\/30\/revisions"}],"predecessor-version":[{"id":1099,"href":"https:\/\/www.bbaa.uma.es\/master\/wp-json\/wp\/v2\/pages\/30\/revisions\/1099"}],"wp:attachment":[{"href":"https:\/\/www.bbaa.uma.es\/master\/wp-json\/wp\/v2\/media?parent=30"}],"curies":[{"name":"wp","href":"https:\/\/api.w.org\/{rel}","templated":true}]}}