{"id":1463,"date":"2026-02-10T07:32:36","date_gmt":"2026-02-10T07:32:36","guid":{"rendered":"https:\/\/www.bbaa.uma.es\/master\/?page_id=1463"},"modified":"2026-02-10T07:32:36","modified_gmt":"2026-02-10T07:32:36","slug":"profesionales-invitados-as-2024-25-2","status":"publish","type":"page","link":"https:\/\/www.bbaa.uma.es\/master\/profesionales-invitados-as-2024-25-2\/","title":{"rendered":"Profesionales Invitados\/as 2025\/26"},"content":{"rendered":"<section  class='av_textblock_section av-m2is1hf3-cf0662c81bf9db4a28686e46b04a1044 '   itemscope=\"itemscope\" itemtype=\"https:\/\/schema.org\/CreativeWork\" ><div class='avia_textblock'  itemprop=\"text\" ><p><span style=\"font-size: 35pt; line-height: 105%; font-family: 'Candara',sans-serif; mso-bidi-font-family: Calibri;\">PROFESIONALES <\/span><span style=\"font-size: 35pt; line-height: 105%; font-family: 'Candara',sans-serif; mso-bidi-font-family: Calibri;\">INVITADOS\/AS <\/span><span style=\"font-size: 35pt; line-height: 105%; font-family: 'Candara',sans-serif; mso-bidi-font-family: Calibri;\"><span style=\"font-size: 10 pt; line-height: 105%; font-family: 'Candara',sans-serif; mso-bidi-font-family: Calibri;\"><span style=\"color: #000000;\"><strong>2025\/2026<\/strong><\/span><\/span><\/span><\/p>\n<\/div><\/section>\n\n<style type=\"text\/css\" data-created_by=\"avia_inline_auto\" id=\"style-css-av-m2is3jfk-0378f8dfa27ab7aba2861032b4c88613\">\n#top .av-special-heading.av-m2is3jfk-0378f8dfa27ab7aba2861032b4c88613{\npadding-bottom:10px;\n}\nbody .av-special-heading.av-m2is3jfk-0378f8dfa27ab7aba2861032b4c88613 .av-special-heading-tag .heading-char{\nfont-size:25px;\n}\n.av-special-heading.av-m2is3jfk-0378f8dfa27ab7aba2861032b4c88613 .av-subheading{\nfont-size:15px;\n}\n<\/style>\n<div  class='av-special-heading av-m2is3jfk-0378f8dfa27ab7aba2861032b4c88613 av-special-heading-h4 blockquote modern-quote modern-centered  avia-builder-el-1  el_after_av_textblock  el_before_av_hr '><h4 class='av-special-heading-tag '  itemprop=\"headline\"  >BLANCA DEL R\u00cdO<\/h4><div class=\"special-heading-border\"><div class=\"special-heading-inner-border\"><\/div><\/div><\/div>\n\n<style type=\"text\/css\" data-created_by=\"avia_inline_auto\" id=\"style-css-av-m2isb4in-82935458af6b8657e84379b2c37d5727\">\n#top .hr.hr-invisible.av-m2isb4in-82935458af6b8657e84379b2c37d5727{\nheight:50px;\n}\n<\/style>\n<div  class='hr av-m2isb4in-82935458af6b8657e84379b2c37d5727 hr-invisible  avia-builder-el-2  el_after_av_heading  el_before_av_one_half '><span class='hr-inner '><span class=\"hr-inner-style\"><\/span><\/span><\/div>\n<div  class='flex_column av-3sbfp1-680c0f6d44243869154e2be33c4fbedb av_one_half  avia-builder-el-3  el_after_av_hr  el_before_av_one_half  first flex_column_div  '     ><style type=\"text\/css\" data-created_by=\"avia_inline_auto\" id=\"style-css-av-m2is4l9h-7d7d50b7b71c0a6562386bc4562eee60\">\n.avia-image-container.av-m2is4l9h-7d7d50b7b71c0a6562386bc4562eee60 img.avia_image{\nbox-shadow:none;\n}\n.avia-image-container.av-m2is4l9h-7d7d50b7b71c0a6562386bc4562eee60 .av-image-caption-overlay-center{\ncolor:#ffffff;\n}\n<\/style>\n<div  class='avia-image-container av-m2is4l9h-7d7d50b7b71c0a6562386bc4562eee60 av-styling- avia-align-center  avia-builder-el-4  avia-builder-el-no-sibling '   itemprop=\"image\" itemscope=\"itemscope\" itemtype=\"https:\/\/schema.org\/ImageObject\" ><div class=\"avia-image-container-inner\"><div class=\"avia-image-overlay-wrap\"><img decoding=\"async\" fetchpriority=\"high\" class='wp-image-1464 avia-img-lazy-loading-not-1464 avia_image ' src=\"https:\/\/www.bbaa.uma.es\/master\/wp-content\/uploads\/2026\/02\/Blanca-del-Rio.jpg\" alt='' title='Blanca-del-R\u00edo'  height=\"400\" width=\"495\"  itemprop=\"thumbnailUrl\" srcset=\"https:\/\/www.bbaa.uma.es\/master\/wp-content\/uploads\/2026\/02\/Blanca-del-Rio.jpg 495w, https:\/\/www.bbaa.uma.es\/master\/wp-content\/uploads\/2026\/02\/Blanca-del-Rio-300x242.jpg 300w\" sizes=\"(max-width: 495px) 100vw, 495px\" \/><\/div><\/div><\/div><\/div><div  class='flex_column av-36u46t-f7669bf30605739f2668275a2646028b av_one_half  avia-builder-el-5  el_after_av_one_half  el_before_av_heading  flex_column_div  '     ><section  class='av_textblock_section av-m2is7cu7-85489372f43a29f0dc49785f078d7d80 '   itemscope=\"itemscope\" itemtype=\"https:\/\/schema.org\/CreativeWork\" ><div class='avia_textblock'  itemprop=\"text\" ><p><strong>Blanca del R\u00edo<\/strong> (Sevilla, 1988) es gestora cultural y comisaria especializada en pr\u00e1cticas art\u00edsticas contempor\u00e1neas, con base en Barcelona. Actualmente es curadora adjunta en el MACBA y, entre 2018 y 2022, fue coordinadora de exposiciones en el Museu Picasso de Barcelona. Ha comisariado muestras como <em>Habitar la oscuridad, adentrarse en el laberinto<\/em>, del artista Mart\u00ednez Bellido en OTR (Madrid); <em>Un espacio especial en perpetua metamorfosis; que se contrae y se dilata, que se abre y se cierra<\/em> (Gaviota, Madrid, 2025); <em>Esa extra\u00f1a ternura<\/em> (SAC, Barcelona, 2024); <em>Bitter Peach No Stop<\/em> (Fuxia, Malm\u00f6, 2024); <em>Se propagar\u00e1n sin retorno ni distancia<\/em> (Injuve, Madrid, 2023\u20132024); <em>\u00bfC\u00f3mo puedo enamorarme de este jard\u00edn?<\/em> (FASE, L&#8217;Hospitalet de Llobregat, 2022); <em>About curls, confluences and resonances<\/em> (ArtLacuna, Londres, 2021); o <em>S\u00f3lo es verdad lo que sucede cada trescientas noches<\/em> (Galer\u00eda Alarc\u00f3n Criado, Sevilla, 2021). En 2018 cofund\u00f3 FASE (L&#8217;Hospitalet de Llobregat), espacio que dirigi\u00f3 hasta 2024. Su pr\u00e1ctica incluye tambi\u00e9n la escritura, acompa\u00f1ando el trabajo de artistas y proyectos expositivos para instituciones, galer\u00edas y publicaciones independientes.<\/p>\n<p><a href=\"https:\/\/www.macba.cat\/es\/actor\/blanca-del-rio\/\">https:\/\/www.macba.cat\/es\/actor\/blanca-del-rio\/<\/a><\/p>\n<\/div><\/section><\/div>\n<style type=\"text\/css\" data-created_by=\"avia_inline_auto\" id=\"style-css-av-33x3bp-5aab37a3fab89c7f133ccfcdc0d20b38\">\n#top .av-special-heading.av-33x3bp-5aab37a3fab89c7f133ccfcdc0d20b38{\npadding-bottom:10px;\n}\nbody .av-special-heading.av-33x3bp-5aab37a3fab89c7f133ccfcdc0d20b38 .av-special-heading-tag .heading-char{\nfont-size:25px;\n}\n.av-special-heading.av-33x3bp-5aab37a3fab89c7f133ccfcdc0d20b38 .av-subheading{\nfont-size:15px;\n}\n<\/style>\n<div  class='av-special-heading av-33x3bp-5aab37a3fab89c7f133ccfcdc0d20b38 av-special-heading-h4 blockquote modern-quote modern-centered  avia-builder-el-7  el_after_av_one_half  el_before_av_hr '><h4 class='av-special-heading-tag '  itemprop=\"headline\"  >DANIELA ORTIZ<\/h4><div class=\"special-heading-border\"><div class=\"special-heading-inner-border\"><\/div><\/div><\/div><\/p>\n\n<style type=\"text\/css\" data-created_by=\"avia_inline_auto\" id=\"style-css-av-14duzp-3cd02ab2b30e8481ef164dcc91dfce1c\">\n#top .hr.hr-invisible.av-14duzp-3cd02ab2b30e8481ef164dcc91dfce1c{\nheight:50px;\n}\n<\/style>\n<div  class='hr av-14duzp-3cd02ab2b30e8481ef164dcc91dfce1c hr-invisible  avia-builder-el-8  el_after_av_heading  el_before_av_one_half '><span class='hr-inner '><span class=\"hr-inner-style\"><\/span><\/span><\/div>\n<div  class='flex_column av-9l5fud-5e5fae09f1758e604afc2867911133d8 av_one_half  avia-builder-el-9  el_after_av_hr  el_before_av_one_half  first flex_column_div  '     ><style type=\"text\/css\" data-created_by=\"avia_inline_auto\" id=\"style-css-av-m2ishbfu-ed03fb13bb7d68536e742460a965ae36\">\n.avia-image-container.av-m2ishbfu-ed03fb13bb7d68536e742460a965ae36 img.avia_image{\nbox-shadow:none;\n}\n.avia-image-container.av-m2ishbfu-ed03fb13bb7d68536e742460a965ae36 .av-image-caption-overlay-center{\ncolor:#ffffff;\n}\n<\/style>\n<div  class='avia-image-container av-m2ishbfu-ed03fb13bb7d68536e742460a965ae36 av-styling- avia-align-center  avia-builder-el-10  avia-builder-el-no-sibling '   itemprop=\"image\" itemscope=\"itemscope\" itemtype=\"https:\/\/schema.org\/ImageObject\" ><div class=\"avia-image-container-inner\"><div class=\"avia-image-overlay-wrap\"><img decoding=\"async\" fetchpriority=\"high\" class='wp-image-1465 avia-img-lazy-loading-not-1465 avia_image ' src=\"https:\/\/www.bbaa.uma.es\/master\/wp-content\/uploads\/2026\/02\/Daniela-Ortiz.jpg\" alt='' title='Daniela-Ortiz'  height=\"400\" width=\"495\"  itemprop=\"thumbnailUrl\" srcset=\"https:\/\/www.bbaa.uma.es\/master\/wp-content\/uploads\/2026\/02\/Daniela-Ortiz.jpg 495w, https:\/\/www.bbaa.uma.es\/master\/wp-content\/uploads\/2026\/02\/Daniela-Ortiz-300x242.jpg 300w\" sizes=\"(max-width: 495px) 100vw, 495px\" \/><\/div><\/div><\/div><\/div><div  class='flex_column av-7ktwzp-41d741159966a9b8ff7eb078755be42c av_one_half  avia-builder-el-11  el_after_av_one_half  el_before_av_heading  flex_column_div  '     ><section  class='av_textblock_section av-m2ishq4a-e011fd9591ab7b5caf3cdf33369cbec9 '   itemscope=\"itemscope\" itemtype=\"https:\/\/schema.org\/CreativeWork\" ><div class='avia_textblock'  itemprop=\"text\" ><p><strong>Daniela Ortiz<\/strong> (Cusco, 1985) es una artista peruana que genera narrativas visuales y herramientas pedag\u00f3gicas para analizar la nacionalidad, racializaci\u00f3n, clase y g\u00e9nero, comprendiendo cr\u00edticamente las estructuras de poder colonial, patriarcal y capitalista desde una perspectiva antiimperialista. Su pr\u00e1ctica denuncia el sistema de control migratorio europeo, sus v\u00ednculos con el colonialismo y el racismo institucional que impone violencia a comunidades migrantes y clases trabajadoras racializadas, al tiempo que reivindica las resistencias frente a ello. En diversos proyectos ha abordado tambi\u00e9n la solidaridad internacionalista, el cuidado en sentido pol\u00edtico, popular y colectivo as\u00ed como las distintas estrategias y genealog\u00edas de organizaci\u00f3n en el Sur Global. Actualmente centra su hacer en lo visual y manual, cer\u00e1mica, collage, dibujo, libros para ni\u00f1os y t\u00edteres, buscando construir desde el arte herramientas de pedagog\u00eda y reflexi\u00f3n. Adem\u00e1s de su trabajo, es madre de tres hijos y participa activamente en charlas, talleres y luchas contra el orden colonial. Se form\u00f3 como artista en la Pontificia Universidad Cat\u00f3lica del Per\u00fa, la Facultad de Bellas Artes de la Universidad de Barcelona y estudi\u00f3 pintura con Claudia Cuzzi. Durante el a\u00f1o 2007 trabaj\u00f3 como asistente de la artista Olga Engelmann en Lima. Ha participado en seminarios, talleres y clases magistrales con Paul B. Preciado, Rogelio L\u00f3pez Cuenca, Santiago Sierra, Rirkrit Tiravanija, Mart\u00ed Peran, Josep Mar\u00eda Mart\u00ed, Raimond Chaves, Alberto L\u00f3pez Bargados, Yoshua Ok\u00f3n, Natalia Igui\u00f1iz y Marcelo Exp\u00f3sito. Tambi\u00e9n ha colaborado en proyectos de otros artistas, como por ejemplo con Cecilia Podest\u00e1 o Guillermo Castrill\u00f3n, ambas colaboraciones en 2005. Entre sus exposiciones individuales, destacan las presentadas en la Fundaci\u00f3n Su\u00f1ol de Barcelona (2010), el Espai 13 de la Fundaci\u00f3 Mir\u00f3 de Barcelona (2011), Zona Maco Sur de M\u00e9xico (2013), Van Abbemuseum de Eindhoven (2016), Middlesbrough Institute of Modern Art en Gran Breta\u00f1a (2017), La Virreina Centre de la Imatge de Barcelona (2019), K\u00f6lnischer Kunstverein de Colonia (2021) o Kunstenfestivaldesarts (KFDA) de Bruselas (2022). Su obra se encuentra en colecciones como la Collection du Centre national des arts plastiques de Francia, Museo Nacional Centro de Arte Reina Sof\u00eda de Madrid, Museo MALI de Per\u00fa, FRAC Pays de la Loire de Francia y MACBA de Barcelona. Actualmente es artista becaria de la Real Academia de Espa\u00f1a en Roma.<\/p>\n<p><a href=\"https:\/\/www.accademiaspagna.org\/portfolio\/daniela-ortiz\/\">https:\/\/www.accademiaspagna.org\/portfolio\/daniela-ortiz\/<\/a><\/p>\n<\/div><\/section><\/div>\n<style type=\"text\/css\" data-created_by=\"avia_inline_auto\" id=\"style-css-av-20h1x-3ffa196cd201b439dd593e4bda7ae569\">\n#top .av-special-heading.av-20h1x-3ffa196cd201b439dd593e4bda7ae569{\npadding-bottom:10px;\n}\nbody .av-special-heading.av-20h1x-3ffa196cd201b439dd593e4bda7ae569 .av-special-heading-tag .heading-char{\nfont-size:25px;\n}\n.av-special-heading.av-20h1x-3ffa196cd201b439dd593e4bda7ae569 .av-subheading{\nfont-size:15px;\n}\n<\/style>\n<div  class='av-special-heading av-20h1x-3ffa196cd201b439dd593e4bda7ae569 av-special-heading-h4 blockquote modern-quote modern-centered  avia-builder-el-13  el_after_av_one_half  el_before_av_hr '><h4 class='av-special-heading-tag '  itemprop=\"headline\"  >JUAN L\u00d3PEZ<\/h4><div class=\"special-heading-border\"><div class=\"special-heading-inner-border\"><\/div><\/div><\/div><\/p>\n\n<style type=\"text\/css\" data-created_by=\"avia_inline_auto\" id=\"style-css-av-6lcp1x-76598426edfca44b334d4e308a879194\">\n#top .hr.hr-invisible.av-6lcp1x-76598426edfca44b334d4e308a879194{\nheight:50px;\n}\n<\/style>\n<div  class='hr av-6lcp1x-76598426edfca44b334d4e308a879194 hr-invisible  avia-builder-el-14  el_after_av_heading  el_before_av_one_half '><span class='hr-inner '><span class=\"hr-inner-style\"><\/span><\/span><\/div>\n<div  class='flex_column av-4j9ath-99da244bf2b79709bdee11f044df458a av_one_half  avia-builder-el-15  el_after_av_hr  el_before_av_one_half  first flex_column_div  '     ><style type=\"text\/css\" data-created_by=\"avia_inline_auto\" id=\"style-css-av-m2isihhi-8a1c7f4500fd12a00a3781827ffcc387\">\n.avia-image-container.av-m2isihhi-8a1c7f4500fd12a00a3781827ffcc387 img.avia_image{\nbox-shadow:none;\n}\n.avia-image-container.av-m2isihhi-8a1c7f4500fd12a00a3781827ffcc387 .av-image-caption-overlay-center{\ncolor:#ffffff;\n}\n<\/style>\n<div  class='avia-image-container av-m2isihhi-8a1c7f4500fd12a00a3781827ffcc387 av-styling- avia-align-center  avia-builder-el-16  avia-builder-el-no-sibling '   itemprop=\"image\" itemscope=\"itemscope\" itemtype=\"https:\/\/schema.org\/ImageObject\" ><div class=\"avia-image-container-inner\"><div class=\"avia-image-overlay-wrap\"><img decoding=\"async\" fetchpriority=\"high\" class='wp-image-1466 avia-img-lazy-loading-not-1466 avia_image ' src=\"https:\/\/www.bbaa.uma.es\/master\/wp-content\/uploads\/2026\/02\/Juan-Lopez.jpg\" alt='' title='Juan-L\u00f3pez'  height=\"400\" width=\"495\"  itemprop=\"thumbnailUrl\" srcset=\"https:\/\/www.bbaa.uma.es\/master\/wp-content\/uploads\/2026\/02\/Juan-Lopez.jpg 495w, https:\/\/www.bbaa.uma.es\/master\/wp-content\/uploads\/2026\/02\/Juan-Lopez-300x242.jpg 300w\" sizes=\"(max-width: 495px) 100vw, 495px\" \/><\/div><\/div><\/div><\/div><div  class='flex_column av-apm79-041183af91ea549eb2f201b38b94c22f av_one_half  avia-builder-el-17  el_after_av_one_half  el_before_av_hr  flex_column_div  '     ><section  class='av_textblock_section av-m2isiruv-16071cd302b69856d3d050b886cc6538 '   itemscope=\"itemscope\" itemtype=\"https:\/\/schema.org\/CreativeWork\" ><div class='avia_textblock'  itemprop=\"text\" ><p><strong>Juan Lo\u0301pez<\/strong> se licencio\u0301 en Bellas Artes en la Universidad de Castilla La Mancha. Ha recibido distintas becas y premios como Post Brossa, Beca de Artes Pla\u0301sticas Fundacio\u0301n Boti\u0301n, el premio ABC de Artes Pla\u0301sticas o Generaciones 2013. Ha trabajado en residencias internacionales de creacio\u0301n como Tokyo Wonder Site de Japo\u0301n o en el OK Centrum de Linz, Austria. Adema\u0301s, de manera individual ha expuesto en instituciones como: Museo Patio Herreriano, Valladolid (2025), Museo Nacional de Altamira (2022), Fundacio\u0301 Joan Brossa, Barcelona (2020), Matadero Madrid (2017), Ok Centrum, Linz (2012), La Panera, Lleida y Artium, Vitoria (2011); o Fundaci\u00f3 Joan Mir\u00f3 (2008) Y en proyectos y exposiciones colectivas en: Fundaci\u00f3n Cerezales Antonino y Cinia, Le\u00f3n (2021), Centro Bot\u00edn, Santander (2020), CCEMX, Ciudad de Me\u0301xico (2020), CA2M, Madrid (2018), FRAC Co\u0301rcega (2015), Musac, Le\u00f3n (2015) y Museu Nacional da Republica, Brasilia (2010).\u00a0 Con presencia en ferias como ARCO Madrid, BASEL Miami Beach, Artissima Turi\u0301n o ArtBo, Bogota\u0301, su obra est\u00e1 presente en colecciones tanto pu\u0301blicas como privadas.<\/p>\n<p><a href=\"https:\/\/linktr.ee\/Juan_Lopez\">https:\/\/linktr.ee\/Juan_Lopez<\/a><\/p>\n<\/div><\/section><\/div>\n<style type=\"text\/css\" data-created_by=\"avia_inline_auto\" id=\"style-css-av-39qxc5-1135477828c769e3ee2b272800664395\">\n#top .hr.hr-invisible.av-39qxc5-1135477828c769e3ee2b272800664395{\nheight:50px;\n}\n<\/style>\n<div  class='hr av-39qxc5-1135477828c769e3ee2b272800664395 hr-invisible  avia-builder-el-19  el_after_av_one_half  avia-builder-el-last '><span class='hr-inner '><span class=\"hr-inner-style\"><\/span><\/span><\/div><\/p>\n","protected":false},"excerpt":{"rendered":"","protected":false},"author":4,"featured_media":0,"parent":0,"menu_order":0,"comment_status":"closed","ping_status":"closed","template":"","meta":{"footnotes":""},"class_list":["post-1463","page","type-page","status-publish","hentry"],"_links":{"self":[{"href":"https:\/\/www.bbaa.uma.es\/master\/wp-json\/wp\/v2\/pages\/1463","targetHints":{"allow":["GET"]}}],"collection":[{"href":"https:\/\/www.bbaa.uma.es\/master\/wp-json\/wp\/v2\/pages"}],"about":[{"href":"https:\/\/www.bbaa.uma.es\/master\/wp-json\/wp\/v2\/types\/page"}],"author":[{"embeddable":true,"href":"https:\/\/www.bbaa.uma.es\/master\/wp-json\/wp\/v2\/users\/4"}],"replies":[{"embeddable":true,"href":"https:\/\/www.bbaa.uma.es\/master\/wp-json\/wp\/v2\/comments?post=1463"}],"version-history":[{"count":2,"href":"https:\/\/www.bbaa.uma.es\/master\/wp-json\/wp\/v2\/pages\/1463\/revisions"}],"predecessor-version":[{"id":1477,"href":"https:\/\/www.bbaa.uma.es\/master\/wp-json\/wp\/v2\/pages\/1463\/revisions\/1477"}],"wp:attachment":[{"href":"https:\/\/www.bbaa.uma.es\/master\/wp-json\/wp\/v2\/media?parent=1463"}],"curies":[{"name":"wp","href":"https:\/\/api.w.org\/{rel}","templated":true}]}}