{"id":1333,"date":"2024-10-21T08:47:11","date_gmt":"2024-10-21T08:47:11","guid":{"rendered":"https:\/\/www.bbaa.uma.es\/master\/?page_id=1333"},"modified":"2024-10-21T09:38:03","modified_gmt":"2024-10-21T09:38:03","slug":"profesionales-invitados-as-2024-25","status":"publish","type":"page","link":"https:\/\/www.bbaa.uma.es\/master\/profesionales-invitados-as-2024-25\/","title":{"rendered":"Profesionales Invitados\/as 2024\/25"},"content":{"rendered":"<section  class='av_textblock_section av-m2is1hf3-a5e51c234ec91b66069b03889afbe1d9 '   itemscope=\"itemscope\" itemtype=\"https:\/\/schema.org\/CreativeWork\" ><div class='avia_textblock'  itemprop=\"text\" ><p><span style=\"font-size: 35pt; line-height: 105%; font-family: 'Candara',sans-serif; mso-bidi-font-family: Calibri;\">PROFESIONALES <\/span><span style=\"font-size: 35pt; line-height: 105%; font-family: 'Candara',sans-serif; mso-bidi-font-family: Calibri;\">INVITADOS\/AS <\/span><span style=\"font-size: 35pt; line-height: 105%; font-family: 'Candara',sans-serif; mso-bidi-font-family: Calibri;\"><span style=\"font-size: 10 pt; line-height: 105%; font-family: 'Candara',sans-serif; mso-bidi-font-family: Calibri;\"><span style=\"color: #000000;\"><strong>2024\/2025<\/strong><\/span><\/span><\/span><\/p>\n<\/div><\/section>\n\n<style type=\"text\/css\" data-created_by=\"avia_inline_auto\" id=\"style-css-av-m2is3jfk-fb4426adeca6185966f2496c044a43c6\">\n#top .av-special-heading.av-m2is3jfk-fb4426adeca6185966f2496c044a43c6{\npadding-bottom:10px;\n}\nbody .av-special-heading.av-m2is3jfk-fb4426adeca6185966f2496c044a43c6 .av-special-heading-tag .heading-char{\nfont-size:25px;\n}\n.av-special-heading.av-m2is3jfk-fb4426adeca6185966f2496c044a43c6 .av-subheading{\nfont-size:15px;\n}\n<\/style>\n<div  class='av-special-heading av-m2is3jfk-fb4426adeca6185966f2496c044a43c6 av-special-heading-h4 blockquote modern-quote modern-centered  avia-builder-el-1  el_after_av_textblock  el_before_av_hr '><h4 class='av-special-heading-tag '  itemprop=\"headline\"  >MAR\u00cdA ALCAIDE<\/h4><div class=\"special-heading-border\"><div class=\"special-heading-inner-border\"><\/div><\/div><\/div>\n\n<style type=\"text\/css\" data-created_by=\"avia_inline_auto\" id=\"style-css-av-m2isb4in-82935458af6b8657e84379b2c37d5727\">\n#top .hr.hr-invisible.av-m2isb4in-82935458af6b8657e84379b2c37d5727{\nheight:50px;\n}\n<\/style>\n<div  class='hr av-m2isb4in-82935458af6b8657e84379b2c37d5727 hr-invisible  avia-builder-el-2  el_after_av_heading  el_before_av_one_half '><span class='hr-inner '><span class=\"hr-inner-style\"><\/span><\/span><\/div>\n<div  class='flex_column av-3sbfp1-680c0f6d44243869154e2be33c4fbedb av_one_half  avia-builder-el-3  el_after_av_hr  el_before_av_one_half  first flex_column_div  '     ><style type=\"text\/css\" data-created_by=\"avia_inline_auto\" id=\"style-css-av-m2is4l9h-bad141b1f15c1f7fec402c85d109b3f4\">\n.avia-image-container.av-m2is4l9h-bad141b1f15c1f7fec402c85d109b3f4 img.avia_image{\nbox-shadow:none;\n}\n.avia-image-container.av-m2is4l9h-bad141b1f15c1f7fec402c85d109b3f4 .av-image-caption-overlay-center{\ncolor:#ffffff;\n}\n<\/style>\n<div  class='avia-image-container av-m2is4l9h-bad141b1f15c1f7fec402c85d109b3f4 av-styling- avia-align-center  avia-builder-el-4  avia-builder-el-no-sibling '   itemprop=\"image\" itemscope=\"itemscope\" itemtype=\"https:\/\/schema.org\/ImageObject\" ><div class=\"avia-image-container-inner\"><div class=\"avia-image-overlay-wrap\"><img decoding=\"async\" fetchpriority=\"high\" class='wp-image-1169 avia-img-lazy-loading-not-1169 avia_image ' src=\"https:\/\/www.bbaa.uma.es\/master\/wp-content\/uploads\/2024\/10\/04-Alcaide-495x400.jpg\" alt='' title='04-Alcaide'  height=\"400\" width=\"495\"  itemprop=\"thumbnailUrl\" srcset=\"https:\/\/www.bbaa.uma.es\/master\/wp-content\/uploads\/2024\/10\/04-Alcaide-495x400.jpg 495w, https:\/\/www.bbaa.uma.es\/master\/wp-content\/uploads\/2024\/10\/04-Alcaide-300x242.jpg 300w, https:\/\/www.bbaa.uma.es\/master\/wp-content\/uploads\/2024\/10\/04-Alcaide.jpg 619w\" sizes=\"(max-width: 495px) 100vw, 495px\" \/><\/div><\/div><\/div><\/div>\n<div  class='flex_column av-36u46t-f7669bf30605739f2668275a2646028b av_one_half  avia-builder-el-5  el_after_av_one_half  el_before_av_heading  flex_column_div  '     ><section  class='av_textblock_section av-m2is7cu7-0bbbcbde05d6fc6de64fe86722834a65 '   itemscope=\"itemscope\" itemtype=\"https:\/\/schema.org\/CreativeWork\" ><div class='avia_textblock'  itemprop=\"text\" ><p><strong>Mar\u00eda Alcaide<\/strong> (Aracena, 1992) es graduada en Bellas Artes por la Universidad de Sevilla, curs\u00f3 la Licence en Arts Plastiques en la Universit\u00e9 Par\u00eds VIII y tiene un M\u00e1ster de Investigaci\u00f3n en Arte y Dise\u00f1o por Eina-UAB en Barcelona. Su trabajo como investigadora ha sido presentado en entornos acad\u00e9micos como l&#8217;\u00c9cole des Hautes \u00c9tudes en Sciences Sociales (Par\u00eds), la Universit\u00e4t Der K\u00fcnste (Berl\u00edn), la Universidad Complutense (Madrid), la Fundaci\u00f3n T\u00e0pies o el MACBA (Barcelona).<\/p>\n<p>A nivel internacional, ha mostrado su trabajo en el Archivo de la Bauhaus de Berl\u00edn, ACUD Berl\u00edn, en la Frankfurter Kunstverein, en el IMAI de Dusseldorf, en Muu Kaapeli en Helsinki, la galer\u00eda Komunuma Fondation Fiminco y la Villa Belleville en Par\u00eds, la galer\u00eda Joey Ramone en Rotterdam o el Reed College en San Francisco. Ha sido premiada en Jeune Cr\u00e9ation y Salon de Montrouge 64 (Par\u00eds) y tambi\u00e9n ha disfrutado de varias residencias en Berl\u00edn (Agora Collective), Leipzig (LeFugitif), Austria (Kunsthaus Bregenz) o el S\u00e1hara Occidental (Artifariti).<\/p>\n<p>Sus pel\u00edculas han sido proyectadas en festivales de reconocido prestigio como el Oberhausen Kurzfilm Festival. Ha recibido el premio Generaci\u00f3n 2021 y la beca de producci\u00f3n de la Fundaci\u00f3n LaCaixa 2020, as\u00ed como el premio de creaci\u00f3n de la Sala d&#8217;Art Jove y la beca Injuve. Tambi\u00e9n ha participado en diversas exposiciones colectivas en Can Felipa, LOOP Barcelona, Matadero Intermediae, en la Sala de Arte Joven de la Comunidad de Madrid, Centro Conde Duque, Centre del Carme, Centro Cultural Las Cigarreras, \u00c0ngels Barcelona, Fran Reus o Dilalica y ha realizado residencias en Fabra i Coats-Sant Andreu Contemporani, La Escocesa, el Centro Andaluz de Creaci\u00f3n Contempor\u00e1neo, Bar Projects o Bilbaoarte.<\/p>\n<p>Sus proyectos individuales han sido expuestos en La Capella en el marco de LOOP Barcelona y en el Centro de la Memoria de Andaluc\u00eda. Es fundadora de Grotta Artist Residency y participa como investigadora externa en un proyecto sobre arte contempor\u00e1neo y ruralidades en el Centre Pompidou de Par\u00eds.<\/p>\n<p>Actualmente desarrolla una residencia de larga duraci\u00f3n en una de las \u00faltimas f\u00e1bricas de bolsos de lujo que quedan en la Picardie, zona rural francesa, donde colabora mano a mano con el sindicato de trabajadoras.<\/p>\n<p><a href=\"https:\/\/mariaalcaide.com\/home-esp\/bio\">https:\/\/mariaalcaide.com\/home-esp\/bio<\/a><\/p>\n<\/div><\/section><\/div>\n\n<style type=\"text\/css\" data-created_by=\"avia_inline_auto\" id=\"style-css-av-33x3bp-a32678012d3d1521b297f596838615b6\">\n#top .av-special-heading.av-33x3bp-a32678012d3d1521b297f596838615b6{\npadding-bottom:10px;\n}\nbody .av-special-heading.av-33x3bp-a32678012d3d1521b297f596838615b6 .av-special-heading-tag .heading-char{\nfont-size:25px;\n}\n.av-special-heading.av-33x3bp-a32678012d3d1521b297f596838615b6 .av-subheading{\nfont-size:15px;\n}\n<\/style>\n<div  class='av-special-heading av-33x3bp-a32678012d3d1521b297f596838615b6 av-special-heading-h4 blockquote modern-quote modern-centered  avia-builder-el-7  el_after_av_one_half  el_before_av_hr '><h4 class='av-special-heading-tag '  itemprop=\"headline\"  >FUENTESAL ARENILLAS<\/h4><div class=\"special-heading-border\"><div class=\"special-heading-inner-border\"><\/div><\/div><\/div>\n\n<style type=\"text\/css\" data-created_by=\"avia_inline_auto\" id=\"style-css-av-14duzp-3cd02ab2b30e8481ef164dcc91dfce1c\">\n#top .hr.hr-invisible.av-14duzp-3cd02ab2b30e8481ef164dcc91dfce1c{\nheight:50px;\n}\n<\/style>\n<div  class='hr av-14duzp-3cd02ab2b30e8481ef164dcc91dfce1c hr-invisible  avia-builder-el-8  el_after_av_heading  el_before_av_one_half '><span class='hr-inner '><span class=\"hr-inner-style\"><\/span><\/span><\/div>\n<div  class='flex_column av-9l5fud-5e5fae09f1758e604afc2867911133d8 av_one_half  avia-builder-el-9  el_after_av_hr  el_before_av_one_half  first flex_column_div  '     ><style type=\"text\/css\" data-created_by=\"avia_inline_auto\" id=\"style-css-av-m2ishbfu-9446c4abb848d9d920c71b49d8ef04da\">\n.avia-image-container.av-m2ishbfu-9446c4abb848d9d920c71b49d8ef04da img.avia_image{\nbox-shadow:none;\n}\n.avia-image-container.av-m2ishbfu-9446c4abb848d9d920c71b49d8ef04da .av-image-caption-overlay-center{\ncolor:#ffffff;\n}\n<\/style>\n<div  class='avia-image-container av-m2ishbfu-9446c4abb848d9d920c71b49d8ef04da av-styling- avia-align-center  avia-builder-el-10  avia-builder-el-no-sibling '   itemprop=\"image\" itemscope=\"itemscope\" itemtype=\"https:\/\/schema.org\/ImageObject\" ><div class=\"avia-image-container-inner\"><div class=\"avia-image-overlay-wrap\"><img decoding=\"async\" fetchpriority=\"high\" class='wp-image-1139 avia-img-lazy-loading-not-1139 avia_image ' src=\"https:\/\/www.bbaa.uma.es\/master\/wp-content\/uploads\/2023\/10\/Fuentesal-y-Arenillas.jpg\" alt='' title='Fuentesal y Arenillas'  height=\"400\" width=\"495\"  itemprop=\"thumbnailUrl\" srcset=\"https:\/\/www.bbaa.uma.es\/master\/wp-content\/uploads\/2023\/10\/Fuentesal-y-Arenillas.jpg 495w, https:\/\/www.bbaa.uma.es\/master\/wp-content\/uploads\/2023\/10\/Fuentesal-y-Arenillas-300x242.jpg 300w\" sizes=\"(max-width: 495px) 100vw, 495px\" \/><\/div><\/div><\/div><\/div>\n<div  class='flex_column av-7ktwzp-41d741159966a9b8ff7eb078755be42c av_one_half  avia-builder-el-11  el_after_av_one_half  el_before_av_heading  flex_column_div  '     ><section  class='av_textblock_section av-m2ishq4a-f7090cfb6be5239a692ef7dcd30a5f52 '   itemscope=\"itemscope\" itemtype=\"https:\/\/schema.org\/CreativeWork\" ><div class='avia_textblock'  itemprop=\"text\" ><p><strong>Fuentesal Arenillas<\/strong>\u00a0[1986 y 1989] exploran la relaci\u00f3n y los estados como punto de partida, el trabajo desde la figura doble, el devenir de su propia praxis o la pr\u00e1ctica de la escultura tras el juego que origina o del que proviene. Sus construcciones objetuales se instalan en otros circuitos de producci\u00f3n material y cultural-popular. Entre sus \u00faltimas exposiciones individuales est\u00e1n\u00a0<em>La danza mudanza<\/em>, curada por Bea Espejo en el Centro Andaluz de Arte Contempor\u00e1neo,\u00a0<em>Cubierta brillante Margen delgado<\/em>, curada por Juan Canela en la III Edici\u00f3n programa Primera Fase, o\u00a0<em>Casapuerta,<\/em>\u00a0acompa\u00f1ada de\u00a0<em>Anfitriones<\/em>, texto de Selina Blasco, en Luis Adelantado. Han sido becados en la Real Academia de Espa\u00f1a en Roma (2022\/23), y recibido diferentes premios, becas y residencias como Generaciones 2023 La Casa Encendida, Residencia art\u00edstica Fundaci\u00f3n Mar\u00eda Jos\u00e9 Jove, VI Premios Cervezas Alhambra, XXV Edici\u00f3n creaci\u00f3n art\u00edstica VEGAP, Ayudas a la producci\u00f3n de Matadero Crea, entre otros. Recientemente han expuesto de manera colectiva en\u00a0<em>Lo que pesa una cabeza<\/em>\u00a0en el Museo TEA Tenerife,\u00a0<em>Una historia reciente II<\/em>\u00a0en la Fundaci\u00f3n Juan March de Palma,\u00a0<em>La vista y el tacto (ca.1929-30)<\/em>\u00a0en el Centro Federico Garc\u00eda Lorca,\u00a0<em>Dialectos<\/em>\u00a0en el CA2M,\u00a0<em>Escultura expandida<\/em>\u00a0en el CAAC, o\u00a0<em>Turno de R\u00e9plica<\/em>\u00a0en el Museo Patio Herreriano.<\/p>\n<p><a href=\"http:\/\/fuentesalyarenillas.com\/\">http:\/\/fuentesalyarenillas.com\/<\/a><\/p>\n<\/div><\/section><\/div>\n\n<style type=\"text\/css\" data-created_by=\"avia_inline_auto\" id=\"style-css-av-20h1x-3f47f00fc38a81e0701a1a954ffa410b\">\n#top .av-special-heading.av-20h1x-3f47f00fc38a81e0701a1a954ffa410b{\npadding-bottom:10px;\n}\nbody .av-special-heading.av-20h1x-3f47f00fc38a81e0701a1a954ffa410b .av-special-heading-tag .heading-char{\nfont-size:25px;\n}\n.av-special-heading.av-20h1x-3f47f00fc38a81e0701a1a954ffa410b .av-subheading{\nfont-size:15px;\n}\n<\/style>\n<div  class='av-special-heading av-20h1x-3f47f00fc38a81e0701a1a954ffa410b av-special-heading-h4 blockquote modern-quote modern-centered  avia-builder-el-13  el_after_av_one_half  el_before_av_hr '><h4 class='av-special-heading-tag '  itemprop=\"headline\"  >CRISTINA GARRIDO<\/h4><div class=\"special-heading-border\"><div class=\"special-heading-inner-border\"><\/div><\/div><\/div>\n\n<style type=\"text\/css\" data-created_by=\"avia_inline_auto\" id=\"style-css-av-6lcp1x-76598426edfca44b334d4e308a879194\">\n#top .hr.hr-invisible.av-6lcp1x-76598426edfca44b334d4e308a879194{\nheight:50px;\n}\n<\/style>\n<div  class='hr av-6lcp1x-76598426edfca44b334d4e308a879194 hr-invisible  avia-builder-el-14  el_after_av_heading  el_before_av_one_half '><span class='hr-inner '><span class=\"hr-inner-style\"><\/span><\/span><\/div>\n<div  class='flex_column av-4j9ath-99da244bf2b79709bdee11f044df458a av_one_half  avia-builder-el-15  el_after_av_hr  el_before_av_one_half  first flex_column_div  '     ><style type=\"text\/css\" data-created_by=\"avia_inline_auto\" id=\"style-css-av-m2isihhi-228e62d4b609cd89371ad53e678579c8\">\n.avia-image-container.av-m2isihhi-228e62d4b609cd89371ad53e678579c8 img.avia_image{\nbox-shadow:none;\n}\n.avia-image-container.av-m2isihhi-228e62d4b609cd89371ad53e678579c8 .av-image-caption-overlay-center{\ncolor:#ffffff;\n}\n<\/style>\n<div  class='avia-image-container av-m2isihhi-228e62d4b609cd89371ad53e678579c8 av-styling- avia-align-center  avia-builder-el-16  avia-builder-el-no-sibling '   itemprop=\"image\" itemscope=\"itemscope\" itemtype=\"https:\/\/schema.org\/ImageObject\" ><div class=\"avia-image-container-inner\"><div class=\"avia-image-overlay-wrap\"><img decoding=\"async\" fetchpriority=\"high\" class='wp-image-1168 avia-img-lazy-loading-not-1168 avia_image ' src=\"https:\/\/www.bbaa.uma.es\/master\/wp-content\/uploads\/2024\/10\/03-Garrido-495x400.jpg\" alt='' title='03-Garrido'  height=\"400\" width=\"495\"  itemprop=\"thumbnailUrl\" srcset=\"https:\/\/www.bbaa.uma.es\/master\/wp-content\/uploads\/2024\/10\/03-Garrido-495x400.jpg 495w, https:\/\/www.bbaa.uma.es\/master\/wp-content\/uploads\/2024\/10\/03-Garrido-300x242.jpg 300w, https:\/\/www.bbaa.uma.es\/master\/wp-content\/uploads\/2024\/10\/03-Garrido.jpg 619w\" sizes=\"(max-width: 495px) 100vw, 495px\" \/><\/div><\/div><\/div><\/div>\n<div  class='flex_column av-apm79-041183af91ea549eb2f201b38b94c22f av_one_half  avia-builder-el-17  el_after_av_one_half  el_before_av_heading  flex_column_div  '     ><section  class='av_textblock_section av-m2isiruv-54d196f596dfd2d4e045f33dface98fc '   itemscope=\"itemscope\" itemtype=\"https:\/\/schema.org\/CreativeWork\" ><div class='avia_textblock'  itemprop=\"text\" ><p><strong>Cristina Garrido<\/strong>, nacida en 1986 en Madrid, Espa\u00f1a, Cristina Garrido es una artista visual con base en Madrid. Realiz\u00f3 sus estudios en Bellas Artes en la Universidad Complutense de Madrid (2004-2009) y en el Camberwell College of Arts (2007-2008), obteniendo posteriormente un MA Fine Arts por el Wimbledon College of Art (2010-2011) con la Beca de Postgrado de la Fundaci\u00f3 \u00abla Caixa\u00bb para estudios en Gran Breta\u00f1a.<\/p>\n<p>Sus proyectos art\u00edsticos han sido reconocidos con varios galardones, incluyendo el Premio Generaci\u00f3n 2015 Proyectos de Arte Fundaci\u00f3n Montemadrid (2015), la Beca de Artes Visuales de la Fundaci\u00f3n Bot\u00edn (2017-2018) y el Premio ARCO para j\u00f3venes artistas (2018). Ha participado en exposiciones en Kupferstich-Kabinett\/ Staatliche Kunstsammlungen Dresden en Dresde, The British Museum en Londres, Museo Centro de Arte Dos de Mayo en M\u00f3stoles\/Madrid, Festival PHotoESPA\u00d1A, On Curating Project Space en Z\u00farich, Centro Bot\u00edn en Santander, Fundaci\u00f3n DIDAC en Santiago de Compostela, Centro Andaluz de Arte Contempor\u00e1neo (CAAC) en Sevilla, CASS Sculpture Foundation en West Sussex, Centrale for Contemporary Art en Bruselas, Contemporary Art Museum of Estonia \u2013 EKKM en Tall\u00edn, CentroCentro en Madrid, l\u2019ISELP \u2013 institut sup\u00e9rieur pour l\u2019\u00e9tude du langage plastique en Bruselas, MAC Birmingham en Birmingham, Espacio Ode\u00f3n en Bogot\u00e1, Fundaci\u00f3n Lu\u00eds Soane en A Coru\u00f1a, Taxispalais Kunsthalle Tirol en Innsbruck, SESC Sorocaba en Sorocaba\/S\u00e2o Paulo, La Casa Encendida en Madrid, Lugar a Dudas en Cali, Spike Island en Bristol, Matadero en Madrid y AKV St. Joost en Den Bosch, entre otros.<\/p>\n<p>Ha sido part\u00edcipe de seminarios y conferencias organizadas por instituciones internacionales como The Photographers Gallery en Londres, Van Abbemuseum en Eindhoven, MoBY Museums of Bat Yam en Bat Yam, o La Triennale di Milano en Mil\u00e1n, y sus trabajos han sido incorporados a colecciones como MACBA en Barcelona, Museo Centro de Arte Dos de Mayo \u2013 CA2M en M\u00f3stoles, el Museo Brit\u00e1nico en Londres, TBA21, o Kupferstich-Kabinett, Staatliche Kunstsammlungen Dresden en Dresde.<\/p>\n<p><a href=\"https:\/\/cristina-garrido.com\/\">https:\/\/cristina-garrido.com\/<\/a><\/p>\n<\/div><\/section><\/div>\n\n<style type=\"text\/css\" data-created_by=\"avia_inline_auto\" id=\"style-css-av-m2isi4xb-6e199954d47af0d3dfdb7822c2fcff28\">\n#top .av-special-heading.av-m2isi4xb-6e199954d47af0d3dfdb7822c2fcff28{\npadding-bottom:10px;\n}\nbody .av-special-heading.av-m2isi4xb-6e199954d47af0d3dfdb7822c2fcff28 .av-special-heading-tag .heading-char{\nfont-size:25px;\n}\n.av-special-heading.av-m2isi4xb-6e199954d47af0d3dfdb7822c2fcff28 .av-subheading{\nfont-size:15px;\n}\n<\/style>\n<div  class='av-special-heading av-m2isi4xb-6e199954d47af0d3dfdb7822c2fcff28 av-special-heading-h4 blockquote modern-quote modern-centered  avia-builder-el-19  el_after_av_one_half  el_before_av_hr '><h4 class='av-special-heading-tag '  itemprop=\"headline\"  >JOS\u00c9 LUIS P\u00c9REZ PONT<\/h4><div class=\"special-heading-border\"><div class=\"special-heading-inner-border\"><\/div><\/div><\/div>\n\n<style type=\"text\/css\" data-created_by=\"avia_inline_auto\" id=\"style-css-av-av_hr-3a876428eececa9d35452247ddb053af\">\n#top .hr.hr-invisible.av-av_hr-3a876428eececa9d35452247ddb053af{\nheight:50px;\n}\n<\/style>\n<div  class='hr av-av_hr-3a876428eececa9d35452247ddb053af hr-invisible  avia-builder-el-20  el_after_av_heading  el_before_av_one_half '><span class='hr-inner '><span class=\"hr-inner-style\"><\/span><\/span><\/div>\n<div  class='flex_column av-3k85l1-ec494f000a0b7203566d67e166716409 av_one_half  avia-builder-el-21  el_after_av_hr  el_before_av_one_half  first flex_column_div  '     ><style type=\"text\/css\" data-created_by=\"avia_inline_auto\" id=\"style-css-av-m2isk4cy-81175918b67fd56f52c0d85df839f7e3\">\n.avia-image-container.av-m2isk4cy-81175918b67fd56f52c0d85df839f7e3 img.avia_image{\nbox-shadow:none;\n}\n.avia-image-container.av-m2isk4cy-81175918b67fd56f52c0d85df839f7e3 .av-image-caption-overlay-center{\ncolor:#ffffff;\n}\n<\/style>\n<div  class='avia-image-container av-m2isk4cy-81175918b67fd56f52c0d85df839f7e3 av-styling- avia-align-center  avia-builder-el-22  avia-builder-el-no-sibling '   itemprop=\"image\" itemscope=\"itemscope\" itemtype=\"https:\/\/schema.org\/ImageObject\" ><div class=\"avia-image-container-inner\"><div class=\"avia-image-overlay-wrap\"><img decoding=\"async\" fetchpriority=\"high\" class='wp-image-1309 avia-img-lazy-loading-not-1309 avia_image ' src=\"https:\/\/www.bbaa.uma.es\/master\/wp-content\/uploads\/2024\/10\/foto-JL-Perez-Pont-1.jpg\" alt='' title='foto-JL-P\u00e9rez-Pont'  height=\"400\" width=\"495\"  itemprop=\"thumbnailUrl\" srcset=\"https:\/\/www.bbaa.uma.es\/master\/wp-content\/uploads\/2024\/10\/foto-JL-Perez-Pont-1.jpg 495w, https:\/\/www.bbaa.uma.es\/master\/wp-content\/uploads\/2024\/10\/foto-JL-Perez-Pont-1-300x242.jpg 300w\" sizes=\"(max-width: 495px) 100vw, 495px\" \/><\/div><\/div><\/div><\/div>\n<div  class='flex_column av-2hgu3p-f28d04937e8dc49e14f9145e52c5ac45 av_one_half  avia-builder-el-23  el_after_av_one_half  avia-builder-el-last  flex_column_div  '     ><section  class='av_textblock_section av-m2iskfg6-696215d44e49defc478d0247dff8b320 '   itemscope=\"itemscope\" itemtype=\"https:\/\/schema.org\/CreativeWork\" ><div class='avia_textblock'  itemprop=\"text\" ><p><strong>Jos\u00e9 Luis P\u00e9rez Pont<\/strong>\u00a0(Alicante, 1972) es Director art\u00edstico de la Candidatura de Las Palmas de Gran Canaria a Capital Europea de la Cultura 2031. Licenciado en derecho y doctor en bellas artes, su tesis \u00abLa mediaci\u00f3n social del arte en el espacio p\u00fablico. Ahora, despu\u00e9s, nunca\u00bb obtuvo Premio Extraordinario. Como profesional independiente, ha gestionado y desarrollado numerosos proyectos y convocatorias art\u00edsticas desde un enfoque de an\u00e1lisis y prospecci\u00f3n social, tanto en instituciones p\u00fablicas como privadas. Ha sido presidente de la Associaci\u00f3 Valenciana de Cr\u00edtics d\u2019Art (2009-2015), presidente del Consejo de Cr\u00edticos y Comisarios de Artes Visuales de Espa\u00f1a (2011-2013) y cofundador y codirector de la Revista de Artes Visuales y Cultura Contempor\u00e1nea MAKMA (2012-2016). Seleccionado a trav\u00e9s de una convocatoria p\u00fablica, ha sido director-gerente del Consorci de Museus de la Comunitat Valenciana y director art\u00edstico del Centre del Carme Cultura Contempor\u00e0nia CCCC (2016-2023). Al frente del Consorci de Museus, dedicado a la vertebraci\u00f3n de la Comunitat Valenciana a trav\u00e9s del arte y la cultura, ha impulsado un modelo de gesti\u00f3n cultural basado en la igualdad de oportunidades, la accesibilidad y la transparencia, que ha transformado el modelo de instituci\u00f3n cultural imperante. El apoyo a un nuevo proyecto de educaci\u00f3n y mediaci\u00f3n ha potenciado el acercamiento de nuevos p\u00fablicos al Centre del Carme y al resto de museos incluidos en la red del Consorci de Museus, con especial impacto en el p\u00fablico familiar e infantil y en el p\u00fablico joven. Junto con la Universitat de Val\u00e8ncia, impuls\u00f3 el exitoso M\u00e1ster PERMEA, Programa experimental de mediaci\u00f3n y educaci\u00f3n a trav\u00e9s del arte, que celebra actualmente su s\u00e9ptima edici\u00f3n. Bajo su direcci\u00f3n, logr\u00f3 situar el Centre del Carme como una de las instituciones culturales mejor valoradas por el p\u00fablico y los especialistas en el Estado espa\u00f1ol, en el puesto 8 del Observatorio de la cultura en Espa\u00f1a 2023 (Fundaci\u00f3n Contempor\u00e1nea).<\/p>\n<\/div><\/section><\/div>\n","protected":false},"excerpt":{"rendered":"","protected":false},"author":4,"featured_media":0,"parent":0,"menu_order":0,"comment_status":"closed","ping_status":"closed","template":"","meta":{"footnotes":""},"class_list":["post-1333","page","type-page","status-publish","hentry"],"_links":{"self":[{"href":"https:\/\/www.bbaa.uma.es\/master\/wp-json\/wp\/v2\/pages\/1333","targetHints":{"allow":["GET"]}}],"collection":[{"href":"https:\/\/www.bbaa.uma.es\/master\/wp-json\/wp\/v2\/pages"}],"about":[{"href":"https:\/\/www.bbaa.uma.es\/master\/wp-json\/wp\/v2\/types\/page"}],"author":[{"embeddable":true,"href":"https:\/\/www.bbaa.uma.es\/master\/wp-json\/wp\/v2\/users\/4"}],"replies":[{"embeddable":true,"href":"https:\/\/www.bbaa.uma.es\/master\/wp-json\/wp\/v2\/comments?post=1333"}],"version-history":[{"count":5,"href":"https:\/\/www.bbaa.uma.es\/master\/wp-json\/wp\/v2\/pages\/1333\/revisions"}],"predecessor-version":[{"id":1381,"href":"https:\/\/www.bbaa.uma.es\/master\/wp-json\/wp\/v2\/pages\/1333\/revisions\/1381"}],"wp:attachment":[{"href":"https:\/\/www.bbaa.uma.es\/master\/wp-json\/wp\/v2\/media?parent=1333"}],"curies":[{"name":"wp","href":"https:\/\/api.w.org\/{rel}","templated":true}]}}