{"id":1282,"date":"2024-10-17T18:36:51","date_gmt":"2024-10-17T18:36:51","guid":{"rendered":"https:\/\/www.bbaa.uma.es\/master\/?page_id=1282"},"modified":"2026-02-09T15:49:04","modified_gmt":"2026-02-09T15:49:04","slug":"docentes-invitados-2024-25","status":"publish","type":"page","link":"https:\/\/www.bbaa.uma.es\/master\/docentes-invitados-2024-25\/","title":{"rendered":"Docentes Invitados 2024\/25"},"content":{"rendered":"<section  class='av_textblock_section av-m2ebeve8-1fccc3cb5c9006e76885633f4da70b13 '   itemscope=\"itemscope\" itemtype=\"https:\/\/schema.org\/CreativeWork\" ><div class='avia_textblock'  itemprop=\"text\" ><p><span style=\"font-size: 35pt; line-height: 105%; font-family: 'Candara',sans-serif; mso-bidi-font-family: Calibri;\">DOCENTES <\/span><span style=\"font-size: 35pt; line-height: 105%; font-family: 'Candara',sans-serif; mso-bidi-font-family: Calibri;\">INVITADOS\/AS <\/span><span style=\"font-size: 35pt; line-height: 105%; font-family: 'Candara',sans-serif; mso-bidi-font-family: Calibri;\"><span style=\"font-size: 10 pt; line-height: 105%; font-family: 'Candara',sans-serif; mso-bidi-font-family: Calibri;\"><span style=\"color: #000000;\"><strong>2024\/2025<\/strong><\/span><\/span><\/span><\/p>\n<\/div><\/section>\n<div  class='hr av-4pe2b6-ce407dbb164c45bca267e76fe946bbad hr-default  avia-builder-el-1  el_after_av_textblock  el_before_av_hr '><span class='hr-inner '><span class=\"hr-inner-style\"><\/span><\/span><\/div>\n\n<style type=\"text\/css\" data-created_by=\"avia_inline_auto\" id=\"style-css-av-m2do31hx-cc81d62ad8117412d1d36c7f2ac64444\">\n#top .hr.hr-invisible.av-m2do31hx-cc81d62ad8117412d1d36c7f2ac64444{\nheight:50px;\n}\n<\/style>\n<div  class='hr av-m2do31hx-cc81d62ad8117412d1d36c7f2ac64444 hr-invisible  avia-builder-el-2  el_after_av_hr  el_before_av_heading '><span class='hr-inner '><span class=\"hr-inner-style\"><\/span><\/span><\/div>\n\n<style type=\"text\/css\" data-created_by=\"avia_inline_auto\" id=\"style-css-av-m2dns8c6-8cd7587686951e54100405424f2bd74f\">\n#top .av-special-heading.av-m2dns8c6-8cd7587686951e54100405424f2bd74f{\npadding-bottom:10px;\n}\nbody .av-special-heading.av-m2dns8c6-8cd7587686951e54100405424f2bd74f .av-special-heading-tag .heading-char{\nfont-size:25px;\n}\n.av-special-heading.av-m2dns8c6-8cd7587686951e54100405424f2bd74f .av-subheading{\nfont-size:15px;\n}\n<\/style>\n<div  class='av-special-heading av-m2dns8c6-8cd7587686951e54100405424f2bd74f av-special-heading-h4 blockquote modern-quote modern-centered  avia-builder-el-3  el_after_av_hr  el_before_av_hr '><h4 class='av-special-heading-tag '  itemprop=\"headline\"  >\u00c1NGEL CALVO ULLOA<\/h4><div class=\"special-heading-border\"><div class=\"special-heading-inner-border\"><\/div><\/div><\/div>\n\n<style type=\"text\/css\" data-created_by=\"avia_inline_auto\" id=\"style-css-av-9lhvc2-0a4a69498d60ad092925131ace0b5d04\">\n#top .hr.hr-invisible.av-9lhvc2-0a4a69498d60ad092925131ace0b5d04{\nheight:50px;\n}\n<\/style>\n<div  class='hr av-9lhvc2-0a4a69498d60ad092925131ace0b5d04 hr-invisible  avia-builder-el-4  el_after_av_heading  el_before_av_one_half '><span class='hr-inner '><span class=\"hr-inner-style\"><\/span><\/span><\/div>\n<div  class='flex_column av-ptqj9e-b9515639a4638193af81e52cb0a3dfe8 av_one_half  avia-builder-el-5  el_after_av_hr  el_before_av_one_half  first flex_column_div  '     ><style type=\"text\/css\" data-created_by=\"avia_inline_auto\" id=\"style-css-av-m2dnit4g-5b4c098994041a0a3ca8b1fc2d540d42\">\n.avia-image-container.av-m2dnit4g-5b4c098994041a0a3ca8b1fc2d540d42 img.avia_image{\nbox-shadow:none;\n}\n.avia-image-container.av-m2dnit4g-5b4c098994041a0a3ca8b1fc2d540d42 .av-image-caption-overlay-center{\ncolor:#ffffff;\n}\n<\/style>\n<div  class='avia-image-container av-m2dnit4g-5b4c098994041a0a3ca8b1fc2d540d42 av-styling- avia-align-center  avia-builder-el-6  avia-builder-el-no-sibling '   itemprop=\"image\" itemscope=\"itemscope\" itemtype=\"https:\/\/schema.org\/ImageObject\" ><div class=\"avia-image-container-inner\"><div class=\"avia-image-overlay-wrap\"><img decoding=\"async\" fetchpriority=\"high\" class='wp-image-1166 avia-img-lazy-loading-not-1166 avia_image ' src=\"https:\/\/www.bbaa.uma.es\/master\/wp-content\/uploads\/2024\/10\/02-Calvo-495x400.jpg\" alt='' title='02-Calvo'  height=\"400\" width=\"495\"  itemprop=\"thumbnailUrl\" srcset=\"https:\/\/www.bbaa.uma.es\/master\/wp-content\/uploads\/2024\/10\/02-Calvo-495x400.jpg 495w, https:\/\/www.bbaa.uma.es\/master\/wp-content\/uploads\/2024\/10\/02-Calvo-300x242.jpg 300w, https:\/\/www.bbaa.uma.es\/master\/wp-content\/uploads\/2024\/10\/02-Calvo.jpg 619w\" sizes=\"(max-width: 495px) 100vw, 495px\" \/><\/div><\/div><\/div><\/div>\n<div  class='flex_column av-nc1soy-bdfa8665cd421ca1de40acc97ce70386 av_one_half  avia-builder-el-7  el_after_av_one_half  el_before_av_heading  flex_column_div  '     ><section  class='av_textblock_section av-lu27k2-994e18caa35145726d1405c3037cbc23 '   itemscope=\"itemscope\" itemtype=\"https:\/\/schema.org\/CreativeWork\" ><div class='avia_textblock'  itemprop=\"text\" ><p><strong>\u00c1ngel Calvo Ulloa <\/strong>(Lal\u00edn, 1984) es comisario y escritor. Licenciado en Historia del Arte por la Universidade de Santiago de Compostela (USC) y M\u00e1ster en Arte Contempor\u00e1neo: Creaci\u00f3n e investigaci\u00f3n por la Universidade de Vigo (UVigo), ha desarrollado su labor en diversas instituciones nacionales e internacionales. Ha sido cocomisario de\u00a0<em>O Fantasma da Liberdade \/\u00a0Anozero\u00a0Bienal de Coimbra 2024,\u00a0<\/em>junto con Marta Mestre. \u00a0Entre sus \u00faltimos proyectos curatoriales cabe destacar\u00a0<em>\u00bfAd\u00f3nde ir\u00e1 el p\u00e1jaro que no vuele?<\/em>, en La Casa Encendida (Madrid);\u00a0<em>Humores y Espesores<\/em>, de Rodr\u00edguez-M\u00e9ndez, en el Centro de Arte Dos de Mayo (CA2M) (M\u00f3stoles, Madrid);\u00a0<em>El sue\u00f1o de la c\u00f3lcedra<\/em>, de Teresa Lanceta, en el Museo Patio Herreriano (Valladolid);\u00a0<em>Siron Franco: Pensamento insubordinado (Trabalhos, 1961-2023)<\/em>, en Museu de Arte Contempor\u00e2nea de Goi\u00e1s (MAC Goi\u00e1s) (Goi\u00e2nia,Brasil);\u00a0<em>Anidar en el gesto: unas estanter\u00edas de Alberto<\/em>, en Fundaci\u00f3n Cerezales Antonio y Cinia (Cerezales del Condado, Le\u00f3n);\u00a0<em>Autoconstrucci\u00f3n. Piezas sueltas. Juego y experiencia<\/em>, de Antonio Ballester Moreno, en Artium (Vitoria-Gasteiz);\u00a0<em>Complexo Colosso<\/em>, en Centro Internacional das Artes Jos\u00e9 de Guimar\u00e3es (CIAJG) (Guimar\u00e3es, Portugal); o, junto a Nuria Enguita,\u00a0<em>Habitaci\u00f3n. El Archivo F.X., las chekas psicot\u00e9cnicas de Laurencic y la funci\u00f3n del arte<\/em>, de Pedro G. Romero, en el Centro de Arte Dos de Mayo (CA2M) (M\u00f3stoles Madrid), el Museu Nacional d\u2019Art de Catalunya (MNAC) (Barcelona) y el Centro Cultural La Nau (Valencia).\u00a0En 2020 public\u00f3, junto a Juan Canela, el libro\u00a0<em>Desde lo curatorial. Conversaciones, experiencias y afectos<\/em>, dentro de la Colecci\u00f3n Paper de Consonni.\u00a0Actualmente puede visitarse la exposici\u00f3n de Juan Usl\u00e9 que ha comisariado para el Museo Nacional Centro de Arte Reina Sof\u00eda (Madrid): <em>Juan Usl\u00e9. Ese barco en la monta\u00f1a.<\/em><\/p>\n<p><a href=\"https:\/\/www.instagram.com\/angelcalvoulloa\/?hl=es\">https:\/\/www.instagram.com\/angelcalvoulloa\/?hl=es<\/a><\/p>\n<\/div><\/section><\/div>\n\n<style type=\"text\/css\" data-created_by=\"avia_inline_auto\" id=\"style-css-av-84ci5u-14980c0bef9ee09fd637caa00a4ea402\">\n#top .av-special-heading.av-84ci5u-14980c0bef9ee09fd637caa00a4ea402{\npadding-bottom:10px;\n}\nbody .av-special-heading.av-84ci5u-14980c0bef9ee09fd637caa00a4ea402 .av-special-heading-tag .heading-char{\nfont-size:25px;\n}\n.av-special-heading.av-84ci5u-14980c0bef9ee09fd637caa00a4ea402 .av-subheading{\nfont-size:15px;\n}\n<\/style>\n<div  class='av-special-heading av-84ci5u-14980c0bef9ee09fd637caa00a4ea402 av-special-heading-h4 blockquote modern-quote modern-centered  avia-builder-el-9  el_after_av_one_half  el_before_av_hr '><h4 class='av-special-heading-tag '  itemprop=\"headline\"  >JORGE FERN\u00c1NDEZ<\/h4><div class=\"special-heading-border\"><div class=\"special-heading-inner-border\"><\/div><\/div><\/div>\n\n<style type=\"text\/css\" data-created_by=\"avia_inline_auto\" id=\"style-css-av-2w4b9e-1df7bba62a74607ed52d0e8554eca4ad\">\n#top .hr.hr-invisible.av-2w4b9e-1df7bba62a74607ed52d0e8554eca4ad{\nheight:50px;\n}\n<\/style>\n<div  class='hr av-2w4b9e-1df7bba62a74607ed52d0e8554eca4ad hr-invisible  avia-builder-el-10  el_after_av_heading  el_before_av_one_half '><span class='hr-inner '><span class=\"hr-inner-style\"><\/span><\/span><\/div>\n<div  class='flex_column av-4jnvgy-53ddfbbc2342b727ae97b7fe7e2d9804 av_one_half  avia-builder-el-11  el_after_av_hr  el_before_av_one_half  first flex_column_div  '     ><style type=\"text\/css\" data-created_by=\"avia_inline_auto\" id=\"style-css-av-m2dnxhyt-e632b88b1a7dce6dbb6b5abcc8348bdb\">\n.avia-image-container.av-m2dnxhyt-e632b88b1a7dce6dbb6b5abcc8348bdb img.avia_image{\nbox-shadow:none;\n}\n.avia-image-container.av-m2dnxhyt-e632b88b1a7dce6dbb6b5abcc8348bdb .av-image-caption-overlay-center{\ncolor:#ffffff;\n}\n<\/style>\n<div  class='avia-image-container av-m2dnxhyt-e632b88b1a7dce6dbb6b5abcc8348bdb av-styling- avia-align-center  avia-builder-el-12  avia-builder-el-no-sibling '   itemprop=\"image\" itemscope=\"itemscope\" itemtype=\"https:\/\/schema.org\/ImageObject\" ><div class=\"avia-image-container-inner\"><div class=\"avia-image-overlay-wrap\"><img decoding=\"async\" fetchpriority=\"high\" class='wp-image-1307 avia-img-lazy-loading-not-1307 avia_image ' src=\"https:\/\/www.bbaa.uma.es\/master\/wp-content\/uploads\/2024\/10\/fdez-jorge.jpg\" alt='' title='fdez-jorge'  height=\"400\" width=\"495\"  itemprop=\"thumbnailUrl\" srcset=\"https:\/\/www.bbaa.uma.es\/master\/wp-content\/uploads\/2024\/10\/fdez-jorge.jpg 495w, https:\/\/www.bbaa.uma.es\/master\/wp-content\/uploads\/2024\/10\/fdez-jorge-300x242.jpg 300w\" sizes=\"(max-width: 495px) 100vw, 495px\" \/><\/div><\/div><\/div><\/div>\n<div  class='flex_column av-1vn30y-aef93ac77b4edc2e85e1dc1fe82fe87a av_one_half  avia-builder-el-13  el_after_av_one_half  el_before_av_hr  flex_column_div  '     ><section  class='av_textblock_section av-m2dnxw7m-264270cac8f0bb60b01d9fb09aacca2b '   itemscope=\"itemscope\" itemtype=\"https:\/\/schema.org\/CreativeWork\" ><div class='avia_textblock'  itemprop=\"text\" ><p><strong>Jorge Fern\u00e1ndez<\/strong> (La Habana, 1965) es profesor de Estudios Te\u00f3ricos en la Universidad de las Artes de Cuba desde 1999. Es historiador del arte, cr\u00edtico y curador. Ha impartido numerosos talleres y conferencias sobre temas relacionados con el arte contempor\u00e1neo, la arquitectura, la comunicaci\u00f3n y el desarrollo del cine y el audiovisual, invitado por numerosas universidades tanto americanas como europeas. Actualmente dirige el Museo Nacional de Bellas Artes de Cuba y anteriormente, se desempe\u00f1\u00f3 como Director del Centro de Arte Contempor\u00e1neo Wifredo Lam y de la 12\u00aa Bienal de La Habana (2015). Ha sido miembro del Comit\u00e9 Ejecutivo de la Fundaci\u00f3n Mundial de Bienales.<\/p>\n<\/div><\/section><\/div>\n<div  class='hr av-ajeea-cd2cddb3ee227aeea9820fbe0974d314 hr-default  avia-builder-el-15  el_after_av_one_half  avia-builder-el-last '><span class='hr-inner '><span class=\"hr-inner-style\"><\/span><\/span><\/div>\n","protected":false},"excerpt":{"rendered":"","protected":false},"author":4,"featured_media":0,"parent":0,"menu_order":0,"comment_status":"closed","ping_status":"closed","template":"","meta":{"footnotes":""},"class_list":["post-1282","page","type-page","status-publish","hentry"],"_links":{"self":[{"href":"https:\/\/www.bbaa.uma.es\/master\/wp-json\/wp\/v2\/pages\/1282","targetHints":{"allow":["GET"]}}],"collection":[{"href":"https:\/\/www.bbaa.uma.es\/master\/wp-json\/wp\/v2\/pages"}],"about":[{"href":"https:\/\/www.bbaa.uma.es\/master\/wp-json\/wp\/v2\/types\/page"}],"author":[{"embeddable":true,"href":"https:\/\/www.bbaa.uma.es\/master\/wp-json\/wp\/v2\/users\/4"}],"replies":[{"embeddable":true,"href":"https:\/\/www.bbaa.uma.es\/master\/wp-json\/wp\/v2\/comments?post=1282"}],"version-history":[{"count":5,"href":"https:\/\/www.bbaa.uma.es\/master\/wp-json\/wp\/v2\/pages\/1282\/revisions"}],"predecessor-version":[{"id":1417,"href":"https:\/\/www.bbaa.uma.es\/master\/wp-json\/wp\/v2\/pages\/1282\/revisions\/1417"}],"wp:attachment":[{"href":"https:\/\/www.bbaa.uma.es\/master\/wp-json\/wp\/v2\/media?parent=1282"}],"curies":[{"name":"wp","href":"https:\/\/api.w.org\/{rel}","templated":true}]}}