{"id":1135,"date":"2023-10-26T17:32:28","date_gmt":"2023-10-26T17:32:28","guid":{"rendered":"https:\/\/www.bbaa.uma.es\/master\/?page_id=1135"},"modified":"2023-10-31T09:49:23","modified_gmt":"2023-10-31T09:49:23","slug":"profesionales-invitados-2023-24","status":"publish","type":"page","link":"https:\/\/www.bbaa.uma.es\/master\/profesionales-invitados-2023-24\/","title":{"rendered":"Profesionales Invitados 2023\/24"},"content":{"rendered":"\n<style type=\"text\/css\" data-created_by=\"avia_inline_auto\" id=\"style-css-av-1ajkgdb-edf6c9ce2dbeb63405e63f1e9fa4834f\">\n.avia-section.av-1ajkgdb-edf6c9ce2dbeb63405e63f1e9fa4834f .av-parallax .av-parallax-inner{\nbackground-repeat:no-repeat;\nbackground-image:url(https:\/\/www.bbaa.uma.es\/master\/wp-content\/uploads\/2022\/08\/cabecera-full-1600x350-1.jpg);\nbackground-position:50% 0%;\nbackground-attachment:scroll;\n}\n.avia-section.av-1ajkgdb-edf6c9ce2dbeb63405e63f1e9fa4834f .av-section-color-overlay{\nopacity:0.4;\nbackground-color:#eaeaea;\n}\n<\/style>\n<div id='av_section_1'  class='avia-section av-1ajkgdb-edf6c9ce2dbeb63405e63f1e9fa4834f main_color avia-section-no-padding avia-no-border-styling  avia-builder-el-0  el_before_av_section  avia-builder-el-first  avia-full-contain av-parallax-section avia-bg-style-parallax av-section-color-overlay-active av-minimum-height av-minimum-height-custom av-height-custom  container_wrap sidebar_right'  data-section-bg-repeat='contain' data-av_minimum_height_px='220'><div class='av-parallax' data-avia-parallax-ratio='0.3' ><div class='av-parallax-inner main_color avia-full-contain'><\/div><\/div><div class=\"av-section-color-overlay-wrap\"><div class=\"av-section-color-overlay\"><\/div><div class='container av-section-cont-open' style='height:220px'><main  role=\"main\" itemprop=\"mainContentOfPage\"  class='template-page content  av-content-small alpha units'><div class='post-entry post-entry-type-page post-entry-1135'><div class='entry-content-wrapper clearfix'>\n\n<style type=\"text\/css\" data-created_by=\"avia_inline_auto\" id=\"style-css-av-lo7gflc0-671ec04ac02723182f682934d0195ec0\">\n#top .av-special-heading.av-lo7gflc0-671ec04ac02723182f682934d0195ec0{\npadding-bottom:10px;\n}\nbody .av-special-heading.av-lo7gflc0-671ec04ac02723182f682934d0195ec0 .av-special-heading-tag .heading-char{\nfont-size:25px;\n}\n.av-special-heading.av-lo7gflc0-671ec04ac02723182f682934d0195ec0 .av-subheading{\nfont-size:15px;\n}\n<\/style>\n<div  class='av-special-heading av-lo7gflc0-671ec04ac02723182f682934d0195ec0 av-special-heading-h2  avia-builder-el-1  el_before_av_textblock  avia-builder-el-first '><h2 class='av-special-heading-tag '  itemprop=\"headline\"  >Profesionales Invitados 2023\/24<\/h2><div class=\"special-heading-border\"><div class=\"special-heading-inner-border\"><\/div><\/div><\/div>\n<section  class='av_textblock_section av-4hss8f-68a05f2bab7c711d79960c92d549af70 '   itemscope=\"itemscope\" itemtype=\"https:\/\/schema.org\/CreativeWork\" ><div class='avia_textblock'  itemprop=\"text\" ><p><span style=\"background-color: white !important; color: black; font-weight: 200; padding: 4px 6px;\">Profesionalizaci\u00f3n del Arte<\/span><\/p>\n<\/div><\/section>\n\n<\/div><\/div><\/main><!-- close content main element --><\/div><\/div><\/div><div id='av_section_2'  class='avia-section av-17kx2rz-069a003a56e32808629dd52b3eff4824 main_color avia-section-large avia-no-border-styling  avia-builder-el-3  el_after_av_section  el_before_av_section  avia-bg-style-scroll container_wrap sidebar_right'  ><div class='container av-section-cont-open' ><div class='template-page content  av-content-small alpha units'><div class='post-entry post-entry-type-page post-entry-1135'><div class='entry-content-wrapper clearfix'>\n\n<style type=\"text\/css\" data-created_by=\"avia_inline_auto\" id=\"style-css-av-160994v-cbcf34089782d3693bef69379282c665\">\n#top .hr.hr-invisible.av-160994v-cbcf34089782d3693bef69379282c665{\nheight:50px;\n}\n<\/style>\n<div  class='hr av-160994v-cbcf34089782d3693bef69379282c665 hr-invisible  avia-builder-el-4  el_before_av_one_third  avia-builder-el-first '><span class='hr-inner '><span class=\"hr-inner-style\"><\/span><\/span><\/div>\n<div  class='flex_column av-150sw27-aea332bc962ef4d81f3f1979e9dff312 av_one_third  avia-builder-el-5  el_after_av_hr  el_before_av_two_third  first flex_column_div av-animated-generic left-to-right  '     ><style type=\"text\/css\" data-created_by=\"avia_inline_auto\" id=\"style-css-av-128zs7j-9c6fa740da707bfcae8eb1b1136cf69c\">\n.avia-image-container.av-128zs7j-9c6fa740da707bfcae8eb1b1136cf69c img.avia_image{\nbox-shadow:none;\n}\n.avia-image-container.av-128zs7j-9c6fa740da707bfcae8eb1b1136cf69c .av-image-caption-overlay-center{\ncolor:#ffffff;\n}\n<\/style>\n<div  class='avia-image-container av-128zs7j-9c6fa740da707bfcae8eb1b1136cf69c av-styling- avia-align-center  avia-builder-el-6  avia-builder-el-no-sibling '   itemprop=\"image\" itemscope=\"itemscope\" itemtype=\"https:\/\/schema.org\/ImageObject\" ><div class=\"avia-image-container-inner\"><div class=\"avia-image-overlay-wrap\"><img decoding=\"async\" fetchpriority=\"high\" class='wp-image-1137 avia-img-lazy-loading-not-1137 avia_image ' src=\"https:\/\/www.bbaa.uma.es\/master\/wp-content\/uploads\/2023\/10\/Carlos-Macia\u0301-b.jpg\" alt='' title='Carlos Macia\u0301'  height=\"400\" width=\"495\"  itemprop=\"thumbnailUrl\" srcset=\"https:\/\/www.bbaa.uma.es\/master\/wp-content\/uploads\/2023\/10\/Carlos-Macia\u0301-b.jpg 495w, https:\/\/www.bbaa.uma.es\/master\/wp-content\/uploads\/2023\/10\/Carlos-Macia\u0301-b-300x242.jpg 300w\" sizes=\"(max-width: 495px) 100vw, 495px\" \/><\/div><\/div><\/div><\/div>\n<style type=\"text\/css\" data-created_by=\"avia_inline_auto\" id=\"style-css-av-11eq3tb-2ce9076c90dbb4832f6892b811125fc9\">\n.flex_column.av-11eq3tb-2ce9076c90dbb4832f6892b811125fc9{\nborder-width:1px;\nborder-style:solid;\nborder-radius:3px 3px 3px 3px;\npadding:15px 15px 10px 25px;\n}\n<\/style>\n<div  class='flex_column av-11eq3tb-2ce9076c90dbb4832f6892b811125fc9 av_two_third  avia-builder-el-7  el_after_av_one_third  avia-builder-el-last  flex_column_div av-animated-generic bottom-to-top  '     ><section  class='av_textblock_section av-zi6wdb-de76d7d2fbf2eca4d0b3b4dcebf7e88e '   itemscope=\"itemscope\" itemtype=\"https:\/\/schema.org\/CreativeWork\" ><div class='avia_textblock'  itemprop=\"text\" ><p class=\"nombre-docentes-invitados\">Carlos Maci\u00e1<\/p>\n<\/div><\/section><br \/>\n<section  class='av_textblock_section av-xsg17z-985d852d5e0a007dcdfbd8108a5bcd76 '   itemscope=\"itemscope\" itemtype=\"https:\/\/schema.org\/CreativeWork\" ><div class='avia_textblock'  itemprop=\"text\" ><p class=\"p1\"><b>Carlos Maci\u00e1<\/b>\u00a0(Lugo, 1977) vive y trabaja en Madrid. Se licencia en Bellas Artes estudiando entre las facultades de Madrid y Valencia. Comienza el doctorado pero lo abandona para dedicarse a pintar. Expone regularmente desde hace veinticinco a\u00f1os.<span class=\"Apple-converted-space\">\u00a0<\/span><\/p>\n<p class=\"p1\">Sobresalen las muestras individuales en; Carpe Diem (Lisboa), Fildalga (Sao Paulo), Fondation Suisse (Par\u00eds), Fundaci\u00f3n Luis Seoane (A Coru\u00f1a), Fundaci\u00f3n Marso (Ciudad de M\u00e9xico), Galer\u00eda Luis Adelantado (Valencia), Jack the Pelican Presents (Nueva York), MARCO (Vigo) o N\u00e9on (Lyon). Entre las colectivas; CAAM (Las Palmas de Gran Canaria), CCEMx (Ciudad de M\u00e9xico), Centro del Carme (Valencia), Centro Federico Garc\u00eda Lorca (Granada), CentroCentro (Madrid), CGAC (Santiago de Compostela), Dot Fiftyone Gallery (Miami), EACC (Castell\u00f3n de la Plana), Galer\u00eda Rosa Santos (Valencia), Instituto Cervantes (Chicago), Las Cigarreras (Alicante), MAC (A Coru\u00f1a), Museo Carrillo Gil (Ciudad de M\u00e9xico), Museo Patio Herreriano (Valladolid) o CA2M (M\u00f3stoles).<span class=\"Apple-converted-space\">\u00a0<\/span><\/p>\n<p class=\"p1\">Ha recibido m\u00e1s de una veintena de premios entre los cuales est\u00e1n el ABC 2006, Generaciones 2007 o Mardel 2018. Ha sido becado por Uni\u00f3n Fenosa 2005 (Nueva York), CAM 2008 (Jap\u00f3n) o la Pollock-Krasner Foundation 2012\/13. Su obra forma parte de las colecciones; CAAM, CGAC, Caixanova, Caja Madrid, Cajastur, DKV, Fundaci\u00f3n DIDAC, Fundaci\u00f3n Araguaney, Fundaci\u00f3n Mediterr\u00e1neo, Fundaci\u00f3n Mar\u00eda Jos\u00e9 Jove, UPV, Xunta de Galicia o Gas Natural Fenosa, entre otras.\u00a0Su trabajo ha sido respaldado por diferentes entidades p\u00fablicas para realizaci\u00f3n de proyectos tanto dentro como fuera de Espa\u00f1a como; AC\/E (2011) y PICE (2018, 2015 y 2013), Ministerio de Cultura (2020 y 2011), Ministerio de Asuntos Exteriores (2011 y 2008), Comunidad de Madrid (2020 y 2017) o del Ayuntamiento de Madrid (2011).<\/p>\n<p class=\"p2\"><span class=\"s1\"><a href=\"http:\/\/www.carlosmacia.com\">http:\/\/www.carlosmacia.com<\/a><\/span><\/p>\n<\/div><\/section><\/p><\/div>\n\n<\/div><\/div><\/div><!-- close content main div --><\/div><\/div><div id='av_section_3'  class='avia-section av-av_section-05206848b078a6f0d4e991b4f556c241 main_color avia-section-large avia-no-border-styling  avia-builder-el-10  el_after_av_section  el_before_av_section  avia-bg-style-scroll container_wrap sidebar_right'  ><div class='container av-section-cont-open' ><div class='template-page content  av-content-small alpha units'><div class='post-entry post-entry-type-page post-entry-1135'><div class='entry-content-wrapper clearfix'>\n<div  class='flex_column av-av_one_third-ae633bc535ed9efd65de27bb635d8e85 av_one_third  avia-builder-el-11  el_before_av_two_third  avia-builder-el-first  first flex_column_div av-animated-generic left-to-right  '     ><style type=\"text\/css\" data-created_by=\"avia_inline_auto\" id=\"style-css-av-loe5cv0p-1f010d62444d323e4c8ec53691ce24ba\">\n.avia-image-container.av-loe5cv0p-1f010d62444d323e4c8ec53691ce24ba img.avia_image{\nbox-shadow:none;\n}\n.avia-image-container.av-loe5cv0p-1f010d62444d323e4c8ec53691ce24ba .av-image-caption-overlay-center{\ncolor:#ffffff;\n}\n<\/style>\n<div  class='avia-image-container av-loe5cv0p-1f010d62444d323e4c8ec53691ce24ba av-styling- avia_animated_image av-animated-when-visible-95 left-to-right avia-align-center  avia-builder-el-12  avia-builder-el-no-sibling '   itemprop=\"image\" itemscope=\"itemscope\" itemtype=\"https:\/\/schema.org\/ImageObject\" ><div class=\"avia-image-container-inner\"><div class=\"avia-image-overlay-wrap\"><img decoding=\"async\" fetchpriority=\"high\" class='wp-image-1148 avia-img-lazy-loading-not-1148 avia_image ' src=\"https:\/\/www.bbaa.uma.es\/master\/wp-content\/uploads\/2023\/10\/Eduardo-DAcosta.jpg\" alt='' title='Eduardo D\u2019Acosta'  height=\"400\" width=\"495\"  itemprop=\"thumbnailUrl\" srcset=\"https:\/\/www.bbaa.uma.es\/master\/wp-content\/uploads\/2023\/10\/Eduardo-DAcosta.jpg 495w, https:\/\/www.bbaa.uma.es\/master\/wp-content\/uploads\/2023\/10\/Eduardo-DAcosta-300x242.jpg 300w\" sizes=\"(max-width: 495px) 100vw, 495px\" \/><\/div><\/div><\/div><\/div>\n<style type=\"text\/css\" data-created_by=\"avia_inline_auto\" id=\"style-css-av-av_two_third-cd695ba0a85d702005f172ad79b08d28\">\n.flex_column.av-av_two_third-cd695ba0a85d702005f172ad79b08d28{\nborder-width:1px;\nborder-style:solid;\nborder-radius:3px 3px 3px 3px;\npadding:15px 15px 10px 25px;\n}\n<\/style>\n<div  class='flex_column av-av_two_third-cd695ba0a85d702005f172ad79b08d28 av_two_third  avia-builder-el-13  el_after_av_one_third  avia-builder-el-last  flex_column_div av-animated-generic bottom-to-top  '     ><section  class='av_textblock_section av-loe5cj7s-c1802bc9e69c20994b3c719ff66dffe0 '   itemscope=\"itemscope\" itemtype=\"https:\/\/schema.org\/CreativeWork\" ><div class='avia_textblock'  itemprop=\"text\" ><p class=\"nombre-docentes-invitados\"><span style=\"color: #333333;\">Eduardo D\u2019Acosta<\/span><\/p>\n<\/div><\/section><br \/>\n<section  class='av_textblock_section av-loe5cc04-bd396d38f7d8f0a975a280aedd4ffca8 '   itemscope=\"itemscope\" itemtype=\"https:\/\/schema.org\/CreativeWork\" ><div class='avia_textblock'  itemprop=\"text\" ><p class=\"p1\"><span style=\"color: #333333;\"><strong>Eduardo D\u2019Acosta<\/strong> (Gerena, Sevilla, 1975). Fot\u00f3grafo, investigador, divulgador y docente especializado en fotograf\u00eda contempor\u00e1nea, nuevas tendencias fotogr\u00e1ficas, usos de la imagen y autores de la periferia. Profesor de fotograf\u00eda desde hace 20 a\u00f1os, titular en la Escuela de Arte de Sevilla desde 2005 donde imparte \u201cProyectos de fotograf\u00eda\u201d y \u201cTeor\u00eda de la fotograf\u00eda\u201d en el Ciclo de Grado Superior de Fotograf\u00eda y \u201cFotograf\u00eda narrativa: el fotolibro\u201d en los Estudios Superiores de Dise\u00f1o Gr\u00e1fico.<\/span><\/p>\n<p>Divulgador y comunicador de diferentes visiones de la fotograf\u00eda, ha impartido en los \u00faltimos 10 a\u00f1os m\u00e1s de 250 cursos y talleres por toda la geograf\u00eda nacional y de manera telem\u00e1tica. Adem\u00e1s de charlas y conferencias en distintas universidades, festivales y congresos de fotograf\u00eda. Profesor de la Escuela P\u00fablica de Formaci\u00f3n Cultural de Andaluc\u00eda en la que imparte cursos de fotograf\u00eda creativa, g\u00e9neros fotogr\u00e1ficos, fotograf\u00eda anal\u00f3gica y proyectos de fotograf\u00eda. El objeto de su obra \u2013de matices anal\u00edticos- versa principalmente sobre la metafotograf\u00eda; Investiga sobre la naturaleza de la imagen, la polarizaci\u00f3n verdad-mentira inherente a la reproducci\u00f3n literal de la realidad y los l\u00edmites de lo fotogr\u00e1fico.<\/p>\n<p>Tambi\u00e9n ha coordinado y comisariado varias exposiciones colectivas de fotograf\u00eda centradas principalmente en nuevos j\u00f3venes autores y siempre potenciando la profesionalizaci\u00f3n de los nuevos valores que va descubriendo en su labor divulgativa; centr\u00e1ndose principalmente en descubrir y visibilizar fot\u00f3grafos de la periferia.<\/p>\n<p><strong>M\u00e1s informaci\u00f3n:<\/strong><br \/>\n<a href=\"http:\/\/fotologia.es\/\">http:\/\/fotologia.es\/<\/a><br \/>\n<a href=\"https:\/\/www.instagram.com\/photolove_edu\/\">https:\/\/www.instagram.com\/photolove_edu\/<\/a><\/p>\n<\/div><\/section><\/p><\/div><\/div><\/div><\/div><!-- close content main div --><\/div><\/div><div id='av_section_4'  class='avia-section av-3804dr-b3f23dd71aa6e58601879d16f90adb74 main_color avia-section-large avia-no-border-styling  avia-builder-el-16  el_after_av_section  el_before_av_section  avia-bg-style-scroll container_wrap sidebar_right'  ><div class='container av-section-cont-open' ><div class='template-page content  av-content-small alpha units'><div class='post-entry post-entry-type-page post-entry-1135'><div class='entry-content-wrapper clearfix'>\n<div  class='flex_column av-v2uvgf-e198f5975152ee9e14cc54d67191c651 av_one_third  avia-builder-el-17  el_before_av_two_third  avia-builder-el-first  first flex_column_div av-animated-generic left-to-right  '     ><style type=\"text\/css\" data-created_by=\"avia_inline_auto\" id=\"style-css-av-tfxdzz-66b6cb864644380ff25d8539f34b86da\">\n.avia-image-container.av-tfxdzz-66b6cb864644380ff25d8539f34b86da img.avia_image{\nbox-shadow:none;\n}\n.avia-image-container.av-tfxdzz-66b6cb864644380ff25d8539f34b86da .av-image-caption-overlay-center{\ncolor:#ffffff;\n}\n<\/style>\n<div  class='avia-image-container av-tfxdzz-66b6cb864644380ff25d8539f34b86da av-styling- avia_animated_image av-animated-when-visible-95 left-to-right avia-align-center  avia-builder-el-18  avia-builder-el-no-sibling '   itemprop=\"image\" itemscope=\"itemscope\" itemtype=\"https:\/\/schema.org\/ImageObject\" ><div class=\"avia-image-container-inner\"><div class=\"avia-image-overlay-wrap\"><img decoding=\"async\" fetchpriority=\"high\" class='wp-image-1139 avia-img-lazy-loading-not-1139 avia_image ' src=\"https:\/\/www.bbaa.uma.es\/master\/wp-content\/uploads\/2023\/10\/Fuentesal-y-Arenillas.jpg\" alt='' title='Fuentesal y Arenillas'  height=\"400\" width=\"495\"  itemprop=\"thumbnailUrl\" srcset=\"https:\/\/www.bbaa.uma.es\/master\/wp-content\/uploads\/2023\/10\/Fuentesal-y-Arenillas.jpg 495w, https:\/\/www.bbaa.uma.es\/master\/wp-content\/uploads\/2023\/10\/Fuentesal-y-Arenillas-300x242.jpg 300w\" sizes=\"(max-width: 495px) 100vw, 495px\" \/><\/div><\/div><\/div><\/div>\n<style type=\"text\/css\" data-created_by=\"avia_inline_auto\" id=\"style-css-av-rsdtsf-6f7c0fc86a6283ae06fe4f7b0215cf2d\">\n.flex_column.av-rsdtsf-6f7c0fc86a6283ae06fe4f7b0215cf2d{\nborder-width:1px;\nborder-style:solid;\nborder-radius:3px 3px 3px 3px;\npadding:15px 15px 10px 25px;\n}\n<\/style>\n<div  class='flex_column av-rsdtsf-6f7c0fc86a6283ae06fe4f7b0215cf2d av_two_third  avia-builder-el-19  el_after_av_one_third  avia-builder-el-last  flex_column_div av-animated-generic bottom-to-top  '     ><section  class='av_textblock_section av-p6p21b-6088cd7e63a75955c257011e1fd905e3 '   itemscope=\"itemscope\" itemtype=\"https:\/\/schema.org\/CreativeWork\" ><div class='avia_textblock'  itemprop=\"text\" ><p class=\"nombre-docentes-invitados\">Fuentesal Arenillas<\/p>\n<\/div><\/section><br \/>\n<section  class='av_textblock_section av-or8fgf-24e5e39232db58d64c0eb997b57ebdf1 '   itemscope=\"itemscope\" itemtype=\"https:\/\/schema.org\/CreativeWork\" ><div class='avia_textblock'  itemprop=\"text\" ><p class=\"p1\"><b>Fuentesal Arenillas<\/b> [1986-1989] exploran la relaci\u00f3n y los estados como punto de partida, el trabajo desde la figura doble, el devenir de su propia praxis o la pr\u00e1ctica de la escultura tras el juego que origina o del que proviene. Sus construcciones objetuales se instalan en otros circuitos de producci\u00f3n material y cultural-popular.<span class=\"Apple-converted-space\">\u00a0<\/span><\/p>\n<p class=\"p1\">Entre sus \u00faltimas exposiciones individuales est\u00e1n <i>La danza mudanza<\/i>, curada por Bea Espejo en el Centro Andaluz de Arte Contempor\u00e1neo, <i>Cubierta brillante Margen delgado<\/i>, curada por Juan Canela en la III Edici\u00f3n programa Primera Fase, o <i>Casapuerta,<\/i> acompa\u00f1ada de <i>Anfitriones<\/i>, texto de Selina Blasco, en Luis Adelantado. Actualmente est\u00e1n becados en la Real Academia de Espa\u00f1a en Roma. Han recibido diferentes premios, becas y residencias como Generaciones 2023 La Casa Encendida, Residencia art\u00edstica Fundaci\u00f3n Mar\u00eda Jos\u00e9 Jove, VI Premios Cervezas Alhambra, XXV Edici\u00f3n creaci\u00f3n art\u00edstica VEGAP, Ayudas a la producci\u00f3n de Matadero Crea, entre otros.<span class=\"Apple-converted-space\">\u00a0<\/span><\/p>\n<p class=\"p1\">Recientemente han expuesto de manera colectiva en <i>Lo que pesa una cabeza<\/i> en el Museo TEA Tenerife, <i>Una historia reciente II<\/i> en la Fundaci\u00f3n Juan March de Palma, <i>La vista y el tacto (ca.1929-30)<\/i> en el Centro Federico Garc\u00eda Lorca, <i>Dialectos<\/i> en el CA2M, <i>Escultura expandida<\/i> en el CAAC, o <i>Turno de R\u00e9plica<\/i> en el Museo Patio Herreriano.<\/p>\n<p class=\"p2\"><span class=\"s1\"><a href=\"http:\/\/fuentesalyarenillas.com\/\">http:\/\/fuentesalyarenillas.com\/<\/a><\/span><\/p>\n<\/div><\/section><\/p><\/div>\n<\/p>\n<\/div><\/div><\/div><!-- close content main div --><\/div><\/div><div id='av_section_5'  class='avia-section av-lulhvz-fb3f3aea29d819416bd1c2bb83fff58c main_color avia-section-large avia-no-border-styling  avia-builder-el-22  el_after_av_section  el_before_av_section  avia-bg-style-scroll container_wrap sidebar_right'  ><div class='container av-section-cont-open' ><div class='template-page content  av-content-small alpha units'><div class='post-entry post-entry-type-page post-entry-1135'><div class='entry-content-wrapper clearfix'>\n<div  class='flex_column av-k7tl1r-7281d09cee0b89fead2485d66bfa549b av_one_third  avia-builder-el-23  el_before_av_two_third  avia-builder-el-first  first flex_column_div av-animated-generic left-to-right  '     ><style type=\"text\/css\" data-created_by=\"avia_inline_auto\" id=\"style-css-av-jn0hgf-03b6e69352d631b9b500642e373d6e18\">\n.avia-image-container.av-jn0hgf-03b6e69352d631b9b500642e373d6e18 img.avia_image{\nbox-shadow:none;\n}\n.avia-image-container.av-jn0hgf-03b6e69352d631b9b500642e373d6e18 .av-image-caption-overlay-center{\ncolor:#ffffff;\n}\n<\/style>\n<div  class='avia-image-container av-jn0hgf-03b6e69352d631b9b500642e373d6e18 av-styling- avia_animated_image av-animated-when-visible-95 left-to-right avia-align-center  avia-builder-el-24  avia-builder-el-no-sibling '   itemprop=\"image\" itemscope=\"itemscope\" itemtype=\"https:\/\/schema.org\/ImageObject\" ><div class=\"avia-image-container-inner\"><div class=\"avia-image-overlay-wrap\"><img decoding=\"async\" fetchpriority=\"high\" class='wp-image-1141 avia-img-lazy-loading-not-1141 avia_image ' src=\"https:\/\/www.bbaa.uma.es\/master\/wp-content\/uploads\/2023\/10\/Leire-San-Marti\u0301n.jpg\" alt='' title='Leire San Marti\u0301n'  height=\"400\" width=\"495\"  itemprop=\"thumbnailUrl\" srcset=\"https:\/\/www.bbaa.uma.es\/master\/wp-content\/uploads\/2023\/10\/Leire-San-Marti\u0301n.jpg 495w, https:\/\/www.bbaa.uma.es\/master\/wp-content\/uploads\/2023\/10\/Leire-San-Marti\u0301n-300x242.jpg 300w\" sizes=\"(max-width: 495px) 100vw, 495px\" \/><\/div><\/div><\/div><\/div>\n<style type=\"text\/css\" data-created_by=\"avia_inline_auto\" id=\"style-css-av-hnb92n-3429f7213783e18aa3874fdbee845920\">\n.flex_column.av-hnb92n-3429f7213783e18aa3874fdbee845920{\nborder-width:1px;\nborder-style:solid;\nborder-radius:3px 3px 3px 3px;\npadding:15px 15px 10px 25px;\n}\n<\/style>\n<div  class='flex_column av-hnb92n-3429f7213783e18aa3874fdbee845920 av_two_third  avia-builder-el-25  el_after_av_one_third  avia-builder-el-last  flex_column_div av-animated-generic bottom-to-top  '     ><section  class='av_textblock_section av-fjwhlb-6b3d427c911e443c12ebcd54d7a0ba2d '   itemscope=\"itemscope\" itemtype=\"https:\/\/schema.org\/CreativeWork\" ><div class='avia_textblock'  itemprop=\"text\" ><p class=\"nombre-docentes-invitados\">Leire San Mart\u00edn<\/p>\n<\/div><\/section><br \/>\n<section  class='av_textblock_section av-e56kkf-1d85c3345bb9b5d783cb948a91f0efe8 '   itemscope=\"itemscope\" itemtype=\"https:\/\/schema.org\/CreativeWork\" ><div class='avia_textblock'  itemprop=\"text\" ><p class=\"p1\"><b>Leire San Mart\u00edn Goikoetxea<\/b> (Bilbao, 1983) se interesa por la mediaci\u00f3n como forma de imaginar posibilidades para estar juntas y hacer sentido; como medio para salir de cierto ensimismamiento y revelar en el proceso algunos de los mecanismos que hay en el interior de la m\u00e1quina-arte y de la m\u00e1quina-mundo.<span class=\"Apple-converted-space\">\u00a0<\/span><\/p>\n<p class=\"p1\">Ha trabajado en el cruce entre arte contempor\u00e1neo, educaci\u00f3n y programaci\u00f3n en diversos contextos; entre otros, en 2022 ha sido becaria en la Real Academia de Espa\u00f1a en Roma, con el n\u00ba0 de la revista <i>Voragine<\/i> sobre pr\u00e1cticas situadas de mediaci\u00f3n como uno de los resultados de la residencia; entre 2014 y 2022 ha sido responsable del departamento de mediaci\u00f3n de Tabakalera (Donostia); as\u00ed como parte del equipo de \u201cTratado de Paz\u201d (DSS2016EU) en 2013 y 2016. En paralelo y desde 2014 lleva la programaci\u00f3n y coordinaci\u00f3n de Feministaldia, Festival de Cultura Feminista.<\/p>\n<\/div><\/section><\/p><\/div>\n\n<\/div><\/div><\/div><!-- close content main div --><\/div><\/div><div id='av_section_6'  class='avia-section av-21t4qn-1890f1d7439eb23f36202e3bbd39ab79 main_color avia-section-default avia-no-border-styling  avia-builder-el-28  el_after_av_section  avia-builder-el-last  avia-bg-style-scroll container_wrap sidebar_right'  ><div class='container av-section-cont-open' ><div class='template-page content  av-content-small alpha units'><div class='post-entry post-entry-type-page post-entry-1135'><div class='entry-content-wrapper clearfix'><\/div><\/div><\/div><!-- close content main div --><\/div><\/div><div id='after_section_6'  class='main_color av_default_container_wrap container_wrap sidebar_right'  ><div class='container av-section-cont-open' ><div class='template-page content  av-content-small alpha units'><div class='post-entry post-entry-type-page post-entry-1135'><div class='entry-content-wrapper clearfix'>\n","protected":false},"excerpt":{"rendered":"","protected":false},"author":3,"featured_media":0,"parent":0,"menu_order":0,"comment_status":"closed","ping_status":"closed","template":"","meta":{"footnotes":""},"class_list":["post-1135","page","type-page","status-publish","hentry"],"_links":{"self":[{"href":"https:\/\/www.bbaa.uma.es\/master\/wp-json\/wp\/v2\/pages\/1135","targetHints":{"allow":["GET"]}}],"collection":[{"href":"https:\/\/www.bbaa.uma.es\/master\/wp-json\/wp\/v2\/pages"}],"about":[{"href":"https:\/\/www.bbaa.uma.es\/master\/wp-json\/wp\/v2\/types\/page"}],"author":[{"embeddable":true,"href":"https:\/\/www.bbaa.uma.es\/master\/wp-json\/wp\/v2\/users\/3"}],"replies":[{"embeddable":true,"href":"https:\/\/www.bbaa.uma.es\/master\/wp-json\/wp\/v2\/comments?post=1135"}],"version-history":[{"count":5,"href":"https:\/\/www.bbaa.uma.es\/master\/wp-json\/wp\/v2\/pages\/1135\/revisions"}],"predecessor-version":[{"id":1485,"href":"https:\/\/www.bbaa.uma.es\/master\/wp-json\/wp\/v2\/pages\/1135\/revisions\/1485"}],"wp:attachment":[{"href":"https:\/\/www.bbaa.uma.es\/master\/wp-json\/wp\/v2\/media?parent=1135"}],"curies":[{"name":"wp","href":"https:\/\/api.w.org\/{rel}","templated":true}]}}