{"id":113,"date":"2022-08-15T07:57:09","date_gmt":"2022-08-15T07:57:09","guid":{"rendered":"https:\/\/www.bbaa.uma.es\/master\/?page_id=113"},"modified":"2023-03-02T18:37:26","modified_gmt":"2023-03-02T18:37:26","slug":"inscripcion","status":"publish","type":"page","link":"https:\/\/www.bbaa.uma.es\/master\/inscripcion\/","title":{"rendered":"Inscripci\u00f3n"},"content":{"rendered":"\n<style type=\"text\/css\" data-created_by=\"avia_inline_auto\" id=\"style-css-av-dw9ch-105e389b2dd909a05efadacee2fa9e02\">\n.avia-section.av-dw9ch-105e389b2dd909a05efadacee2fa9e02 .av-parallax .av-parallax-inner{\nbackground-repeat:no-repeat;\nbackground-image:url(https:\/\/www.bbaa.uma.es\/master\/wp-content\/uploads\/2022\/08\/cabecera-full-1600x350-1.jpg);\nbackground-position:50% 0%;\nbackground-attachment:scroll;\n}\n.avia-section.av-dw9ch-105e389b2dd909a05efadacee2fa9e02 .av-section-color-overlay{\nopacity:0.4;\nbackground-color:#eaeaea;\n}\n<\/style>\n<div id='av_section_1'  class='avia-section av-dw9ch-105e389b2dd909a05efadacee2fa9e02 main_color avia-section-no-padding avia-no-border-styling  avia-builder-el-0  el_before_av_section  avia-builder-el-first  avia-full-contain av-parallax-section avia-bg-style-parallax av-section-color-overlay-active av-minimum-height av-minimum-height-custom av-height-custom  container_wrap sidebar_right'  data-section-bg-repeat='contain' data-av_minimum_height_px='220'><div class='av-parallax' data-avia-parallax-ratio='0.3' ><div class='av-parallax-inner main_color avia-full-contain'><\/div><\/div><div class=\"av-section-color-overlay-wrap\"><div class=\"av-section-color-overlay\"><\/div><div class='container av-section-cont-open' style='height:220px'><main  role=\"main\" itemprop=\"mainContentOfPage\"  class='template-page content  av-content-small alpha units'><div class='post-entry post-entry-type-page post-entry-113'><div class='entry-content-wrapper clearfix'>\n\n<style type=\"text\/css\" data-created_by=\"avia_inline_auto\" id=\"style-css-av-l6wg7kgh-fb3e28c2b4f2bfaa715693870fee498b\">\n#top .av-special-heading.av-l6wg7kgh-fb3e28c2b4f2bfaa715693870fee498b{\npadding-bottom:10px;\n}\nbody .av-special-heading.av-l6wg7kgh-fb3e28c2b4f2bfaa715693870fee498b .av-special-heading-tag .heading-char{\nfont-size:25px;\n}\n.av-special-heading.av-l6wg7kgh-fb3e28c2b4f2bfaa715693870fee498b .av-subheading{\nfont-size:15px;\n}\n<\/style>\n<div  class='av-special-heading av-l6wg7kgh-fb3e28c2b4f2bfaa715693870fee498b av-special-heading-h2  avia-builder-el-1  avia-builder-el-no-sibling '><h2 class='av-special-heading-tag '  itemprop=\"headline\"  >Inscripci\u00f3n<\/h2><div class=\"special-heading-border\"><div class=\"special-heading-inner-border\"><\/div><\/div><\/div>\n\n<\/div><\/div><\/main><!-- close content main element --><\/div><\/div><\/div><div id='av_section_2'  class='avia-section av-1i9g5t-07580e860f5486f4cf1356fb0aa6f5c7 main_color avia-section-large avia-no-border-styling  avia-builder-el-2  el_after_av_section  el_before_av_section  avia-bg-style-scroll container_wrap sidebar_right'  ><div class='container av-section-cont-open' ><div class='template-page content  av-content-small alpha units'><div class='post-entry post-entry-type-page post-entry-113'><div class='entry-content-wrapper clearfix'>\n\n<style type=\"text\/css\" data-created_by=\"avia_inline_auto\" id=\"style-css-av-1f3ib5-ba485922027f24f3dc4f7938f15d1dff\">\n#top .hr.hr-invisible.av-1f3ib5-ba485922027f24f3dc4f7938f15d1dff{\nheight:50px;\n}\n<\/style>\n<div  class='hr av-1f3ib5-ba485922027f24f3dc4f7938f15d1dff hr-invisible  avia-builder-el-3  el_before_av_one_full  avia-builder-el-first '><span class='hr-inner '><span class=\"hr-inner-style\"><\/span><\/span><\/div>\n<div  class='flex_column av-184abt-1c6f020584dcd25bf647b87b7048b0a2 av_one_full  avia-builder-el-4  el_after_av_hr  el_before_av_one_third  first flex_column_div av-animated-generic bottom-to-top  '     ><p>\n<style type=\"text\/css\" data-created_by=\"avia_inline_auto\" id=\"style-css-av-11roe1-df775ca1bcc1c30091198474a1414f1a\">\n#top .av-special-heading.av-11roe1-df775ca1bcc1c30091198474a1414f1a{\npadding-bottom:10px;\n}\nbody .av-special-heading.av-11roe1-df775ca1bcc1c30091198474a1414f1a .av-special-heading-tag .heading-char{\nfont-size:25px;\n}\n.av-special-heading.av-11roe1-df775ca1bcc1c30091198474a1414f1a .av-subheading{\nfont-size:15px;\n}\n<\/style>\n<div  class='av-special-heading av-11roe1-df775ca1bcc1c30091198474a1414f1a av-special-heading-h3  avia-builder-el-5  el_before_av_textblock  avia-builder-el-first '><h3 class='av-special-heading-tag '  itemprop=\"headline\"  >\u00bfQu\u00e9 debes enviarnos?<\/h3><div class=\"special-heading-border\"><div class=\"special-heading-inner-border\"><\/div><\/div><\/div><br \/>\n<section  class='av_textblock_section av-9v39l-bc1d7d4c4e36d01364cc6894009e3ecb '   itemscope=\"itemscope\" itemtype=\"https:\/\/schema.org\/CreativeWork\" ><div class='avia_textblock'  itemprop=\"text\" ><p>A trav\u00e9s del bot\u00f3n de env\u00edo de email de inscripci\u00f3n debes enviarnos:<\/p>\n<\/div><\/section><br \/>\n\n<style type=\"text\/css\" data-created_by=\"avia_inline_auto\" id=\"style-css-av-1rg1d-b58c241c770a51fd9fe98a5c882cf49a\">\n#top .hr.hr-invisible.av-1rg1d-b58c241c770a51fd9fe98a5c882cf49a{\nheight:30px;\n}\n<\/style>\n<div  class='hr av-1rg1d-b58c241c770a51fd9fe98a5c882cf49a hr-invisible  avia-builder-el-7  el_after_av_textblock  avia-builder-el-last '><span class='hr-inner '><span class=\"hr-inner-style\"><\/span><\/span><\/div><\/p><\/div>\n<style type=\"text\/css\" data-created_by=\"avia_inline_auto\" id=\"style-css-av-gc5p5-ba68156a22c8fc5a741412d5cf07c1f5\">\n.avia_transform .flex_column.av-gc5p5-ba68156a22c8fc5a741412d5cf07c1f5{\nanimation-duration:1.5s;\n}\n<\/style>\n<div  class='flex_column av-gc5p5-ba68156a22c8fc5a741412d5cf07c1f5 av_one_third  avia-builder-el-8  el_after_av_one_full  el_before_av_one_third  first flex_column_div av-animated-generic bottom-to-top  column-top-margin'     ><article  class='iconbox iconbox_top av-22fvd-02eb49fdd47937cd0150801b0b913286  avia-builder-el-9  avia-builder-el-no-sibling  box-shadow main_color'  itemscope=\"itemscope\" itemtype=\"https:\/\/schema.org\/CreativeWork\" ><div class=\"iconbox_content\"><header class=\"entry-content-header\" aria-label=\"Icon: Carta de motivaci\u00f3n\"><div class='iconbox_icon heading-color avia-iconfont avia-font-entypo-fontello' data-av_icon='\ue84d' data-av_iconfont='entypo-fontello'  ><\/div><h3 class='iconbox_content_title '  itemprop=\"headline\" >Carta de motivaci\u00f3n<\/h3><\/header><div class='iconbox_content_container '  itemprop=\"text\" ><p>\u00bfPor qu\u00e9 est\u00e1s interesado en hacer el M\u00e1ster con nosotros?<\/p>\n<\/div><\/div><footer class=\"entry-footer\"><\/footer><\/article><\/div>\n<style type=\"text\/css\" data-created_by=\"avia_inline_auto\" id=\"style-css-av-l3a6x-0db5b32a2c3853f87a81eb3f55caee3d\">\n.avia_transform .flex_column.av-l3a6x-0db5b32a2c3853f87a81eb3f55caee3d{\nanimation-duration:1.5s;\n}\n<\/style>\n<div  class='flex_column av-l3a6x-0db5b32a2c3853f87a81eb3f55caee3d av_one_third  avia-builder-el-10  el_after_av_one_third  el_before_av_one_third  flex_column_div av-animated-generic bottom-to-top  column-top-margin'     ><article  class='iconbox iconbox_top av-f7evl-77b8c14dbb8c639ea7313cf75ec661ef  avia-builder-el-11  avia-builder-el-no-sibling  box-shadow main_color'  itemscope=\"itemscope\" itemtype=\"https:\/\/schema.org\/CreativeWork\" ><div class=\"iconbox_content\"><header class=\"entry-content-header\" aria-label=\"Icon: Un dossier art\u00edstico\"><div class='iconbox_icon heading-color avia-iconfont avia-font-entypo-fontello' data-av_icon='\ue837' data-av_iconfont='entypo-fontello'  ><\/div><h3 class='iconbox_content_title '  itemprop=\"headline\" >Un dossier art\u00edstico<\/h3><\/header><div class='iconbox_content_container '  itemprop=\"text\" ><p>Mu\u00e9stranos tu trabajo previo en un portfolio, si es resumido mejor.<\/p>\n<\/div><\/div><footer class=\"entry-footer\"><\/footer><\/article><\/div>\n<style type=\"text\/css\" data-created_by=\"avia_inline_auto\" id=\"style-css-av-8zr6h-b1c49c70f6eb3271f3024cf26326a536\">\n.avia_transform .flex_column.av-8zr6h-b1c49c70f6eb3271f3024cf26326a536{\nanimation-duration:1.5s;\n}\n<\/style>\n<div  class='flex_column av-8zr6h-b1c49c70f6eb3271f3024cf26326a536 av_one_third  avia-builder-el-12  el_after_av_one_third  el_before_av_one_full  flex_column_div av-animated-generic bottom-to-top  column-top-margin'     ><article  class='iconbox iconbox_top av-l5m2bft3-fb249758832529755b7f19cc7ddbe4ed  avia-builder-el-13  avia-builder-el-no-sibling  box-shadow main_color'  itemscope=\"itemscope\" itemtype=\"https:\/\/schema.org\/CreativeWork\" ><div class=\"iconbox_content\"><header class=\"entry-content-header\" aria-label=\"Icon: Expediente acad\u00e9mico\"><div class='iconbox_icon heading-color avia-iconfont avia-font-entypo-fontello' data-av_icon='\ue851' data-av_iconfont='entypo-fontello'  ><\/div><h3 class='iconbox_content_title '  itemprop=\"headline\" >Expediente acad\u00e9mico<\/h3><\/header><div class='iconbox_content_container '  itemprop=\"text\" ><p>\u00bfY tus estudios? M\u00e1ndanos una certificaci\u00f3n de tu expediente.<\/p>\n<\/div><\/div><footer class=\"entry-footer\"><\/footer><\/article><\/div><div  class='flex_column av-7m4wx-5afd06fe61fe7c88c4e388db96abcea9 av_one_full  avia-builder-el-14  el_after_av_one_third  el_before_av_one_half  first flex_column_div av-animated-generic bottom-to-top  column-top-margin'     ><p>\n<style type=\"text\/css\" data-created_by=\"avia_inline_auto\" id=\"style-css-av-befjt-268f921c1d232078c068aaec64929e9a\">\n#top .hr.hr-invisible.av-befjt-268f921c1d232078c068aaec64929e9a{\nheight:30px;\n}\n<\/style>\n<div  class='hr av-befjt-268f921c1d232078c068aaec64929e9a hr-invisible  avia-builder-el-15  el_before_av_textblock  avia-builder-el-first '><span class='hr-inner '><span class=\"hr-inner-style\"><\/span><\/span><\/div><br \/>\n<section  class='av_textblock_section av-l5m2fecj-b185a03db635b0408b4ec0fab797ed71 '   itemscope=\"itemscope\" itemtype=\"https:\/\/schema.org\/CreativeWork\" ><div class='avia_textblock'  itemprop=\"text\" ><p><span class=\"triangle\">Tambi\u00e9n se valorar\u00e1, si lo tienes, tu <strong>curr\u00edculum profesional<\/strong>.<\/span><\/p>\n<p><span class=\"triangle\">En la carta de motivaci\u00f3n se incluir\u00e1 una <strong>declaraci\u00f3n jurada<\/strong> de la veracidad de los datos consignados.<\/span><\/p>\n<p><span class=\"triangle\">El proceso de admisi\u00f3n y la aplicaci\u00f3n del baremo ser\u00e1n llevados a cabo por la <strong>Comisi\u00f3n Acad\u00e9mica del M\u00e1ster<\/strong>.<\/span><\/p>\n<\/div><\/section><br \/>\n\n<style type=\"text\/css\" data-created_by=\"avia_inline_auto\" id=\"style-css-av-yykp-01665c9f91787317b57ddba8db46053d\">\n#top .hr.hr-invisible.av-yykp-01665c9f91787317b57ddba8db46053d{\nheight:30px;\n}\n<\/style>\n<div  class='hr av-yykp-01665c9f91787317b57ddba8db46053d hr-invisible  avia-builder-el-17  el_after_av_textblock  avia-builder-el-last '><span class='hr-inner '><span class=\"hr-inner-style\"><\/span><\/span><\/div><\/p><\/div><div  class='flex_column av-7dhyh-75aacd466aba10e6610764a1b21cdfbe av_one_half  avia-builder-el-18  el_after_av_one_full  el_before_av_one_half  first flex_column_div av-animated-generic left-to-right  column-top-margin'     ><div  class='avia-button-wrap avia-button-center  avia-builder-el-19  avia-builder-el-no-sibling '>\n<style type=\"text\/css\" data-created_by=\"avia_inline_auto\" id=\"style-css-av-l6wgcya5-c6c6c2814ca02ff3de8b11b10b88f936\">\n#top #wrap_all .avia-button.av-l6wgcya5-c6c6c2814ca02ff3de8b11b10b88f936{\nfont-size:24px;\n}\n#top #wrap_all .avia-button.av-l6wgcya5-c6c6c2814ca02ff3de8b11b10b88f936:hover{\nbackground-color:grey;\ncolor:white;\ntransition:all 0.4s ease-in-out;\n}\n#top #wrap_all .avia-button.av-l6wgcya5-c6c6c2814ca02ff3de8b11b10b88f936:hover .avia-svg-icon svg:first-child{\nfill:white;\nstroke:white;\n}\n<\/style>\n<a href='mailto:correo@uma.es' class='av-icon-on-hover avia-color-theme-color avia-font-color-theme-color avia-button avia-button-fullwidth av-l6wgcya5-c6c6c2814ca02ff3de8b11b10b88f936 avia-icon_select-yes-left-icon avia-color-theme-color'  target=\"_blank\"  rel=\"noopener noreferrer\"  aria-label=\"Pulsa para enviarnos un email\"><span class='avia_button_icon avia_button_icon_left avia-iconfont avia-font-entypo-fontello' data-av_icon='\ue805' data-av_iconfont='entypo-fontello' ><\/span><span class='avia_iconbox_title' >Pulsa para enviarnos un email<\/span><div class='av-button-description av-button-description-below'><p>Se abrir\u00e1 tu programa de correo electr\u00f3nico<\/p>\n<\/div><\/a><\/div><\/div><div  class='flex_column av-l6wgjbn7-840f42b8f21f0c16847a6c386391bf41 av_one_half  avia-builder-el-20  el_after_av_one_half  el_before_av_one_full  flex_column_div av-animated-generic right-to-left  column-top-margin'     ><div  class='avia-button-wrap avia-button-center  avia-builder-el-21  avia-builder-el-no-sibling '>\n<style type=\"text\/css\" data-created_by=\"avia_inline_auto\" id=\"style-css-av-l6wgiosy-7c5c920480a79343dfcd2a529257c2e9\">\n#top #wrap_all .avia-button.av-l6wgiosy-7c5c920480a79343dfcd2a529257c2e9{\nfont-size:24px;\n}\n#top #wrap_all .avia-button.av-l6wgiosy-7c5c920480a79343dfcd2a529257c2e9:hover{\nbackground-color:grey;\ncolor:white;\ntransition:all 0.4s ease-in-out;\n}\n#top #wrap_all .avia-button.av-l6wgiosy-7c5c920480a79343dfcd2a529257c2e9:hover .avia-svg-icon svg:first-child{\nfill:white;\nstroke:white;\n}\n<\/style>\n<a href='mailto:correo@uma.es' class='av-icon-on-hover avia-color-theme-color avia-font-color-theme-color avia-button avia-button-fullwidth av-l6wgiosy-7c5c920480a79343dfcd2a529257c2e9 avia-icon_select-yes-left-icon avia-color-theme-color'  target=\"_blank\"  rel=\"noopener noreferrer\"  aria-label=\"Acceso a la Inscripci\u00f3n\"><span class='avia_button_icon avia_button_icon_left avia-iconfont avia-font-entypo-fontello' data-av_icon='\ue885' data-av_iconfont='entypo-fontello' ><\/span><span class='avia_iconbox_title' >Acceso a la Inscripci\u00f3n<\/span><div class='av-button-description av-button-description-below'><p>Pulsando accedes a los M\u00e1ster ofertados por la UMA<\/p>\n<\/div><\/a><\/div><\/div><div  class='flex_column av-hpy4x-eb3820b1adfb4f4300d3053b3c7ad207 av_one_full  avia-builder-el-22  el_after_av_one_half  avia-builder-el-last  first flex_column_div av-animated-generic bottom-to-top  column-top-margin'     ><p>\n<style type=\"text\/css\" data-created_by=\"avia_inline_auto\" id=\"style-css-av-92wlt-e3f1ba7a8962a5c8e3993c277a052684\">\n#top .hr.hr-invisible.av-92wlt-e3f1ba7a8962a5c8e3993c277a052684{\nheight:30px;\n}\n<\/style>\n<div  class='hr av-92wlt-e3f1ba7a8962a5c8e3993c277a052684 hr-invisible  avia-builder-el-23  el_before_av_heading  avia-builder-el-first '><span class='hr-inner '><span class=\"hr-inner-style\"><\/span><\/span><\/div><br \/>\n\n<style type=\"text\/css\" data-created_by=\"avia_inline_auto\" id=\"style-css-av-l6wgxxla-bc998f867193d76852d8bba77ade289e\">\n#top .av-special-heading.av-l6wgxxla-bc998f867193d76852d8bba77ade289e{\npadding-bottom:10px;\n}\nbody .av-special-heading.av-l6wgxxla-bc998f867193d76852d8bba77ade289e .av-special-heading-tag .heading-char{\nfont-size:25px;\n}\n.av-special-heading.av-l6wgxxla-bc998f867193d76852d8bba77ade289e .av-subheading{\nfont-size:15px;\n}\n<\/style>\n<div  class='av-special-heading av-l6wgxxla-bc998f867193d76852d8bba77ade289e av-special-heading-h3  avia-builder-el-24  el_after_av_hr  el_before_av_hr '><h3 class='av-special-heading-tag '  itemprop=\"headline\"  >\u00bfTienes dudas?<\/h3><div class=\"special-heading-border\"><div class=\"special-heading-inner-border\"><\/div><\/div><\/div><br \/>\n\n<style type=\"text\/css\" data-created_by=\"avia_inline_auto\" id=\"style-css-av-l6uhsz9i-e1c2a9c4e31d30b58ad8128210cefc8b\">\n#top .hr.av-l6uhsz9i-e1c2a9c4e31d30b58ad8128210cefc8b{\nmargin-top:20px;\nmargin-bottom:10px;\n}\n.hr.av-l6uhsz9i-e1c2a9c4e31d30b58ad8128210cefc8b .hr-inner{\nwidth:50px;\n}\n<\/style>\n<div  class='hr av-l6uhsz9i-e1c2a9c4e31d30b58ad8128210cefc8b hr-custom  avia-builder-el-25  el_after_av_heading  el_before_av_textblock  hr-left hr-icon-no'><span class='hr-inner inner-border-av-border-fat'><span class=\"hr-inner-style\"><\/span><\/span><\/div><br \/>\n<section  class='av_textblock_section av-l6uhsbt7-63bc22bfb535113581e554d29cb70a0b '   itemscope=\"itemscope\" itemtype=\"https:\/\/schema.org\/CreativeWork\" ><div class='avia_textblock'  itemprop=\"text\" ><p><strong>Servicio de Acceso:<\/strong> 952 131 313<br \/>\n<strong>Email:<\/strong>\u00a0acceso_master@uma.es<\/p>\n<\/div><\/section><\/p><\/div><\/div><\/div><\/div><!-- close content main div --><\/div><\/div><div id='av_section_3'  class='avia-section av-apvah-3a02d821da78022d376e7144f780892c main_color avia-section-large avia-no-border-styling  avia-builder-el-27  el_after_av_section  avia-builder-el-last  avia-bg-style-scroll container_wrap sidebar_right'  ><div class='container av-section-cont-open' ><div class='template-page content  av-content-small alpha units'><div class='post-entry post-entry-type-page post-entry-113'><div class='entry-content-wrapper clearfix'><\/div><\/div><\/div><!-- close content main div --><\/div><\/div><div id='after_section_3'  class='main_color av_default_container_wrap container_wrap sidebar_right'  ><div class='container av-section-cont-open' ><div class='template-page content  av-content-small alpha units'><div class='post-entry post-entry-type-page post-entry-113'><div class='entry-content-wrapper clearfix'><\/p>\n","protected":false},"excerpt":{"rendered":"","protected":false},"author":3,"featured_media":0,"parent":0,"menu_order":2,"comment_status":"closed","ping_status":"closed","template":"","meta":{"footnotes":""},"class_list":["post-113","page","type-page","status-publish","hentry"],"_links":{"self":[{"href":"https:\/\/www.bbaa.uma.es\/master\/wp-json\/wp\/v2\/pages\/113","targetHints":{"allow":["GET"]}}],"collection":[{"href":"https:\/\/www.bbaa.uma.es\/master\/wp-json\/wp\/v2\/pages"}],"about":[{"href":"https:\/\/www.bbaa.uma.es\/master\/wp-json\/wp\/v2\/types\/page"}],"author":[{"embeddable":true,"href":"https:\/\/www.bbaa.uma.es\/master\/wp-json\/wp\/v2\/users\/3"}],"replies":[{"embeddable":true,"href":"https:\/\/www.bbaa.uma.es\/master\/wp-json\/wp\/v2\/comments?post=113"}],"version-history":[{"count":2,"href":"https:\/\/www.bbaa.uma.es\/master\/wp-json\/wp\/v2\/pages\/113\/revisions"}],"predecessor-version":[{"id":1020,"href":"https:\/\/www.bbaa.uma.es\/master\/wp-json\/wp\/v2\/pages\/113\/revisions\/1020"}],"wp:attachment":[{"href":"https:\/\/www.bbaa.uma.es\/master\/wp-json\/wp\/v2\/media?parent=113"}],"curies":[{"name":"wp","href":"https:\/\/api.w.org\/{rel}","templated":true}]}}