{"id":1036,"date":"2023-04-17T22:58:04","date_gmt":"2023-04-17T22:58:04","guid":{"rendered":"https:\/\/www.bbaa.uma.es\/master\/?page_id=1036"},"modified":"2023-04-17T22:58:04","modified_gmt":"2023-04-17T22:58:04","slug":"profesionales-invitados-2022-23","status":"publish","type":"page","link":"https:\/\/www.bbaa.uma.es\/master\/profesionales-invitados-2022-23\/","title":{"rendered":"Profesionales Invitados 2022\/23"},"content":{"rendered":"\n<style type=\"text\/css\" data-created_by=\"avia_inline_auto\" id=\"style-css-av-1aq5xoc-016c8c47623dd65d59e99ce5d22184b8\">\n.avia-section.av-1aq5xoc-016c8c47623dd65d59e99ce5d22184b8 .av-parallax .av-parallax-inner{\nbackground-repeat:no-repeat;\nbackground-image:url(https:\/\/www.bbaa.uma.es\/master\/wp-content\/uploads\/2022\/08\/cabecera-full-1600x350-1.jpg);\nbackground-position:50% 0%;\nbackground-attachment:scroll;\n}\n.avia-section.av-1aq5xoc-016c8c47623dd65d59e99ce5d22184b8 .av-section-color-overlay{\nopacity:0.4;\nbackground-color:#eaeaea;\n}\n<\/style>\n<div id='av_section_1'  class='avia-section av-1aq5xoc-016c8c47623dd65d59e99ce5d22184b8 main_color avia-section-no-padding avia-no-border-styling  avia-builder-el-0  el_before_av_section  avia-builder-el-first  avia-full-contain av-parallax-section avia-bg-style-parallax av-section-color-overlay-active av-minimum-height av-minimum-height-custom av-height-custom  container_wrap sidebar_right'  data-section-bg-repeat='contain' data-av_minimum_height_px='220'><div class='av-parallax' data-avia-parallax-ratio='0.3' ><div class='av-parallax-inner main_color avia-full-contain'><\/div><\/div><div class=\"av-section-color-overlay-wrap\"><div class=\"av-section-color-overlay\"><\/div><div class='container av-section-cont-open' style='height:220px'><main  role=\"main\" itemprop=\"mainContentOfPage\"  class='template-page content  av-content-small alpha units'><div class='post-entry post-entry-type-page post-entry-1036'><div class='entry-content-wrapper clearfix'>\n\n<style type=\"text\/css\" data-created_by=\"avia_inline_auto\" id=\"style-css-av-lglfedom-47bfe85974967c4fcd6b831340758fce\">\n#top .av-special-heading.av-lglfedom-47bfe85974967c4fcd6b831340758fce{\npadding-bottom:10px;\n}\nbody .av-special-heading.av-lglfedom-47bfe85974967c4fcd6b831340758fce .av-special-heading-tag .heading-char{\nfont-size:25px;\n}\n.av-special-heading.av-lglfedom-47bfe85974967c4fcd6b831340758fce .av-subheading{\nfont-size:15px;\n}\n<\/style>\n<div  class='av-special-heading av-lglfedom-47bfe85974967c4fcd6b831340758fce av-special-heading-h2  avia-builder-el-1  el_before_av_textblock  avia-builder-el-first '><h2 class='av-special-heading-tag '  itemprop=\"headline\"  >Profesionales Invitados 2022\/23<\/h2><div class=\"special-heading-border\"><div class=\"special-heading-inner-border\"><\/div><\/div><\/div>\n<section  class='av_textblock_section av-1962orw-06cbcdfcbaf63e0e76dbf6dbda30b09e '   itemscope=\"itemscope\" itemtype=\"https:\/\/schema.org\/CreativeWork\" ><div class='avia_textblock'  itemprop=\"text\" ><p><span style=\"background-color: white !important; color: black; font-weight: 200; padding: 4px 6px;\">Profesionalizaci\u00f3n del Arte<\/span><\/p>\n<\/div><\/section>\n\n<\/div><\/div><\/main><!-- close content main element --><\/div><\/div><\/div><div id='av_section_2'  class='avia-section av-18d0iqk-3f0848c6204f571fed244da6eb8119fe main_color avia-section-large avia-no-border-styling  avia-builder-el-3  el_after_av_section  el_before_av_section  avia-bg-style-scroll container_wrap sidebar_right'  ><div class='container av-section-cont-open' ><div class='template-page content  av-content-small alpha units'><div class='post-entry post-entry-type-page post-entry-1036'><div class='entry-content-wrapper clearfix'>\n\n<style type=\"text\/css\" data-created_by=\"avia_inline_auto\" id=\"style-css-av-469tvw-284e2078562124f4458868ca8cc38378\">\n#top .hr.hr-invisible.av-469tvw-284e2078562124f4458868ca8cc38378{\nheight:50px;\n}\n<\/style>\n<div  class='hr av-469tvw-284e2078562124f4458868ca8cc38378 hr-invisible  avia-builder-el-4  el_before_av_one_third  avia-builder-el-first '><span class='hr-inner '><span class=\"hr-inner-style\"><\/span><\/span><\/div>\n<div  class='flex_column av-14kktr0-5cf1bc0cb3b32c7d3c99fef724c45452 av_one_third  avia-builder-el-5  el_after_av_hr  el_before_av_two_third  first flex_column_div av-animated-generic left-to-right  '     ><style type=\"text\/css\" data-created_by=\"avia_inline_auto\" id=\"style-css-av-12z2cpo-0f92fe579221e2ec25823d11fd193db0\">\n.avia-image-container.av-12z2cpo-0f92fe579221e2ec25823d11fd193db0 img.avia_image{\nbox-shadow:none;\n}\n.avia-image-container.av-12z2cpo-0f92fe579221e2ec25823d11fd193db0 .av-image-caption-overlay-center{\ncolor:#ffffff;\n}\n<\/style>\n<div  class='avia-image-container av-12z2cpo-0f92fe579221e2ec25823d11fd193db0 av-styling- avia-align-center  avia-builder-el-6  avia-builder-el-no-sibling '   itemprop=\"image\" itemscope=\"itemscope\" itemtype=\"https:\/\/schema.org\/ImageObject\" ><div class=\"avia-image-container-inner\"><div class=\"avia-image-overlay-wrap\"><img decoding=\"async\" fetchpriority=\"high\" class='wp-image-1039 avia-img-lazy-loading-not-1039 avia_image ' src=\"https:\/\/www.bbaa.uma.es\/master\/wp-content\/uploads\/2023\/04\/Leonor-Serrano-Rivas.jpg\" alt='' title='LEONOR SERRANO RIVAS. FOTO: JOSE RAMON LADRA.'  height=\"498\" width=\"400\"  itemprop=\"thumbnailUrl\" srcset=\"https:\/\/www.bbaa.uma.es\/master\/wp-content\/uploads\/2023\/04\/Leonor-Serrano-Rivas.jpg 400w, https:\/\/www.bbaa.uma.es\/master\/wp-content\/uploads\/2023\/04\/Leonor-Serrano-Rivas-241x300.jpg 241w\" sizes=\"(max-width: 400px) 100vw, 400px\" \/><\/div><\/div><\/div><\/div>\n<style type=\"text\/css\" data-created_by=\"avia_inline_auto\" id=\"style-css-av-120zi1o-e42e885fd242732a85ede7c4e24c0334\">\n.flex_column.av-120zi1o-e42e885fd242732a85ede7c4e24c0334{\nborder-width:1px;\nborder-style:solid;\nborder-radius:3px 3px 3px 3px;\npadding:15px 15px 10px 25px;\n}\n<\/style>\n<div  class='flex_column av-120zi1o-e42e885fd242732a85ede7c4e24c0334 av_two_third  avia-builder-el-7  el_after_av_one_third  avia-builder-el-last  flex_column_div av-animated-generic bottom-to-top  '     ><section  class='av_textblock_section av-100qc2k-be0d67db69b633c838eab87d12f9f720 '   itemscope=\"itemscope\" itemtype=\"https:\/\/schema.org\/CreativeWork\" ><div class='avia_textblock'  itemprop=\"text\" ><p class=\"nombre-docentes-invitados\">Leonor Serrano Rivas<\/p>\n<\/div><\/section><br \/>\n<section  class='av_textblock_section av-yea7m4-9739753c2fe874340b71de61f989253a '   itemscope=\"itemscope\" itemtype=\"https:\/\/schema.org\/CreativeWork\" ><div class='avia_textblock'  itemprop=\"text\" ><p><strong>Leonor Serrano Rivas<\/strong> estudi\u00f3 Arquitectura y Bellas Artes en Madrid y Londres, donde ha residido casi una d\u00e9cada y desarrollado gran parte de su trayectoria art\u00edstica. En su trabajo, Serrano Rivas se sirve de la instalaci\u00f3n como medio a la hora de generar espacios en los que el espectador deja de ser un mero agente pasivo para cobrar una funci\u00f3n capital. De esta forma, su obra oscila entre lo performativo y lo teatral, entendiendo al p\u00fablico como elemento indispensable para que la experiencia art\u00edstica acontezca, y precisando su presencia para que la pieza est\u00e9 completa. La artista ha expuesto de manera individual en espacios como el Museo Nacional Centro de Arte Reina Sof\u00eda de Madrid, Intermediae de Matadero Madrid, el Centro de Creaci\u00f3n Contempor\u00e1nea de Andaluc\u00eda (C3A) en C\u00f3rdoba y The Swiss Church, Chisenhale Studios y Serpentine Galleries en Londres. Su obra tambi\u00e9n ha sido parte de exposiciones colectivas organizadas en instituciones como el Centro Cultural de Espa\u00f1a en M\u00e9xico (CCEMx), el Centro Andaluz de Arte Contempor\u00e1neo (CAAC) en Sevilla, la Fundaci\u00f3n Bot\u00edn en Santander y el Centro de Arte Dos de Mayo (CA2M) en Madrid.<\/p>\n<p><a href=\"http:\/\/www.leonorserranorivas.com\/\"><em>http:\/\/www.leonorserranorivas.com\/<\/em><\/a><\/p>\n<\/div><\/section><\/p><\/div>\n\n<\/div><\/div><\/div><!-- close content main div --><\/div><\/div><div id='av_section_3'  class='avia-section av-wevwr0-22a2a08d6604523be334732745ed3940 main_color avia-section-large avia-no-border-styling  avia-builder-el-10  el_after_av_section  el_before_av_section  avia-bg-style-scroll container_wrap sidebar_right'  ><div class='container av-section-cont-open' ><div class='template-page content  av-content-small alpha units'><div class='post-entry post-entry-type-page post-entry-1036'><div class='entry-content-wrapper clearfix'>\n<div  class='flex_column av-ue7qng-5f9800ff2b05e1c36d0465a6ad9ef56f av_one_third  avia-builder-el-11  el_before_av_two_third  avia-builder-el-first  first flex_column_div av-animated-generic left-to-right  '     ><style type=\"text\/css\" data-created_by=\"avia_inline_auto\" id=\"style-css-av-sc2mos-21795ce01df96c3fa4f5e3489d2b2028\">\n.avia-image-container.av-sc2mos-21795ce01df96c3fa4f5e3489d2b2028 img.avia_image{\nbox-shadow:none;\n}\n.avia-image-container.av-sc2mos-21795ce01df96c3fa4f5e3489d2b2028 .av-image-caption-overlay-center{\ncolor:#ffffff;\n}\n<\/style>\n<div  class='avia-image-container av-sc2mos-21795ce01df96c3fa4f5e3489d2b2028 av-styling- avia_animated_image av-animated-when-visible-95 left-to-right avia-align-center  avia-builder-el-12  avia-builder-el-no-sibling '   itemprop=\"image\" itemscope=\"itemscope\" itemtype=\"https:\/\/schema.org\/ImageObject\" ><div class=\"avia-image-container-inner\"><div class=\"avia-image-overlay-wrap\"><img decoding=\"async\" fetchpriority=\"high\" class='wp-image-1041 avia-img-lazy-loading-not-1041 avia_image ' src=\"https:\/\/www.bbaa.uma.es\/master\/wp-content\/uploads\/2023\/04\/Esther-Regueira.jpg\" alt='' title='Esther Regueira'  height=\"382\" width=\"400\"  itemprop=\"thumbnailUrl\" srcset=\"https:\/\/www.bbaa.uma.es\/master\/wp-content\/uploads\/2023\/04\/Esther-Regueira.jpg 400w, https:\/\/www.bbaa.uma.es\/master\/wp-content\/uploads\/2023\/04\/Esther-Regueira-300x287.jpg 300w\" sizes=\"(max-width: 400px) 100vw, 400px\" \/><\/div><\/div><\/div><\/div>\n<style type=\"text\/css\" data-created_by=\"avia_inline_auto\" id=\"style-css-av-rj318s-4a83d775b5a53752bc4e5f1eba4258ea\">\n.flex_column.av-rj318s-4a83d775b5a53752bc4e5f1eba4258ea{\nborder-width:1px;\nborder-style:solid;\nborder-radius:3px 3px 3px 3px;\npadding:15px 15px 10px 25px;\n}\n<\/style>\n<div  class='flex_column av-rj318s-4a83d775b5a53752bc4e5f1eba4258ea av_two_third  avia-builder-el-13  el_after_av_one_third  avia-builder-el-last  flex_column_div av-animated-generic bottom-to-top  '     ><section  class='av_textblock_section av-pkd60c-268388c5a6be32b8e5a41ffcd0797a2a '   itemscope=\"itemscope\" itemtype=\"https:\/\/schema.org\/CreativeWork\" ><div class='avia_textblock'  itemprop=\"text\" ><p class=\"nombre-docentes-invitados\">Esther Regueira<\/p>\n<\/div><\/section><br \/>\n<section  class='av_textblock_section av-o3wvm4-76c01afc3eba648f60da3ff3bf3d08c1 '   itemscope=\"itemscope\" itemtype=\"https:\/\/schema.org\/CreativeWork\" ><div class='avia_textblock'  itemprop=\"text\" ><p>Historiadora del arte, comisaria, productora y editora, <strong>Esther Regueira<\/strong> es Doctoranda en el Departamento de Est\u00e9tica e Historia de la Filosof\u00eda, Universidad de Sevilla; Licenciada en Historia del Arte y Master en Gesti\u00f3n Cultural por las Universidades de Sevilla y Granada. Ha trabajado desde 1991 en proyectos de arte contempor\u00e1neo entendiendo el arte como veh\u00edculo generador de pensamiento, atendiendo a sus implicaciones sociales y prestando especial atenci\u00f3n a las perspectivas de g\u00e9nero. Ha comisariado exposiciones para espacios como el Museo Nacional Centro de Arte Reina Sof\u00eda, Madrid; el Museo Extreme\u00f1o e Iberoamericano de Arte Contempor\u00e1neo, Badajoz; Les Muse\u00e9s de Marseille, Marsella; Art &amp; Idea, M\u00e9xico D.F; Centro Andaluz de Arte Contempor\u00e1neo, Sevilla o The Kinitting Factory, Nueva York. Ha sido Coordinadora General de Manifesta 8 y directora del Departamento de Publicaciones de Manifesta en las ediciones de Amsterdam, San Petersburgo, Zurich y Palermo. Ha escrito textos de cat\u00e1logos, colaborado en revistas de arte, participado en jurados de becas y premios a nivel internacional, y ha impartido clases, talleres y conferencias en las Universidades de Nueva York, Goteborg, Granada, Sevilla, Sahara Occidental Palermo o San Petersburgo. Actualmente comisaria una exposici\u00f3n de Victoria Gil para el C3A (C\u00f3rdoba), prepara un libro sobre la artista japonesa Kimika editado por Puerta de la Carne, y continua con el proyecto Sahara Libre Wear, una propuesta de arte textil que se desarrolla en los campamentos de refugiados del Sahara Occidental.<\/p>\n<\/div><\/section><\/p><\/div><\/div><\/div><\/div><!-- close content main div --><\/div><\/div><div id='av_section_4'  class='avia-section av-lr3grw-5c32c42ed9ff9cd93973973371fab06d main_color avia-section-large avia-no-border-styling  avia-builder-el-16  el_after_av_section  el_before_av_section  avia-bg-style-scroll container_wrap sidebar_right'  ><div class='container av-section-cont-open' ><div class='template-page content  av-content-small alpha units'><div class='post-entry post-entry-type-page post-entry-1036'><div class='entry-content-wrapper clearfix'>\n<div  class='flex_column av-k6on7g-0efb3b42adce58414f8b1c24236a7c1a av_one_third  avia-builder-el-17  el_before_av_two_third  avia-builder-el-first  first flex_column_div av-animated-generic left-to-right  '     ><style type=\"text\/css\" data-created_by=\"avia_inline_auto\" id=\"style-css-av-iqjabw-ba82ef96fe109cb5063f9dcd7313e155\">\n.avia-image-container.av-iqjabw-ba82ef96fe109cb5063f9dcd7313e155 img.avia_image{\nbox-shadow:none;\n}\n.avia-image-container.av-iqjabw-ba82ef96fe109cb5063f9dcd7313e155 .av-image-caption-overlay-center{\ncolor:#ffffff;\n}\n<\/style>\n<div  class='avia-image-container av-iqjabw-ba82ef96fe109cb5063f9dcd7313e155 av-styling- avia_animated_image av-animated-when-visible-95 left-to-right avia-align-center  avia-builder-el-18  avia-builder-el-no-sibling '   itemprop=\"image\" itemscope=\"itemscope\" itemtype=\"https:\/\/schema.org\/ImageObject\" ><div class=\"avia-image-container-inner\"><div class=\"avia-image-overlay-wrap\"><img decoding=\"async\" fetchpriority=\"high\" class='wp-image-1042 avia-img-lazy-loading-not-1042 avia_image ' src=\"https:\/\/www.bbaa.uma.es\/master\/wp-content\/uploads\/2023\/04\/Jesu\u0301s-Zurita.jpg\" alt='' title='Jesu\u0301s Zurita'  height=\"388\" width=\"400\"  itemprop=\"thumbnailUrl\" srcset=\"https:\/\/www.bbaa.uma.es\/master\/wp-content\/uploads\/2023\/04\/Jesu\u0301s-Zurita.jpg 400w, https:\/\/www.bbaa.uma.es\/master\/wp-content\/uploads\/2023\/04\/Jesu\u0301s-Zurita-300x291.jpg 300w, https:\/\/www.bbaa.uma.es\/master\/wp-content\/uploads\/2023\/04\/Jesu\u0301s-Zurita-36x36.jpg 36w\" sizes=\"(max-width: 400px) 100vw, 400px\" \/><\/div><\/div><\/div><\/div>\n<style type=\"text\/css\" data-created_by=\"avia_inline_auto\" id=\"style-css-av-hxnrho-6d531c3904f41b7abc035aca5df4b263\">\n.flex_column.av-hxnrho-6d531c3904f41b7abc035aca5df4b263{\nborder-width:1px;\nborder-style:solid;\nborder-radius:3px 3px 3px 3px;\npadding:15px 15px 10px 25px;\n}\n<\/style>\n<div  class='flex_column av-hxnrho-6d531c3904f41b7abc035aca5df4b263 av_two_third  avia-builder-el-19  el_after_av_one_third  avia-builder-el-last  flex_column_div av-animated-generic bottom-to-top  '     ><section  class='av_textblock_section av-gg7gss-1bf49f94ac6a606ab1bfd192771bc5a9 '   itemscope=\"itemscope\" itemtype=\"https:\/\/schema.org\/CreativeWork\" ><div class='avia_textblock'  itemprop=\"text\" ><p class=\"nombre-docentes-invitados\">Jes\u00fas Zurita<\/p>\n<\/div><\/section><br \/>\n<section  class='av_textblock_section av-dkmoos-ee6c2ef515e78fd427cf15aaf74ccf87 '   itemscope=\"itemscope\" itemtype=\"https:\/\/schema.org\/CreativeWork\" ><div class='avia_textblock'  itemprop=\"text\" ><p><strong>Jes\u00fas Zurita<\/strong> es un reconocido pintor, due\u00f1o de un lenguaje muy particular que, avanzando entre los l\u00edmites de la figuraci\u00f3n paisaj\u00edstica y la abstracci\u00f3n narrativa, expande su universo discursivo en lienzos e instalaciones murales que aluden y construyen a su vez un relato de extra\u00f1eza. Prol\u00edfico y virtuoso valedor del dibujo, en el lenguaje de Zurita se mezclan lo org\u00e1nico y la geometr\u00eda, para dar lugar a espacios de inquietante fisiolog\u00eda en los que replantea el valor de la representaci\u00f3n como puesta en escena. Ha expuesto su obra en numerosas galer\u00edas, ferias y centros de arte de Espa\u00f1a, Alemania, Italia, B\u00e9lgica, Holanda, M\u00e9xico, Estados Unidos, Jap\u00f3n o Rep\u00fablica Dominicana, y se encuentra presente en numerosas colecciones tanto institucionales como particulares de todo el mundo.<\/p>\n<p><a href=\"https:\/\/www.jesuszurita.com\/\"><em>https:\/\/www.jesuszurita.com\/<\/em><\/a><\/p>\n<\/div><\/section><\/p><\/div><\/div><\/div><\/div><!-- close content main div --><\/div><\/div><div id='av_section_5'  class='avia-section av-ctu6gs-bd793eed6120433c461b2bf61eaed506 main_color avia-section-large avia-no-border-styling  avia-builder-el-22  el_after_av_section  el_before_av_section  avia-bg-style-scroll container_wrap sidebar_right'  ><div class='container av-section-cont-open' ><div class='template-page content  av-content-small alpha units'><div class='post-entry post-entry-type-page post-entry-1036'><div class='entry-content-wrapper clearfix'>\n<div  class='flex_column av-15j08s-00310dc4250bd71985ef929025c3cb36 av_one_third  avia-builder-el-23  el_before_av_two_third  avia-builder-el-first  first flex_column_div av-animated-generic left-to-right  '     ><style type=\"text\/css\" data-created_by=\"avia_inline_auto\" id=\"style-css-av-8pedx8-e22b0bf2f4392cbaf86bbf9c26f455be\">\n.avia-image-container.av-8pedx8-e22b0bf2f4392cbaf86bbf9c26f455be img.avia_image{\nbox-shadow:none;\n}\n.avia-image-container.av-8pedx8-e22b0bf2f4392cbaf86bbf9c26f455be .av-image-caption-overlay-center{\ncolor:#ffffff;\n}\n<\/style>\n<div  class='avia-image-container av-8pedx8-e22b0bf2f4392cbaf86bbf9c26f455be av-styling- avia_animated_image av-animated-when-visible-95 left-to-right avia-align-center  avia-builder-el-24  avia-builder-el-no-sibling '   itemprop=\"image\" itemscope=\"itemscope\" itemtype=\"https:\/\/schema.org\/ImageObject\" ><div class=\"avia-image-container-inner\"><div class=\"avia-image-overlay-wrap\"><img decoding=\"async\" fetchpriority=\"high\" class='wp-image-1043 avia-img-lazy-loading-not-1043 avia_image ' src=\"https:\/\/www.bbaa.uma.es\/master\/wp-content\/uploads\/2023\/04\/A\u0301ngel-Calvo-Ulloa.jpg\" alt='' title='A\u0301ngel Calvo Ulloa'  height=\"353\" width=\"400\"  itemprop=\"thumbnailUrl\" srcset=\"https:\/\/www.bbaa.uma.es\/master\/wp-content\/uploads\/2023\/04\/A\u0301ngel-Calvo-Ulloa.jpg 400w, https:\/\/www.bbaa.uma.es\/master\/wp-content\/uploads\/2023\/04\/A\u0301ngel-Calvo-Ulloa-300x265.jpg 300w\" sizes=\"(max-width: 400px) 100vw, 400px\" \/><\/div><\/div><\/div><\/div>\n<style type=\"text\/css\" data-created_by=\"avia_inline_auto\" id=\"style-css-av-7ie16k-5c36a118247a98ba7edc90b749e5d1dc\">\n.flex_column.av-7ie16k-5c36a118247a98ba7edc90b749e5d1dc{\nborder-width:1px;\nborder-style:solid;\nborder-radius:3px 3px 3px 3px;\npadding:15px 15px 10px 25px;\n}\n<\/style>\n<div  class='flex_column av-7ie16k-5c36a118247a98ba7edc90b749e5d1dc av_two_third  avia-builder-el-25  el_after_av_one_third  avia-builder-el-last  flex_column_div av-animated-generic bottom-to-top  '     ><section  class='av_textblock_section av-6cx6wc-7229332dc7aac621e517b59861367234 '   itemscope=\"itemscope\" itemtype=\"https:\/\/schema.org\/CreativeWork\" ><div class='avia_textblock'  itemprop=\"text\" ><p class=\"nombre-docentes-invitados\">\u00c1ngel Calvo Ulloa<\/p>\n<\/div><\/section><br \/>\n<section  class='av_textblock_section av-3jvxjg-2126a7b0f8d87d3b424e494c63481be6 '   itemscope=\"itemscope\" itemtype=\"https:\/\/schema.org\/CreativeWork\" ><div class='avia_textblock'  itemprop=\"text\" ><p><strong>\u00c1ngel Calvo Ulloa<\/strong> (Lal\u00edn, Pontevedra, 1984) vive y trabaja entre Galicia y Madrid. Licenciado en Historia del Arte por la Universidad de Santiago de Compostela y M\u00e1ster en Bellas Artes por la Universidad de Vigo, destaca como hechos inici\u00e1ticos el proyecto de intervenciones p\u00fablicas Un disparo de advertencia, Lal\u00edn, Pontevedra (2011) y el ciclo Di\u00e1logos Improbables en el Espazo NonLugar, Lal\u00edn, Pontevedra (2012-2013). M\u00e1s all\u00e1 de esto, desde 2011 ha comisariado diferentes propuestas para instituciones como el CA2M (Madrid), La Casa Encendida (Madrid), Caixaforum (Barcelona), MNAC (Barcelona), Artium (Vitoria-Gasteiz), Fundaci\u00f3n Cerezales Antonio y Cinia (Cerezales del Condado, Le\u00f3n), MARCO (Vigo), CCEMx (Ciudad de M\u00e9xico), CIAJG (Guimar\u00e3es), Fundaci\u00f3n Luis Seoane (A Coru\u00f1a), Tabacalera (Madrid) o EACC (Castell\u00f3n). Premiado por La Casa Encendida en el marco del programa In\u00e9ditos 2014, organiz\u00f3 la exposici\u00f3n Aprender a caer. En 2015 gan\u00f3 la convocatoria de artes visuales de Can Felipa (Barcelona) con la muestra Incluso un paisaje tranquilo y en 2016 fue premiado en el programa Comisart de La Caixa por el proyecto Bajo el brazo: entre la palma de la mano y la axila, que se present\u00f3 en 2018 en Caixaforum (Barcelona). En 2020, en coautor\u00eda con Juan Canela, public\u00f3 el libro Desde lo curatorial. Conversaciones, experiencias y afectos, dentro de la Colecci\u00f3n Paper, de Consonni. Actualmente prepara, junto con Marta Mestre, la Bienal anozero\u201924 en Coimbra, y proyectos para instituciones como Instituto Moreira Salles (S\u00e3o Paulo), Centro Cultural Oscar Niemeyer (Goi\u00e2nia), Museo Centro de Arte 2 de Mayo (Madrid), Museo Patio Herreriano (Valladolid) e Instituto Valenciano de Arte Moderno (Valencia).<\/p>\n<\/div><\/section><\/p><\/div><\/div><\/div><\/div><!-- close content main div --><\/div><\/div><div id='av_section_6'  class='avia-section av-32iae4-fe261a62c12a87d1f376c96454b96761 main_color avia-section-default avia-no-border-styling  avia-builder-el-28  el_after_av_section  avia-builder-el-last  avia-bg-style-scroll container_wrap sidebar_right'  ><div class='container av-section-cont-open' ><div class='template-page content  av-content-small alpha units'><div class='post-entry post-entry-type-page post-entry-1036'><div class='entry-content-wrapper clearfix'><\/div><\/div><\/div><!-- close content main div --><\/div><\/div><div id='after_section_6'  class='main_color av_default_container_wrap container_wrap sidebar_right'  ><div class='container av-section-cont-open' ><div class='template-page content  av-content-small alpha units'><div class='post-entry post-entry-type-page post-entry-1036'><div class='entry-content-wrapper clearfix'><\/p>\n","protected":false},"excerpt":{"rendered":"","protected":false},"author":3,"featured_media":0,"parent":0,"menu_order":0,"comment_status":"closed","ping_status":"closed","template":"","meta":{"footnotes":""},"class_list":["post-1036","page","type-page","status-publish","hentry"],"_links":{"self":[{"href":"https:\/\/www.bbaa.uma.es\/master\/wp-json\/wp\/v2\/pages\/1036","targetHints":{"allow":["GET"]}}],"collection":[{"href":"https:\/\/www.bbaa.uma.es\/master\/wp-json\/wp\/v2\/pages"}],"about":[{"href":"https:\/\/www.bbaa.uma.es\/master\/wp-json\/wp\/v2\/types\/page"}],"author":[{"embeddable":true,"href":"https:\/\/www.bbaa.uma.es\/master\/wp-json\/wp\/v2\/users\/3"}],"replies":[{"embeddable":true,"href":"https:\/\/www.bbaa.uma.es\/master\/wp-json\/wp\/v2\/comments?post=1036"}],"version-history":[{"count":5,"href":"https:\/\/www.bbaa.uma.es\/master\/wp-json\/wp\/v2\/pages\/1036\/revisions"}],"predecessor-version":[{"id":1095,"href":"https:\/\/www.bbaa.uma.es\/master\/wp-json\/wp\/v2\/pages\/1036\/revisions\/1095"}],"wp:attachment":[{"href":"https:\/\/www.bbaa.uma.es\/master\/wp-json\/wp\/v2\/media?parent=1036"}],"curies":[{"name":"wp","href":"https:\/\/api.w.org\/{rel}","templated":true}]}}