{"id":6368,"date":"2020-11-30T13:01:18","date_gmt":"2020-11-30T13:01:18","guid":{"rendered":"https:\/\/www.bbaa.uma.es\/blog\/?page_id=6368"},"modified":"2021-03-15T14:03:27","modified_gmt":"2021-03-15T13:03:27","slug":"catalogos-2019-20","status":"publish","type":"page","link":"https:\/\/www.bbaa.uma.es\/blog\/catalogos-2019-20\/","title":{"rendered":"Cat\u00e1logos 2019-20"},"content":{"rendered":"<p>Exposici\u00f3n \u00abKatharsis\u00bb, de Miguel Azuaga<\/p>\n<a href=\"https:\/\/www.bbaa.uma.es\/blog\/wp-content\/uploads\/2021\/03\/Catalogo_Katharsis_BBAA.pdf\" class=\"pdfemb-viewer\" style=\"\" data-width=\"max\" data-height=\"max\" data-toolbar=\"bottom\" data-toolbar-fixed=\"off\">Catalogo_Katharsis_BBAA<\/a>\n<p><a href=\"https:\/\/www.bbaa.uma.es\/blog\/wp-content\/uploads\/2021\/03\/Catalogo_Katharsis_BBAA.pdf\">Descargar cat\u00e1logo.<\/a><\/p>\n<p>Exposici\u00f3n \u00abThe Collector\u00bb, del Grupo de Investigaci\u00f3n FIDEX (Universidad Miguel Hern\u00e1ndez)<\/p>\n<p><a href=\"https:\/\/www.bbaa.uma.es\/blog\/wp-content\/uploads\/2020\/11\/FIDEX-_-The-Collector-_-web.pdf\"><a href=\"https:\/\/www.bbaa.uma.es\/blog\/wp-content\/uploads\/2020\/11\/FIDEX-_-The-Collector-_-web.pdf\" class=\"pdfemb-viewer\" style=\"\" data-width=\"max\" data-height=\"max\" data-toolbar=\"bottom\" data-toolbar-fixed=\"off\">FIDEX _ The Collector _ web<\/a><\/a><\/p>\n<p><a href=\"https:\/\/www.bbaa.uma.es\/blog\/wp-content\/uploads\/2020\/11\/FIDEX-_-The-Collector-_-web.pdf\">Descargar cat\u00e1logo.<\/a><\/p>\n<p>&nbsp;<\/p>\n<p>&nbsp;<\/p>\n","protected":false},"excerpt":{"rendered":"<p>Exposici\u00f3n \u00abKatharsis\u00bb, de Miguel Azuaga Descargar cat\u00e1logo. Exposici\u00f3n \u00abThe Collector\u00bb, del Grupo de Investigaci\u00f3n FIDEX (Universidad Miguel Hern\u00e1ndez) Descargar cat\u00e1logo. &nbsp; &nbsp;<\/p>\n","protected":false},"author":10,"featured_media":0,"parent":0,"menu_order":0,"comment_status":"closed","ping_status":"closed","template":"","meta":{"ngg_post_thumbnail":0,"footnotes":""},"class_list":["post-6368","page","type-page","status-publish","hentry"],"_links":{"self":[{"href":"https:\/\/www.bbaa.uma.es\/blog\/wp-json\/wp\/v2\/pages\/6368","targetHints":{"allow":["GET"]}}],"collection":[{"href":"https:\/\/www.bbaa.uma.es\/blog\/wp-json\/wp\/v2\/pages"}],"about":[{"href":"https:\/\/www.bbaa.uma.es\/blog\/wp-json\/wp\/v2\/types\/page"}],"author":[{"embeddable":true,"href":"https:\/\/www.bbaa.uma.es\/blog\/wp-json\/wp\/v2\/users\/10"}],"replies":[{"embeddable":true,"href":"https:\/\/www.bbaa.uma.es\/blog\/wp-json\/wp\/v2\/comments?post=6368"}],"version-history":[{"count":0,"href":"https:\/\/www.bbaa.uma.es\/blog\/wp-json\/wp\/v2\/pages\/6368\/revisions"}],"wp:attachment":[{"href":"https:\/\/www.bbaa.uma.es\/blog\/wp-json\/wp\/v2\/media?parent=6368"}],"curies":[{"name":"wp","href":"https:\/\/api.w.org\/{rel}","templated":true}]}}