{"id":6002,"date":"2019-09-26T08:49:41","date_gmt":"2019-09-26T08:49:41","guid":{"rendered":"https:\/\/www.bbaa.uma.es\/blog\/?page_id=6002"},"modified":"2020-12-17T13:06:47","modified_gmt":"2020-12-17T12:06:47","slug":"catalogos-2018-19","status":"publish","type":"page","link":"https:\/\/www.bbaa.uma.es\/blog\/catalogos-2018-19\/","title":{"rendered":"Cat\u00e1logos 2018-19"},"content":{"rendered":"<p>Cat\u00e1logo exposici\u00f3n: \u00abEl acontecer de la luz a trav\u00e9s del cristal\u00bb de Amelia Campos<\/p>\n<a href=\"https:\/\/www.bbaa.uma.es\/blog\/wp-content\/uploads\/2020\/12\/Catalogo-exposicion-El-acontecer-de-la-luz-a-traves-del-cristal-de-Amelia-Campos.pdf\" class=\"pdfemb-viewer\" style=\"\" data-width=\"max\" data-height=\"max\" data-toolbar=\"bottom\" data-toolbar-fixed=\"off\">Cat\u00e1logo exposici\u00f3n- \u201cEl acontecer de la luz a trav\u00e9s del cristal\u201d de Amelia Campos<\/a>\n<p><a href=\"https:\/\/www.bbaa.uma.es\/blog\/wp-content\/uploads\/2020\/12\/Catalogo-exposicion-El-acontecer-de-la-luz-a-traves-del-cristal-de-Amelia-Campos.pdf\">Descargar<\/a><\/p>\n<p>Cat\u00e1logo exposici\u00f3n: \u00abLa senda es peligrosa\u00bb del grupo de investigai\u00f3n IAM-Lab (Laboratorio de Interferencias Art\u00edsticas y Mediales)<\/p>\n<a href=\"https:\/\/www.bbaa.uma.es\/blog\/wp-content\/uploads\/2020\/12\/Catalogo-La-Senda-es-peligrosa..pdf\" class=\"pdfemb-viewer\" style=\"\" data-width=\"max\" data-height=\"max\" data-toolbar=\"bottom\" data-toolbar-fixed=\"off\">Cat\u00e1logo-La Senda es peligrosa.<\/a>\n<p><a href=\"https:\/\/www.bbaa.uma.es\/blog\/wp-content\/uploads\/2020\/12\/Catalogo-La-Senda-es-peligrosa..pdf\">Descargar<\/a><\/p>\n<p>&nbsp;<\/p>\n","protected":false},"excerpt":{"rendered":"<p>Cat\u00e1logo exposici\u00f3n: \u00abEl acontecer de la luz a trav\u00e9s del cristal\u00bb de Amelia Campos Descargar Cat\u00e1logo exposici\u00f3n: \u00abLa senda es peligrosa\u00bb del grupo de investigai\u00f3n IAM-Lab (Laboratorio de Interferencias Art\u00edsticas y Mediales) Descargar &nbsp;<\/p>\n","protected":false},"author":10,"featured_media":0,"parent":0,"menu_order":0,"comment_status":"closed","ping_status":"closed","template":"","meta":{"ngg_post_thumbnail":0,"footnotes":""},"class_list":["post-6002","page","type-page","status-publish","hentry"],"_links":{"self":[{"href":"https:\/\/www.bbaa.uma.es\/blog\/wp-json\/wp\/v2\/pages\/6002","targetHints":{"allow":["GET"]}}],"collection":[{"href":"https:\/\/www.bbaa.uma.es\/blog\/wp-json\/wp\/v2\/pages"}],"about":[{"href":"https:\/\/www.bbaa.uma.es\/blog\/wp-json\/wp\/v2\/types\/page"}],"author":[{"embeddable":true,"href":"https:\/\/www.bbaa.uma.es\/blog\/wp-json\/wp\/v2\/users\/10"}],"replies":[{"embeddable":true,"href":"https:\/\/www.bbaa.uma.es\/blog\/wp-json\/wp\/v2\/comments?post=6002"}],"version-history":[{"count":0,"href":"https:\/\/www.bbaa.uma.es\/blog\/wp-json\/wp\/v2\/pages\/6002\/revisions"}],"wp:attachment":[{"href":"https:\/\/www.bbaa.uma.es\/blog\/wp-json\/wp\/v2\/media?parent=6002"}],"curies":[{"name":"wp","href":"https:\/\/api.w.org\/{rel}","templated":true}]}}