{"id":5981,"date":"2019-09-26T07:26:24","date_gmt":"2019-09-26T07:26:24","guid":{"rendered":"https:\/\/www.bbaa.uma.es\/blog\/?page_id=5981"},"modified":"2019-09-26T08:17:18","modified_gmt":"2019-09-26T08:17:18","slug":"catalogos-2017-18","status":"publish","type":"page","link":"https:\/\/www.bbaa.uma.es\/blog\/catalogos-2017-18\/","title":{"rendered":"Cat\u00e1logos 2017-18"},"content":{"rendered":"<div id=\"streamElm31\" class=\"publication white bg-white theme-light ready\">\n<p>Cat\u00e1logo exposici\u00f3n: \u00abThe Gift\u00bb de Ricardo Le\u00f3n<\/p>\n<a href=\"https:\/\/www.bbaa.uma.es\/blog\/wp-content\/uploads\/2019\/09\/Catalogo-completo-The-Gift-1986-v17.pdf\" class=\"pdfemb-viewer\" style=\"\" data-width=\"max\" data-height=\"max\" data-toolbar=\"bottom\" data-toolbar-fixed=\"off\">Catalogo completo The Gift, 1986 - v17<\/a>\n<p><a href=\"https:\/\/www.bbaa.uma.es\/blog\/wp-content\/uploads\/2019\/09\/Catalogo-completo-The-Gift-1986-v17.pdf\" target=\"_blank\" rel=\"noopener noreferrer\">Descargar<\/a><\/p>\n<p>Cat\u00e1logo exposici\u00f3n: \u201cUna Quinta para Rubert\u201d de Alberto Crespo.<\/p>\n<div class=\"issuuembed issuu-isrendered\" data-url=\"https:\/\/issuu.com\/facultadbellasartesmalaga\/docs\/cata_logo_alberto_crespo_bbaam2018\"><iframe title=\"issuu.com\" src=\"https:\/\/e.issuu.com\/embed.html?identifier=tltb1j1i39jg&amp;embedType=script&amp;u=facultadbellasartesmalaga&amp;d=cata_logo_alberto_crespo_bbaam2018&amp;p=1\" allowfullscreen=\"allowfullscreen\" data-mce-fragment=\"1\"><\/iframe><\/div>\n<p>&nbsp;<\/p>\n<p>Cat\u00e1logo exposici\u00f3n: \u201cUna amabilidad inc\u00f3moda\u201d de DelaDelos.<\/p>\n<div class=\"issuuembed issuu-isrendered\" data-url=\"https:\/\/issuu.com\/facultadbellasartesmalaga\/docs\/dela_delos_una_amabilidad_inco_moda\"><iframe title=\"issuu.com\" src=\"https:\/\/e.issuu.com\/embed.html?identifier=9aefhsb1u7f0&amp;embedType=script&amp;u=facultadbellasartesmalaga&amp;d=dela_delos_una_amabilidad_inco_moda&amp;p=1\" allowfullscreen=\"allowfullscreen\" data-mce-fragment=\"1\"><\/iframe><\/div>\n<p>&nbsp;<\/p>\n<p>Cat\u00e1logo exposici\u00f3n: \u201cA Study in Blue and Green\u201d de Ignacio Tapia.<\/p>\n<div class=\"issuuembed issuu-isrendered\" data-url=\"https:\/\/issuu.com\/facultadbellasartesmalaga\/docs\/cata_logo_ignaciotapia_bbaam_2018\"><iframe title=\"issuu.com\" src=\"https:\/\/e.issuu.com\/embed.html?identifier=pa5kfjq654cw&amp;embedType=script&amp;u=facultadbellasartesmalaga&amp;d=cata_logo_ignaciotapia_bbaam_2018&amp;p=1\" allowfullscreen=\"allowfullscreen\" data-mce-fragment=\"1\"><\/iframe><\/div>\n<p>&nbsp;<\/p>\n<p>Cat\u00e1logo exposici\u00f3n: \u201cNo man\u00b4s land\u201d de Jorge Montalb\u00e1n Blanco<\/p>\n<div class=\"issuuembed issuu-isrendered\" data-url=\"https:\/\/issuu.com\/facultadbellasartesmalaga\/docs\/cat_logo_-_no_man_s_land\"><iframe title=\"issuu.com\" src=\"https:\/\/e.issuu.com\/embed.html?identifier=r1sg2430zkpv&amp;embedType=script&amp;u=facultadbellasartesmalaga&amp;d=cat_logo_-_no_man_s_land&amp;p=1\" allowfullscreen=\"allowfullscreen\" data-mce-fragment=\"1\"><\/iframe><\/div>\n<\/div>\n<div class=\"publication white bg-white theme-light ready\">&nbsp;<\/div>\n<div id=\"streamElm31\" class=\"publication white bg-white theme-light ready\">\n<p>Cat\u00e1logo exposici\u00f3n: \u201cTales\/Narraciones\u201d del Creative Room del 3er Congreso Internacional Arte, Ciencia, Ciudad 2017<\/p>\n<div class=\"issuuembed issuu-isrendered\" data-url=\"https:\/\/issuu.com\/facultadbellasartesmalaga\/docs\/catalogo_asc17\"><iframe title=\"issuu.com\" src=\"https:\/\/e.issuu.com\/embed.html?identifier=5xzucw5cuxzi&amp;embedType=script&amp;u=facultadbellasartesmalaga&amp;d=catalogo_asc17&amp;p=1\" allowfullscreen=\"allowfullscreen\" data-mce-fragment=\"1\"><\/iframe><\/div>\n<\/div>\n","protected":false},"excerpt":{"rendered":"<p>Cat\u00e1logo exposici\u00f3n: \u00abThe Gift\u00bb de Ricardo Le\u00f3n Descargar Cat\u00e1logo exposici\u00f3n: \u201cUna Quinta para Rubert\u201d de Alberto Crespo. &nbsp; Cat\u00e1logo exposici\u00f3n: \u201cUna amabilidad inc\u00f3moda\u201d de DelaDelos. &nbsp; Cat\u00e1logo exposici\u00f3n: \u201cA Study in Blue and Green\u201d de Ignacio Tapia. &nbsp; Cat\u00e1logo exposici\u00f3n: \u201cNo man\u00b4s land\u201d de Jorge Montalb\u00e1n Blanco &nbsp; Cat\u00e1logo exposici\u00f3n: \u201cTales\/Narraciones\u201d del Creative Room del &hellip; <a href=\"https:\/\/www.bbaa.uma.es\/blog\/catalogos-2017-18\/\" class=\"more-link\">Seguir leyendo <span class=\"screen-reader-text\">Cat\u00e1logos 2017-18<\/span> <span class=\"meta-nav\">&rarr;<\/span><\/a><\/p>\n","protected":false},"author":10,"featured_media":0,"parent":0,"menu_order":0,"comment_status":"closed","ping_status":"closed","template":"","meta":{"ngg_post_thumbnail":0,"footnotes":""},"class_list":["post-5981","page","type-page","status-publish","hentry"],"_links":{"self":[{"href":"https:\/\/www.bbaa.uma.es\/blog\/wp-json\/wp\/v2\/pages\/5981","targetHints":{"allow":["GET"]}}],"collection":[{"href":"https:\/\/www.bbaa.uma.es\/blog\/wp-json\/wp\/v2\/pages"}],"about":[{"href":"https:\/\/www.bbaa.uma.es\/blog\/wp-json\/wp\/v2\/types\/page"}],"author":[{"embeddable":true,"href":"https:\/\/www.bbaa.uma.es\/blog\/wp-json\/wp\/v2\/users\/10"}],"replies":[{"embeddable":true,"href":"https:\/\/www.bbaa.uma.es\/blog\/wp-json\/wp\/v2\/comments?post=5981"}],"version-history":[{"count":0,"href":"https:\/\/www.bbaa.uma.es\/blog\/wp-json\/wp\/v2\/pages\/5981\/revisions"}],"wp:attachment":[{"href":"https:\/\/www.bbaa.uma.es\/blog\/wp-json\/wp\/v2\/media?parent=5981"}],"curies":[{"name":"wp","href":"https:\/\/api.w.org\/{rel}","templated":true}]}}