{"id":5972,"date":"2019-09-26T07:18:31","date_gmt":"2019-09-26T07:18:31","guid":{"rendered":"https:\/\/www.bbaa.uma.es\/blog\/?page_id=5972"},"modified":"2019-09-26T07:18:31","modified_gmt":"2019-09-26T07:18:31","slug":"catalogos-2014-15","status":"publish","type":"page","link":"https:\/\/www.bbaa.uma.es\/blog\/catalogos-2014-15\/","title":{"rendered":"Cat\u00e1logos 2014-15"},"content":{"rendered":"<ul>\n<li><strong><em>Work in problem<\/em><\/strong>, I Beca Aristas Residente 2013-14. Del 2 al 31 de octubre de 2014.&nbsp;<a href=\"http:\/\/issuu.com\/facultadbellasartesmalaga\/docs\/hoja-de-sala_work-in-problem\" target=\"_blank\" rel=\"noopener noreferrer\">[Hoja de sala]<\/a><\/li>\n<li><strong><a href=\"http:\/\/issuu.com\/facultadbellasartesmalaga\/docs\/catalogo_anagnisis-la_trama_maria_d\" target=\"_blank\" rel=\"noopener noreferrer\">Cat\u00e1logo Exposici\u00f3n: Anagn\u00f3risis-La trama de la artista Mar\u00eda D\u00e1vila. Del 27 de noviembre de 2014 al 17 de enero de 2015.<\/a><\/strong><\/li>\n<li><a href=\"http:\/\/issuu.com\/facultadbellasartesmalaga\/docs\/catalogo_juancarlosrobles_bbaa2015\" target=\"_blank\" rel=\"noopener noreferrer\"><em><strong>Cat\u00e1logo Exposici\u00f3n: M\u00e1quinas de mirar de Juan Carlos Robles. Del 29 de enero al 13 de marzo de 2015.<\/strong><\/em><\/a><\/li>\n<li><strong><a href=\"http:\/\/issuu.com\/facultadbellasartesmalaga\/docs\/catikersoinuweb_a4c63d42b7a7be\" target=\"_blank\" rel=\"noopener noreferrer\">Cat\u00e1logo Exposici\u00f3n: Ecoiconoclastas, ocho instalaciones audiovisuales del Grupo de Investigaci\u00f3n IKERSOINU. Del Jueves 26 de marzo al 15 de mayo de 2015.<\/a><\/strong><\/li>\n<\/ul>\n","protected":false},"excerpt":{"rendered":"<p>Work in problem, I Beca Aristas Residente 2013-14. Del 2 al 31 de octubre de 2014.&nbsp;[Hoja de sala] Cat\u00e1logo Exposici\u00f3n: Anagn\u00f3risis-La trama de la artista Mar\u00eda D\u00e1vila. Del 27 de noviembre de 2014 al 17 de enero de 2015. Cat\u00e1logo Exposici\u00f3n: M\u00e1quinas de mirar de Juan Carlos Robles. Del 29 de enero al 13 de &hellip; <a href=\"https:\/\/www.bbaa.uma.es\/blog\/catalogos-2014-15\/\" class=\"more-link\">Seguir leyendo <span class=\"screen-reader-text\">Cat\u00e1logos 2014-15<\/span> <span class=\"meta-nav\">&rarr;<\/span><\/a><\/p>\n","protected":false},"author":10,"featured_media":0,"parent":0,"menu_order":0,"comment_status":"closed","ping_status":"closed","template":"","meta":{"ngg_post_thumbnail":0,"footnotes":""},"class_list":["post-5972","page","type-page","status-publish","hentry"],"_links":{"self":[{"href":"https:\/\/www.bbaa.uma.es\/blog\/wp-json\/wp\/v2\/pages\/5972","targetHints":{"allow":["GET"]}}],"collection":[{"href":"https:\/\/www.bbaa.uma.es\/blog\/wp-json\/wp\/v2\/pages"}],"about":[{"href":"https:\/\/www.bbaa.uma.es\/blog\/wp-json\/wp\/v2\/types\/page"}],"author":[{"embeddable":true,"href":"https:\/\/www.bbaa.uma.es\/blog\/wp-json\/wp\/v2\/users\/10"}],"replies":[{"embeddable":true,"href":"https:\/\/www.bbaa.uma.es\/blog\/wp-json\/wp\/v2\/comments?post=5972"}],"version-history":[{"count":0,"href":"https:\/\/www.bbaa.uma.es\/blog\/wp-json\/wp\/v2\/pages\/5972\/revisions"}],"wp:attachment":[{"href":"https:\/\/www.bbaa.uma.es\/blog\/wp-json\/wp\/v2\/media?parent=5972"}],"curies":[{"name":"wp","href":"https:\/\/api.w.org\/{rel}","templated":true}]}}