{"id":3509,"date":"2014-11-17T09:43:00","date_gmt":"2014-11-17T09:43:00","guid":{"rendered":"http:\/\/www.bbaa.uma.es\/blog\/?page_id=3509"},"modified":"2014-11-17T09:46:55","modified_gmt":"2014-11-17T09:46:55","slug":"contacto-facultad-de-bellas-artes-de-malaga","status":"publish","type":"page","link":"https:\/\/www.bbaa.uma.es\/blog\/contacto-facultad-de-bellas-artes-de-malaga\/","title":{"rendered":"Contacto Facultad de Bellas Artes de M\u00e1laga"},"content":{"rendered":"<p><em>Direcci\u00f3n:<\/em> <strong><strong><br \/>\n<\/strong>Facultad de Bellas Artes<br \/>\nUniversidad de M\u00e1laga<br \/>\nPlaza de El Ejido n\u00ba1<br \/>\nCampus de El Ejido 29071. M\u00e1laga<\/p>\n<p><\/strong><em>Tel. conserjer\u00eda:<\/em><strong> 952 13 13 75<br \/>\n<\/strong><em>Tel. secretar\u00eda: <\/em><strong>952 13 27 80<br \/>\n<\/strong><em>E-mail:<\/em><strong> <a href=\"mailto:bbaa@uma.es\">bbaa@uma.es<\/a><\/strong><\/p>\n<p><em>Titulaciones:<\/em>\u00a0<a href=\"http:\/\/www.uma.es\/grado-en-bellas-artes\">Grado en Bellas Artes<br \/>\n<\/a><em>Titulaciones a extinguir:<\/em>\u00a0<a href=\"https:\/\/oas.sci.uma.es:8443\/pls\/apex\/f?p=101:1:7817961091968455::NO::INICIO_LOV_TIPO_ESTUDIO,INICIO_LOV_CURSO_ACAD,INICIO_LOV_CENTROS,INICIO_LOV_TITULACIONES,INICIO_LOV_CICLOS,INICIO_LOV_CURSOS,INICIO_BUSCAR:1%2C2013%2C313%2C120%2C-1%2C-1%2C\" target=\"_blank\">Licenciado en Bellas Artes<\/a><\/p>\n<p><em>Decano:<\/em> Salvador Haro Gonz\u00e1lez<br \/>\n<strong><a href=\"http:\/\/www.uma.es\/facultad-de-bellas-artes\/\">&gt;&gt;&gt; Acceso al web institucional<\/a><\/strong><\/p>\n","protected":false},"excerpt":{"rendered":"<p>Direcci\u00f3n: Facultad de Bellas Artes Universidad de M\u00e1laga Plaza de El Ejido n\u00ba1 Campus de El Ejido 29071. M\u00e1laga Tel. conserjer\u00eda: 952 13 13 75 Tel. secretar\u00eda: 952 13 27 80 E-mail: bbaa@uma.es Titulaciones:\u00a0Grado en Bellas Artes Titulaciones a extinguir:\u00a0Licenciado en Bellas Artes Decano: Salvador Haro Gonz\u00e1lez &gt;&gt;&gt; Acceso al web institucional<\/p>\n","protected":false},"author":14,"featured_media":2251,"parent":0,"menu_order":0,"comment_status":"closed","ping_status":"open","template":"","meta":{"ngg_post_thumbnail":0,"footnotes":""},"class_list":["post-3509","page","type-page","status-publish","has-post-thumbnail","hentry"],"_links":{"self":[{"href":"https:\/\/www.bbaa.uma.es\/blog\/wp-json\/wp\/v2\/pages\/3509","targetHints":{"allow":["GET"]}}],"collection":[{"href":"https:\/\/www.bbaa.uma.es\/blog\/wp-json\/wp\/v2\/pages"}],"about":[{"href":"https:\/\/www.bbaa.uma.es\/blog\/wp-json\/wp\/v2\/types\/page"}],"author":[{"embeddable":true,"href":"https:\/\/www.bbaa.uma.es\/blog\/wp-json\/wp\/v2\/users\/14"}],"replies":[{"embeddable":true,"href":"https:\/\/www.bbaa.uma.es\/blog\/wp-json\/wp\/v2\/comments?post=3509"}],"version-history":[{"count":0,"href":"https:\/\/www.bbaa.uma.es\/blog\/wp-json\/wp\/v2\/pages\/3509\/revisions"}],"wp:featuredmedia":[{"embeddable":true,"href":"https:\/\/www.bbaa.uma.es\/blog\/wp-json\/wp\/v2\/media\/2251"}],"wp:attachment":[{"href":"https:\/\/www.bbaa.uma.es\/blog\/wp-json\/wp\/v2\/media?parent=3509"}],"curies":[{"name":"wp","href":"https:\/\/api.w.org\/{rel}","templated":true}]}}