{"id":3424,"date":"2014-10-02T08:25:03","date_gmt":"2014-10-02T08:25:03","guid":{"rendered":"http:\/\/www.bbaa.uma.es\/blog\/?page_id=3424"},"modified":"2014-10-03T12:01:08","modified_gmt":"2014-10-03T12:01:08","slug":"performances-e-intervenciones-431","status":"publish","type":"page","link":"https:\/\/www.bbaa.uma.es\/blog\/estudios\/performances-e-intervenciones-431\/","title":{"rendered":"Performances e Intervenciones &#8211; 431"},"content":{"rendered":"<h4><em><span style=\"line-height: 1.5; color: #ff6600;\">\u00bfEst\u00e1s acabando la carrera y a\u00fan no sabes lo que es el Arte de Acci\u00f3n? PERFORMANCES E INTERVENCIONES.\u00a0<\/span><\/em><\/h4>\n<p>Profesor: Joaqu\u00edn Ivars.<br \/>\nOptativa \/ 6\u00a0cr\u00e9ditos<\/p>\n<p><a href=\"http:\/\/www.bbaa.uma.es\/blog\/wp-content\/uploads\/2014\/10\/performance-2jpg.jpg\"><img loading=\"lazy\" decoding=\"async\" class=\"alignnone size-medium wp-image-3458\" src=\"http:\/\/www.bbaa.uma.es\/blog\/wp-content\/uploads\/2014\/10\/performance-2jpg-300x166.jpg\" alt=\"performance 2jpg\" width=\"300\" height=\"166\" srcset=\"https:\/\/www.bbaa.uma.es\/blog\/wp-content\/uploads\/2014\/10\/performance-2jpg-300x166.jpg 300w, https:\/\/www.bbaa.uma.es\/blog\/wp-content\/uploads\/2014\/10\/performance-2jpg-785x436.jpg 785w, https:\/\/www.bbaa.uma.es\/blog\/wp-content\/uploads\/2014\/10\/performance-2jpg-672x372.jpg 672w, https:\/\/www.bbaa.uma.es\/blog\/wp-content\/uploads\/2014\/10\/performance-2jpg-1038x576.jpg 1038w, https:\/\/www.bbaa.uma.es\/blog\/wp-content\/uploads\/2014\/10\/performance-2jpg.jpg 1600w\" sizes=\"auto, (max-width: 300px) 100vw, 300px\" \/><\/a> <a href=\"http:\/\/www.bbaa.uma.es\/blog\/wp-content\/uploads\/2014\/10\/performance-3jpg.jpg\"><img loading=\"lazy\" decoding=\"async\" class=\"alignnone size-medium wp-image-3457\" src=\"http:\/\/www.bbaa.uma.es\/blog\/wp-content\/uploads\/2014\/10\/performance-3jpg-300x166.jpg\" alt=\"performance 3jpg\" width=\"300\" height=\"166\" srcset=\"https:\/\/www.bbaa.uma.es\/blog\/wp-content\/uploads\/2014\/10\/performance-3jpg-300x166.jpg 300w, https:\/\/www.bbaa.uma.es\/blog\/wp-content\/uploads\/2014\/10\/performance-3jpg-785x436.jpg 785w, https:\/\/www.bbaa.uma.es\/blog\/wp-content\/uploads\/2014\/10\/performance-3jpg-672x372.jpg 672w, https:\/\/www.bbaa.uma.es\/blog\/wp-content\/uploads\/2014\/10\/performance-3jpg-1038x576.jpg 1038w, https:\/\/www.bbaa.uma.es\/blog\/wp-content\/uploads\/2014\/10\/performance-3jpg.jpg 1600w\" sizes=\"auto, (max-width: 300px) 100vw, 300px\" \/><\/a> <a href=\"http:\/\/www.bbaa.uma.es\/blog\/wp-content\/uploads\/2014\/10\/performance-4jpg.jpg\"><img loading=\"lazy\" decoding=\"async\" class=\"alignnone size-medium wp-image-3456\" src=\"http:\/\/www.bbaa.uma.es\/blog\/wp-content\/uploads\/2014\/10\/performance-4jpg-300x166.jpg\" alt=\"performance 4jpg\" width=\"300\" height=\"166\" srcset=\"https:\/\/www.bbaa.uma.es\/blog\/wp-content\/uploads\/2014\/10\/performance-4jpg-300x166.jpg 300w, https:\/\/www.bbaa.uma.es\/blog\/wp-content\/uploads\/2014\/10\/performance-4jpg-785x434.jpg 785w, https:\/\/www.bbaa.uma.es\/blog\/wp-content\/uploads\/2014\/10\/performance-4jpg-672x372.jpg 672w, https:\/\/www.bbaa.uma.es\/blog\/wp-content\/uploads\/2014\/10\/performance-4jpg-1038x576.jpg 1038w, https:\/\/www.bbaa.uma.es\/blog\/wp-content\/uploads\/2014\/10\/performance-4jpg.jpg 1600w\" sizes=\"auto, (max-width: 300px) 100vw, 300px\" \/><\/a> <a href=\"http:\/\/www.bbaa.uma.es\/blog\/wp-content\/uploads\/2014\/10\/performance7jpg.jpg\"><img loading=\"lazy\" decoding=\"async\" class=\"alignnone size-medium wp-image-3455\" src=\"http:\/\/www.bbaa.uma.es\/blog\/wp-content\/uploads\/2014\/10\/performance7jpg-300x164.jpg\" alt=\"performance7jpg\" width=\"300\" height=\"164\" srcset=\"https:\/\/www.bbaa.uma.es\/blog\/wp-content\/uploads\/2014\/10\/performance7jpg-300x164.jpg 300w, https:\/\/www.bbaa.uma.es\/blog\/wp-content\/uploads\/2014\/10\/performance7jpg-785x429.jpg 785w, https:\/\/www.bbaa.uma.es\/blog\/wp-content\/uploads\/2014\/10\/performance7jpg.jpg 1600w\" sizes=\"auto, (max-width: 300px) 100vw, 300px\" \/><\/a> <a href=\"http:\/\/www.bbaa.uma.es\/blog\/wp-content\/uploads\/2014\/10\/performance8jpg.jpg\"><img loading=\"lazy\" decoding=\"async\" class=\"alignnone size-medium wp-image-3454\" src=\"http:\/\/www.bbaa.uma.es\/blog\/wp-content\/uploads\/2014\/10\/performance8jpg-300x167.jpg\" alt=\"performance8jpg\" width=\"300\" height=\"167\" srcset=\"https:\/\/www.bbaa.uma.es\/blog\/wp-content\/uploads\/2014\/10\/performance8jpg-300x167.jpg 300w, https:\/\/www.bbaa.uma.es\/blog\/wp-content\/uploads\/2014\/10\/performance8jpg-785x437.jpg 785w, https:\/\/www.bbaa.uma.es\/blog\/wp-content\/uploads\/2014\/10\/performance8jpg-672x372.jpg 672w, https:\/\/www.bbaa.uma.es\/blog\/wp-content\/uploads\/2014\/10\/performance8jpg-1038x576.jpg 1038w, https:\/\/www.bbaa.uma.es\/blog\/wp-content\/uploads\/2014\/10\/performance8jpg.jpg 1600w\" sizes=\"auto, (max-width: 300px) 100vw, 300px\" \/><\/a> <a href=\"http:\/\/www.bbaa.uma.es\/blog\/wp-content\/uploads\/2014\/10\/performance9jpg.jpg\"><img loading=\"lazy\" decoding=\"async\" class=\"alignnone size-medium wp-image-3453\" src=\"http:\/\/www.bbaa.uma.es\/blog\/wp-content\/uploads\/2014\/10\/performance9jpg-300x158.jpg\" alt=\"performance9jpg\" width=\"300\" height=\"158\" srcset=\"https:\/\/www.bbaa.uma.es\/blog\/wp-content\/uploads\/2014\/10\/performance9jpg-300x158.jpg 300w, https:\/\/www.bbaa.uma.es\/blog\/wp-content\/uploads\/2014\/10\/performance9jpg-785x413.jpg 785w, https:\/\/www.bbaa.uma.es\/blog\/wp-content\/uploads\/2014\/10\/performance9jpg.jpg 1600w\" sizes=\"auto, (max-width: 300px) 100vw, 300px\" \/><\/a>\u00a0\u00a0<a href=\"http:\/\/www.bbaa.uma.es\/blog\/wp-content\/uploads\/2014\/10\/performance12jpg.jpg\"><img loading=\"lazy\" decoding=\"async\" class=\"alignnone size-medium wp-image-3451\" src=\"http:\/\/www.bbaa.uma.es\/blog\/wp-content\/uploads\/2014\/10\/performance12jpg-300x166.jpg\" alt=\"performance12jpg\" width=\"300\" height=\"166\" srcset=\"https:\/\/www.bbaa.uma.es\/blog\/wp-content\/uploads\/2014\/10\/performance12jpg-300x166.jpg 300w, https:\/\/www.bbaa.uma.es\/blog\/wp-content\/uploads\/2014\/10\/performance12jpg-785x435.jpg 785w, https:\/\/www.bbaa.uma.es\/blog\/wp-content\/uploads\/2014\/10\/performance12jpg-672x372.jpg 672w, https:\/\/www.bbaa.uma.es\/blog\/wp-content\/uploads\/2014\/10\/performance12jpg-1038x576.jpg 1038w, https:\/\/www.bbaa.uma.es\/blog\/wp-content\/uploads\/2014\/10\/performance12jpg.jpg 1600w\" sizes=\"auto, (max-width: 300px) 100vw, 300px\" \/><\/a> <a href=\"http:\/\/www.bbaa.uma.es\/blog\/wp-content\/uploads\/2014\/10\/performance14jpg.jpg\"><img loading=\"lazy\" decoding=\"async\" class=\"alignnone size-medium wp-image-3450\" src=\"http:\/\/www.bbaa.uma.es\/blog\/wp-content\/uploads\/2014\/10\/performance14jpg-300x166.jpg\" alt=\"performance14jpg\" width=\"300\" height=\"166\" srcset=\"https:\/\/www.bbaa.uma.es\/blog\/wp-content\/uploads\/2014\/10\/performance14jpg-300x166.jpg 300w, https:\/\/www.bbaa.uma.es\/blog\/wp-content\/uploads\/2014\/10\/performance14jpg-785x436.jpg 785w, https:\/\/www.bbaa.uma.es\/blog\/wp-content\/uploads\/2014\/10\/performance14jpg-672x372.jpg 672w, https:\/\/www.bbaa.uma.es\/blog\/wp-content\/uploads\/2014\/10\/performance14jpg-1038x576.jpg 1038w, https:\/\/www.bbaa.uma.es\/blog\/wp-content\/uploads\/2014\/10\/performance14jpg.jpg 1600w\" sizes=\"auto, (max-width: 300px) 100vw, 300px\" \/><\/a> <a href=\"http:\/\/www.bbaa.uma.es\/blog\/wp-content\/uploads\/2014\/10\/performance15jpg.jpg\"><img loading=\"lazy\" decoding=\"async\" class=\"alignnone size-medium wp-image-3449\" src=\"http:\/\/www.bbaa.uma.es\/blog\/wp-content\/uploads\/2014\/10\/performance15jpg-300x166.jpg\" alt=\"performance15jpg\" width=\"300\" height=\"166\" srcset=\"https:\/\/www.bbaa.uma.es\/blog\/wp-content\/uploads\/2014\/10\/performance15jpg-300x166.jpg 300w, https:\/\/www.bbaa.uma.es\/blog\/wp-content\/uploads\/2014\/10\/performance15jpg-785x435.jpg 785w, https:\/\/www.bbaa.uma.es\/blog\/wp-content\/uploads\/2014\/10\/performance15jpg-672x372.jpg 672w, https:\/\/www.bbaa.uma.es\/blog\/wp-content\/uploads\/2014\/10\/performance15jpg-1038x576.jpg 1038w, https:\/\/www.bbaa.uma.es\/blog\/wp-content\/uploads\/2014\/10\/performance15jpg.jpg 1600w\" sizes=\"auto, (max-width: 300px) 100vw, 300px\" \/><\/a><\/p>\n<h4>CONTENIDOS DE LA ASIGNATURA<\/h4>\n<hr \/>\n<p>Desarrollo del performance, el accionismo y las intervenciones p\u00fablicas. Esta asignatura pretende proporcionar al alumno los conocimientos b\u00e1sicos para poder comprender, planificar y ejecutar las distintas etapas que constituyen cualquier proyecto de performance, arte de acci\u00f3n o intervenci\u00f3n. La realizaci\u00f3n de acciones (en formato proyecto o ejecuci\u00f3n) servir\u00e1 para dotar al alumno de la formaci\u00f3n e informaci\u00f3n suficiente de car\u00e1cter te\u00f3rico y pr\u00e1ctico con el objetivo \u00faltimo de facilitarle el acceso a la comprensi\u00f3n de nuevos conceptos dentro del \u00e1mbito del arte contempor\u00e1neo. Es imprescindible, adem\u00e1s, que el alumno se familiarice de una forma paulatina y regular con la bibliograf\u00eda esencial para el entendimiento profundo del arte contempor\u00e1neo, de manera que se fomentar\u00e1 la lectura comprensiva y el trabajo de investigaci\u00f3n personal con art\u00edculos y textos relacionados con este campo. Asimismo los contenidos pr\u00e1cticos son esenciales para el desarrollo de exposiciones te\u00f3ricas y de presentaci\u00f3n de proyectos art\u00edsticos.<\/p>\n<h4><strong>BLOQUES TEM\u00c1TICOS<\/strong><\/h4>\n<hr \/>\n<h4>\u00a0<strong>CONTENIDOS TE\u00d3RICOS:<\/strong><\/h4>\n<hr \/>\n<h5><strong>INTRODUCCI\u00d3N A LA CONTEMPORANEIDAD P\u00daBLICA:<\/strong><\/h5>\n<ol>\n<li>-MAPA DE SITUACI\u00d3N SOCIOCULTURAL<\/li>\n<li>-MODELOS INTERPRETATIVOS DE LAS TRANSICIONES SOCIOCULTURALES<\/li>\n<li>-MODERNIDAD Y CONSECUENCIAS<\/li>\n<li>-POSTMODERNIDAD Y CONSECUENCIAS<\/li>\n<li>-EJEMPLOS DE RELACIONES ARTE-SOCIEDAD<\/li>\n<li>-CONCEPTO DE PERFORMATIVIDAD<\/li>\n<\/ol>\n<h5><strong>INTRODUCCI\u00d3N HIST\u00d3RICA A LAS ARTES DE ACCI\u00d3N, PERFORMANCES E INTERVENCIONES:<\/strong><\/h5>\n<ol>\n<li>-ACTIVISMO ART\u00cdSTICO-POL\u00cdTICO: UNA SITUACI\u00d3N PROBLEM\u00c1TICA<\/li>\n<li>-ANTECEDENTES FUTURISTAS, DADAISTAS, SURREALISTAS Y BAUHAUS<\/li>\n<li>-LOS OR\u00cdGENES: POLLOCK, CAGE, FONTANA, SHIMAMOTO<\/li>\n<li>-ASOCIACI\u00d3N DE ARTE GUTAI (Gutai Bijutsu Ky\u00f4kai),<\/li>\n<li>-NOUVEAU R\u00c9ALISME<\/li>\n<li>-DE MANZONI AL ARTE POVERA<\/li>\n<li>-DOS ARTISTAS ENTRE LOS INTERSTICIOS: John Latham, James Lee Byars,<\/li>\n<li>-LOS HAPPENINGS<\/li>\n<li>-FLUXUS<\/li>\n<li>-PROTOFLUXUS (1959-62)<\/li>\n<li>-FLUXUS ((1962-64)<\/li>\n<li>-EL HAPPENING EN EUROPA: Wolf Vostell, Joseph Beuys<\/li>\n<li>-EL ACCIONISMO VIEN\u00c9S<\/li>\n<li>&#8211; \u201cCONCEPTUAL PERFORMANCE\u201d: ARTE DE COMPORTAMIENTO Y \u201cBODY ART\u201d<\/li>\n<li>-ACCI\u00d3N-PROCESO O ARTE DE COMPORTAMIENTO<\/li>\n<li>-ESCULTURAS PERFORMATIVAS Y\/O ACCIONES ESPACIALES DE LOS SESENTA\u00a0ARTE DE ACCI\u00d3N CORPORAL (\u201cBODY ART\u201d)<\/li>\n<li>-LA PERFORMANCE Y LAS NUEVAS TECNOLOG\u00cdAS (METAFORMANCE)<\/li>\n<li>-LAS ACCIONES Y EL ESPACIO (EL SITE SPECIFIC)\/ LAS ACCIONES Y EL TIEMPO<\/li>\n<li>-INTERVENCIONES P\u00daBLICAS<\/li>\n<li>-LAS DERIVAS SITUACIONISTAS Y SUS PSICOGEOGRAF\u00cdAS<\/li>\n<li>-ACTIVISMO ART\u00cdSTICO-POL\u00cdTICO: UNA SITUACI\u00d3N PROBLEM\u00c1TICA<\/li>\n<\/ol>\n<h5>CONTENIDOS PR\u00c1CTICOS (ESTUDIOS DE CASO Y REALIZACIONES PR\u00c1CTICAS)<\/h5>\n<hr \/>\n<ol>\n<li>-AN\u00c1LISIS-INTERPRETACI\u00d3N-PRESENTACI\u00d3N ORAL DE PERFORMANCES\/INTERVENCIONES HIST\u00d3RICAS Y ACTUALES<\/li>\n<li><span style=\"line-height: 1.5;\">-EL PROCESO\/PROYECTO DE LA ACCI\u00d3N (PROYECTOS Y REALIZACIONES)<\/span><\/li>\n<li>-EL PROCESO\/PROYECTO DE LA PERFORMANCE (PROYECTOS Y REALIZACIONES)<\/li>\n<li>-EL PROCESO\/PROYECTO DE LAS INTERVENCIONES (PROYECTOS Y REALIZACIONES)<\/li>\n<li>-PROYECTO FINAL<\/li>\n<\/ol>\n<p>[gview file=\u00bbhttp:\/\/www.bbaa.uma.es\/blog\/wp-content\/uploads\/2014\/10\/ProgramasAsignaturas_Titulacion_5101_AsigUMA_52784.pdf\u00bb]<\/p>\n","protected":false},"excerpt":{"rendered":"<p>\u00bfEst\u00e1s acabando la carrera y a\u00fan no sabes lo que es el Arte de Acci\u00f3n? PERFORMANCES E INTERVENCIONES.\u00a0 Profesor: Joaqu\u00edn Ivars. Optativa \/ 6\u00a0cr\u00e9ditos \u00a0\u00a0 CONTENIDOS DE LA ASIGNATURA Desarrollo del performance, el accionismo y las intervenciones p\u00fablicas. Esta asignatura pretende proporcionar al alumno los conocimientos b\u00e1sicos para poder comprender, planificar y ejecutar las distintas &hellip; <a href=\"https:\/\/www.bbaa.uma.es\/blog\/estudios\/performances-e-intervenciones-431\/\" class=\"more-link\">Seguir leyendo <span class=\"screen-reader-text\">Performances e Intervenciones &#8211; 431<\/span> <span class=\"meta-nav\">&rarr;<\/span><\/a><\/p>\n","protected":false},"author":14,"featured_media":3458,"parent":2074,"menu_order":0,"comment_status":"closed","ping_status":"open","template":"page-templates\/full-width.php","meta":{"ngg_post_thumbnail":0,"footnotes":""},"class_list":["post-3424","page","type-page","status-publish","has-post-thumbnail","hentry"],"_links":{"self":[{"href":"https:\/\/www.bbaa.uma.es\/blog\/wp-json\/wp\/v2\/pages\/3424","targetHints":{"allow":["GET"]}}],"collection":[{"href":"https:\/\/www.bbaa.uma.es\/blog\/wp-json\/wp\/v2\/pages"}],"about":[{"href":"https:\/\/www.bbaa.uma.es\/blog\/wp-json\/wp\/v2\/types\/page"}],"author":[{"embeddable":true,"href":"https:\/\/www.bbaa.uma.es\/blog\/wp-json\/wp\/v2\/users\/14"}],"replies":[{"embeddable":true,"href":"https:\/\/www.bbaa.uma.es\/blog\/wp-json\/wp\/v2\/comments?post=3424"}],"version-history":[{"count":0,"href":"https:\/\/www.bbaa.uma.es\/blog\/wp-json\/wp\/v2\/pages\/3424\/revisions"}],"up":[{"embeddable":true,"href":"https:\/\/www.bbaa.uma.es\/blog\/wp-json\/wp\/v2\/pages\/2074"}],"wp:featuredmedia":[{"embeddable":true,"href":"https:\/\/www.bbaa.uma.es\/blog\/wp-json\/wp\/v2\/media\/3458"}],"wp:attachment":[{"href":"https:\/\/www.bbaa.uma.es\/blog\/wp-json\/wp\/v2\/media?parent=3424"}],"curies":[{"name":"wp","href":"https:\/\/api.w.org\/{rel}","templated":true}]}}