{"id":3298,"date":"2014-09-10T17:45:29","date_gmt":"2014-09-10T17:45:29","guid":{"rendered":"http:\/\/www.bbaa.uma.es\/blog\/?page_id=3298"},"modified":"2014-10-01T14:18:07","modified_gmt":"2014-10-01T14:18:07","slug":"arte-virtual","status":"publish","type":"page","link":"https:\/\/www.bbaa.uma.es\/blog\/estudios\/arte-virtual\/","title":{"rendered":"Arte Virtual &#8211; 410"},"content":{"rendered":"<h4><strong>Asignatura:<\/strong> ARTE VIRTUAL &#8211;\u00a0410<\/h4>\n<div>\n<p><strong>Profesor:<\/strong> D. JOSE MARIA ALONSO CALERO<br \/>\nOptativa \/\u00a04\u00ba curso \/ 2\u00ba Semestre<\/p>\n<\/div>\n<div>\n<table border=\"0\" width=\"100%\" cellspacing=\"0\" cellpadding=\"0\">\n<tbody>\n<tr>\n<td width=\"20%\">\n<h4 style=\"text-align: center;\"><a href=\"http:\/\/www.autodesk.es\/products\/maya\/overview\" target=\"_blank\">MAYA 3D<\/a><\/h4>\n<p style=\"text-align: center;\"><a href=\"http:\/\/www.bbaa.uma.es\/blog\/wp-content\/uploads\/2014\/09\/maya3d.jpg\"><img loading=\"lazy\" decoding=\"async\" src=\"http:\/\/www.bbaa.uma.es\/blog\/wp-content\/uploads\/2014\/09\/Maya_587300_i0.png\" alt=\"Maya_587300_i0\" width=\"198\" height=\"46\" \/><\/a><a href=\"http:\/\/www.bbaa.uma.es\/blog\/wp-content\/uploads\/2014\/09\/maya3d.jpg\"><img loading=\"lazy\" decoding=\"async\" src=\"http:\/\/www.bbaa.uma.es\/blog\/wp-content\/uploads\/2014\/09\/maya3d.jpg\" alt=\"maya3d\" width=\"195\" height=\"195\" \/><\/a><\/p>\n<\/td>\n<td width=\"20%\">\n<h4 style=\"text-align: center;\"><strong><a href=\"http:\/\/sicnova3d.com\/escaneres-3d\/3d-sense\" target=\"_blank\">Esc\u00e1ner 3D SENSE<\/a><\/strong><\/h4>\n<p><a href=\"http:\/\/www.bbaa.uma.es\/blog\/wp-content\/uploads\/2014\/09\/sense-scanner-2.png\"><img loading=\"lazy\" decoding=\"async\" class=\"aligncenter\" src=\"http:\/\/www.bbaa.uma.es\/blog\/wp-content\/uploads\/2014\/09\/3dsense.png\" alt=\"3dsense\" width=\"160\" height=\"120\" \/><\/a><a href=\"http:\/\/www.bbaa.uma.es\/blog\/wp-content\/uploads\/2014\/09\/sense-scanner-2.png\"><img loading=\"lazy\" decoding=\"async\" class=\"alignnone\" src=\"http:\/\/www.bbaa.uma.es\/blog\/wp-content\/uploads\/2014\/09\/sense-scanner-2.png\" alt=\"sense-scanner-2\" width=\"159\" height=\"120\" \/><\/a><\/td>\n<td width=\"20%\">\n<h4 style=\"text-align: center;\"><a href=\"http:\/\/unity3d.com\/\" target=\"_blank\">UNITY 3D<\/a><\/h4>\n<p><a href=\"http:\/\/www.bbaa.uma.es\/blog\/wp-content\/uploads\/2014\/09\/unity3d1-e1410373915503.jpg\"><img loading=\"lazy\" decoding=\"async\" class=\"aligncenter\" src=\"http:\/\/www.bbaa.uma.es\/blog\/wp-content\/uploads\/2014\/09\/unity3d1-e1410373915503.jpg\" alt=\"unity3d1\" width=\"174\" height=\"68\" \/><\/a><a href=\"http:\/\/www.bbaa.uma.es\/blog\/wp-content\/uploads\/2014\/09\/20090819_unity3d_cod2_shot2.jpg\"><img loading=\"lazy\" decoding=\"async\" class=\"aligncenter\" src=\"http:\/\/www.bbaa.uma.es\/blog\/wp-content\/uploads\/2014\/09\/20090819_unity3d_cod2_shot2.jpg\" alt=\"20090819_unity3d_cod2_shot2\" width=\"166\" height=\"114\" \/><\/a><\/td>\n<td width=\"20%\">\n<h4 style=\"text-align: center;\"><strong><a href=\"http:\/\/www.xbox.com\/es-ES\/Kinect\" target=\"_blank\">Sensor KINECT<\/a><\/strong><\/h4>\n<p><a href=\"http:\/\/www.bbaa.uma.es\/blog\/wp-content\/uploads\/2014\/09\/Kinect-660x350.jpg\"><img loading=\"lazy\" decoding=\"async\" class=\"aligncenter\" src=\"http:\/\/www.bbaa.uma.es\/blog\/wp-content\/uploads\/2014\/09\/Kinect-660x350.jpg\" alt=\"Kinect-660x350\" width=\"167\" height=\"88\" \/><\/a><a href=\"http:\/\/www.bbaa.uma.es\/blog\/wp-content\/uploads\/2014\/09\/kinect.png\"><img loading=\"lazy\" decoding=\"async\" class=\"aligncenter\" src=\"http:\/\/www.bbaa.uma.es\/blog\/wp-content\/uploads\/2014\/09\/kinect.png\" alt=\"kinect\" width=\"168\" height=\"126\" \/><\/a><\/td>\n<td width=\"20%\">\n<h4 style=\"text-align: center;\"><a href=\"http:\/\/opensimulator.org\/wiki\/Portada\" target=\"_blank\">OpenSim<\/a><\/h4>\n<p><a href=\"http:\/\/www.bbaa.uma.es\/blog\/wp-content\/uploads\/2014\/09\/opensim.jpeg\"><img loading=\"lazy\" decoding=\"async\" class=\"aligncenter\" src=\"http:\/\/www.bbaa.uma.es\/blog\/wp-content\/uploads\/2014\/09\/opensim.jpeg\" alt=\"opensim\" width=\"147\" height=\"123\" \/><\/a> <a href=\"http:\/\/www.bbaa.uma.es\/blog\/wp-content\/uploads\/2014\/09\/800px-OpenSim3.jpg\"><img loading=\"lazy\" decoding=\"async\" class=\"aligncenter\" src=\"http:\/\/www.bbaa.uma.es\/blog\/wp-content\/uploads\/2014\/09\/800px-OpenSim3.jpg\" alt=\"800px-OpenSim3\" width=\"144\" height=\"90\" \/><\/a><\/td>\n<\/tr>\n<\/tbody>\n<\/table>\n<\/div>\n<div>El \u00e1mbito disciplinar de la asignatura es la creaci\u00f3n tridimensional (3D) y virtual (Metaversos) mediante la incorporaci\u00f3n de entornos virtuales y tridimensionales\u00a0interactivos al lenguaje del arte.<\/div>\n<div><\/div>\n<div>\n<p>La asignatura est\u00e1 orientada al estudio y desarrollo proyectual de obras art\u00edsticas en el \u00e1mbito de la creaci\u00f3n de la imagen de s\u00edntesis con\u00a0herramientas CGI (Computer Generated Imagery = im\u00e1genes generadas por ordenador) y el dise\u00f1o y creaci\u00f3n de entornos virtuales interactivos en\u00a0relaci\u00f3n con los paradigmas actuales de interacci\u00f3n persona-ordenador (HCI = human computer interaction).<\/p>\n<div>\n<hr \/>\n<\/div>\n<div>\n<p class=\"p1\"><iframe loading=\"lazy\" src=\"\/\/www.youtube.com\/embed\/0gC1sX0hiwA\" width=\"420\" height=\"315\" frameborder=\"0\" allowfullscreen=\"allowfullscreen\"><\/iframe><\/p>\n<p class=\"p1\"><a href=\"http:\/\/www.bbaa.uma.es\/blog\/wp-content\/uploads\/2014\/09\/alberto01.png\"><img loading=\"lazy\" decoding=\"async\" class=\"alignnone wp-image-3337 size-medium\" src=\"http:\/\/www.bbaa.uma.es\/blog\/wp-content\/uploads\/2014\/09\/alberto01-300x225.png\" alt=\"alberto01\" width=\"300\" height=\"225\" srcset=\"https:\/\/www.bbaa.uma.es\/blog\/wp-content\/uploads\/2014\/09\/alberto01-300x225.png 300w, https:\/\/www.bbaa.uma.es\/blog\/wp-content\/uploads\/2014\/09\/alberto01.png 584w\" sizes=\"auto, (max-width: 300px) 100vw, 300px\" \/><\/a> <a href=\"http:\/\/www.bbaa.uma.es\/blog\/wp-content\/uploads\/2014\/09\/alberto02.png\"><img loading=\"lazy\" decoding=\"async\" class=\"alignnone wp-image-3338 size-medium\" src=\"http:\/\/www.bbaa.uma.es\/blog\/wp-content\/uploads\/2014\/09\/alberto02-300x225.png\" alt=\"alberto02\" width=\"300\" height=\"225\" srcset=\"https:\/\/www.bbaa.uma.es\/blog\/wp-content\/uploads\/2014\/09\/alberto02-300x225.png 300w, https:\/\/www.bbaa.uma.es\/blog\/wp-content\/uploads\/2014\/09\/alberto02.png 584w\" sizes=\"auto, (max-width: 300px) 100vw, 300px\" \/><\/a> <a href=\"http:\/\/www.bbaa.uma.es\/blog\/wp-content\/uploads\/2014\/09\/alberto03.png\"><img loading=\"lazy\" decoding=\"async\" class=\"alignnone wp-image-3339 size-medium\" src=\"http:\/\/www.bbaa.uma.es\/blog\/wp-content\/uploads\/2014\/09\/alberto03-300x224.png\" alt=\"alberto03\" width=\"300\" height=\"224\" srcset=\"https:\/\/www.bbaa.uma.es\/blog\/wp-content\/uploads\/2014\/09\/alberto03-300x224.png 300w, https:\/\/www.bbaa.uma.es\/blog\/wp-content\/uploads\/2014\/09\/alberto03.png 583w\" sizes=\"auto, (max-width: 300px) 100vw, 300px\" \/><\/a><\/p>\n<p class=\"p1\"><a href=\"http:\/\/www.bbaa.uma.es\/blog\/wp-content\/uploads\/2014\/09\/alberto05.png\"><img loading=\"lazy\" decoding=\"async\" class=\"alignnone wp-image-3341 size-medium\" src=\"http:\/\/www.bbaa.uma.es\/blog\/wp-content\/uploads\/2014\/09\/alberto05-300x169.png\" alt=\"alberto05\" width=\"300\" height=\"169\" srcset=\"https:\/\/www.bbaa.uma.es\/blog\/wp-content\/uploads\/2014\/09\/alberto05-300x169.png 300w, https:\/\/www.bbaa.uma.es\/blog\/wp-content\/uploads\/2014\/09\/alberto05.png 778w\" sizes=\"auto, (max-width: 300px) 100vw, 300px\" \/><\/a> <a href=\"http:\/\/www.bbaa.uma.es\/blog\/wp-content\/uploads\/2014\/09\/alberto06.png\"><img loading=\"lazy\" decoding=\"async\" class=\"alignnone wp-image-3342 size-medium\" src=\"http:\/\/www.bbaa.uma.es\/blog\/wp-content\/uploads\/2014\/09\/alberto06-300x168.png\" alt=\"alberto06\" width=\"300\" height=\"168\" srcset=\"https:\/\/www.bbaa.uma.es\/blog\/wp-content\/uploads\/2014\/09\/alberto06-300x168.png 300w, https:\/\/www.bbaa.uma.es\/blog\/wp-content\/uploads\/2014\/09\/alberto06.png 777w\" sizes=\"auto, (max-width: 300px) 100vw, 300px\" \/><\/a> <a href=\"http:\/\/www.bbaa.uma.es\/blog\/wp-content\/uploads\/2014\/09\/alberto07.png\"><img loading=\"lazy\" decoding=\"async\" class=\"alignnone wp-image-3343 size-medium\" src=\"http:\/\/www.bbaa.uma.es\/blog\/wp-content\/uploads\/2014\/09\/alberto07-300x168.png\" alt=\"alberto07\" width=\"300\" height=\"168\" srcset=\"https:\/\/www.bbaa.uma.es\/blog\/wp-content\/uploads\/2014\/09\/alberto07-300x168.png 300w, https:\/\/www.bbaa.uma.es\/blog\/wp-content\/uploads\/2014\/09\/alberto07.png 778w\" sizes=\"auto, (max-width: 300px) 100vw, 300px\" \/><\/a><\/p>\n<\/div>\n<\/div>\n<div><a href=\"http:\/\/www.bbaa.uma.es\/blog\/wp-content\/uploads\/2014\/09\/vert01.png\"><img loading=\"lazy\" decoding=\"async\" class=\"alignnone wp-image-3345 size-medium\" src=\"http:\/\/www.bbaa.uma.es\/blog\/wp-content\/uploads\/2014\/09\/vert01-300x210.png\" alt=\"vert01\" width=\"300\" height=\"210\" srcset=\"https:\/\/www.bbaa.uma.es\/blog\/wp-content\/uploads\/2014\/09\/vert01-300x210.png 300w, https:\/\/www.bbaa.uma.es\/blog\/wp-content\/uploads\/2014\/09\/vert01.png 624w\" sizes=\"auto, (max-width: 300px) 100vw, 300px\" \/><\/a> <a href=\"http:\/\/www.bbaa.uma.es\/blog\/wp-content\/uploads\/2014\/09\/vert02.png\"><img loading=\"lazy\" decoding=\"async\" class=\"alignnone wp-image-3346 size-medium\" src=\"http:\/\/www.bbaa.uma.es\/blog\/wp-content\/uploads\/2014\/09\/vert02-300x210.png\" alt=\"vert02\" width=\"300\" height=\"210\" srcset=\"https:\/\/www.bbaa.uma.es\/blog\/wp-content\/uploads\/2014\/09\/vert02-300x210.png 300w, https:\/\/www.bbaa.uma.es\/blog\/wp-content\/uploads\/2014\/09\/vert02.png 623w\" sizes=\"auto, (max-width: 300px) 100vw, 300px\" \/><\/a> <a href=\"http:\/\/www.bbaa.uma.es\/blog\/wp-content\/uploads\/2014\/09\/vert03.png\"><img loading=\"lazy\" decoding=\"async\" class=\"alignnone wp-image-3347 size-medium\" src=\"http:\/\/www.bbaa.uma.es\/blog\/wp-content\/uploads\/2014\/09\/vert03-300x211.png\" alt=\"vert03\" width=\"300\" height=\"211\" srcset=\"https:\/\/www.bbaa.uma.es\/blog\/wp-content\/uploads\/2014\/09\/vert03-300x211.png 300w, https:\/\/www.bbaa.uma.es\/blog\/wp-content\/uploads\/2014\/09\/vert03.png 624w\" sizes=\"auto, (max-width: 300px) 100vw, 300px\" \/><\/a><\/div>\n<div><\/div>\n<div>\n<p><a href=\"http:\/\/www.bbaa.uma.es\/blog\/wp-content\/uploads\/2014\/09\/escenario-15.0000000068.png\"><img loading=\"lazy\" decoding=\"async\" class=\"alignnone wp-image-3323 size-medium\" src=\"http:\/\/www.bbaa.uma.es\/blog\/wp-content\/uploads\/2014\/09\/escenario-15.0000000068-300x225.png\" alt=\"escenario 1,5.0000000068\" width=\"300\" height=\"225\" srcset=\"https:\/\/www.bbaa.uma.es\/blog\/wp-content\/uploads\/2014\/09\/escenario-15.0000000068-300x225.png 300w, https:\/\/www.bbaa.uma.es\/blog\/wp-content\/uploads\/2014\/09\/escenario-15.0000000068.png 640w\" sizes=\"auto, (max-width: 300px) 100vw, 300px\" \/><\/a> <a href=\"http:\/\/www.bbaa.uma.es\/blog\/wp-content\/uploads\/2014\/09\/escenario-15.0000000234.png\"><img loading=\"lazy\" decoding=\"async\" class=\"alignnone wp-image-3324 size-medium\" src=\"http:\/\/www.bbaa.uma.es\/blog\/wp-content\/uploads\/2014\/09\/escenario-15.0000000234-300x225.png\" alt=\"escenario 1,5.0000000234\" width=\"300\" height=\"225\" srcset=\"https:\/\/www.bbaa.uma.es\/blog\/wp-content\/uploads\/2014\/09\/escenario-15.0000000234-300x225.png 300w, https:\/\/www.bbaa.uma.es\/blog\/wp-content\/uploads\/2014\/09\/escenario-15.0000000234.png 640w\" sizes=\"auto, (max-width: 300px) 100vw, 300px\" \/><\/a> <a href=\"http:\/\/www.bbaa.uma.es\/blog\/wp-content\/uploads\/2014\/09\/escenario-15.0000000023.png\"><img loading=\"lazy\" decoding=\"async\" class=\"alignnone wp-image-3325 size-medium\" src=\"http:\/\/www.bbaa.uma.es\/blog\/wp-content\/uploads\/2014\/09\/escenario-15.0000000023-300x225.png\" alt=\"escenario 1,5.0000000023\" width=\"300\" height=\"225\" srcset=\"https:\/\/www.bbaa.uma.es\/blog\/wp-content\/uploads\/2014\/09\/escenario-15.0000000023-300x225.png 300w, https:\/\/www.bbaa.uma.es\/blog\/wp-content\/uploads\/2014\/09\/escenario-15.0000000023.png 640w\" sizes=\"auto, (max-width: 300px) 100vw, 300px\" \/><\/a><\/p>\n<\/div>\n<div>\n<p><a href=\"http:\/\/www.bbaa.uma.es\/blog\/wp-content\/uploads\/2014\/09\/mano_definitiva.0013.png\"><img loading=\"lazy\" decoding=\"async\" class=\"alignnone wp-image-3326 size-medium\" src=\"http:\/\/www.bbaa.uma.es\/blog\/wp-content\/uploads\/2014\/09\/mano_definitiva.0013-300x240.png\" alt=\"mano_definitiva.0013\" width=\"300\" height=\"240\" srcset=\"https:\/\/www.bbaa.uma.es\/blog\/wp-content\/uploads\/2014\/09\/mano_definitiva.0013-300x240.png 300w, https:\/\/www.bbaa.uma.es\/blog\/wp-content\/uploads\/2014\/09\/mano_definitiva.0013-785x628.png 785w, https:\/\/www.bbaa.uma.es\/blog\/wp-content\/uploads\/2014\/09\/mano_definitiva.0013.png 1280w\" sizes=\"auto, (max-width: 300px) 100vw, 300px\" \/><\/a> <a href=\"http:\/\/www.bbaa.uma.es\/blog\/wp-content\/uploads\/2014\/09\/mano_definitiva.0087.png\"><img loading=\"lazy\" decoding=\"async\" class=\"alignnone wp-image-3327 size-medium\" src=\"http:\/\/www.bbaa.uma.es\/blog\/wp-content\/uploads\/2014\/09\/mano_definitiva.0087-300x240.png\" alt=\"mano_definitiva.0087\" width=\"300\" height=\"240\" srcset=\"https:\/\/www.bbaa.uma.es\/blog\/wp-content\/uploads\/2014\/09\/mano_definitiva.0087-300x240.png 300w, https:\/\/www.bbaa.uma.es\/blog\/wp-content\/uploads\/2014\/09\/mano_definitiva.0087-785x628.png 785w, https:\/\/www.bbaa.uma.es\/blog\/wp-content\/uploads\/2014\/09\/mano_definitiva.0087.png 1125w\" sizes=\"auto, (max-width: 300px) 100vw, 300px\" \/><\/a> <a href=\"http:\/\/www.bbaa.uma.es\/blog\/wp-content\/uploads\/2014\/09\/mano_definitiva.0152.png\"><img loading=\"lazy\" decoding=\"async\" class=\"alignnone wp-image-3328 size-medium\" src=\"http:\/\/www.bbaa.uma.es\/blog\/wp-content\/uploads\/2014\/09\/mano_definitiva.0152-300x240.png\" alt=\"mano_definitiva.0152\" width=\"300\" height=\"240\" srcset=\"https:\/\/www.bbaa.uma.es\/blog\/wp-content\/uploads\/2014\/09\/mano_definitiva.0152-300x240.png 300w, https:\/\/www.bbaa.uma.es\/blog\/wp-content\/uploads\/2014\/09\/mano_definitiva.0152-785x628.png 785w, https:\/\/www.bbaa.uma.es\/blog\/wp-content\/uploads\/2014\/09\/mano_definitiva.0152.png 1125w\" sizes=\"auto, (max-width: 300px) 100vw, 300px\" \/><\/a><\/p>\n<p>Descargar plugin de UNITY WEB:\u00a0<a href=\"https:\/\/unity3d.com\/es\/webplayer\" target=\"_blank\">https:\/\/unity3d.com\/es\/webplayer<\/a>\u00a0<iframe loading=\"lazy\" src=\"http:\/\/www.bbaa.uma.es\/pdi\/artevirtual\/Alberto.html\" width=\"100%\" height=\"700\" frameborder=\"0\" allowfullscreen=\"allowfullscreen\"><\/iframe><\/p>\n<\/div>\n<div>\n<h3 style=\"padding-left: 30px;\">PROGRAMA DE LA ASIGNATURA:<\/h3>\n<\/div>\n<div>\n<hr \/>\n<\/div>\n<div>\n<p style=\"padding-left: 30px;\"><strong>BLOQUE te\u00f3rico 1: \u00abVirtualidad\u00bb:<\/strong><br \/>\nArte intermedia.<br \/>\nGesamtkunstwerk,, obra de arte total.<br \/>\nLa condici\u00f3n postmedia.<br \/>\nLo virtual en el Arte.<br \/>\nRepresentaci\u00f3n y virtualidad.<br \/>\nSimulaci\u00f3n.<br \/>\nEntornos virtuales.<br \/>\nParadigmas de interacci\u00f3n: realidad virtual, computaci\u00f3n ubicua, realidad aumentada.<\/p>\n<\/div>\n<div>\n<p class=\"p1\" style=\"padding-left: 30px;\"><strong>BLOQUE pr\u00e1ctico 1: \u00abCreaci\u00f3n 3D: Autodesk Maya\u00bb:<br \/>\n<\/strong>Conceptos b\u00e1sicos de 3D.<br \/>\nModelado 3D.<br \/>\nRenderizado y texturizado.<br \/>\nVisualizaci\u00f3n del modelo.<br \/>\nAnimaci\u00f3n 3D.<\/p>\n<\/div>\n<div>\n<p class=\"p1\" style=\"padding-left: 30px;\"><strong>Bloque te\u00f3rico 2: \u00abInteracci\u00f3n\u00bb:<\/strong><br \/>\nHistoria de la IPO\/HCI.<br \/>\nInteracci\u00f3n e interactividad.<br \/>\nArte virtual e inmersi\u00f3n.<br \/>\nEl espacio como interfaz: interfaz f\u00edsico.<br \/>\nMultimodal y Multisensorial.<\/p>\n<\/div>\n<div>\n<p class=\"p1\" style=\"padding-left: 30px;\"><strong>BLOQUE pr\u00e1ctico 2: \u00abInteracci\u00f3n 3D: Motor Gr\u00e1fico UNITY\u00bb:<br \/>\n<\/strong>Interacci\u00f3n en entorno 3D.<br \/>\nMACHINIMA: Modding y videojuegos.<br \/>\nMETAVERSOS: Entornos y comunidades virtuales, Second Life, OpenSim.<\/p>\n<\/div>\n<div>\n<p class=\"p1\" style=\"padding-left: 30px;\"><strong>Bloque te\u00f3rico 3: \u00abPresencia\u00bb:<br \/>\n<\/strong>La experiencia del usuario.<br \/>\nDrama de la interacci\u00f3n.<br \/>\nInmersi\u00f3n y presencia.<br \/>\nParadigmas actuales: Wii y Kinect.<\/p>\n<\/div>\n<div>\n<p class=\"p1\" style=\"padding-left: 30px;\"><strong>Bloque pr\u00e1ctico 3: \u00abDise\u00f1o de la experiencia virtual\u00bb:<\/strong><br \/>\nIntegraci\u00f3n de la imagen virtual.<br \/>\nCaptura de movimiento: Kinect.<br \/>\nIntegraci\u00f3n en entornos 3D.<\/p>\n<\/div>\n<div>[gview file=\u00bbhttp:\/\/www.bbaa.uma.es\/blog\/wp-content\/uploads\/2014\/09\/ProgramasAsignaturas_Titulacion_5101_AsigUMA_52781.pdf\u00bb]<\/div>\n","protected":false},"excerpt":{"rendered":"<p>Asignatura: ARTE VIRTUAL &#8211;\u00a0410 Profesor: D. JOSE MARIA ALONSO CALERO Optativa \/\u00a04\u00ba curso \/ 2\u00ba Semestre MAYA 3D Esc\u00e1ner 3D SENSE UNITY 3D Sensor KINECT OpenSim El \u00e1mbito disciplinar de la asignatura es la creaci\u00f3n tridimensional (3D) y virtual (Metaversos) mediante la incorporaci\u00f3n de entornos virtuales y tridimensionales\u00a0interactivos al lenguaje del arte. La asignatura est\u00e1 &hellip; <a href=\"https:\/\/www.bbaa.uma.es\/blog\/estudios\/arte-virtual\/\" class=\"more-link\">Seguir leyendo <span class=\"screen-reader-text\">Arte Virtual &#8211; 410<\/span> <span class=\"meta-nav\">&rarr;<\/span><\/a><\/p>\n","protected":false},"author":14,"featured_media":3311,"parent":2074,"menu_order":0,"comment_status":"closed","ping_status":"open","template":"page-templates\/full-width.php","meta":{"ngg_post_thumbnail":0,"footnotes":""},"class_list":["post-3298","page","type-page","status-publish","has-post-thumbnail","hentry"],"_links":{"self":[{"href":"https:\/\/www.bbaa.uma.es\/blog\/wp-json\/wp\/v2\/pages\/3298","targetHints":{"allow":["GET"]}}],"collection":[{"href":"https:\/\/www.bbaa.uma.es\/blog\/wp-json\/wp\/v2\/pages"}],"about":[{"href":"https:\/\/www.bbaa.uma.es\/blog\/wp-json\/wp\/v2\/types\/page"}],"author":[{"embeddable":true,"href":"https:\/\/www.bbaa.uma.es\/blog\/wp-json\/wp\/v2\/users\/14"}],"replies":[{"embeddable":true,"href":"https:\/\/www.bbaa.uma.es\/blog\/wp-json\/wp\/v2\/comments?post=3298"}],"version-history":[{"count":0,"href":"https:\/\/www.bbaa.uma.es\/blog\/wp-json\/wp\/v2\/pages\/3298\/revisions"}],"up":[{"embeddable":true,"href":"https:\/\/www.bbaa.uma.es\/blog\/wp-json\/wp\/v2\/pages\/2074"}],"wp:featuredmedia":[{"embeddable":true,"href":"https:\/\/www.bbaa.uma.es\/blog\/wp-json\/wp\/v2\/media\/3311"}],"wp:attachment":[{"href":"https:\/\/www.bbaa.uma.es\/blog\/wp-json\/wp\/v2\/media?parent=3298"}],"curies":[{"name":"wp","href":"https:\/\/api.w.org\/{rel}","templated":true}]}}