{"id":2942,"date":"2014-02-20T16:23:36","date_gmt":"2014-02-20T16:23:36","guid":{"rendered":"http:\/\/www.bbaa.uma.es\/blog\/?p=2942"},"modified":"2020-12-21T08:39:04","modified_gmt":"2020-12-21T07:39:04","slug":"exposiciones-sala-de-la-facultad-de-bellas-artes-de-malaga","status":"publish","type":"page","link":"https:\/\/www.bbaa.uma.es\/blog\/sala-de-exposiciones-de-bbaa-malaga\/exposiciones-sala-de-la-facultad-de-bellas-artes-de-malaga\/","title":{"rendered":"SALA BBAA"},"content":{"rendered":"<blockquote>\n<p style=\"text-align: justify;\"><a href=\"http:\/\/www.bbaa.uma.es\/blog\/wp-content\/uploads\/2014\/02\/salaBBAA.png\"><img loading=\"lazy\" decoding=\"async\" class=\"alignnone size-large wp-image-3639\" src=\"http:\/\/www.bbaa.uma.es\/blog\/wp-content\/uploads\/2014\/02\/salaBBAA-785x290.png\" alt=\"salaBBAA\" width=\"474\" height=\"175\" srcset=\"https:\/\/www.bbaa.uma.es\/blog\/wp-content\/uploads\/2014\/02\/salaBBAA-785x290.png 785w, https:\/\/www.bbaa.uma.es\/blog\/wp-content\/uploads\/2014\/02\/salaBBAA-300x111.png 300w, https:\/\/www.bbaa.uma.es\/blog\/wp-content\/uploads\/2014\/02\/salaBBAA.png 1193w\" sizes=\"auto, (max-width: 474px) 100vw, 474px\" \/><\/a>La Sala de Exposiciones de la Facultad de Bellas Artes, \u00abSala BBAA\u00bb, es el \u00f3rgano principal de la comparecencia p\u00fablica de la Facultad de Bellas Artes de M\u00e1laga en el plano que le es m\u00e1s esencial, el de su cualidad formativa, mediante la promoci\u00f3n de trabajos de alumnos en ella producidos. S<span style=\"line-height: 1.5;\">e comisar\u00eda tanto a autores como a una serie de discursos art\u00edsticos, que como resultado dan la puesta en pr\u00e1ctica de un modelo formativo concreto, proyecto en curso y en constante asunci\u00f3n del riesgo que implica&nbsp;estar a la altura de su contemporaneidad.<\/span><\/p>\n<p><a href=\"https:\/\/www.bbaa.uma.es\/blog\/wp-content\/uploads\/2019\/11\/Sala-1.jpg\"><img loading=\"lazy\" decoding=\"async\" class=\"size-medium wp-image-6154 aligncenter\" src=\"https:\/\/www.bbaa.uma.es\/blog\/wp-content\/uploads\/2019\/11\/Sala-1-300x132.jpg\" alt=\"\" width=\"300\" height=\"132\" srcset=\"https:\/\/www.bbaa.uma.es\/blog\/wp-content\/uploads\/2019\/11\/Sala-1-300x132.jpg 300w, https:\/\/www.bbaa.uma.es\/blog\/wp-content\/uploads\/2019\/11\/Sala-1-768x337.jpg 768w, https:\/\/www.bbaa.uma.es\/blog\/wp-content\/uploads\/2019\/11\/Sala-1-785x344.jpg 785w, https:\/\/www.bbaa.uma.es\/blog\/wp-content\/uploads\/2019\/11\/Sala-1.jpg 1600w\" sizes=\"auto, (max-width: 300px) 100vw, 300px\" \/><\/a><\/p><\/blockquote>\n<div id=\"streamElm31\" class=\"publication white bg-white theme-light ready\">\n<p><a href=\"https:\/\/www.bbaa.uma.es\/blog\/wp-content\/uploads\/2019\/10\/bL6aEDiW-1.jpg\"><img loading=\"lazy\" decoding=\"async\" class=\"alignnone size-medium wp-image-6042 aligncenter\" src=\"https:\/\/www.bbaa.uma.es\/blog\/wp-content\/uploads\/2019\/10\/bL6aEDiW-1-300x171.jpg\" alt=\"\" width=\"300\" height=\"171\" srcset=\"https:\/\/www.bbaa.uma.es\/blog\/wp-content\/uploads\/2019\/10\/bL6aEDiW-1-300x171.jpg 300w, https:\/\/www.bbaa.uma.es\/blog\/wp-content\/uploads\/2019\/10\/bL6aEDiW-1-768x438.jpg 768w, https:\/\/www.bbaa.uma.es\/blog\/wp-content\/uploads\/2019\/10\/bL6aEDiW-1-785x448.jpg 785w, https:\/\/www.bbaa.uma.es\/blog\/wp-content\/uploads\/2019\/10\/bL6aEDiW-1.jpg 1577w\" sizes=\"auto, (max-width: 300px) 100vw, 300px\" \/><\/a><a href=\"https:\/\/www.bbaa.uma.es\/blog\/wp-content\/uploads\/2019\/10\/S2uBPPrd.jpg\"><img loading=\"lazy\" decoding=\"async\" class=\"size-medium wp-image-6043 aligncenter\" src=\"https:\/\/www.bbaa.uma.es\/blog\/wp-content\/uploads\/2019\/10\/S2uBPPrd-300x171.jpg\" alt=\"\" width=\"300\" height=\"171\" srcset=\"https:\/\/www.bbaa.uma.es\/blog\/wp-content\/uploads\/2019\/10\/S2uBPPrd-300x171.jpg 300w, https:\/\/www.bbaa.uma.es\/blog\/wp-content\/uploads\/2019\/10\/S2uBPPrd-768x438.jpg 768w, https:\/\/www.bbaa.uma.es\/blog\/wp-content\/uploads\/2019\/10\/S2uBPPrd-785x448.jpg 785w, https:\/\/www.bbaa.uma.es\/blog\/wp-content\/uploads\/2019\/10\/S2uBPPrd.jpg 1577w\" sizes=\"auto, (max-width: 300px) 100vw, 300px\" \/><\/a><\/p>\n<\/div>\n<div class=\"publication white bg-white theme-light ready\">\n<p><strong>2019-20<\/strong><\/p>\n<p>\u201cDungeon Boogie\u201d de Ana Morales.<\/p>\n<p>\u201cKatharsis\u201d de Miguel Azuaga.<\/p>\n<p>\u00abPor el vecindario&#8230;\u00bb de Pepo Perez.<\/p>\n<p>\u201cThe Collector\u201d del Grupo FIDEX de la Universidad Miguel Hern\u00e1ndez (Elche).<\/p>\n<p><strong>2018-19<\/strong><\/p>\n<p>&nbsp;\u201cEl acontecer de la luz a trav\u00e9s del cristal\u201d de Amelia Campos.<\/p>\n<p>\u201cLa senda es peligrosa\u201d del grupo de investigai\u00f3n IAM-Lab (Laboratorio de Interferencias Art\u00edsticas y Mediales).<\/p>\n<p><strong>2017-18<\/strong><\/p>\n<p>\u201cThe Gift\u201d de Ricardo Le\u00f3n.<\/p>\n<p>\u201cUna Quinta para Rubert\u201d de Alberto Crespo.<\/p>\n<p>\u201cUna amabilidad inc\u00f3moda\u201d de DelaDelos.<\/p>\n<p>\u201cA Study in Blue and Green\u201d de Ignacio Tapia.<\/p>\n<p>\u201cNo man\u00b4s land\u201d de Jorge Montalb\u00e1n Blanco.<\/p>\n<p>\u201cTales\/Narraciones\u201d del Creative Room del 3er Congreso Internacional Arte, Ciencia, Ciudad 2017.<\/p>\n<p><strong>2016-17<\/strong><\/p>\n<p>\u201cF\u00e1bulas\u201d de Delia Boyano.<\/p>\n<p>\u201cEr\u00f3tica Inversa\u201d de Paloma de la Cruz.<\/p>\n<p>\u201cLuna-Lager Bunker\u201d de Florencia Rojas.<\/p>\n<p>\u201cDeath or Glory (just another story)\u201d de Hadaly Villasclaras.<\/p>\n<p>\u201cViolencias atemperadas\u201d de Ana\u00eds Angulo Delgado.<\/p>\n<p>\u201cThe Truth Is Out There\u201d de Isabel Rosado.<\/p>\n<p>\u201cA TRAIN TO SPAIN. Traveling art project dedicated to Scandinavian volunteers in Spanish Civil War 1936-1939\u201d.<\/p>\n<p><strong>2015-16<\/strong><\/p>\n<p>\u201cMARYON PARK\u201d de Javier Valverde.<\/p>\n<p>\u201cPASEO DEL PARQUE\u201d de Antonio Navarro.<\/p>\n<p>\u201cHuile de Pois\u00f3n. Adornos\/En el sal\u00f3n\u201d de Jose Luis Valverde.<\/p>\n<p>\u201cPITX\u00b4I\u201d de Xavi Hurtado.<\/p>\n<p>\u201cVestigio e impotencia\u201d de Victoria Maldonado.<\/p>\n<p>\u201cMy lovely forbidden rooms\u201d de Alejandro Castillo.<\/p>\n<p>&nbsp;<strong>2014-15<\/strong><\/p>\n<p>\u00abWork in problem\u00bb&nbsp; I Beca Aristas Residente 2013-14.<\/p>\n<p>\u00abAnagn\u00f3risis-La trama\u00bb de Mar\u00eda D\u00e1vila.<\/p>\n<p>\u00abM\u00e1quinas de mirar\u00bb de Juan Carlos Robles.<\/p>\n<p>\u00abEcoiconoclastas\u00bb ocho instalaciones audiovisuales del Grupo de Investigaci\u00f3n IKERSOINU.<\/p>\n<p><strong>2013-14<\/strong><\/p>\n<p>\u00abHasta donde la mirada alcance\u00bb de Federico Mir\u00f3.<\/p>\n<p>\u00abArqueolog\u00edas del presente: Estereras\u00bb de Pedro Ortu\u00f1o.<\/p>\n<p>\u00abHearthself\u00bb de Beatriz Ros.<\/p>\n<p>\u00abJuegos de Construcci\u00f3n\u00bb de Gonzalo Fuentes.<\/p>\n<p><strong>2012-13<\/strong><\/p>\n<p>\u00abComputer Vision Cinema,\u00bb del Laboratorio de Luz de la Universidad Polit\u00e9cnica de Valencia.<\/p>\n<p>\u00abEmpty\u00bb de Erika Pardo.<\/p>\n<p>\u00abBellas Artes en el aula de Secundaria,\u00bb de 09 Colectivo de Profesorado de Dibujo, Artes Pl\u00e1sticas y EPV.<\/p>\n<p>\u00abLa disecci\u00f3n l\u00facida\u00bb de Javier Artero.<\/p>\n<\/div>\n","protected":false},"excerpt":{"rendered":"<p>La Sala de Exposiciones de la Facultad de Bellas Artes, \u00abSala BBAA\u00bb, es el \u00f3rgano principal de la comparecencia p\u00fablica de la Facultad de Bellas Artes de M\u00e1laga en el plano que le es m\u00e1s esencial, el de su cualidad formativa, mediante la promoci\u00f3n de trabajos de alumnos en ella producidos. Se comisar\u00eda tanto a &hellip; <a href=\"https:\/\/www.bbaa.uma.es\/blog\/sala-de-exposiciones-de-bbaa-malaga\/exposiciones-sala-de-la-facultad-de-bellas-artes-de-malaga\/\" class=\"more-link\">Seguir leyendo <span class=\"screen-reader-text\">SALA BBAA<\/span> <span class=\"meta-nav\">&rarr;<\/span><\/a><\/p>\n","protected":false},"author":14,"featured_media":2622,"parent":2932,"menu_order":0,"comment_status":"closed","ping_status":"closed","template":"","meta":{"ngg_post_thumbnail":0,"footnotes":""},"class_list":["post-2942","page","type-page","status-publish","has-post-thumbnail","hentry"],"_links":{"self":[{"href":"https:\/\/www.bbaa.uma.es\/blog\/wp-json\/wp\/v2\/pages\/2942","targetHints":{"allow":["GET"]}}],"collection":[{"href":"https:\/\/www.bbaa.uma.es\/blog\/wp-json\/wp\/v2\/pages"}],"about":[{"href":"https:\/\/www.bbaa.uma.es\/blog\/wp-json\/wp\/v2\/types\/page"}],"author":[{"embeddable":true,"href":"https:\/\/www.bbaa.uma.es\/blog\/wp-json\/wp\/v2\/users\/14"}],"replies":[{"embeddable":true,"href":"https:\/\/www.bbaa.uma.es\/blog\/wp-json\/wp\/v2\/comments?post=2942"}],"version-history":[{"count":0,"href":"https:\/\/www.bbaa.uma.es\/blog\/wp-json\/wp\/v2\/pages\/2942\/revisions"}],"up":[{"embeddable":true,"href":"https:\/\/www.bbaa.uma.es\/blog\/wp-json\/wp\/v2\/pages\/2932"}],"wp:featuredmedia":[{"embeddable":true,"href":"https:\/\/www.bbaa.uma.es\/blog\/wp-json\/wp\/v2\/media\/2622"}],"wp:attachment":[{"href":"https:\/\/www.bbaa.uma.es\/blog\/wp-json\/wp\/v2\/media?parent=2942"}],"curies":[{"name":"wp","href":"https:\/\/api.w.org\/{rel}","templated":true}]}}