{"id":806,"date":"2021-03-04T10:34:03","date_gmt":"2021-03-04T10:34:03","guid":{"rendered":"http:\/\/www.bbaa.uma.es\/bellasartes\/?page_id=806"},"modified":"2024-04-22T20:44:57","modified_gmt":"2024-04-22T18:44:57","slug":"equipo-decanal","status":"publish","type":"page","link":"https:\/\/www.bbaa.uma.es\/bellasartes\/institucional\/equipo-decanal\/","title":{"rendered":"Equipo Decanal"},"content":{"rendered":"\n<style type=\"text\/css\" data-created_by=\"avia_inline_auto\" id=\"style-css-av-v4i7-3a4e565aba5b2e59c1b44ae66881ec6a\">\n.avia-section.av-v4i7-3a4e565aba5b2e59c1b44ae66881ec6a{\nbackground-repeat:no-repeat;\nbackground-image:url(https:\/\/www.bbaa.uma.es\/bellasartes\/wp-content\/uploads\/2020\/12\/fondo-cabeceras-b.jpg);\nbackground-position:0% 0%;\nbackground-attachment:fixed;\n}\n.avia-section.av-v4i7-3a4e565aba5b2e59c1b44ae66881ec6a .av-section-color-overlay{\nopacity:0.7;\nbackground-color:#ffffff;\n}\n<\/style>\n<div id='av_section_1'  class='avia-section av-v4i7-3a4e565aba5b2e59c1b44ae66881ec6a main_color avia-section-large avia-no-border-styling  avia-builder-el-0  el_before_av_section  avia-builder-el-first  avia-full-contain avia-bg-style-fixed av-section-color-overlay-active container_wrap sidebar_right'  data-section-bg-repeat='contain'><div class=\"av-section-color-overlay-wrap\"><div class=\"av-section-color-overlay\"><\/div><div class='container av-section-cont-open' ><main  role=\"main\" itemprop=\"mainContentOfPage\"  class='template-page content  av-content-small alpha units'><div class='post-entry post-entry-type-page post-entry-806'><div class='entry-content-wrapper clearfix'>\n\n<style type=\"text\/css\" data-created_by=\"avia_inline_auto\" id=\"style-css-av-klupq0ig-fa638d144ee12131e3a71e34b6760c9b\">\n#top .av-special-heading.av-klupq0ig-fa638d144ee12131e3a71e34b6760c9b{\npadding-bottom:10px;\n}\nbody .av-special-heading.av-klupq0ig-fa638d144ee12131e3a71e34b6760c9b .av-special-heading-tag .heading-char{\nfont-size:25px;\n}\n.av-special-heading.av-klupq0ig-fa638d144ee12131e3a71e34b6760c9b .av-subheading{\nfont-size:15px;\n}\n<\/style>\n<div  class='av-special-heading av-klupq0ig-fa638d144ee12131e3a71e34b6760c9b av-special-heading-h2  avia-builder-el-1  avia-builder-el-no-sibling '><h2 class='av-special-heading-tag '  itemprop=\"headline\"  >Equipo Decanal<\/h2><div class=\"special-heading-border\"><div class=\"special-heading-inner-border\"><\/div><\/div><\/div>\n\n<\/div><\/div><\/main><!-- close content main element --><\/div><\/div><\/div><div id='av_section_2'  class='avia-section av-v4i7-17-829f214823e6010b8f63959aeb2925ca main_color avia-section-large avia-no-border-styling  avia-builder-el-2  el_after_av_section  el_before_av_section  avia-bg-style-scroll container_wrap sidebar_right'  ><div class='container av-section-cont-open' ><div class='template-page content  av-content-small alpha units'><div class='post-entry post-entry-type-page post-entry-806'><div class='entry-content-wrapper clearfix'>\n\n<style type=\"text\/css\" data-created_by=\"avia_inline_auto\" id=\"style-css-av-3l2j-af1a59a0bec26b3acadf4c512864d81e\">\n.flex_column.av-3l2j-af1a59a0bec26b3acadf4c512864d81e{\nborder-radius:0px 0px 0px 0px;\npadding:0px 0px 0px 0px;\n}\n<\/style>\n<div  class='flex_column av-3l2j-af1a59a0bec26b3acadf4c512864d81e av_one_third  avia-builder-el-3  el_before_av_one_third  avia-builder-el-first  first flex_column_div av-animated-generic bottom-to-top av-zero-column-padding  '     ><\/div>\n<style type=\"text\/css\" data-created_by=\"avia_inline_auto\" id=\"style-css-av-3l2j-15-bf25c211274482ddb041cabfb6d392c2\">\n.flex_column.av-3l2j-15-bf25c211274482ddb041cabfb6d392c2{\nborder-radius:0px 0px 0px 0px;\npadding:0px 0px 0px 0px;\n}\n<\/style>\n<div  class='flex_column av-3l2j-15-bf25c211274482ddb041cabfb6d392c2 av_one_third  avia-builder-el-4  el_after_av_one_third  el_before_av_one_third  flex_column_div av-animated-generic bottom-to-top av-zero-column-padding  '     ><section  class='avia-team-member av-klupwo4s-85ec14d1728c1fffc578d0bd39d5b745  avia-builder-el-5  avia-builder-el-no-sibling  rounded-photos'  itemscope=\"itemscope\" itemtype=\"https:\/\/schema.org\/Person\" ><div class=\"team-img-container\"><img decoding=\"async\" fetchpriority=\"high\" class='wp-image-807 avia-img-lazy-loading-not-807 avia_image avia_image_team' src=\"https:\/\/www.bbaa.uma.es\/bellasartes\/wp-content\/uploads\/2021\/03\/Decano-Jesus-Marin.jpg\" alt='Jes\u00fas Mar\u00edn Clavijo'  itemprop=\"image\"   height=\"400\" width=\"400\" srcset=\"https:\/\/www.bbaa.uma.es\/bellasartes\/wp-content\/uploads\/2021\/03\/Decano-Jesus-Marin.jpg 400w, https:\/\/www.bbaa.uma.es\/bellasartes\/wp-content\/uploads\/2021\/03\/Decano-Jesus-Marin-300x300.jpg 300w, https:\/\/www.bbaa.uma.es\/bellasartes\/wp-content\/uploads\/2021\/03\/Decano-Jesus-Marin-80x80.jpg 80w, https:\/\/www.bbaa.uma.es\/bellasartes\/wp-content\/uploads\/2021\/03\/Decano-Jesus-Marin-36x36.jpg 36w, https:\/\/www.bbaa.uma.es\/bellasartes\/wp-content\/uploads\/2021\/03\/Decano-Jesus-Marin-180x180.jpg 180w\" sizes=\"(max-width: 400px) 100vw, 400px\" \/><\/div><h3 class='team-member-name '  itemprop=\"name\" >Jes\u00fas Mar\u00edn Clavijo<\/h3><div class='team-member-job-title '  itemprop=\"jobTitle\" >Decano<\/div><span class='hidden team-member-affiliation'  itemprop=\"affiliation\" >Facultad de Bellas Artes, M\u00e1laga<\/span><\/section><\/div>\n<style type=\"text\/css\" data-created_by=\"avia_inline_auto\" id=\"style-css-av-3l2j-14-d701b95ebaba1fd1bd50e2bf7751b213\">\n.flex_column.av-3l2j-14-d701b95ebaba1fd1bd50e2bf7751b213{\nborder-radius:0px 0px 0px 0px;\npadding:0px 0px 0px 0px;\n}\n<\/style>\n<div  class='flex_column av-3l2j-14-d701b95ebaba1fd1bd50e2bf7751b213 av_one_third  avia-builder-el-6  el_after_av_one_third  el_before_av_hr  flex_column_div av-animated-generic bottom-to-top av-zero-column-padding  '     ><\/div>\n<style type=\"text\/css\" data-created_by=\"avia_inline_auto\" id=\"style-css-av-klupi9g9-268ff0af215ec9fefa580c771b7c0957\">\n#top .hr.hr-invisible.av-klupi9g9-268ff0af215ec9fefa580c771b7c0957{\nheight:30px;\n}\n<\/style>\n<div  class='hr av-klupi9g9-268ff0af215ec9fefa580c771b7c0957 hr-invisible  avia-builder-el-7  el_after_av_one_third  avia-builder-el-last '><span class='hr-inner '><span class=\"hr-inner-style\"><\/span><\/span><\/div>\n\n<\/div><\/div><\/div><!-- close content main div --><\/div><\/div><div id='av_section_3'  class='avia-section av-v4i7-16-b402d176feb9ee402d2fa69ffa609f81 main_color avia-section-small avia-no-border-styling  avia-builder-el-8  el_after_av_section  el_before_av_section  avia-bg-style-scroll container_wrap sidebar_right'  ><div class='container av-section-cont-open' ><div class='template-page content  av-content-small alpha units'><div class='post-entry post-entry-type-page post-entry-806'><div class='entry-content-wrapper clearfix'>\n\n<style type=\"text\/css\" data-created_by=\"avia_inline_auto\" id=\"style-css-av-3l2j-13-98785dbbc2ccc81a950691286a01edb1\">\n.flex_column.av-3l2j-13-98785dbbc2ccc81a950691286a01edb1{\nborder-radius:0px 0px 0px 0px;\npadding:0px 0px 0px 0px;\n}\n<\/style>\n<div  class='flex_column av-3l2j-13-98785dbbc2ccc81a950691286a01edb1 av_one_third  avia-builder-el-9  el_before_av_one_third  avia-builder-el-first  first flex_column_div av-animated-generic bottom-to-top av-zero-column-padding  '     ><section  class='avia-team-member av-1b66vq-fe290a12c630d863c27691d31ac600b8  avia-builder-el-10  avia-builder-el-no-sibling  rounded-photos-vice'  itemscope=\"itemscope\" itemtype=\"https:\/\/schema.org\/Person\" ><div class=\"team-img-container\"><img decoding=\"async\" fetchpriority=\"high\" class='wp-image-811 avia-img-lazy-loading-not-811 avia_image avia_image_team' src=\"https:\/\/www.bbaa.uma.es\/bellasartes\/wp-content\/uploads\/2021\/03\/Silvia-Lopez.jpg\" alt='Silvia L\u00f3pez Rodr\u00edguez'  itemprop=\"image\"   height=\"400\" width=\"400\" srcset=\"https:\/\/www.bbaa.uma.es\/bellasartes\/wp-content\/uploads\/2021\/03\/Silvia-Lopez.jpg 400w, https:\/\/www.bbaa.uma.es\/bellasartes\/wp-content\/uploads\/2021\/03\/Silvia-Lopez-300x300.jpg 300w, https:\/\/www.bbaa.uma.es\/bellasartes\/wp-content\/uploads\/2021\/03\/Silvia-Lopez-80x80.jpg 80w, https:\/\/www.bbaa.uma.es\/bellasartes\/wp-content\/uploads\/2021\/03\/Silvia-Lopez-36x36.jpg 36w, https:\/\/www.bbaa.uma.es\/bellasartes\/wp-content\/uploads\/2021\/03\/Silvia-Lopez-180x180.jpg 180w\" sizes=\"(max-width: 400px) 100vw, 400px\" \/><\/div><h3 class='team-member-name '  itemprop=\"name\" >Silvia L\u00f3pez Rodr\u00edguez<\/h3><div class='team-member-job-title '  itemprop=\"jobTitle\" >Vicedecana de Ordenaci\u00f3n Acad\u00e9mica e Investigaci\u00f3n<\/div><span class='hidden team-member-affiliation'  itemprop=\"affiliation\" >Facultad de Bellas Artes, M\u00e1laga<\/span><\/section><\/div>\n<style type=\"text\/css\" data-created_by=\"avia_inline_auto\" id=\"style-css-av-3l2j-10-f928eb6ce1dc527d0d24c837e0b4dd88\">\n.flex_column.av-3l2j-10-f928eb6ce1dc527d0d24c837e0b4dd88{\nborder-radius:0px 0px 0px 0px;\npadding:0px 0px 0px 0px;\n}\n<\/style>\n<div  class='flex_column av-3l2j-10-f928eb6ce1dc527d0d24c837e0b4dd88 av_one_third  avia-builder-el-11  el_after_av_one_third  el_before_av_one_third  flex_column_div av-animated-generic bottom-to-top av-zero-column-padding  '     ><section  class='avia-team-member av-13qyie-37a71f2611a8e01f9982848821ed47a9  avia-builder-el-12  avia-builder-el-no-sibling  rounded-photos-vice'  itemscope=\"itemscope\" itemtype=\"https:\/\/schema.org\/Person\" ><div class=\"team-img-container\"><img decoding=\"async\" fetchpriority=\"high\" class='wp-image-2297 avia-img-lazy-loading-not-2297 avia_image avia_image_team' src=\"https:\/\/www.bbaa.uma.es\/bellasartes\/wp-content\/uploads\/2024\/04\/MARIN-Miguel-Angel-2-300x300.jpg\" alt='Miguel \u00c1ngel Mar\u00edn Gallardo'  itemprop=\"image\"   height=\"300\" width=\"300\" srcset=\"https:\/\/www.bbaa.uma.es\/bellasartes\/wp-content\/uploads\/2024\/04\/MARIN-Miguel-Angel-2-300x300.jpg 300w, https:\/\/www.bbaa.uma.es\/bellasartes\/wp-content\/uploads\/2024\/04\/MARIN-Miguel-Angel-2-1030x1030.jpg 1030w, https:\/\/www.bbaa.uma.es\/bellasartes\/wp-content\/uploads\/2024\/04\/MARIN-Miguel-Angel-2-80x80.jpg 80w, https:\/\/www.bbaa.uma.es\/bellasartes\/wp-content\/uploads\/2024\/04\/MARIN-Miguel-Angel-2-768x768.jpg 768w, https:\/\/www.bbaa.uma.es\/bellasartes\/wp-content\/uploads\/2024\/04\/MARIN-Miguel-Angel-2-36x36.jpg 36w, https:\/\/www.bbaa.uma.es\/bellasartes\/wp-content\/uploads\/2024\/04\/MARIN-Miguel-Angel-2-180x180.jpg 180w, https:\/\/www.bbaa.uma.es\/bellasartes\/wp-content\/uploads\/2024\/04\/MARIN-Miguel-Angel-2-705x705.jpg 705w, https:\/\/www.bbaa.uma.es\/bellasartes\/wp-content\/uploads\/2024\/04\/MARIN-Miguel-Angel-2.jpg 1293w\" sizes=\"(max-width: 300px) 100vw, 300px\" \/><\/div><h3 class='team-member-name '  itemprop=\"name\" >Miguel \u00c1ngel Mar\u00edn Gallardo<\/h3><div class='team-member-job-title '  itemprop=\"jobTitle\" >Vicedecano de Infraestructuras y Sostenibilidad<\/div><span class='hidden team-member-affiliation'  itemprop=\"affiliation\" >Facultad de Bellas Artes, M\u00e1laga<\/span><\/section><\/div>\n<style type=\"text\/css\" data-created_by=\"avia_inline_auto\" id=\"style-css-av-3l2j-8-655056c7e3391aca7e639f0564f34e22\">\n.flex_column.av-3l2j-8-655056c7e3391aca7e639f0564f34e22{\nborder-radius:0px 0px 0px 0px;\npadding:0px 0px 0px 0px;\n}\n<\/style>\n<div  class='flex_column av-3l2j-8-655056c7e3391aca7e639f0564f34e22 av_one_third  avia-builder-el-13  el_after_av_one_third  el_before_av_hr  flex_column_div av-animated-generic bottom-to-top av-zero-column-padding  '     ><section  class='avia-team-member av-13qyie-7-479123e9ecb3bcb88f05dd070d77aef2  avia-builder-el-14  avia-builder-el-no-sibling  rounded-photos-vice'  itemscope=\"itemscope\" itemtype=\"https:\/\/schema.org\/Person\" ><div class=\"team-img-container\"><img decoding=\"async\" fetchpriority=\"high\" class='wp-image-2312 avia-img-lazy-loading-not-2312 avia_image avia_image_team' src=\"https:\/\/www.bbaa.uma.es\/bellasartes\/wp-content\/uploads\/2024\/04\/Lola02-300x300.jpg\" alt='Mar\u00eda Dolores S\u00e1nchez P\u00e9rez'  itemprop=\"image\"   height=\"300\" width=\"300\" srcset=\"https:\/\/www.bbaa.uma.es\/bellasartes\/wp-content\/uploads\/2024\/04\/Lola02-300x300.jpg 300w, https:\/\/www.bbaa.uma.es\/bellasartes\/wp-content\/uploads\/2024\/04\/Lola02-1030x1030.jpg 1030w, https:\/\/www.bbaa.uma.es\/bellasartes\/wp-content\/uploads\/2024\/04\/Lola02-80x80.jpg 80w, https:\/\/www.bbaa.uma.es\/bellasartes\/wp-content\/uploads\/2024\/04\/Lola02-768x768.jpg 768w, https:\/\/www.bbaa.uma.es\/bellasartes\/wp-content\/uploads\/2024\/04\/Lola02-36x36.jpg 36w, https:\/\/www.bbaa.uma.es\/bellasartes\/wp-content\/uploads\/2024\/04\/Lola02-180x180.jpg 180w, https:\/\/www.bbaa.uma.es\/bellasartes\/wp-content\/uploads\/2024\/04\/Lola02-705x705.jpg 705w, https:\/\/www.bbaa.uma.es\/bellasartes\/wp-content\/uploads\/2024\/04\/Lola02.jpg 1200w\" sizes=\"(max-width: 300px) 100vw, 300px\" \/><\/div><h3 class='team-member-name '  itemprop=\"name\" >Mar\u00eda Dolores S\u00e1nchez P\u00e9rez<\/h3><div class='team-member-job-title '  itemprop=\"jobTitle\" >Vicedecana de Estudiantes e Igualdad<\/div><span class='hidden team-member-affiliation'  itemprop=\"affiliation\" >Facultad de Bellas Artes, M\u00e1laga<\/span><\/section><\/div>\n<style type=\"text\/css\" data-created_by=\"avia_inline_auto\" id=\"style-css-av-klupi9g9-12-5dd5fda13f09df63643e3e481fd39c32\">\n#top .hr.hr-invisible.av-klupi9g9-12-5dd5fda13f09df63643e3e481fd39c32{\nheight:100px;\n}\n<\/style>\n<div  class='hr av-klupi9g9-12-5dd5fda13f09df63643e3e481fd39c32 hr-invisible  avia-builder-el-15  el_after_av_one_third  avia-builder-el-last '><span class='hr-inner '><span class=\"hr-inner-style\"><\/span><\/span><\/div>\n<\/div><\/div><\/div><!-- close content main div --><\/div><\/div><div id='av_section_4'  class='avia-section av-v4i7-11-9f5a9580241d33b1dca56cee841d42c8 main_color avia-section-small avia-no-border-styling  avia-builder-el-16  el_after_av_section  avia-builder-el-last  avia-bg-style-scroll container_wrap sidebar_right'  ><div class='container av-section-cont-open' ><div class='template-page content  av-content-small alpha units'><div class='post-entry post-entry-type-page post-entry-806'><div class='entry-content-wrapper clearfix'>\n\n<style type=\"text\/css\" data-created_by=\"avia_inline_auto\" id=\"style-css-av-3l2j-6-49315568acc28ae0c9eed469ec03debf\">\n.flex_column.av-3l2j-6-49315568acc28ae0c9eed469ec03debf{\nborder-radius:0px 0px 0px 0px;\npadding:0px 0px 0px 0px;\n}\n<\/style>\n<div  class='flex_column av-3l2j-6-49315568acc28ae0c9eed469ec03debf av_one_third  avia-builder-el-17  el_before_av_one_third  avia-builder-el-first  first flex_column_div av-animated-generic bottom-to-top av-zero-column-padding  '     ><section  class='avia-team-member av-1b66vq-9-15adc83d76a9057e60ba1369502fda3d  avia-builder-el-18  avia-builder-el-no-sibling  rounded-photos-vice'  itemscope=\"itemscope\" itemtype=\"https:\/\/schema.org\/Person\" ><div class=\"team-img-container\"><img decoding=\"async\" fetchpriority=\"high\" class='wp-image-821 avia-img-lazy-loading-not-821 avia_image avia_image_team' src=\"https:\/\/www.bbaa.uma.es\/bellasartes\/wp-content\/uploads\/2021\/03\/Carlos-Miranda.jpg\" alt='Carlos Miranda Mas'  itemprop=\"image\"   height=\"400\" width=\"400\" srcset=\"https:\/\/www.bbaa.uma.es\/bellasartes\/wp-content\/uploads\/2021\/03\/Carlos-Miranda.jpg 400w, https:\/\/www.bbaa.uma.es\/bellasartes\/wp-content\/uploads\/2021\/03\/Carlos-Miranda-300x300.jpg 300w, https:\/\/www.bbaa.uma.es\/bellasartes\/wp-content\/uploads\/2021\/03\/Carlos-Miranda-80x80.jpg 80w, https:\/\/www.bbaa.uma.es\/bellasartes\/wp-content\/uploads\/2021\/03\/Carlos-Miranda-36x36.jpg 36w, https:\/\/www.bbaa.uma.es\/bellasartes\/wp-content\/uploads\/2021\/03\/Carlos-Miranda-180x180.jpg 180w\" sizes=\"(max-width: 400px) 100vw, 400px\" \/><\/div><h3 class='team-member-name '  itemprop=\"name\" >Carlos Miranda Mas<\/h3><div class='team-member-job-title '  itemprop=\"jobTitle\" >Vicedecano de Cultura<\/div><span class='hidden team-member-affiliation'  itemprop=\"affiliation\" >Facultad de Bellas Artes, M\u00e1laga<\/span><\/section><\/div>\n<style type=\"text\/css\" data-created_by=\"avia_inline_auto\" id=\"style-css-av-3l2j-3-0a766390f564c054ad251b0f39d113fc\">\n.flex_column.av-3l2j-3-0a766390f564c054ad251b0f39d113fc{\nborder-radius:0px 0px 0px 0px;\npadding:0px 0px 0px 0px;\n}\n<\/style>\n<div  class='flex_column av-3l2j-3-0a766390f564c054ad251b0f39d113fc av_one_third  avia-builder-el-19  el_after_av_one_third  el_before_av_one_third  flex_column_div av-animated-generic bottom-to-top av-zero-column-padding  '     ><section  class='avia-team-member av-13qyie-5-336643bec89a31d8c0257eae4d3f8081  avia-builder-el-20  avia-builder-el-no-sibling  rounded-photos-vice'  itemscope=\"itemscope\" itemtype=\"https:\/\/schema.org\/Person\" ><div class=\"team-img-container\"><img decoding=\"async\" fetchpriority=\"high\" class='wp-image-2301 avia-img-lazy-loading-not-2301 avia_image avia_image_team' src=\"https:\/\/www.bbaa.uma.es\/bellasartes\/wp-content\/uploads\/2024\/04\/Inma_Villagran-300x300.jpg\" alt='Inmaculada Villagr\u00e1n Arroyal'  itemprop=\"image\"   height=\"300\" width=\"300\" srcset=\"https:\/\/www.bbaa.uma.es\/bellasartes\/wp-content\/uploads\/2024\/04\/Inma_Villagran-300x300.jpg 300w, https:\/\/www.bbaa.uma.es\/bellasartes\/wp-content\/uploads\/2024\/04\/Inma_Villagran-1030x1030.jpg 1030w, https:\/\/www.bbaa.uma.es\/bellasartes\/wp-content\/uploads\/2024\/04\/Inma_Villagran-80x80.jpg 80w, https:\/\/www.bbaa.uma.es\/bellasartes\/wp-content\/uploads\/2024\/04\/Inma_Villagran-768x768.jpg 768w, https:\/\/www.bbaa.uma.es\/bellasartes\/wp-content\/uploads\/2024\/04\/Inma_Villagran-36x36.jpg 36w, https:\/\/www.bbaa.uma.es\/bellasartes\/wp-content\/uploads\/2024\/04\/Inma_Villagran-180x180.jpg 180w, https:\/\/www.bbaa.uma.es\/bellasartes\/wp-content\/uploads\/2024\/04\/Inma_Villagran-705x705.jpg 705w, https:\/\/www.bbaa.uma.es\/bellasartes\/wp-content\/uploads\/2024\/04\/Inma_Villagran.jpg 1200w\" sizes=\"(max-width: 300px) 100vw, 300px\" \/><\/div><h3 class='team-member-name '  itemprop=\"name\" >Inmaculada Villagr\u00e1n Arroyal<\/h3><div class='team-member-job-title '  itemprop=\"jobTitle\" >Vicedecana de Movilidad, Pr\u00e1cticas Externas y Trabajos Fin de Estudios<\/div><span class='hidden team-member-affiliation'  itemprop=\"affiliation\" >Facultad de Bellas Artes, M\u00e1laga<\/span><\/section><\/div>\n<style type=\"text\/css\" data-created_by=\"avia_inline_auto\" id=\"style-css-av-3l2j-2-bd7e2f1b8892e9007b4f49e413b82f9d\">\n.flex_column.av-3l2j-2-bd7e2f1b8892e9007b4f49e413b82f9d{\nborder-radius:0px 0px 0px 0px;\npadding:0px 0px 0px 0px;\n}\n<\/style>\n<div  class='flex_column av-3l2j-2-bd7e2f1b8892e9007b4f49e413b82f9d av_one_third  avia-builder-el-21  el_after_av_one_third  el_before_av_hr  flex_column_div av-animated-generic bottom-to-top av-zero-column-padding  '     ><section  class='avia-team-member av-13qyie-1-a26e525c874e8a141608e2bedfd32129  avia-builder-el-22  avia-builder-el-no-sibling  rounded-photos-vice'  itemscope=\"itemscope\" itemtype=\"https:\/\/schema.org\/Person\" ><div class=\"team-img-container\"><img decoding=\"async\" fetchpriority=\"high\" class='wp-image-2303 avia-img-lazy-loading-not-2303 avia_image avia_image_team' src=\"https:\/\/www.bbaa.uma.es\/bellasartes\/wp-content\/uploads\/2024\/04\/Christian-1-300x300.jpg\" alt='Cristian M. Cer\u00f3n Torreblanca'  itemprop=\"image\"   height=\"300\" width=\"300\" srcset=\"https:\/\/www.bbaa.uma.es\/bellasartes\/wp-content\/uploads\/2024\/04\/Christian-1-300x300.jpg 300w, https:\/\/www.bbaa.uma.es\/bellasartes\/wp-content\/uploads\/2024\/04\/Christian-1-1030x1030.jpg 1030w, https:\/\/www.bbaa.uma.es\/bellasartes\/wp-content\/uploads\/2024\/04\/Christian-1-80x80.jpg 80w, https:\/\/www.bbaa.uma.es\/bellasartes\/wp-content\/uploads\/2024\/04\/Christian-1-768x768.jpg 768w, https:\/\/www.bbaa.uma.es\/bellasartes\/wp-content\/uploads\/2024\/04\/Christian-1-36x36.jpg 36w, https:\/\/www.bbaa.uma.es\/bellasartes\/wp-content\/uploads\/2024\/04\/Christian-1-180x180.jpg 180w, https:\/\/www.bbaa.uma.es\/bellasartes\/wp-content\/uploads\/2024\/04\/Christian-1-705x705.jpg 705w, https:\/\/www.bbaa.uma.es\/bellasartes\/wp-content\/uploads\/2024\/04\/Christian-1.jpg 1500w\" sizes=\"(max-width: 300px) 100vw, 300px\" \/><\/div><h3 class='team-member-name '  itemprop=\"name\" >Cristian M. Cer\u00f3n Torreblanca<\/h3><div class='team-member-job-title '  itemprop=\"jobTitle\" >Secretario<\/div><span class='hidden team-member-affiliation'  itemprop=\"affiliation\" >Facultad de Bellas Artes, M\u00e1laga<\/span><\/section><\/div>\n<style type=\"text\/css\" data-created_by=\"avia_inline_auto\" id=\"style-css-av-klupi9g9-4-be39147251f4f4797b98acb8c82488b1\">\n#top .hr.hr-invisible.av-klupi9g9-4-be39147251f4f4797b98acb8c82488b1{\nheight:150px;\n}\n<\/style>\n<div  class='hr av-klupi9g9-4-be39147251f4f4797b98acb8c82488b1 hr-invisible  avia-builder-el-23  el_after_av_one_third  avia-builder-el-last '><span class='hr-inner '><span class=\"hr-inner-style\"><\/span><\/span><\/div>\n<\/div><\/div><\/div><!-- close content main div --><\/div><\/div><div id='after_section_4'  class='main_color av_default_container_wrap container_wrap sidebar_right'  ><div class='container av-section-cont-open' ><div class='template-page content  av-content-small alpha units'><div class='post-entry post-entry-type-page post-entry-806'><div class='entry-content-wrapper clearfix'><\/p>\n","protected":false},"excerpt":{"rendered":"","protected":false},"author":1,"featured_media":0,"parent":25,"menu_order":0,"comment_status":"closed","ping_status":"closed","template":"","meta":{"footnotes":""},"class_list":["post-806","page","type-page","status-publish","hentry"],"_links":{"self":[{"href":"https:\/\/www.bbaa.uma.es\/bellasartes\/wp-json\/wp\/v2\/pages\/806","targetHints":{"allow":["GET"]}}],"collection":[{"href":"https:\/\/www.bbaa.uma.es\/bellasartes\/wp-json\/wp\/v2\/pages"}],"about":[{"href":"https:\/\/www.bbaa.uma.es\/bellasartes\/wp-json\/wp\/v2\/types\/page"}],"author":[{"embeddable":true,"href":"https:\/\/www.bbaa.uma.es\/bellasartes\/wp-json\/wp\/v2\/users\/1"}],"replies":[{"embeddable":true,"href":"https:\/\/www.bbaa.uma.es\/bellasartes\/wp-json\/wp\/v2\/comments?post=806"}],"version-history":[{"count":5,"href":"https:\/\/www.bbaa.uma.es\/bellasartes\/wp-json\/wp\/v2\/pages\/806\/revisions"}],"predecessor-version":[{"id":2311,"href":"https:\/\/www.bbaa.uma.es\/bellasartes\/wp-json\/wp\/v2\/pages\/806\/revisions\/2311"}],"up":[{"embeddable":true,"href":"https:\/\/www.bbaa.uma.es\/bellasartes\/wp-json\/wp\/v2\/pages\/25"}],"wp:attachment":[{"href":"https:\/\/www.bbaa.uma.es\/bellasartes\/wp-json\/wp\/v2\/media?parent=806"}],"curies":[{"name":"wp","href":"https:\/\/api.w.org\/{rel}","templated":true}]}}