{"id":791,"date":"2021-03-04T10:05:04","date_gmt":"2021-03-04T10:05:04","guid":{"rendered":"http:\/\/www.bbaa.uma.es\/bellasartes\/?page_id=791"},"modified":"2022-02-10T12:02:28","modified_gmt":"2022-02-10T11:02:28","slug":"presentacion","status":"publish","type":"page","link":"https:\/\/www.bbaa.uma.es\/bellasartes\/institucional\/presentacion\/","title":{"rendered":"Presentaci\u00f3n"},"content":{"rendered":"\n<style type=\"text\/css\" data-created_by=\"avia_inline_auto\" id=\"style-css-av-v4i7-3a4e565aba5b2e59c1b44ae66881ec6a\">\n.avia-section.av-v4i7-3a4e565aba5b2e59c1b44ae66881ec6a{\nbackground-repeat:no-repeat;\nbackground-image:url(https:\/\/www.bbaa.uma.es\/bellasartes\/wp-content\/uploads\/2020\/12\/fondo-cabeceras-b.jpg);\nbackground-position:0% 0%;\nbackground-attachment:fixed;\n}\n.avia-section.av-v4i7-3a4e565aba5b2e59c1b44ae66881ec6a .av-section-color-overlay{\nopacity:0.7;\nbackground-color:#ffffff;\n}\n<\/style>\n<div id='av_section_1'  class='avia-section av-v4i7-3a4e565aba5b2e59c1b44ae66881ec6a main_color avia-section-large avia-no-border-styling  avia-builder-el-0  el_before_av_section  avia-builder-el-first  avia-full-contain avia-bg-style-fixed av-section-color-overlay-active container_wrap sidebar_right'  data-section-bg-repeat='contain'><div class=\"av-section-color-overlay-wrap\"><div class=\"av-section-color-overlay\"><\/div><div class='container av-section-cont-open' ><main  role=\"main\" itemprop=\"mainContentOfPage\"  class='template-page content  av-content-small alpha units'><div class='post-entry post-entry-type-page post-entry-791'><div class='entry-content-wrapper clearfix'>\n\n<style type=\"text\/css\" data-created_by=\"avia_inline_auto\" id=\"style-css-av-6pklj-7c0090b285dcbf18cbedf5ec5909eb85\">\n#top .av-special-heading.av-6pklj-7c0090b285dcbf18cbedf5ec5909eb85{\npadding-bottom:10px;\n}\nbody .av-special-heading.av-6pklj-7c0090b285dcbf18cbedf5ec5909eb85 .av-special-heading-tag .heading-char{\nfont-size:25px;\n}\n.av-special-heading.av-6pklj-7c0090b285dcbf18cbedf5ec5909eb85 .av-subheading{\nfont-size:15px;\n}\n<\/style>\n<div  class='av-special-heading av-6pklj-7c0090b285dcbf18cbedf5ec5909eb85 av-special-heading-h2  avia-builder-el-1  avia-builder-el-no-sibling '><h2 class='av-special-heading-tag '  itemprop=\"headline\"  >Presentaci\u00f3n facultad<\/h2><div class=\"special-heading-border\"><div class=\"special-heading-inner-border\"><\/div><\/div><\/div>\n\n<\/div><\/div><\/main><!-- close content main element --><\/div><\/div><\/div><div id='av_section_2'  class='avia-section av-v4i7-76a9b50189d241696c918c125299e24b main_color avia-section-large avia-no-border-styling  avia-builder-el-2  el_after_av_section  avia-builder-el-last  avia-bg-style-scroll container_wrap sidebar_right'  ><div class='container av-section-cont-open' ><div class='template-page content  av-content-small alpha units'><div class='post-entry post-entry-type-page post-entry-791'><div class='entry-content-wrapper clearfix'>\n\n<style type=\"text\/css\" data-created_by=\"avia_inline_auto\" id=\"style-css-av-klupc8v1-7fb2a388d25a0d8766b8c436d6f9a38c\">\n.flex_column.av-klupc8v1-7fb2a388d25a0d8766b8c436d6f9a38c{\nborder-radius:0px 0px 0px 0px;\npadding:0px 0px 0px 0px;\n}\n<\/style>\n<div  class='flex_column av-klupc8v1-7fb2a388d25a0d8766b8c436d6f9a38c av_one_full  avia-builder-el-3  el_before_av_one_full  avia-builder-el-first  first flex_column_div av-animated-generic bottom-to-top av-zero-column-padding  '     ><style type=\"text\/css\" data-created_by=\"avia_inline_auto\" id=\"style-css-av-klupbuuz-604a574768e7d5c6a2d18cb694b66754\">\n.avia-image-container.av-klupbuuz-604a574768e7d5c6a2d18cb694b66754 img.avia_image{\nbox-shadow:none;\n}\n.avia-image-container.av-klupbuuz-604a574768e7d5c6a2d18cb694b66754 .av-image-caption-overlay-center{\ncolor:#ffffff;\n}\n<\/style>\n<div  class='avia-image-container av-klupbuuz-604a574768e7d5c6a2d18cb694b66754 av-styling- avia-align-center  avia-builder-el-4  avia-builder-el-no-sibling '   itemprop=\"image\" itemscope=\"itemscope\" itemtype=\"https:\/\/schema.org\/ImageObject\" ><div class=\"avia-image-container-inner\"><div class=\"avia-image-overlay-wrap\"><img decoding=\"async\" fetchpriority=\"high\" class='wp-image-802 avia-img-lazy-loading-not-802 avia_image ' src=\"https:\/\/www.bbaa.uma.es\/bellasartes\/wp-content\/uploads\/2021\/03\/Presentacion-BBAA-web-c-1.jpg\" alt='Presentaci\u00f3n facultado Bellas Artes Universidad de M\u00e1laga' title='Presentaci\u00f3n facultado Bellas Artes Universidad de M\u00e1laga'  height=\"700\" width=\"1400\"  itemprop=\"thumbnailUrl\" srcset=\"https:\/\/www.bbaa.uma.es\/bellasartes\/wp-content\/uploads\/2021\/03\/Presentacion-BBAA-web-c-1.jpg 1400w, https:\/\/www.bbaa.uma.es\/bellasartes\/wp-content\/uploads\/2021\/03\/Presentacion-BBAA-web-c-1-300x150.jpg 300w, https:\/\/www.bbaa.uma.es\/bellasartes\/wp-content\/uploads\/2021\/03\/Presentacion-BBAA-web-c-1-1030x515.jpg 1030w, https:\/\/www.bbaa.uma.es\/bellasartes\/wp-content\/uploads\/2021\/03\/Presentacion-BBAA-web-c-1-768x384.jpg 768w, https:\/\/www.bbaa.uma.es\/bellasartes\/wp-content\/uploads\/2021\/03\/Presentacion-BBAA-web-c-1-705x353.jpg 705w\" sizes=\"(max-width: 1400px) 100vw, 1400px\" \/><\/div><\/div><\/div><\/div>\n<style type=\"text\/css\" data-created_by=\"avia_inline_auto\" id=\"style-css-av-3l2j-af1a59a0bec26b3acadf4c512864d81e\">\n.flex_column.av-3l2j-af1a59a0bec26b3acadf4c512864d81e{\nborder-radius:0px 0px 0px 0px;\npadding:0px 0px 0px 0px;\n}\n<\/style>\n<div  class='flex_column av-3l2j-af1a59a0bec26b3acadf4c512864d81e av_one_full  avia-builder-el-5  el_after_av_one_full  el_before_av_hr  first flex_column_div av-animated-generic bottom-to-top av-zero-column-padding  column-top-margin'     ><p><section  class='av_textblock_section av-kiov0s4e-225aa620b624b74eac302ba9415dc6ba '   itemscope=\"itemscope\" itemtype=\"https:\/\/schema.org\/CreativeWork\" ><div class='avia_textblock'  itemprop=\"text\" ><p>La Facultad de Bellas Artes de la Universidad de M\u00e1laga, fundada en 2005, es uno de los centros universitarios de formaci\u00f3n e investigaci\u00f3n art\u00edsticas m\u00e1s j\u00f3venes de Espa\u00f1a, donde actuamos desde el convencimiento de que el arte contempor\u00e1neo es un pilar fundamental en la dimensi\u00f3n humanista de la sociedad.<\/p>\n<p>Entendemos el centro como \u00e1mbito de complejidad cr\u00edtica que articula personas, im\u00e1genes, ideas y experiencias gracias a una formaci\u00f3n profunda y extensa en la producci\u00f3n art\u00edstica interdisciplinar. Desarrollamos un modelo pedag\u00f3gico que integra formaci\u00f3n reglada, programaci\u00f3n de eventos p\u00fablicos, actividades cient\u00edficas, exposiciones y publicaciones, para crear una comunidad art\u00edstica que investiga nuevas formas de conocimiento y producci\u00f3n cultural.<\/p>\n<p>Comprendemos el hacer art\u00edstico como investigaci\u00f3n, generando din\u00e1micas de cruce de diferentes campos visuales, cient\u00edficos, human\u00edsticos y tecnol\u00f3gicos, y mantenemos un constante movimiento de profesionales invitados al tiempo que evaluamos continuamente nuestras metodolog\u00edas de acci\u00f3n.<\/p>\n<p>Cuidamos la reconocida cualificaci\u00f3n y proyecci\u00f3n profesional de nuestro estudiantado, y defendemos la significaci\u00f3n y dignidad social del trabajo del artista.<\/p>\n<p>Constituimos, as\u00ed, un espacio abierto y comunitario de formaci\u00f3n e investigaci\u00f3n art\u00edsticas cuya excelencia se afirma en la funci\u00f3n p\u00fablica que le da sentido, un modelo que venimos desarrollando coordinados por los sucesivos profesores que han asumido su decanato: primero Carmen Osuna (2005-2011), a continuaci\u00f3n, Salvador Haro (2011-2020) y actualmente, desde 2020, Jes\u00fas Mar\u00edn.<\/p>\n<\/div><\/section><br \/>\n<section  class='av_textblock_section av-kzgvg6cg-e830d6ecaa3497c92585ec53170651be '   itemscope=\"itemscope\" itemtype=\"https:\/\/schema.org\/CreativeWork\" ><div class='avia_textblock'  itemprop=\"text\" ><p>Adem\u00e1s del ciclo <a href=\"https:\/\/www.bbaa.uma.es\/bellasartes\/conferencias\/\"><strong>Jornadas de Pr\u00e1cticas Art\u00edsticas<\/strong><\/a>, la Facultad de Bellas Artes viene organizando, desde su inicio en 2005, conferencias y talleres de numerosos agentes de relevancia de la cultura contempor\u00e1nea, tanto a nivel nacional como internacional: artistas, autores de c\u00f3mic, directores de cine, dise\u00f1adores, historiadores, poetas, comisarios, galeristas, cr\u00edticos, ensayistas, directores de centros de arte y de museos, mediadores, editores, coleccionistas, muse\u00f3grafos, etc.<\/p>\n<p>As\u00ed,\u00a0nuestra comunidad ha disfrutado del trabajo con figuras como Antoni Muntadas, Eddie Campbell, Santiago Cirugeda, Francesc Torres, Jorge Luis Marzo, Mar\u00eda Ruido, Federico Guzm\u00e1n, Carmen Pardo, Iv\u00e1n de la Torre, Rosa Brun , Simon Zabell, Jes\u00fas Zurita, Mira Bernabeu, Juan del Junco, Javier Calleja, Aixa Portero, Ana Mat\u00edas, Camilo de Ory, Chema Cobo, David Leo, Jes\u00fas Palomino, Joaqu\u00edn Ivars, Jos\u00e9 Luis Cabrera, Juan Francisco Rueda, Narita Estudio, Joaqu\u00edn Pe\u00f1a-Toro, Xavier Montsalvatje, Zsolt Tibor, Antonio M. S\u00e1nchez, Rosanna Guida, Chiqui Carabante, Santiago Yd\u00e1\u00f1ez, Enrique Corrales, Opus 90, Chema Lumbreras o Pedro Ortu\u00f1o, entre otros muchos.<\/p>\n<\/div><\/section><\/p><\/div>\n<style type=\"text\/css\" data-created_by=\"avia_inline_auto\" id=\"style-css-av-klupi9g9-4f930577e4a1ac73feaa97d8d0d27aec\">\n#top .hr.hr-invisible.av-klupi9g9-4f930577e4a1ac73feaa97d8d0d27aec{\nheight:100px;\n}\n<\/style>\n<div  class='hr av-klupi9g9-4f930577e4a1ac73feaa97d8d0d27aec hr-invisible  avia-builder-el-8  el_after_av_one_full  avia-builder-el-last '><span class='hr-inner '><span class=\"hr-inner-style\"><\/span><\/span><\/div>\n<\/div><\/div><\/div><!-- close content main div --><\/div><\/div><div id='after_section_2'  class='main_color av_default_container_wrap container_wrap sidebar_right'  ><div class='container av-section-cont-open' ><div class='template-page content  av-content-small alpha units'><div class='post-entry post-entry-type-page post-entry-791'><div class='entry-content-wrapper clearfix'>\n","protected":false},"excerpt":{"rendered":"","protected":false},"author":1,"featured_media":0,"parent":25,"menu_order":0,"comment_status":"closed","ping_status":"closed","template":"","meta":{"footnotes":""},"class_list":["post-791","page","type-page","status-publish","hentry"],"_links":{"self":[{"href":"https:\/\/www.bbaa.uma.es\/bellasartes\/wp-json\/wp\/v2\/pages\/791","targetHints":{"allow":["GET"]}}],"collection":[{"href":"https:\/\/www.bbaa.uma.es\/bellasartes\/wp-json\/wp\/v2\/pages"}],"about":[{"href":"https:\/\/www.bbaa.uma.es\/bellasartes\/wp-json\/wp\/v2\/types\/page"}],"author":[{"embeddable":true,"href":"https:\/\/www.bbaa.uma.es\/bellasartes\/wp-json\/wp\/v2\/users\/1"}],"replies":[{"embeddable":true,"href":"https:\/\/www.bbaa.uma.es\/bellasartes\/wp-json\/wp\/v2\/comments?post=791"}],"version-history":[{"count":5,"href":"https:\/\/www.bbaa.uma.es\/bellasartes\/wp-json\/wp\/v2\/pages\/791\/revisions"}],"predecessor-version":[{"id":1712,"href":"https:\/\/www.bbaa.uma.es\/bellasartes\/wp-json\/wp\/v2\/pages\/791\/revisions\/1712"}],"up":[{"embeddable":true,"href":"https:\/\/www.bbaa.uma.es\/bellasartes\/wp-json\/wp\/v2\/pages\/25"}],"wp:attachment":[{"href":"https:\/\/www.bbaa.uma.es\/bellasartes\/wp-json\/wp\/v2\/media?parent=791"}],"curies":[{"name":"wp","href":"https:\/\/api.w.org\/{rel}","templated":true}]}}