{"id":1491,"date":"2021-12-01T17:10:23","date_gmt":"2021-12-01T16:10:23","guid":{"rendered":"https:\/\/www.bbaa.uma.es\/bellasartes\/?page_id=1491"},"modified":"2023-06-15T13:02:39","modified_gmt":"2023-06-15T11:02:39","slug":"laboratorio","status":"publish","type":"page","link":"https:\/\/www.bbaa.uma.es\/bellasartes\/laboratorio\/","title":{"rendered":"Laboratorio"},"content":{"rendered":"\n<style type=\"text\/css\" data-created_by=\"avia_inline_auto\" id=\"style-css-av-rf1ieb-fd8da750070498d94c2eb83c30dbed35\">\n.avia-section.av-rf1ieb-fd8da750070498d94c2eb83c30dbed35{\nbackground-repeat:no-repeat;\nbackground-image:url(https:\/\/www.bbaa.uma.es\/bellasartes\/wp-content\/uploads\/2020\/12\/fondo-cabeceras-b.jpg);\nbackground-position:0% 0%;\nbackground-attachment:fixed;\n}\n.avia-section.av-rf1ieb-fd8da750070498d94c2eb83c30dbed35 .av-section-color-overlay{\nopacity:0.7;\nbackground-color:#ffffff;\n}\n<\/style>\n<div id='av_section_1'  class='avia-section av-rf1ieb-fd8da750070498d94c2eb83c30dbed35 main_color avia-section-default avia-no-border-styling  avia-builder-el-0  el_before_av_section  avia-builder-el-first  avia-full-contain avia-bg-style-fixed av-section-color-overlay-active container_wrap sidebar_right'  data-section-bg-repeat='contain'><div class=\"av-section-color-overlay-wrap\"><div class=\"av-section-color-overlay\"><\/div><div class='container av-section-cont-open' ><main  role=\"main\" itemprop=\"mainContentOfPage\"  class='template-page content  av-content-small alpha units'><div class='post-entry post-entry-type-page post-entry-1491'><div class='entry-content-wrapper clearfix'>\n\n<style type=\"text\/css\" data-created_by=\"avia_inline_auto\" id=\"style-css-av-q2elzn-4a2c71382ff376e529cebcae3779023e\">\n#top .av-special-heading.av-q2elzn-4a2c71382ff376e529cebcae3779023e{\npadding-bottom:10px;\n}\nbody .av-special-heading.av-q2elzn-4a2c71382ff376e529cebcae3779023e .av-special-heading-tag .heading-char{\nfont-size:25px;\n}\n.av-special-heading.av-q2elzn-4a2c71382ff376e529cebcae3779023e .av-subheading{\nfont-size:15px;\n}\n<\/style>\n<div  class='av-special-heading av-q2elzn-4a2c71382ff376e529cebcae3779023e av-special-heading-h2  avia-builder-el-1  avia-builder-el-no-sibling '><h2 class='av-special-heading-tag '  itemprop=\"headline\"  >Laboratorio<\/h2><div class=\"special-heading-border\"><div class=\"special-heading-inner-border\"><\/div><\/div><\/div>\n\n<\/div><\/div><\/main><!-- close content main element --><\/div><\/div><\/div><div id='av_section_2'  class='avia-section av-ntwlab-17104383ab5f7eeb93c1ecdd1127ee1f main_color avia-section-default avia-no-border-styling  avia-builder-el-2  el_after_av_section  avia-builder-el-last  avia-bg-style-parallax container_wrap sidebar_right'  ><div class='container av-section-cont-open' ><div class='template-page content  av-content-small alpha units'><div class='post-entry post-entry-type-page post-entry-1491'><div class='entry-content-wrapper clearfix'>\n<div  class='flex_column av-2ao2hv-39d852b8a084c62e06e21cccc9f42524 av_one_fifth  avia-builder-el-3  el_before_av_three_fifth  avia-builder-el-first  first flex_column_div  '     ><\/div><div  class='flex_column av-kl5hk3-7822e7f650ddb1071076ee24a8807583 av_three_fifth  avia-builder-el-4  el_after_av_one_fifth  el_before_av_one_fifth  flex_column_div av-animated-generic top-to-bottom  '     ><style type=\"text\/css\" data-created_by=\"avia_inline_auto\" id=\"style-css-av-j3smbn-0ddcc0db79e6426ac9f26b66808428f3\">\n.avia-image-container.av-j3smbn-0ddcc0db79e6426ac9f26b66808428f3 img.avia_image{\nbox-shadow:none;\n}\n.avia-image-container.av-j3smbn-0ddcc0db79e6426ac9f26b66808428f3 .av-image-caption-overlay-center{\ncolor:#ffffff;\n}\n<\/style>\n<div  class='avia-image-container av-j3smbn-0ddcc0db79e6426ac9f26b66808428f3 av-styling- avia_animated_image av-animated-when-visible-95 top-to-bottom avia-align-center  avia-builder-el-5  avia-builder-el-no-sibling '   itemprop=\"image\" itemscope=\"itemscope\" itemtype=\"https:\/\/schema.org\/ImageObject\" ><div class=\"avia-image-container-inner\"><div class=\"avia-image-overlay-wrap\"><img decoding=\"async\" fetchpriority=\"high\" class='wp-image-1497 avia-img-lazy-loading-not-1497 avia_image ' src=\"https:\/\/www.bbaa.uma.es\/bellasartes\/wp-content\/uploads\/2021\/12\/cabecera-laboratorio.jpg\" alt='' title=''  height=\"321\" width=\"845\"  itemprop=\"thumbnailUrl\" srcset=\"https:\/\/www.bbaa.uma.es\/bellasartes\/wp-content\/uploads\/2021\/12\/cabecera-laboratorio.jpg 845w, https:\/\/www.bbaa.uma.es\/bellasartes\/wp-content\/uploads\/2021\/12\/cabecera-laboratorio-300x114.jpg 300w, https:\/\/www.bbaa.uma.es\/bellasartes\/wp-content\/uploads\/2021\/12\/cabecera-laboratorio-768x292.jpg 768w, https:\/\/www.bbaa.uma.es\/bellasartes\/wp-content\/uploads\/2021\/12\/cabecera-laboratorio-705x268.jpg 705w\" sizes=\"(max-width: 845px) 100vw, 845px\" \/><\/div><\/div><\/div><\/div><div  class='flex_column av-hkcir7-8f7cbcb3bbfc9fec9cb61abaea4bc30e av_one_fifth  avia-builder-el-6  el_after_av_three_fifth  el_before_av_one_fifth  flex_column_div  '     ><\/div><div  class='flex_column av-fu380z-e6f6c98036f6db08c5627ee66e7528b3 av_one_fifth  avia-builder-el-7  el_after_av_one_fifth  el_before_av_three_fifth  first flex_column_div  column-top-margin'     ><\/div><div  class='flex_column av-e6cswj-2d16b2e7e798fc34be618714468affc1 av_three_fifth  avia-builder-el-8  el_after_av_one_fifth  el_before_av_one_fifth  flex_column_div av-animated-generic bottom-to-top  column-top-margin'     ><p><section  class='av_textblock_section av-d5pkmb-7f6ce82d6eb82b5ece568d6f15e5b183 '   itemscope=\"itemscope\" itemtype=\"https:\/\/schema.org\/CreativeWork\" ><div class='avia_textblock'  itemprop=\"text\" ><p><span style=\"font-weight: 400;\">El <strong>Laboratorio de Experimentaci\u00f3n<\/strong> pretende ser una estructura b\u00e1sica organizativa de la actividad de investigaci\u00f3n de nuestra Facultad, apoy\u00e1ndose en la actividad individual de nuestros profesores y en la de los grupos de investigaci\u00f3n en los que participan. Tiene como uno de <strong>sus principales objetivos incrementar la calidad, el n\u00famero de actuaciones de investigaci\u00f3n y docencia relacionadas con dicha investigaci\u00f3n<\/strong>, as\u00ed como la transferencia de esta actividad al tejido de la sociedad. Con el fin de establecer una l\u00ednea de programaci\u00f3n anual, la Facultad de Bellas Artes convocar\u00e1 un proceso p\u00fablico de selecci\u00f3n para el desarrollo de proyectos de creaci\u00f3n y\/o experimentaci\u00f3n art\u00edstica, as\u00ed como actividades de difusi\u00f3n (exposiciones) a trav\u00e9s de dos convocatorias anuales, una en mayo y otra en noviembre.<\/span><\/p>\n<\/div><\/section><br \/>\n\n<style type=\"text\/css\" data-created_by=\"avia_inline_auto\" id=\"style-css-av-kwnj2ypb-74cdcbd1af3c52bfb5dbdac1fda8d79c\">\n#top .hr.hr-invisible.av-kwnj2ypb-74cdcbd1af3c52bfb5dbdac1fda8d79c{\nheight:50px;\n}\n<\/style>\n<div  class='hr av-kwnj2ypb-74cdcbd1af3c52bfb5dbdac1fda8d79c hr-invisible  avia-builder-el-10  el_after_av_textblock  el_before_av_slideshow '><span class='hr-inner '><span class=\"hr-inner-style\"><\/span><\/span><\/div><br \/>\n<div  class='avia-slideshow av-kwnj5ldt-e585b5757fe4395e8fa98f45d9e1d668 avia-slideshow-no scaling av_slideshow avia-slide_up-slider  avia-builder-el-11  el_after_av_hr  el_before_av_hr  av-slideshow-ui av-control-minimal av-slideshow-autoplay av-loop-once av-loop-manual-endless av-default-height-applied avia-slideshow-1' data-slideshow-options=\"{&quot;animation&quot;:&quot;slide_up&quot;,&quot;autoplay&quot;:true,&quot;loop_autoplay&quot;:&quot;once&quot;,&quot;interval&quot;:5,&quot;loop_manual&quot;:&quot;manual-endless&quot;,&quot;autoplay_stopper&quot;:true,&quot;noNavigation&quot;:false,&quot;bg_slider&quot;:false,&quot;keep_padding&quot;:false,&quot;hoverpause&quot;:false,&quot;show_slide_delay&quot;:0}\"  itemprop=\"image\" itemscope=\"itemscope\" itemtype=\"https:\/\/schema.org\/ImageObject\" ><ul class='avia-slideshow-inner ' style='padding-bottom: 63.636363636364%;'><li  class='avia-slideshow-slide av-kwnj5ldt-e585b5757fe4395e8fa98f45d9e1d668__0  slide-1 slide-odd'><div data-rel='slideshow-1' class='avia-slide-wrap '   ><img decoding=\"async\" fetchpriority=\"high\" class=\"wp-image-1502 avia-img-lazy-loading-not-1502\"  src=\"https:\/\/www.bbaa.uma.es\/bellasartes\/wp-content\/uploads\/2021\/12\/laboratorio-03.jpg\" width=\"1100\" height=\"700\" title='laboratorio-03' alt=''  itemprop=\"thumbnailUrl\" srcset=\"https:\/\/www.bbaa.uma.es\/bellasartes\/wp-content\/uploads\/2021\/12\/laboratorio-03.jpg 1100w, https:\/\/www.bbaa.uma.es\/bellasartes\/wp-content\/uploads\/2021\/12\/laboratorio-03-300x191.jpg 300w, https:\/\/www.bbaa.uma.es\/bellasartes\/wp-content\/uploads\/2021\/12\/laboratorio-03-1030x655.jpg 1030w, https:\/\/www.bbaa.uma.es\/bellasartes\/wp-content\/uploads\/2021\/12\/laboratorio-03-768x489.jpg 768w, https:\/\/www.bbaa.uma.es\/bellasartes\/wp-content\/uploads\/2021\/12\/laboratorio-03-705x449.jpg 705w\" sizes=\"(max-width: 1100px) 100vw, 1100px\" \/><\/div><\/li><li  class='avia-slideshow-slide av-kwnj5ldt-e585b5757fe4395e8fa98f45d9e1d668__1  slide-2 slide-even'><div data-rel='slideshow-1' class='avia-slide-wrap '   ><img decoding=\"async\" fetchpriority=\"high\" class=\"wp-image-1500 avia-img-lazy-loading-not-1500\"  src=\"https:\/\/www.bbaa.uma.es\/bellasartes\/wp-content\/uploads\/2021\/12\/laboratorio-01.jpg\" width=\"1100\" height=\"700\" title='laboratorio-01' alt=''  itemprop=\"thumbnailUrl\" srcset=\"https:\/\/www.bbaa.uma.es\/bellasartes\/wp-content\/uploads\/2021\/12\/laboratorio-01.jpg 1100w, https:\/\/www.bbaa.uma.es\/bellasartes\/wp-content\/uploads\/2021\/12\/laboratorio-01-300x191.jpg 300w, https:\/\/www.bbaa.uma.es\/bellasartes\/wp-content\/uploads\/2021\/12\/laboratorio-01-1030x655.jpg 1030w, https:\/\/www.bbaa.uma.es\/bellasartes\/wp-content\/uploads\/2021\/12\/laboratorio-01-768x489.jpg 768w, https:\/\/www.bbaa.uma.es\/bellasartes\/wp-content\/uploads\/2021\/12\/laboratorio-01-705x449.jpg 705w\" sizes=\"(max-width: 1100px) 100vw, 1100px\" \/><\/div><\/li><li  class='avia-slideshow-slide av-kwnj5ldt-e585b5757fe4395e8fa98f45d9e1d668__2  slide-3 slide-odd'><div data-rel='slideshow-1' class='avia-slide-wrap '   ><img decoding=\"async\" fetchpriority=\"high\" class=\"wp-image-1501 avia-img-lazy-loading-not-1501\"  src=\"https:\/\/www.bbaa.uma.es\/bellasartes\/wp-content\/uploads\/2021\/12\/laboratorio-04.jpg\" width=\"1100\" height=\"700\" title='laboratorio-04' alt=''  itemprop=\"thumbnailUrl\" srcset=\"https:\/\/www.bbaa.uma.es\/bellasartes\/wp-content\/uploads\/2021\/12\/laboratorio-04.jpg 1100w, https:\/\/www.bbaa.uma.es\/bellasartes\/wp-content\/uploads\/2021\/12\/laboratorio-04-300x191.jpg 300w, https:\/\/www.bbaa.uma.es\/bellasartes\/wp-content\/uploads\/2021\/12\/laboratorio-04-1030x655.jpg 1030w, https:\/\/www.bbaa.uma.es\/bellasartes\/wp-content\/uploads\/2021\/12\/laboratorio-04-768x489.jpg 768w, https:\/\/www.bbaa.uma.es\/bellasartes\/wp-content\/uploads\/2021\/12\/laboratorio-04-705x449.jpg 705w\" sizes=\"(max-width: 1100px) 100vw, 1100px\" \/><\/div><\/li><li  class='avia-slideshow-slide av-kwnj5ldt-e585b5757fe4395e8fa98f45d9e1d668__3  slide-4 slide-even'><div data-rel='slideshow-1' class='avia-slide-wrap '   ><img decoding=\"async\" fetchpriority=\"high\" class=\"wp-image-1503 avia-img-lazy-loading-not-1503\"  src=\"https:\/\/www.bbaa.uma.es\/bellasartes\/wp-content\/uploads\/2021\/12\/laboratorio-02.jpg\" width=\"1100\" height=\"700\" title='laboratorio-02' alt=''  itemprop=\"thumbnailUrl\" srcset=\"https:\/\/www.bbaa.uma.es\/bellasartes\/wp-content\/uploads\/2021\/12\/laboratorio-02.jpg 1100w, https:\/\/www.bbaa.uma.es\/bellasartes\/wp-content\/uploads\/2021\/12\/laboratorio-02-300x191.jpg 300w, https:\/\/www.bbaa.uma.es\/bellasartes\/wp-content\/uploads\/2021\/12\/laboratorio-02-1030x655.jpg 1030w, https:\/\/www.bbaa.uma.es\/bellasartes\/wp-content\/uploads\/2021\/12\/laboratorio-02-768x489.jpg 768w, https:\/\/www.bbaa.uma.es\/bellasartes\/wp-content\/uploads\/2021\/12\/laboratorio-02-705x449.jpg 705w\" sizes=\"(max-width: 1100px) 100vw, 1100px\" \/><\/div><\/li><\/ul><div class='avia-slideshow-arrows avia-slideshow-controls' ><a href='#prev' class='prev-slide  avia-svg-icon avia-font-svg_entypo-fontello' data-av_svg_icon='left-open-big' data-av_iconset='svg_entypo-fontello' tabindex='-1' title=\"Anterior\"><svg version=\"1.1\" xmlns=\"http:\/\/www.w3.org\/2000\/svg\" width=\"15\" height=\"32\" viewBox=\"0 0 15 32\" preserveAspectRatio=\"xMidYMid meet\" aria-labelledby='av-svg-title-1' aria-describedby='av-svg-desc-1' role=\"graphics-symbol\" aria-hidden=\"true\">\n<title id='av-svg-title-1'>Anterior<\/title>\n<desc id='av-svg-desc-1'>Anterior<\/desc>\n<path d=\"M14.464 27.84q0.832 0.832 0 1.536-0.832 0.832-1.536 0l-12.544-12.608q-0.768-0.768 0-1.6l12.544-12.608q0.704-0.832 1.536 0 0.832 0.704 0 1.536l-11.456 11.904z\"><\/path>\n<\/svg><span class='avia_hidden_link_text'>Anterior<\/span><\/a><a href='#next' class='next-slide  avia-svg-icon avia-font-svg_entypo-fontello' data-av_svg_icon='right-open-big' data-av_iconset='svg_entypo-fontello' tabindex='-1' title=\"Posterior\"><svg version=\"1.1\" xmlns=\"http:\/\/www.w3.org\/2000\/svg\" width=\"15\" height=\"32\" viewBox=\"0 0 15 32\" preserveAspectRatio=\"xMidYMid meet\" aria-labelledby='av-svg-title-2' aria-describedby='av-svg-desc-2' role=\"graphics-symbol\" aria-hidden=\"true\">\n<title id='av-svg-title-2'>Posterior<\/title>\n<desc id='av-svg-desc-2'>Posterior<\/desc>\n<path d=\"M0.416 27.84l11.456-11.84-11.456-11.904q-0.832-0.832 0-1.536 0.832-0.832 1.536 0l12.544 12.608q0.768 0.832 0 1.6l-12.544 12.608q-0.704 0.832-1.536 0-0.832-0.704 0-1.536z\"><\/path>\n<\/svg><span class='avia_hidden_link_text'>Posterior<\/span><\/a><\/div><div class='avia-slideshow-dots avia-slideshow-controls'><a href='#1' class='goto-slide active' >1<\/a><a href='#2' class='goto-slide ' >2<\/a><a href='#3' class='goto-slide ' >3<\/a><a href='#4' class='goto-slide ' >4<\/a><\/div><\/div><br \/>\n\n<style type=\"text\/css\" data-created_by=\"avia_inline_auto\" id=\"style-css-av-2apcsj-025572367f1c37be6c6e2644f074af3d\">\n#top .hr.hr-invisible.av-2apcsj-025572367f1c37be6c6e2644f074af3d{\nheight:50px;\n}\n<\/style>\n<div  class='hr av-2apcsj-025572367f1c37be6c6e2644f074af3d hr-invisible  avia-builder-el-12  el_after_av_slideshow  el_before_av_textblock '><span class='hr-inner '><span class=\"hr-inner-style\"><\/span><\/span><\/div><br \/>\n\n<style type=\"text\/css\" data-created_by=\"avia_inline_auto\" id=\"style-css-av-9lznxf-ae723b5a7ec0e7716c86ab1db991dae5\">\n#top .av_textblock_section.av-9lznxf-ae723b5a7ec0e7716c86ab1db991dae5 .avia_textblock{\nfont-size:15px;\n}\n<\/style>\n<section  class='av_textblock_section av-9lznxf-ae723b5a7ec0e7716c86ab1db991dae5 '   itemscope=\"itemscope\" itemtype=\"https:\/\/schema.org\/CreativeWork\" ><div class='avia_textblock'  itemprop=\"text\" ><h3><b>MISI\u00d3N, VISI\u00d3N Y OBJETIVOS.<\/b><\/h3>\n<p><strong>Misi\u00f3n:<\/strong><span style=\"font-weight: 400;\"> Organizar y Promover la investigaci\u00f3n en torno a la creaci\u00f3n art\u00edstica en la Facultad de Bellas Artes de la Universidad de M\u00e1laga, apoy\u00e1ndose en la actividad del pdi del centro y de los grupos de investigaci\u00f3n en los que participan.<\/span><\/p>\n<p><strong>Visi\u00f3n:<\/strong><span style=\"font-weight: 400;\"> Convertir el Laboratorio de Experimentaci\u00f3n en un germen de lo que ser\u00e1 un futuro Instituto de Investigaci\u00f3n y Experimentaci\u00f3n Art\u00edstica para convertirse en un referente en investigaci\u00f3n y transferencia del conocimiento relacionado con la creaci\u00f3n e investigaci\u00f3n art\u00edstica.<\/span><\/p>\n<p><strong>Objetivos<\/strong><span style=\"font-weight: 400;\"><strong>:<\/strong> Aumentar la calidad y el n\u00famero de actuaciones de investigaci\u00f3n y docencia relacionadas con dicha investigaci\u00f3n, as\u00ed como la transferencia de esta actividad al tejido de la sociedad.<\/span><\/p>\n<p><span style=\"font-weight: 400;\">Bas\u00e1ndonos en estos principios, los <\/span><b>objetivos principales<\/b><span style=\"font-weight: 400;\"> de este Laboratorio ser\u00e1n los siguientes:<\/span><\/p>\n<p><span style=\"font-weight: 400;\">1.1. <\/span><b>Aunar sinergias<\/b><span style=\"font-weight: 400;\">, organizar la masa cr\u00edtica de la facultad entorno a un eje vertebrador com\u00fan y facilitar el intercambio y la cooperaci\u00f3n interna transversal, elevar la calidad de la producci\u00f3n art\u00edstica de nuestro <\/span><b>pdi<\/b><span style=\"font-weight: 400;\">, as\u00ed como el resto de <\/span><b>personal investigador<\/b><span style=\"font-weight: 400;\">, <\/span><b>estudiantes de doctorado, becarios de investigaci\u00f3n<\/b><span style=\"font-weight: 400;\">, con el fin de elevar el nivel acad\u00e9mico e investigador de la facultad en el contexto del resto de centros de la UMA y de otras facultades de Bellas Artes de Espa\u00f1a y de Europa.<\/span><\/p>\n<p><span style=\"font-weight: 400;\">1.2. <\/span><b>Contribuir a la visibilidad de la investigaci\u00f3n<\/b><span style=\"font-weight: 400;\">, especialmente en cuanto a exposiciones, publicaciones, proyectos y colaboraciones conjuntas y con otros centros de prestigio, que den lugar no solo a la participaci\u00f3n activa de nuestro pdi en convocatorias de investigaci\u00f3n de programas nacionales, europeos e internacionales, sino que den cabida tambi\u00e9n a la transferencia de resultados y el desarrollo de una estrategia de formaci\u00f3n dirigida a postgraduados y profesionales del arte, as\u00ed como de participaci\u00f3n en redes de investigaci\u00f3n locales, nacionales e internacionales.<\/span><\/p>\n<p><span style=\"font-weight: 400;\">1.3. <strong>Desarrollar una cultura emprendedora<\/strong>, de innovaci\u00f3n y de investigaci\u00f3n b\u00e1sica y de producci\u00f3n art\u00edstica de especial relevancia para la creaci\u00f3n, gesti\u00f3n e integraci\u00f3n del conocimiento, fundamentalmente dentro del \u00e1mbito de la creaci\u00f3n art\u00edstica para fomentar la producci\u00f3n art\u00edstica como resultado de la investigaci\u00f3n acad\u00e9mica en el \u00e1mbito de las Bellas Artes y como herramienta fundamental para una eficaz <\/span><b>transferencia de conocimiento<\/b><span style=\"font-weight: 400;\"> del mundo acad\u00e9mico al sector cultural, empresarial y\/o productivo.<\/span><\/p>\n<p><span style=\"font-weight: 400;\">1.4. La <\/span><b>internacionalizaci\u00f3n del Laboratorio<\/b><span style=\"font-weight: 400;\"> mediante la participaci\u00f3n de sus integrantes en proyectos nacionales e internacionales, el intercambio de personal investigador y de experiencias de investigaci\u00f3n y el impulso de congresos y workshops celebrados con sede principal en nuestra facultad.<\/span><\/p>\n<p><span style=\"font-weight: 400;\">1.5. El Laboratorio aglutinar\u00e1 los grupos de investigaci\u00f3n consolidados en nuestra facultad a los que pertenezcan los miembros de nuestro pdi.<\/span><\/p>\n<\/div><\/section><br \/>\n\n<style type=\"text\/css\" data-created_by=\"avia_inline_auto\" id=\"style-css-av-70vomr-3e5bee250660dba58d4b708767bdd50e\">\n#top .hr.hr-invisible.av-70vomr-3e5bee250660dba58d4b708767bdd50e{\nheight:30px;\n}\n<\/style>\n<div  class='hr av-70vomr-3e5bee250660dba58d4b708767bdd50e hr-invisible  avia-builder-el-14  el_after_av_textblock  el_before_av_button '><span class='hr-inner '><span class=\"hr-inner-style\"><\/span><\/span><\/div><br \/>\n<div  class='avia-button-wrap av-5t91f7-f8622bcec68447e6ef13d2e2ad2d2fc8-wrap avia-button-left  avia-builder-el-15  el_after_av_hr  el_before_av_button '><a href='http:\/\/www.bbaa.uma.es\/bellasartes\/wp-content\/uploads\/2023\/06\/III_CONVOCATORIA_LAB2023_2024.pdf'  class='avia-button av-5t91f7-f8622bcec68447e6ef13d2e2ad2d2fc8 av-link-btn avia-icon_select-yes-left-icon avia-size-large avia-position-left avia-color-theme-color'  target=\"_blank\"  rel=\"noopener noreferrer\"  aria-label=\"Ver la convocatoria\"><span class='avia_button_icon avia_button_icon_left avia-iconfont avia-font-entypo-fontello' data-av_icon='\ue835' data-av_iconfont='entypo-fontello' ><\/span><span class='avia_iconbox_title' >Ver la convocatoria<\/span><\/a><\/div><br \/>\n<div  class='avia-button-wrap av-lix17sok-182f30f18c9ad9bcbda39a43af4dea1b-wrap avia-button-left  avia-builder-el-16  el_after_av_button  el_before_av_hr '><a href='http:\/\/www.bbaa.uma.es\/bellasartes\/wp-content\/uploads\/2023\/06\/cuadrante_LABORATORIO_22_23.pdf'  class='avia-button av-lix17sok-182f30f18c9ad9bcbda39a43af4dea1b av-link-btn avia-icon_select-yes-left-icon avia-size-large avia-position-left avia-color-theme-color'  target=\"_blank\"  rel=\"noopener noreferrer\"  aria-label=\"Programaci\u00f3n 2022-23\"><span class='avia_button_icon avia_button_icon_left avia-iconfont avia-font-entypo-fontello' data-av_icon='\ue835' data-av_iconfont='entypo-fontello' ><\/span><span class='avia_iconbox_title' >Programaci\u00f3n 2022-23<\/span><\/a><\/div><br \/>\n\n<style type=\"text\/css\" data-created_by=\"avia_inline_auto\" id=\"style-css-av-fey03-4bf27e61fb524df1d925f55ead3fed87\">\n#top .hr.hr-invisible.av-fey03-4bf27e61fb524df1d925f55ead3fed87{\nheight:60px;\n}\n<\/style>\n<div  class='hr av-fey03-4bf27e61fb524df1d925f55ead3fed87 hr-invisible  avia-builder-el-17  el_after_av_button  avia-builder-el-last '><span class='hr-inner '><span class=\"hr-inner-style\"><\/span><\/span><\/div><\/p><\/div><div  class='flex_column av-2cjl1v-e8a9378a87cc079d990107bc508de7d2 av_one_fifth  avia-builder-el-18  el_after_av_three_fifth  avia-builder-el-last  flex_column_div  column-top-margin'     ><\/div><\/div><\/div><\/div><!-- close content main div --><\/div><\/div><div id='after_section_2'  class='main_color av_default_container_wrap container_wrap sidebar_right'  ><div class='container av-section-cont-open' ><div class='template-page content  av-content-small alpha units'><div class='post-entry post-entry-type-page post-entry-1491'><div class='entry-content-wrapper clearfix'>\n","protected":false},"excerpt":{"rendered":"","protected":false},"author":1,"featured_media":0,"parent":0,"menu_order":0,"comment_status":"closed","ping_status":"closed","template":"","meta":{"footnotes":""},"class_list":["post-1491","page","type-page","status-publish","hentry"],"_links":{"self":[{"href":"https:\/\/www.bbaa.uma.es\/bellasartes\/wp-json\/wp\/v2\/pages\/1491","targetHints":{"allow":["GET"]}}],"collection":[{"href":"https:\/\/www.bbaa.uma.es\/bellasartes\/wp-json\/wp\/v2\/pages"}],"about":[{"href":"https:\/\/www.bbaa.uma.es\/bellasartes\/wp-json\/wp\/v2\/types\/page"}],"author":[{"embeddable":true,"href":"https:\/\/www.bbaa.uma.es\/bellasartes\/wp-json\/wp\/v2\/users\/1"}],"replies":[{"embeddable":true,"href":"https:\/\/www.bbaa.uma.es\/bellasartes\/wp-json\/wp\/v2\/comments?post=1491"}],"version-history":[{"count":5,"href":"https:\/\/www.bbaa.uma.es\/bellasartes\/wp-json\/wp\/v2\/pages\/1491\/revisions"}],"predecessor-version":[{"id":2166,"href":"https:\/\/www.bbaa.uma.es\/bellasartes\/wp-json\/wp\/v2\/pages\/1491\/revisions\/2166"}],"wp:attachment":[{"href":"https:\/\/www.bbaa.uma.es\/bellasartes\/wp-json\/wp\/v2\/media?parent=1491"}],"curies":[{"name":"wp","href":"https:\/\/api.w.org\/{rel}","templated":true}]}}