{"id":1428,"date":"2021-11-16T13:41:55","date_gmt":"2021-11-16T12:41:55","guid":{"rendered":"https:\/\/www.bbaa.uma.es\/bellasartes\/?page_id=1428"},"modified":"2023-10-26T05:42:42","modified_gmt":"2023-10-26T03:42:42","slug":"grupos-de-estudiantes","status":"publish","type":"page","link":"https:\/\/www.bbaa.uma.es\/bellasartes\/grupos-de-estudiantes\/","title":{"rendered":"Grupos de estudiantes"},"content":{"rendered":"\n<style type=\"text\/css\" data-created_by=\"avia_inline_auto\" id=\"style-css-av-gi37dg-61e1106cf020af0e496682cfbbbc284d\">\n.avia-section.av-gi37dg-61e1106cf020af0e496682cfbbbc284d{\nbackground-repeat:no-repeat;\nbackground-image:url(https:\/\/www.bbaa.uma.es\/bellasartes\/wp-content\/uploads\/2020\/12\/fondo-cabeceras-b.jpg);\nbackground-position:0% 0%;\nbackground-attachment:fixed;\n}\n.avia-section.av-gi37dg-61e1106cf020af0e496682cfbbbc284d .av-section-color-overlay{\nopacity:0.7;\nbackground-color:#ffffff;\n}\n<\/style>\n<div id='av_section_1'  class='avia-section av-gi37dg-61e1106cf020af0e496682cfbbbc284d main_color avia-section-large avia-no-border-styling  avia-builder-el-0  el_before_av_section  avia-builder-el-first  avia-full-contain avia-bg-style-fixed av-section-color-overlay-active container_wrap sidebar_right'  data-section-bg-repeat='contain'><div class=\"av-section-color-overlay-wrap\"><div class=\"av-section-color-overlay\"><\/div><div class='container av-section-cont-open' ><main  role=\"main\" itemprop=\"mainContentOfPage\"  class='template-page content  av-content-small alpha units'><div class='post-entry post-entry-type-page post-entry-1428'><div class='entry-content-wrapper clearfix'>\n\n<style type=\"text\/css\" data-created_by=\"avia_inline_auto\" id=\"style-css-av-kw22xuo9-6d6e2d1b47504c02dc0c8dc7e9f5cd49\">\n#top .av-special-heading.av-kw22xuo9-6d6e2d1b47504c02dc0c8dc7e9f5cd49{\npadding-bottom:10px;\n}\nbody .av-special-heading.av-kw22xuo9-6d6e2d1b47504c02dc0c8dc7e9f5cd49 .av-special-heading-tag .heading-char{\nfont-size:25px;\n}\n.av-special-heading.av-kw22xuo9-6d6e2d1b47504c02dc0c8dc7e9f5cd49 .av-subheading{\nfont-size:15px;\n}\n<\/style>\n<div  class='av-special-heading av-kw22xuo9-6d6e2d1b47504c02dc0c8dc7e9f5cd49 av-special-heading-h2  avia-builder-el-1  avia-builder-el-no-sibling '><h2 class='av-special-heading-tag '  itemprop=\"headline\"  >Grupos de estudiantes<\/h2><div class=\"special-heading-border\"><div class=\"special-heading-inner-border\"><\/div><\/div><\/div>\n\n<\/div><\/div><\/main><!-- close content main element --><\/div><\/div><\/div><div id='av_section_2'  class='avia-section av-eq0bj8-294208b7e6e7b259246677114a865bbe main_color avia-section-default avia-no-border-styling  avia-builder-el-2  el_after_av_section  el_before_av_section  avia-bg-style-scroll container_wrap sidebar_right'  ><div class='container av-section-cont-open' ><div class='template-page content  av-content-small alpha units'><div class='post-entry post-entry-type-page post-entry-1428'><div class='entry-content-wrapper clearfix'>\n\n<style type=\"text\/css\" data-created_by=\"avia_inline_auto\" id=\"style-css-av-kw22yckm-02408b26bf1367a54a816c4450407b97\">\n#top .av-special-heading.av-kw22yckm-02408b26bf1367a54a816c4450407b97{\npadding-bottom:10px;\n}\nbody .av-special-heading.av-kw22yckm-02408b26bf1367a54a816c4450407b97 .av-special-heading-tag .heading-char{\nfont-size:25px;\n}\n.av-special-heading.av-kw22yckm-02408b26bf1367a54a816c4450407b97 .av-subheading{\nfont-size:15px;\n}\n<\/style>\n<div  class='av-special-heading av-kw22yckm-02408b26bf1367a54a816c4450407b97 av-special-heading-h3  avia-builder-el-3  el_before_av_three_fifth  avia-builder-el-first '><h3 class='av-special-heading-tag '  itemprop=\"headline\"  >Grupo cicerones\/GOU<\/h3><div class=\"special-heading-border\"><div class=\"special-heading-inner-border\"><\/div><\/div><\/div>\n<div  class='flex_column av-c8l0h0-0fa6d5f71e51b5b722c492248ed7ff51 av_three_fifth  avia-builder-el-4  el_after_av_heading  el_before_av_two_fifth  first flex_column_div  '     ><p><section  class='av_textblock_section av-bg6ums-81671d406d241767c0a3f114b8c70b8c '   itemscope=\"itemscope\" itemtype=\"https:\/\/schema.org\/CreativeWork\" ><div class='avia_textblock'  itemprop=\"text\" ><p><span style=\"font-weight: 400;\">\u00bfQue no sabes lo que es un cicerone? \u00a1Normal! Tampoco lo sab\u00edamos nosotras antes de llegar a la universidad. El grupo de cicerones de la facultad de Bellas Artes se encarga de hacer de relaciones p\u00fablicas de la facultad, ense\u00f1ando las instalaciones o hablando de la carrera a personas interesadas, \u00a1pero tambi\u00e9n hacemos m\u00e1s cosas, como participar en las Jornadas de Puertas Abiertas! Los futuros estudiantes pueden consultarnos cualquier duda sobre la carrera o la UMA en general, o incluso sobre d\u00f3nde conseguir materiales para hacer los trabajos. Y luego est\u00e1n los GOU o grupo de orientaci\u00f3n universitaria de la facultad, que informa de todas las dudas que puedan tener el alumnado de nuevo ingreso\u00a0 pero tambi\u00e9n ayuda al estudiantado en el resto de etapas de la vida universitaria, organizando cursos y talleres para adquirir las competencias transversales necesarias para completar su formaci\u00f3n, o en los \u00faltimos a\u00f1os de estudio, con acciones orientadas al fomento del esp\u00edritu emprendedor y la innovaci\u00f3n \u00a1En la facultad de Bellas Artes nos hemos unido cicerones y GOU en un \u00fanico gran equipo!<\/span><\/p>\n<\/div><\/section><br \/>\n\n<style type=\"text\/css\" data-created_by=\"avia_inline_auto\" id=\"style-css-av-8iles4-d258f62847f5302a9b57e424638e9dcc\">\n#top .hr.hr-invisible.av-8iles4-d258f62847f5302a9b57e424638e9dcc{\nheight:30px;\n}\n<\/style>\n<div  class='hr av-8iles4-d258f62847f5302a9b57e424638e9dcc hr-invisible  avia-builder-el-6  el_after_av_textblock  avia-builder-el-last '><span class='hr-inner '><span class=\"hr-inner-style\"><\/span><\/span><\/div><\/p><\/div><div  class='flex_column av-6953ic-4e4250ade3453c33c76edebcbce9adff av_two_fifth  avia-builder-el-7  el_after_av_three_fifth  el_before_av_hr  flex_column_div  '     ><style type=\"text\/css\" data-created_by=\"avia_inline_auto\" id=\"style-css-av-3pt7b8-9492b7179ad0135ca338516dab73cf6a\">\n.avia-image-container.av-3pt7b8-9492b7179ad0135ca338516dab73cf6a img.avia_image{\nbox-shadow:none;\n}\n.avia-image-container.av-3pt7b8-9492b7179ad0135ca338516dab73cf6a .av-image-caption-overlay-center{\ncolor:#ffffff;\n}\n<\/style>\n<div  class='avia-image-container av-3pt7b8-9492b7179ad0135ca338516dab73cf6a av-styling- avia-align-center  avia-builder-el-8  avia-builder-el-no-sibling '   itemprop=\"image\" itemscope=\"itemscope\" itemtype=\"https:\/\/schema.org\/ImageObject\" ><div class=\"avia-image-container-inner\"><div class=\"avia-image-overlay-wrap\"><img decoding=\"async\" fetchpriority=\"high\" class='wp-image-1430 avia-img-lazy-loading-not-1430 avia_image ' src=\"https:\/\/www.bbaa.uma.es\/bellasartes\/wp-content\/uploads\/2021\/11\/Grupo-Cicerones_GOU-BBAA-web.jpg\" alt='' title='Grupo Cicerones_GOU BBAA web'  height=\"540\" width=\"900\"  itemprop=\"thumbnailUrl\" srcset=\"https:\/\/www.bbaa.uma.es\/bellasartes\/wp-content\/uploads\/2021\/11\/Grupo-Cicerones_GOU-BBAA-web.jpg 900w, https:\/\/www.bbaa.uma.es\/bellasartes\/wp-content\/uploads\/2021\/11\/Grupo-Cicerones_GOU-BBAA-web-300x180.jpg 300w, https:\/\/www.bbaa.uma.es\/bellasartes\/wp-content\/uploads\/2021\/11\/Grupo-Cicerones_GOU-BBAA-web-768x461.jpg 768w, https:\/\/www.bbaa.uma.es\/bellasartes\/wp-content\/uploads\/2021\/11\/Grupo-Cicerones_GOU-BBAA-web-705x423.jpg 705w\" sizes=\"(max-width: 900px) 100vw, 900px\" \/><\/div><\/div><\/div><\/div>\n<style type=\"text\/css\" data-created_by=\"avia_inline_auto\" id=\"style-css-av-39ba50-d7fd06564fcdd3e891900d17e5704800\">\n#top .hr.hr-invisible.av-39ba50-d7fd06564fcdd3e891900d17e5704800{\nheight:60px;\n}\n<\/style>\n<div  class='hr av-39ba50-d7fd06564fcdd3e891900d17e5704800 hr-invisible  avia-builder-el-9  el_after_av_two_fifth  avia-builder-el-last '><span class='hr-inner '><span class=\"hr-inner-style\"><\/span><\/span><\/div>\n\n<\/div><\/div><\/div><!-- close content main div --><\/div><\/div><div id='av_section_3'  class='avia-section av-k11w4k-cd0019a5ac463a406e2e0affcc496fdc main_color avia-section-default avia-no-border-styling  avia-builder-el-10  el_after_av_section  el_before_av_section  avia-bg-style-scroll container_wrap sidebar_right'  ><div class='container av-section-cont-open' ><div class='template-page content  av-content-small alpha units'><div class='post-entry post-entry-type-page post-entry-1428'><div class='entry-content-wrapper clearfix'>\n\n<style type=\"text\/css\" data-created_by=\"avia_inline_auto\" id=\"style-css-av-kw230w8r-10abd636c770fe3223411bf2ad6424b1\">\n#top .av-special-heading.av-kw230w8r-10abd636c770fe3223411bf2ad6424b1{\npadding-bottom:10px;\n}\nbody .av-special-heading.av-kw230w8r-10abd636c770fe3223411bf2ad6424b1 .av-special-heading-tag .heading-char{\nfont-size:25px;\n}\n.av-special-heading.av-kw230w8r-10abd636c770fe3223411bf2ad6424b1 .av-subheading{\nfont-size:15px;\n}\n<\/style>\n<div  class='av-special-heading av-kw230w8r-10abd636c770fe3223411bf2ad6424b1 av-special-heading-h3  avia-builder-el-11  el_before_av_three_fifth  avia-builder-el-first '><h3 class='av-special-heading-tag '  itemprop=\"headline\"  >Asociaci\u00f3n Trincharte<\/h3><div class=\"special-heading-border\"><div class=\"special-heading-inner-border\"><\/div><\/div><\/div>\n<div  class='flex_column av-ipbcuc-855513baa6940effdcb262830a40c8e1 av_three_fifth  avia-builder-el-12  el_after_av_heading  el_before_av_two_fifth  first flex_column_div  '     ><p><section  class='av_textblock_section av-kw2317sr-04dad978bc483654fbebcb696a903475 '   itemscope=\"itemscope\" itemtype=\"https:\/\/schema.org\/CreativeWork\" ><div class='avia_textblock'  itemprop=\"text\" ><p><span style=\"font-weight: 400;\">Trincharte es la asociaci\u00f3n de estudiantes de Bellas Artes de la Universidad de M\u00e1laga, sin \u00e1nimo de lucro y cuyo objetivo es fomentar la participaci\u00f3n del estudiantado en actividades culturales. Para ello organizamos y\/o participamos en diferentes eventos culturales y de ocio que pueden ir desde exposiciones, hasta excursiones y viajes culturales e incluso mercadillos. Tambi\u00e9n fomentamos las relaciones entre el alumnado, no solo siendo una organizaci\u00f3n que plantea proyectos donde se pueda socializar sino sirviendo de apoyo personal y acad\u00e9mico a los alumnos y alumnas de nuestra facultad.<\/span><\/p>\n<\/div><\/section><br \/>\n\n<style type=\"text\/css\" data-created_by=\"avia_inline_auto\" id=\"style-css-av-hu78ro-24567f86ebe22d93e17e6878f7e025ae\">\n#top .hr.hr-invisible.av-hu78ro-24567f86ebe22d93e17e6878f7e025ae{\nheight:30px;\n}\n<\/style>\n<div  class='hr av-hu78ro-24567f86ebe22d93e17e6878f7e025ae hr-invisible  avia-builder-el-14  el_after_av_textblock  avia-builder-el-last '><span class='hr-inner '><span class=\"hr-inner-style\"><\/span><\/span><\/div><\/p><\/div><div  class='flex_column av-e1qox0-f465d78aa079fcf324d48129a2e511c4 av_two_fifth  avia-builder-el-15  el_after_av_three_fifth  el_before_av_hr  flex_column_div  '     ><style type=\"text\/css\" data-created_by=\"avia_inline_auto\" id=\"style-css-av-kw232p74-91851a550f9ad37b90b051db1c8667cf\">\n.avia-image-container.av-kw232p74-91851a550f9ad37b90b051db1c8667cf img.avia_image{\nbox-shadow:none;\n}\n.avia-image-container.av-kw232p74-91851a550f9ad37b90b051db1c8667cf .av-image-caption-overlay-center{\ncolor:#ffffff;\n}\n<\/style>\n<div  class='avia-image-container av-kw232p74-91851a550f9ad37b90b051db1c8667cf av-styling- avia-align-center  avia-builder-el-16  avia-builder-el-no-sibling '   itemprop=\"image\" itemscope=\"itemscope\" itemtype=\"https:\/\/schema.org\/ImageObject\" ><div class=\"avia-image-container-inner\"><div class=\"avia-image-overlay-wrap\"><img decoding=\"async\" fetchpriority=\"high\" class='wp-image-1432 avia-img-lazy-loading-not-1432 avia_image ' src=\"https:\/\/www.bbaa.uma.es\/bellasartes\/wp-content\/uploads\/2021\/11\/Asociacion-estudiantes-Trincharte-BBAA-web.jpg\" alt='' title='Asociacion estudiantes Trincharte BBAA web'  height=\"543\" width=\"900\"  itemprop=\"thumbnailUrl\" srcset=\"https:\/\/www.bbaa.uma.es\/bellasartes\/wp-content\/uploads\/2021\/11\/Asociacion-estudiantes-Trincharte-BBAA-web.jpg 900w, https:\/\/www.bbaa.uma.es\/bellasartes\/wp-content\/uploads\/2021\/11\/Asociacion-estudiantes-Trincharte-BBAA-web-300x181.jpg 300w, https:\/\/www.bbaa.uma.es\/bellasartes\/wp-content\/uploads\/2021\/11\/Asociacion-estudiantes-Trincharte-BBAA-web-768x463.jpg 768w, https:\/\/www.bbaa.uma.es\/bellasartes\/wp-content\/uploads\/2021\/11\/Asociacion-estudiantes-Trincharte-BBAA-web-705x425.jpg 705w\" sizes=\"(max-width: 900px) 100vw, 900px\" \/><\/div><\/div><\/div><\/div>\n<style type=\"text\/css\" data-created_by=\"avia_inline_auto\" id=\"style-css-av-csre5w-31329e2a4945ebb5a7a879e388817c7d\">\n#top .hr.hr-invisible.av-csre5w-31329e2a4945ebb5a7a879e388817c7d{\nheight:60px;\n}\n<\/style>\n<div  class='hr av-csre5w-31329e2a4945ebb5a7a879e388817c7d hr-invisible  avia-builder-el-17  el_after_av_two_fifth  avia-builder-el-last '><span class='hr-inner '><span class=\"hr-inner-style\"><\/span><\/span><\/div>\n\n<\/div><\/div><\/div><!-- close content main div --><\/div><\/div><div id='av_section_4'  class='avia-section av-ala8mc-be89b1c6c0dbf65e597385ad6b0611ed main_color avia-section-default avia-no-border-styling  avia-builder-el-18  el_after_av_section  el_before_av_section  avia-bg-style-scroll container_wrap sidebar_right'  ><div class='container av-section-cont-open' ><div class='template-page content  av-content-small alpha units'><div class='post-entry post-entry-type-page post-entry-1428'><div class='entry-content-wrapper clearfix'>\n\n<style type=\"text\/css\" data-created_by=\"avia_inline_auto\" id=\"style-css-av-kw232yql-8b8d21329d780d7e6eb938582230970f\">\n#top .av-special-heading.av-kw232yql-8b8d21329d780d7e6eb938582230970f{\npadding-bottom:10px;\n}\nbody .av-special-heading.av-kw232yql-8b8d21329d780d7e6eb938582230970f .av-special-heading-tag .heading-char{\nfont-size:25px;\n}\n.av-special-heading.av-kw232yql-8b8d21329d780d7e6eb938582230970f .av-subheading{\nfont-size:15px;\n}\n<\/style>\n<div  class='av-special-heading av-kw232yql-8b8d21329d780d7e6eb938582230970f av-special-heading-h3  avia-builder-el-19  el_before_av_three_fifth  avia-builder-el-first '><h3 class='av-special-heading-tag '  itemprop=\"headline\"  >Red de Igualdad<\/h3><div class=\"special-heading-border\"><div class=\"special-heading-inner-border\"><\/div><\/div><\/div>\n<div  class='flex_column av-972r6c-63808cdef496117ea8db527853c18305 av_three_fifth  avia-builder-el-20  el_after_av_heading  el_before_av_two_fifth  first flex_column_div  '     ><p><section  class='av_textblock_section av-kw2338ei-e6dfad07472825ec4471d52f9d492068 '   itemscope=\"itemscope\" itemtype=\"https:\/\/schema.org\/CreativeWork\" ><div class='avia_textblock'  itemprop=\"text\" ><p><span style=\"font-weight: 400;\">El Vicedecanato de Igualdad se crea\u00a0para procurar un entorno en el que se respete y se fomente la dignidad de todas y todos los integrantes de nuestra comunidad haciendo realidad el firme compromiso y la apuesta con\u00a0 las\u00a0 pol\u00edticas activas de igualdad que viene desarrollando la Universidad\u00a0 de M\u00e1laga y dando cumplimiento a la disposici\u00f3n adicional duod\u00e9cima de la Ley Org\u00e1nica 4\/2007 de Universidades, publicada en el Bolet\u00edn Oficial del Estado el 13 de abril de 2007 y que modificaba la Ley de Universidades de 2001.<\/span><\/p>\n<p><span style=\"font-weight: 400;\">El Vicedecanato de Igualdad se compromete a velar por un espacio en el que no se tolere ning\u00fan tipo de comportamiento de acoso sexual o por raz\u00f3n de sexo, de acoso discriminatorio o cualquier otra forma de acoso y violencia, garantizando los derechos fundamentales de las personas que forman la comunidad universitaria.<\/span><\/p>\n<\/div><\/section><br \/>\n\n<style type=\"text\/css\" data-created_by=\"avia_inline_auto\" id=\"style-css-av-7l9cmc-21edbcd4633dd5d6f8264c2810f4a400\">\n#top .hr.hr-invisible.av-7l9cmc-21edbcd4633dd5d6f8264c2810f4a400{\nheight:30px;\n}\n<\/style>\n<div  class='hr av-7l9cmc-21edbcd4633dd5d6f8264c2810f4a400 hr-invisible  avia-builder-el-22  el_after_av_textblock  el_before_av_button '><span class='hr-inner '><span class=\"hr-inner-style\"><\/span><\/span><\/div><br \/>\n<div  class='avia-button-wrap av-kw233hz3-904d228820bd560dd8f1d36df2329cb0-wrap avia-button-left  avia-builder-el-23  el_after_av_hr  avia-builder-el-last '><a href='https:\/\/www.uma.es\/unidad-de-igualdad\/'  class='avia-button av-kw233hz3-904d228820bd560dd8f1d36df2329cb0 av-link-btn avia-icon_select-no avia-size-large avia-position-left avia-color-theme-color'  target=\"_blank\"  rel=\"noopener noreferrer\"  aria-label=\"Visita la web\"><span class='avia_iconbox_title' >Visita la web<\/span><\/a><\/div><\/p><\/div><div  class='flex_column av-554rno-3f82be05cf009b8818a01d702186aa48 av_two_fifth  avia-builder-el-24  el_after_av_three_fifth  el_before_av_hr  flex_column_div  '     ><style type=\"text\/css\" data-created_by=\"avia_inline_auto\" id=\"style-css-av-4vr6vo-bdb0c97a3ae400623bb404bb1594d3b8\">\n.avia-image-container.av-4vr6vo-bdb0c97a3ae400623bb404bb1594d3b8 img.avia_image{\nbox-shadow:none;\n}\n.avia-image-container.av-4vr6vo-bdb0c97a3ae400623bb404bb1594d3b8 .av-image-caption-overlay-center{\ncolor:#ffffff;\n}\n<\/style>\n<div  class='avia-image-container av-4vr6vo-bdb0c97a3ae400623bb404bb1594d3b8 av-styling- avia-align-center  avia-builder-el-25  avia-builder-el-no-sibling '   itemprop=\"image\" itemscope=\"itemscope\" itemtype=\"https:\/\/schema.org\/ImageObject\" ><div class=\"avia-image-container-inner\"><div class=\"avia-image-overlay-wrap\"><img decoding=\"async\" fetchpriority=\"high\" class='wp-image-1434 avia-img-lazy-loading-not-1434 avia_image ' src=\"https:\/\/www.bbaa.uma.es\/bellasartes\/wp-content\/uploads\/2021\/11\/Igualdad-BBAA-web.jpg\" alt='' title='Igualdad BBAA web'  height=\"555\" width=\"900\"  itemprop=\"thumbnailUrl\" srcset=\"https:\/\/www.bbaa.uma.es\/bellasartes\/wp-content\/uploads\/2021\/11\/Igualdad-BBAA-web.jpg 900w, https:\/\/www.bbaa.uma.es\/bellasartes\/wp-content\/uploads\/2021\/11\/Igualdad-BBAA-web-300x185.jpg 300w, https:\/\/www.bbaa.uma.es\/bellasartes\/wp-content\/uploads\/2021\/11\/Igualdad-BBAA-web-768x474.jpg 768w, https:\/\/www.bbaa.uma.es\/bellasartes\/wp-content\/uploads\/2021\/11\/Igualdad-BBAA-web-705x435.jpg 705w\" sizes=\"(max-width: 900px) 100vw, 900px\" \/><\/div><\/div><\/div><\/div>\n<style type=\"text\/css\" data-created_by=\"avia_inline_auto\" id=\"style-css-av-113z8-bd54a935ae88e7c8c5d0a9b7b8498c26\">\n#top .hr.hr-invisible.av-113z8-bd54a935ae88e7c8c5d0a9b7b8498c26{\nheight:60px;\n}\n<\/style>\n<div  class='hr av-113z8-bd54a935ae88e7c8c5d0a9b7b8498c26 hr-invisible  avia-builder-el-26  el_after_av_two_fifth  avia-builder-el-last '><span class='hr-inner '><span class=\"hr-inner-style\"><\/span><\/span><\/div>\n\n<\/div><\/div><\/div><!-- close content main div --><\/div><\/div><div id='av_section_5'  class='avia-section av-av_section-2dcb3d115e2e5af9a73072e0505910f8 main_color avia-section-default avia-no-border-styling  avia-builder-el-27  el_after_av_section  avia-builder-el-last  avia-bg-style-scroll container_wrap sidebar_right'  ><div class='container av-section-cont-open' ><div class='template-page content  av-content-small alpha units'><div class='post-entry post-entry-type-page post-entry-1428'><div class='entry-content-wrapper clearfix'>\n\n<style type=\"text\/css\" data-created_by=\"avia_inline_auto\" id=\"style-css-av-kwkjunbe-8bae9d8dce884ed55f1038c764378397\">\n#top .av-special-heading.av-kwkjunbe-8bae9d8dce884ed55f1038c764378397{\npadding-bottom:10px;\n}\nbody .av-special-heading.av-kwkjunbe-8bae9d8dce884ed55f1038c764378397 .av-special-heading-tag .heading-char{\nfont-size:25px;\n}\n.av-special-heading.av-kwkjunbe-8bae9d8dce884ed55f1038c764378397 .av-subheading{\nfont-size:15px;\n}\n<\/style>\n<div  class='av-special-heading av-kwkjunbe-8bae9d8dce884ed55f1038c764378397 av-special-heading-h3  avia-builder-el-28  el_before_av_three_fifth  avia-builder-el-first '><h3 class='av-special-heading-tag '  itemprop=\"headline\"  >Asociaci\u00f3n juvenil Autoediciones Perita<\/h3><div class=\"special-heading-border\"><div class=\"special-heading-inner-border\"><\/div><\/div><\/div>\n<div  class='flex_column av-av_three_fifth-a93934ecd89fbb8a9566d39e89cd3725 av_three_fifth  avia-builder-el-29  el_after_av_heading  el_before_av_two_fifth  first flex_column_div  '     ><section  class='av_textblock_section av-kwkjvhst-72b601d9a7e3486cf3fbfdc2884ebf3f '   itemscope=\"itemscope\" itemtype=\"https:\/\/schema.org\/CreativeWork\" ><div class='avia_textblock'  itemprop=\"text\" ><p><span style=\"font-weight: 400;\">Somos una asociaci\u00f3n sin \u00e1nimo de lucro fundada en 2018 por un grupo de estudiantes de Bellas Artes.\u00a0<\/span><span style=\"font-weight: 400;\">Nuestra sede se encuentra en la sala A-103 de la Facultad de Bellas Artes de la Universidad de M\u00e1laga. <\/span><span style=\"font-weight: 400;\">Nuestro objetivo es promover y ayudar a los estudiantes de la UMA a desarrollar y autoeditar sus propios proyectos editoriales.<\/span><\/p>\n<p><span style=\"font-weight: 400;\">Esto lo conseguimos mediante la organizaci\u00f3n de talleres que cubran todos los procesos de la gestaci\u00f3n de un libro (como novelas, c\u00f3mics, libros de arte, fanzines, cat\u00e1logos, etc), as\u00ed como conferencias de autores invitados, concursos, participaci\u00f3n en ferias de autoedici\u00f3n y seguimiento individual de proyectos personales.\u00a0<\/span><span style=\"font-weight: 400;\">Editamos, imprimimos y ponemos a la venta los proyectos que hayamos seguido. Aunque no podemos obtener beneficios de las ventas, las posibles ganancias se destinan a futuras actividades de la asociaci\u00f3n.<\/span><\/p>\n<p><span style=\"font-weight: 400;\">Este sistema est\u00e1 planteado para que los estudiantes puedan abrirse paso en el mundo editorial antes de acabar sus estudios y sin necesidad de haber arriesgado dinero en el proceso, ya que nuestras actividades son gratuitas.\u00a0<\/span><span style=\"font-weight: 400;\">Para poder formar parte s\u00f3lo tienes que estudiar en la UMA, tener entre 16 y 30 a\u00f1os y rellenar el formulario de inscripci\u00f3n que puedes encontrar en nuestra web. Es totalmente gratuito.<\/span><\/p>\n<\/div><\/section><\/div><div  class='flex_column av-av_two_fifth-d06667205e6186ec8414c6eb7605d406 av_two_fifth  avia-builder-el-31  el_after_av_three_fifth  el_before_av_hr  flex_column_div  '     ><style type=\"text\/css\" data-created_by=\"avia_inline_auto\" id=\"style-css-av-kwkjz5m5-46e8f50a0df209ef9fea081b985acc73\">\n.avia-image-container.av-kwkjz5m5-46e8f50a0df209ef9fea081b985acc73 img.avia_image{\nbox-shadow:none;\n}\n.avia-image-container.av-kwkjz5m5-46e8f50a0df209ef9fea081b985acc73 .av-image-caption-overlay-center{\ncolor:#ffffff;\n}\n<\/style>\n<div  class='avia-image-container av-kwkjz5m5-46e8f50a0df209ef9fea081b985acc73 av-styling- avia-align-center  avia-builder-el-32  avia-builder-el-no-sibling '   itemprop=\"image\" itemscope=\"itemscope\" itemtype=\"https:\/\/schema.org\/ImageObject\" ><div class=\"avia-image-container-inner\"><div class=\"avia-image-overlay-wrap\"><img decoding=\"async\" fetchpriority=\"high\" class='wp-image-1447 avia-img-lazy-loading-not-1447 avia_image ' src=\"https:\/\/www.bbaa.uma.es\/bellasartes\/wp-content\/uploads\/2021\/11\/Asociacion-estudiantes-Perita.jpg\" alt='' title='Asociacion estudiantes Perita'  height=\"543\" width=\"900\"  itemprop=\"thumbnailUrl\" srcset=\"https:\/\/www.bbaa.uma.es\/bellasartes\/wp-content\/uploads\/2021\/11\/Asociacion-estudiantes-Perita.jpg 900w, https:\/\/www.bbaa.uma.es\/bellasartes\/wp-content\/uploads\/2021\/11\/Asociacion-estudiantes-Perita-300x181.jpg 300w, https:\/\/www.bbaa.uma.es\/bellasartes\/wp-content\/uploads\/2021\/11\/Asociacion-estudiantes-Perita-768x463.jpg 768w, https:\/\/www.bbaa.uma.es\/bellasartes\/wp-content\/uploads\/2021\/11\/Asociacion-estudiantes-Perita-705x425.jpg 705w\" sizes=\"(max-width: 900px) 100vw, 900px\" \/><\/div><\/div><\/div><\/div>\n<style type=\"text\/css\" data-created_by=\"avia_inline_auto\" id=\"style-css-av-av_hr-870f573001fb26fb38224e4bed2de2a9\">\n#top .hr.hr-invisible.av-av_hr-870f573001fb26fb38224e4bed2de2a9{\nheight:60px;\n}\n<\/style>\n<div  class='hr av-av_hr-870f573001fb26fb38224e4bed2de2a9 hr-invisible  avia-builder-el-33  el_after_av_two_fifth  avia-builder-el-last '><span class='hr-inner '><span class=\"hr-inner-style\"><\/span><\/span><\/div>\n<\/div><\/div><\/div><!-- close content main div --><\/div><\/div><div id='after_section_5'  class='main_color av_default_container_wrap container_wrap sidebar_right'  ><div class='container av-section-cont-open' ><div class='template-page content  av-content-small alpha units'><div class='post-entry post-entry-type-page post-entry-1428'><div class='entry-content-wrapper clearfix'>\n","protected":false},"excerpt":{"rendered":"","protected":false},"author":1,"featured_media":0,"parent":0,"menu_order":10,"comment_status":"closed","ping_status":"closed","template":"","meta":{"footnotes":""},"class_list":["post-1428","page","type-page","status-publish","hentry"],"_links":{"self":[{"href":"https:\/\/www.bbaa.uma.es\/bellasartes\/wp-json\/wp\/v2\/pages\/1428","targetHints":{"allow":["GET"]}}],"collection":[{"href":"https:\/\/www.bbaa.uma.es\/bellasartes\/wp-json\/wp\/v2\/pages"}],"about":[{"href":"https:\/\/www.bbaa.uma.es\/bellasartes\/wp-json\/wp\/v2\/types\/page"}],"author":[{"embeddable":true,"href":"https:\/\/www.bbaa.uma.es\/bellasartes\/wp-json\/wp\/v2\/users\/1"}],"replies":[{"embeddable":true,"href":"https:\/\/www.bbaa.uma.es\/bellasartes\/wp-json\/wp\/v2\/comments?post=1428"}],"version-history":[{"count":5,"href":"https:\/\/www.bbaa.uma.es\/bellasartes\/wp-json\/wp\/v2\/pages\/1428\/revisions"}],"predecessor-version":[{"id":1446,"href":"https:\/\/www.bbaa.uma.es\/bellasartes\/wp-json\/wp\/v2\/pages\/1428\/revisions\/1446"}],"wp:attachment":[{"href":"https:\/\/www.bbaa.uma.es\/bellasartes\/wp-json\/wp\/v2\/media?parent=1428"}],"curies":[{"name":"wp","href":"https:\/\/api.w.org\/{rel}","templated":true}]}}