{"id":1422,"date":"2021-11-16T13:33:30","date_gmt":"2021-11-16T12:33:30","guid":{"rendered":"https:\/\/www.bbaa.uma.es\/bellasartes\/?page_id=1422"},"modified":"2023-10-26T05:42:32","modified_gmt":"2023-10-26T03:42:32","slug":"consejo-de-estudiantes","status":"publish","type":"page","link":"https:\/\/www.bbaa.uma.es\/bellasartes\/consejo-de-estudiantes\/","title":{"rendered":"Consejo de estudiantes"},"content":{"rendered":"\n<style type=\"text\/css\" data-created_by=\"avia_inline_auto\" id=\"style-css-av-v4i7-3a4e565aba5b2e59c1b44ae66881ec6a\">\n.avia-section.av-v4i7-3a4e565aba5b2e59c1b44ae66881ec6a{\nbackground-repeat:no-repeat;\nbackground-image:url(https:\/\/www.bbaa.uma.es\/bellasartes\/wp-content\/uploads\/2020\/12\/fondo-cabeceras-b.jpg);\nbackground-position:0% 0%;\nbackground-attachment:fixed;\n}\n.avia-section.av-v4i7-3a4e565aba5b2e59c1b44ae66881ec6a .av-section-color-overlay{\nopacity:0.7;\nbackground-color:#ffffff;\n}\n<\/style>\n<div id='av_section_1'  class='avia-section av-v4i7-3a4e565aba5b2e59c1b44ae66881ec6a main_color avia-section-large avia-no-border-styling  avia-builder-el-0  el_before_av_section  avia-builder-el-first  avia-full-contain avia-bg-style-fixed av-section-color-overlay-active container_wrap sidebar_right'  data-section-bg-repeat='contain'><div class=\"av-section-color-overlay-wrap\"><div class=\"av-section-color-overlay\"><\/div><div class='container av-section-cont-open' ><main  role=\"main\" itemprop=\"mainContentOfPage\"  class='template-page content  av-content-small alpha units'><div class='post-entry post-entry-type-page post-entry-1422'><div class='entry-content-wrapper clearfix'>\n\n<style type=\"text\/css\" data-created_by=\"avia_inline_auto\" id=\"style-css-av-kirejb9p-6b470dcdee5fda2fe8e5454424e382e1\">\n#top .av-special-heading.av-kirejb9p-6b470dcdee5fda2fe8e5454424e382e1{\npadding-bottom:10px;\n}\nbody .av-special-heading.av-kirejb9p-6b470dcdee5fda2fe8e5454424e382e1 .av-special-heading-tag .heading-char{\nfont-size:25px;\n}\n.av-special-heading.av-kirejb9p-6b470dcdee5fda2fe8e5454424e382e1 .av-subheading{\nfont-size:15px;\n}\n<\/style>\n<div  class='av-special-heading av-kirejb9p-6b470dcdee5fda2fe8e5454424e382e1 av-special-heading-h2  avia-builder-el-1  avia-builder-el-no-sibling '><h2 class='av-special-heading-tag '  itemprop=\"headline\"  >Consejo de Estudiantes<\/h2><div class=\"special-heading-border\"><div class=\"special-heading-inner-border\"><\/div><\/div><\/div>\n\n<\/div><\/div><\/main><!-- close content main element --><\/div><\/div><\/div><div id='av_section_2'  class='avia-section av-57li3i-4cc45b977fe5fd3d33beacaeb6d1497f main_color avia-section-default avia-no-border-styling  avia-builder-el-2  el_after_av_section  avia-builder-el-last  avia-bg-style-scroll container_wrap sidebar_right'  ><div class='container av-section-cont-open' ><div class='template-page content  av-content-small alpha units'><div class='post-entry post-entry-type-page post-entry-1422'><div class='entry-content-wrapper clearfix'>\n<div  class='flex_column av-4awl9q-596aabc9adbfe16e2afc76de72cd8da7 av_three_fifth  avia-builder-el-3  el_before_av_two_fifth  avia-builder-el-first  first flex_column_div  '     ><p><section  class='av_textblock_section av-kw22oz27-c79e22fa595ca511069efe49415cc228 '   itemscope=\"itemscope\" itemtype=\"https:\/\/schema.org\/CreativeWork\" ><div class='avia_textblock'  itemprop=\"text\" ><p><span style=\"font-weight: 400;\">El Consejo de Estudiantes de la Facultad de Bellas Artes es el m\u00e1ximo \u00f3rgano de representaci\u00f3n de estudiantes de la facultad y est\u00e1 formado \u00fanicamente por estudiantes que han sido elegidos delegados de asignaturas durante el curso vigente.<\/span><\/p>\n<p><span style=\"font-weight: 400;\">Nuestra responsabilidad es velar por los derechos e intereses de los estudiantes. En la universidad p\u00fablica las decisiones se deben tomar democr\u00e1ticamente a trav\u00e9s de \u00f3rganos donde, de principio a fin, los estudiantes tambi\u00e9n tenemos participaci\u00f3n y capacidad de decisi\u00f3n. Es muy importante que haya estudiantes en estos \u00f3rganos, no solo porque tenemos derecho a decidir, sino porque debemos defender una educaci\u00f3n que proteja a los estudiantes y que sea de calidad, adem\u00e1s de promover una universidad llena de actividades interesantes.<\/span><\/p>\n<p><span style=\"font-weight: 400;\">Nosotros estamos aqu\u00ed para representarte, por lo que si tienes cualquier duda, problema o sugerencia relacionada con la universidad, puedes ponerte en contacto con el consejo que te informar\u00e1, guiar\u00e1 y ayudar\u00e1 elevando tu queja, para que sea o\u00edda.<\/span><\/p>\n<\/div><\/section><br \/>\n\n<style type=\"text\/css\" data-created_by=\"avia_inline_auto\" id=\"style-css-av-kw22piif-9d5c71e983256cc77e7584cd84695245\">\n#top .hr.hr-invisible.av-kw22piif-9d5c71e983256cc77e7584cd84695245{\nheight:30px;\n}\n<\/style>\n<div  class='hr av-kw22piif-9d5c71e983256cc77e7584cd84695245 hr-invisible  avia-builder-el-5  el_after_av_textblock  el_before_av_button '><span class='hr-inner '><span class=\"hr-inner-style\"><\/span><\/span><\/div><br \/>\n<div  class='avia-button-wrap av-kw22qh0n-6e2234123421ea51256ae6cef1ff8cf8-wrap avia-button-left  avia-builder-el-6  el_after_av_hr  avia-builder-el-last '><a href='https:\/\/www.uma.es\/consejo-de-estudiantes'  class='avia-button av-kw22qh0n-6e2234123421ea51256ae6cef1ff8cf8 av-link-btn avia-icon_select-no avia-size-large avia-position-left avia-color-theme-color'  target=\"_blank\"  rel=\"noopener noreferrer\"  aria-label=\"Visita la web\"><span class='avia_iconbox_title' >Visita la web<\/span><\/a><\/div><\/p><\/div><div  class='flex_column av-2f0yla-99135123654a54d38b88ee92d0f774d3 av_two_fifth  avia-builder-el-7  el_after_av_three_fifth  el_before_av_hr  flex_column_div  '     ><style type=\"text\/css\" data-created_by=\"avia_inline_auto\" id=\"style-css-av-kw22sui6-de15f1ec0b4f6aa9c0e8768fd8c1f2c0\">\n.avia-image-container.av-kw22sui6-de15f1ec0b4f6aa9c0e8768fd8c1f2c0 img.avia_image{\nbox-shadow:none;\n}\n.avia-image-container.av-kw22sui6-de15f1ec0b4f6aa9c0e8768fd8c1f2c0 .av-image-caption-overlay-center{\ncolor:#ffffff;\n}\n<\/style>\n<div  class='avia-image-container av-kw22sui6-de15f1ec0b4f6aa9c0e8768fd8c1f2c0 av-styling- avia-align-center  avia-builder-el-8  avia-builder-el-no-sibling '   itemprop=\"image\" itemscope=\"itemscope\" itemtype=\"https:\/\/schema.org\/ImageObject\" ><div class=\"avia-image-container-inner\"><div class=\"avia-image-overlay-wrap\"><img decoding=\"async\" fetchpriority=\"high\" class='wp-image-1423 avia-img-lazy-loading-not-1423 avia_image ' src=\"https:\/\/www.bbaa.uma.es\/bellasartes\/wp-content\/uploads\/2021\/11\/Consejo-de-estudiantes-web-BBAA.jpg\" alt='' title='Consejo de estudiantes web BBAA'  height=\"600\" width=\"900\"  itemprop=\"thumbnailUrl\" srcset=\"https:\/\/www.bbaa.uma.es\/bellasartes\/wp-content\/uploads\/2021\/11\/Consejo-de-estudiantes-web-BBAA.jpg 900w, https:\/\/www.bbaa.uma.es\/bellasartes\/wp-content\/uploads\/2021\/11\/Consejo-de-estudiantes-web-BBAA-300x200.jpg 300w, https:\/\/www.bbaa.uma.es\/bellasartes\/wp-content\/uploads\/2021\/11\/Consejo-de-estudiantes-web-BBAA-768x512.jpg 768w, https:\/\/www.bbaa.uma.es\/bellasartes\/wp-content\/uploads\/2021\/11\/Consejo-de-estudiantes-web-BBAA-705x470.jpg 705w\" sizes=\"(max-width: 900px) 100vw, 900px\" \/><\/div><\/div><\/div><\/div>\n<style type=\"text\/css\" data-created_by=\"avia_inline_auto\" id=\"style-css-av-kw22u06j-4c35428c73da06c624277aff502186dc\">\n#top .hr.hr-invisible.av-kw22u06j-4c35428c73da06c624277aff502186dc{\nheight:60px;\n}\n<\/style>\n<div  class='hr av-kw22u06j-4c35428c73da06c624277aff502186dc hr-invisible  avia-builder-el-9  el_after_av_two_fifth  avia-builder-el-last '><span class='hr-inner '><span class=\"hr-inner-style\"><\/span><\/span><\/div>\n<\/div><\/div><\/div><!-- close content main div --><\/div><\/div><div id='after_section_2'  class='main_color av_default_container_wrap container_wrap sidebar_right'  ><div class='container av-section-cont-open' ><div class='template-page content  av-content-small alpha units'><div class='post-entry post-entry-type-page post-entry-1422'><div class='entry-content-wrapper clearfix'>\n","protected":false},"excerpt":{"rendered":"","protected":false},"author":1,"featured_media":0,"parent":0,"menu_order":10,"comment_status":"closed","ping_status":"closed","template":"","meta":{"footnotes":""},"class_list":["post-1422","page","type-page","status-publish","hentry"],"_links":{"self":[{"href":"https:\/\/www.bbaa.uma.es\/bellasartes\/wp-json\/wp\/v2\/pages\/1422","targetHints":{"allow":["GET"]}}],"collection":[{"href":"https:\/\/www.bbaa.uma.es\/bellasartes\/wp-json\/wp\/v2\/pages"}],"about":[{"href":"https:\/\/www.bbaa.uma.es\/bellasartes\/wp-json\/wp\/v2\/types\/page"}],"author":[{"embeddable":true,"href":"https:\/\/www.bbaa.uma.es\/bellasartes\/wp-json\/wp\/v2\/users\/1"}],"replies":[{"embeddable":true,"href":"https:\/\/www.bbaa.uma.es\/bellasartes\/wp-json\/wp\/v2\/comments?post=1422"}],"version-history":[{"count":4,"href":"https:\/\/www.bbaa.uma.es\/bellasartes\/wp-json\/wp\/v2\/pages\/1422\/revisions"}],"predecessor-version":[{"id":1441,"href":"https:\/\/www.bbaa.uma.es\/bellasartes\/wp-json\/wp\/v2\/pages\/1422\/revisions\/1441"}],"wp:attachment":[{"href":"https:\/\/www.bbaa.uma.es\/bellasartes\/wp-json\/wp\/v2\/media?parent=1422"}],"curies":[{"name":"wp","href":"https:\/\/api.w.org\/{rel}","templated":true}]}}