{"id":1333,"date":"2021-11-04T10:15:42","date_gmt":"2021-11-04T09:15:42","guid":{"rendered":"https:\/\/www.bbaa.uma.es\/bellasartes\/?page_id=1333"},"modified":"2021-11-04T10:37:27","modified_gmt":"2021-11-04T09:37:27","slug":"calidad","status":"publish","type":"page","link":"https:\/\/www.bbaa.uma.es\/bellasartes\/institucional\/calidad\/","title":{"rendered":"Calidad"},"content":{"rendered":"\n<style type=\"text\/css\" data-created_by=\"avia_inline_auto\" id=\"style-css-av-v4i7-3a4e565aba5b2e59c1b44ae66881ec6a\">\n.avia-section.av-v4i7-3a4e565aba5b2e59c1b44ae66881ec6a{\nbackground-repeat:no-repeat;\nbackground-image:url(https:\/\/www.bbaa.uma.es\/bellasartes\/wp-content\/uploads\/2020\/12\/fondo-cabeceras-b.jpg);\nbackground-position:0% 0%;\nbackground-attachment:fixed;\n}\n.avia-section.av-v4i7-3a4e565aba5b2e59c1b44ae66881ec6a .av-section-color-overlay{\nopacity:0.7;\nbackground-color:#ffffff;\n}\n<\/style>\n<div id='av_section_1'  class='avia-section av-v4i7-3a4e565aba5b2e59c1b44ae66881ec6a main_color avia-section-large avia-no-border-styling  avia-builder-el-0  el_before_av_section  avia-builder-el-first  avia-full-contain avia-bg-style-fixed av-section-color-overlay-active container_wrap sidebar_right'  data-section-bg-repeat='contain'><div class=\"av-section-color-overlay-wrap\"><div class=\"av-section-color-overlay\"><\/div><div class='container av-section-cont-open' ><main  role=\"main\" itemprop=\"mainContentOfPage\"  class='template-page content  av-content-small alpha units'><div class='post-entry post-entry-type-page post-entry-1333'><div class='entry-content-wrapper clearfix'>\n\n<style type=\"text\/css\" data-created_by=\"avia_inline_auto\" id=\"style-css-av-kirejb9p-92204b75c94bed710ba98e498e6cbfd0\">\n#top .av-special-heading.av-kirejb9p-92204b75c94bed710ba98e498e6cbfd0{\npadding-bottom:10px;\n}\nbody .av-special-heading.av-kirejb9p-92204b75c94bed710ba98e498e6cbfd0 .av-special-heading-tag .heading-char{\nfont-size:25px;\n}\n.av-special-heading.av-kirejb9p-92204b75c94bed710ba98e498e6cbfd0 .av-subheading{\nfont-size:15px;\n}\n<\/style>\n<div  class='av-special-heading av-kirejb9p-92204b75c94bed710ba98e498e6cbfd0 av-special-heading-h2  avia-builder-el-1  avia-builder-el-no-sibling '><h2 class='av-special-heading-tag '  itemprop=\"headline\"  >CALIDAD<\/h2><div class=\"special-heading-border\"><div class=\"special-heading-inner-border\"><\/div><\/div><\/div>\n\n<\/div><\/div><\/main><!-- close content main element --><\/div><\/div><\/div>\n<style type=\"text\/css\" data-created_by=\"avia_inline_auto\" id=\"style-css-av-7u2zqd-0ced41cb9d72af971bd29c0159b1b4bf\">\n.avia-section.av-7u2zqd-0ced41cb9d72af971bd29c0159b1b4bf{\nmargin-top:1%;\nmargin-bottom:6%;\n}\n<\/style>\n<div id='av_section_2'  class='avia-section av-7u2zqd-0ced41cb9d72af971bd29c0159b1b4bf main_color avia-section-default avia-no-border-styling  avia-builder-el-2  el_after_av_section  avia-builder-el-last  avia-bg-style-scroll container_wrap sidebar_right'  ><div class='container av-section-cont-open' ><div class='template-page content  av-content-small alpha units'><div class='post-entry post-entry-type-page post-entry-1333'><div class='entry-content-wrapper clearfix'>\n<div  class='flex_column av-7eoib9-028faebc69bd0edcef790d00eaa88e99 av_one_fifth  avia-builder-el-3  el_before_av_three_fifth  avia-builder-el-first  first flex_column_div  '     ><p>\n<style type=\"text\/css\" data-created_by=\"avia_inline_auto\" id=\"style-css-av-kvkqygwz-8bcf6f63781bc7a6fed34203cbb61515\">\n.avia-image-container.av-kvkqygwz-8bcf6f63781bc7a6fed34203cbb61515 img.avia_image{\nbox-shadow:none;\n}\n.avia-image-container.av-kvkqygwz-8bcf6f63781bc7a6fed34203cbb61515 .av-image-caption-overlay-center{\ncolor:#ffffff;\n}\n<\/style>\n<div  class='avia-image-container av-kvkqygwz-8bcf6f63781bc7a6fed34203cbb61515 av-styling- avia-align-left  avia-builder-el-4  el_before_av_hr  avia-builder-el-first '   itemprop=\"image\" itemscope=\"itemscope\" itemtype=\"https:\/\/schema.org\/ImageObject\" ><div class=\"avia-image-container-inner\"><div class=\"avia-image-overlay-wrap\"><img decoding=\"async\" fetchpriority=\"high\" class='wp-image-1341 avia-img-lazy-loading-not-1341 avia_image ' src=\"https:\/\/www.bbaa.uma.es\/bellasartes\/wp-content\/uploads\/2021\/11\/logo-Aneca.jpg\" alt='' title='logo-Aneca'  height=\"260\" width=\"400\"  itemprop=\"thumbnailUrl\" srcset=\"https:\/\/www.bbaa.uma.es\/bellasartes\/wp-content\/uploads\/2021\/11\/logo-Aneca.jpg 400w, https:\/\/www.bbaa.uma.es\/bellasartes\/wp-content\/uploads\/2021\/11\/logo-Aneca-300x195.jpg 300w\" sizes=\"(max-width: 400px) 100vw, 400px\" \/><\/div><\/div><\/div><br \/>\n\n<style type=\"text\/css\" data-created_by=\"avia_inline_auto\" id=\"style-css-av-kvkr5g8m-11ac6eee3a94c85e5755c4c33e8a810b\">\n#top .hr.hr-invisible.av-kvkr5g8m-11ac6eee3a94c85e5755c4c33e8a810b{\nheight:20px;\n}\n<\/style>\n<div  class='hr av-kvkr5g8m-11ac6eee3a94c85e5755c4c33e8a810b hr-invisible  avia-builder-el-5  el_after_av_image  el_before_av_image '><span class='hr-inner '><span class=\"hr-inner-style\"><\/span><\/span><\/div><br \/>\n\n<style type=\"text\/css\" data-created_by=\"avia_inline_auto\" id=\"style-css-av-64smpx-1c8ec661c537207c7d84e07e62e98265\">\n.avia-image-container.av-64smpx-1c8ec661c537207c7d84e07e62e98265 img.avia_image{\nbox-shadow:none;\n}\n.avia-image-container.av-64smpx-1c8ec661c537207c7d84e07e62e98265 .av-image-caption-overlay-center{\ncolor:#ffffff;\n}\n<\/style>\n<div  class='avia-image-container av-64smpx-1c8ec661c537207c7d84e07e62e98265 av-styling- avia-align-left  avia-builder-el-6  el_after_av_hr  avia-builder-el-last '   itemprop=\"image\" itemscope=\"itemscope\" itemtype=\"https:\/\/schema.org\/ImageObject\" ><div class=\"avia-image-container-inner\"><div class=\"avia-image-overlay-wrap\"><img decoding=\"async\" fetchpriority=\"high\" class='wp-image-1342 avia-img-lazy-loading-not-1342 avia_image ' src=\"https:\/\/www.bbaa.uma.es\/bellasartes\/wp-content\/uploads\/2021\/11\/logo-AUDIT.jpg\" alt='' title='logo-AUDIT'  height=\"260\" width=\"400\"  itemprop=\"thumbnailUrl\" srcset=\"https:\/\/www.bbaa.uma.es\/bellasartes\/wp-content\/uploads\/2021\/11\/logo-AUDIT.jpg 400w, https:\/\/www.bbaa.uma.es\/bellasartes\/wp-content\/uploads\/2021\/11\/logo-AUDIT-300x195.jpg 300w\" sizes=\"(max-width: 400px) 100vw, 400px\" \/><\/div><\/div><\/div><\/p><\/div><div  class='flex_column av-4sjnut-6e505b402837467f5c4e2428343bbbba av_three_fifth  avia-builder-el-7  el_after_av_one_fifth  el_before_av_one_fifth  flex_column_div  '     ><p>\n<style type=\"text\/css\" data-created_by=\"avia_inline_auto\" id=\"style-css-av-kvkr5vuu-ea9f9b2a726a76ef31525f99a0c28087\">\n#top .av-special-heading.av-kvkr5vuu-ea9f9b2a726a76ef31525f99a0c28087{\npadding-bottom:10px;\nfont-size:32px;\n}\nbody .av-special-heading.av-kvkr5vuu-ea9f9b2a726a76ef31525f99a0c28087 .av-special-heading-tag .heading-char{\nfont-size:25px;\n}\n#top #wrap_all .av-special-heading.av-kvkr5vuu-ea9f9b2a726a76ef31525f99a0c28087 .av-special-heading-tag{\nfont-size:32px;\n}\n.av-special-heading.av-kvkr5vuu-ea9f9b2a726a76ef31525f99a0c28087 .av-subheading{\nfont-size:15px;\n}\n\n@media only screen and (min-width: 480px) and (max-width: 767px){ \n#top #wrap_all .av-special-heading.av-kvkr5vuu-ea9f9b2a726a76ef31525f99a0c28087 .av-special-heading-tag{\nfont-size:0.8em;\n}\n}\n\n@media only screen and (max-width: 479px){ \n#top #wrap_all .av-special-heading.av-kvkr5vuu-ea9f9b2a726a76ef31525f99a0c28087 .av-special-heading-tag{\nfont-size:0.8em;\n}\n}\n<\/style>\n<div  class='av-special-heading av-kvkr5vuu-ea9f9b2a726a76ef31525f99a0c28087 av-special-heading-h3 blockquote modern-quote  avia-builder-el-8  el_before_av_textblock  avia-builder-el-first  av-inherit-size'><h3 class='av-special-heading-tag '  itemprop=\"headline\"  >Sistema de Garant\u00eda de Calidad<\/h3><div class=\"special-heading-border\"><div class=\"special-heading-inner-border\"><\/div><\/div><\/div><br \/>\n<section  class='av_textblock_section av-kvkqew7c-63a5f5effa7791ca76d572c877ceb2cf '   itemscope=\"itemscope\" itemtype=\"https:\/\/schema.org\/CreativeWork\" ><div class='avia_textblock'  itemprop=\"text\" ><p><span style=\"font-weight: 400;\">La facultad de Bellas Artes, est\u00e1 anexionada al Sistema de Garant\u00eda de Calidad (SGC) de los t\u00edtulos que se imparten en la Universidad de M\u00e1laga. El sistema de calidad, que se encuentra en continua revisi\u00f3n en busca de la mayor calidad y transparencia, eval\u00faa c\u00f3mo y qu\u00e9 se imparte en nuestras titulaciones, confeccionando planes de mejora (UNE 66178:2004) solicitando la acreditaci\u00f3n docente e investigadora al profesorado de los programas auton\u00f3mico y nacional (programas DOCENTIA-ANDALUC\u00cdA y ANECA) y cuenta adem\u00e1s con la evaluaci\u00f3n mediante las encuestas a nuestros estudiantes de la percepci\u00f3n de la calidad docente por parte del estudiantado.\u00a0<\/span><\/p>\n<p><span style=\"font-weight: 400;\">Acreditada por el Sistema de Garant\u00eda interna de la Calidad en los Centros del programa AUDIT, ANECA. La facultad de Bellas Artes est\u00e1 acreditada<\/span><\/p>\n<p><span style=\"font-weight: 400;\">Puede acceder a la informaci\u00f3n sobre calidad del centro <a href=\"https:\/\/www.uma.es\/facultad-de-bellas-artes\/cms\/base\/ver\/base\/basecontent\/39824\/bbaa-calidad\/\">aqu\u00ed<\/a>.<\/span><\/p>\n<\/div><\/section><\/p><\/div><div  class='flex_column av-1xutfp-3102cbb857b97192ffdf18e7b856de7b av_one_fifth  avia-builder-el-10  el_after_av_three_fifth  avia-builder-el-last  flex_column_div  '     ><\/div>\n<\/div><\/div><\/div><!-- close content main div --><\/div><\/div><div id='after_section_2'  class='main_color av_default_container_wrap container_wrap sidebar_right'  ><div class='container av-section-cont-open' ><div class='template-page content  av-content-small alpha units'><div class='post-entry post-entry-type-page post-entry-1333'><div class='entry-content-wrapper clearfix'>\n","protected":false},"excerpt":{"rendered":"","protected":false},"author":1,"featured_media":0,"parent":25,"menu_order":0,"comment_status":"closed","ping_status":"closed","template":"","meta":{"footnotes":""},"class_list":["post-1333","page","type-page","status-publish","hentry"],"_links":{"self":[{"href":"https:\/\/www.bbaa.uma.es\/bellasartes\/wp-json\/wp\/v2\/pages\/1333","targetHints":{"allow":["GET"]}}],"collection":[{"href":"https:\/\/www.bbaa.uma.es\/bellasartes\/wp-json\/wp\/v2\/pages"}],"about":[{"href":"https:\/\/www.bbaa.uma.es\/bellasartes\/wp-json\/wp\/v2\/types\/page"}],"author":[{"embeddable":true,"href":"https:\/\/www.bbaa.uma.es\/bellasartes\/wp-json\/wp\/v2\/users\/1"}],"replies":[{"embeddable":true,"href":"https:\/\/www.bbaa.uma.es\/bellasartes\/wp-json\/wp\/v2\/comments?post=1333"}],"version-history":[{"count":5,"href":"https:\/\/www.bbaa.uma.es\/bellasartes\/wp-json\/wp\/v2\/pages\/1333\/revisions"}],"predecessor-version":[{"id":1347,"href":"https:\/\/www.bbaa.uma.es\/bellasartes\/wp-json\/wp\/v2\/pages\/1333\/revisions\/1347"}],"up":[{"embeddable":true,"href":"https:\/\/www.bbaa.uma.es\/bellasartes\/wp-json\/wp\/v2\/pages\/25"}],"wp:attachment":[{"href":"https:\/\/www.bbaa.uma.es\/bellasartes\/wp-json\/wp\/v2\/media?parent=1333"}],"curies":[{"name":"wp","href":"https:\/\/api.w.org\/{rel}","templated":true}]}}